{"id":162,"date":"2019-03-17T07:51:10","date_gmt":"2019-03-17T06:51:10","guid":{"rendered":"http:\/\/blogsaverroes.juntadeandalucia.es\/pre\/ceip\/?page_id=162"},"modified":"2026-01-06T12:21:50","modified_gmt":"2026-01-06T11:21:50","slug":"tecnologia","status":"publish","type":"page","link":"https:\/\/blogsaverroes.juntadeandalucia.es\/iesalfakar\/tecnologia\/","title":{"rendered":"Tecnolog\u00eda"},"content":{"rendered":"<p>&nbsp;<\/p>\n<table style=\"width: 840px;height: 202px;text-align: center\" border=\"3\" cellspacing=\"2\" cellpadding=\"2\">\n<tbody>\n<tr>\n<td style=\"text-align: center;vertical-align: top\" colspan=\"2\" rowspan=\"1\"><span style=\"font-size: large\">Jefe de Departamento:&nbsp;Rafael S\u00e1nchez Mart\u00ednez<\/span><\/td>\n<\/tr>\n<tr>\n<td style=\"vertical-align: middle\" colspan=\"1\" rowspan=\"1\">Miembros del Departamento<\/p>\n<p>&nbsp; &nbsp;1- Rafael S\u00e1nchez Mart\u00ednez<\/p>\n<p><a href=\"https:\/\/rafa-tecnologia.blogspot.com\/\">ENLACE AL BLOG DEL PROFESOR<\/a><\/p>\n<p>2- Rafael Asenjo Mart\u00edn<\/td>\n<td style=\"vertical-align: top\" colspan=\"1\" rowspan=\"1\">\n<p style=\"text-align: left\"><span style=\"font-size: large\">&nbsp;<a href=\"https:\/\/blogsaverroes.juntadeandalucia.es\/iesalfakar\/files\/2015\/03\/noria.jpg\"><img loading=\"lazy\" decoding=\"async\" class=\"wp-image-1587 aligncenter\" src=\"https:\/\/blogsaverroes.juntadeandalucia.es\/iesalfakar\/files\/2015\/03\/noria-300x225.jpg\" alt=\"\" width=\"328\" height=\"246\" srcset=\"https:\/\/blogsaverroes.juntadeandalucia.es\/iesalfakar\/files\/2015\/03\/noria-300x225.jpg 300w, https:\/\/blogsaverroes.juntadeandalucia.es\/iesalfakar\/files\/2015\/03\/noria.jpg 800w\" sizes=\"(max-width: 328px) 100vw, 328px\" \/><\/a><\/span><\/p>\n<p style=\"text-align: left\"><span style=\"font-size: large\">&nbsp;<\/span><\/p>\n<\/td>\n<\/tr>\n<tr>\n<td style=\"vertical-align: top\" colspan=\"2\" rowspan=\"1\">&nbsp;<\/p>\n<p><a href=\"https:\/\/blogsaverroes.juntadeandalucia.es\/iesalfakar\/files\/2026\/01\/programacionTECNOLOGIA-DIGITALIZACION-2025-26-ESO-2.pdf\">TECNOLOGIA-DIGITALIZACIO\u0301N 2025-26-ESO<\/a><\/p>\n<p><a href=\"https:\/\/blogsaverroes.juntadeandalucia.es\/iesalfakar\/files\/2026\/01\/CORTA-CYR.pdf\">CORTA CYR<\/a><\/td>\n<\/tr>\n<tr>\n<td style=\"vertical-align: top\" colspan=\"2\" rowspan=\"1\">\n<p style=\"text-align: center\">P\u00e1gina actualizada el 7 de Enero 2026<\/p>\n<\/td>\n<\/tr>\n<\/tbody>\n<\/table>\n<p>&nbsp;<\/p>\n","protected":false},"excerpt":{"rendered":"<p>&nbsp; Jefe de Departamento:&nbsp;Rafael S\u00e1nchez Mart\u00ednez Miembros del Departamento &nbsp; &nbsp;1- Rafael S\u00e1nchez Mart\u00ednez ENLACE AL BLOG DEL PROFESOR 2- Rafael Asenjo Mart\u00edn &nbsp; &nbsp; &nbsp; TECNOLOGIA-DIGITALIZACIO\u0301N 2025-26-ESO CORTA CYR P\u00e1gina actualizada el 7&#46;&#46;&#46;<\/p>\n","protected":false},"author":1,"featured_media":0,"parent":0,"menu_order":0,"comment_status":"open","ping_status":"open","template":"page-templates\/child-menu.php","meta":{"_exactmetrics_skip_tracking":false,"_exactmetrics_sitenote_active":false,"_exactmetrics_sitenote_note":"","_exactmetrics_sitenote_category":0,"ngg_post_thumbnail":0,"footnotes":"","_mc_calendar":[]},"aioseo_notices":[],"_links":{"self":[{"href":"https:\/\/blogsaverroes.juntadeandalucia.es\/iesalfakar\/wp-json\/wp\/v2\/pages\/162"}],"collection":[{"href":"https:\/\/blogsaverroes.juntadeandalucia.es\/iesalfakar\/wp-json\/wp\/v2\/pages"}],"about":[{"href":"https:\/\/blogsaverroes.juntadeandalucia.es\/iesalfakar\/wp-json\/wp\/v2\/types\/page"}],"author":[{"embeddable":true,"href":"https:\/\/blogsaverroes.juntadeandalucia.es\/iesalfakar\/wp-json\/wp\/v2\/users\/1"}],"replies":[{"embeddable":true,"href":"https:\/\/blogsaverroes.juntadeandalucia.es\/iesalfakar\/wp-json\/wp\/v2\/comments?post=162"}],"version-history":[{"count":22,"href":"https:\/\/blogsaverroes.juntadeandalucia.es\/iesalfakar\/wp-json\/wp\/v2\/pages\/162\/revisions"}],"predecessor-version":[{"id":8408,"href":"https:\/\/blogsaverroes.juntadeandalucia.es\/iesalfakar\/wp-json\/wp\/v2\/pages\/162\/revisions\/8408"}],"wp:attachment":[{"href":"https:\/\/blogsaverroes.juntadeandalucia.es\/iesalfakar\/wp-json\/wp\/v2\/media?parent=162"}],"curies":[{"name":"wp","href":"https:\/\/api.w.org\/{rel}","templated":true}]}}