{"id":164,"date":"2015-03-17T07:52:28","date_gmt":"2015-03-17T07:52:28","guid":{"rendered":"http:\/\/blogsaverroes.juntadeandalucia.es\/pre\/ceip\/?page_id=164"},"modified":"2025-11-25T20:01:53","modified_gmt":"2025-11-25T19:01:53","slug":"ingles-2","status":"publish","type":"page","link":"https:\/\/blogsaverroes.juntadeandalucia.es\/iesalfakar\/ingles-2\/","title":{"rendered":"Ingl\u00e9s"},"content":{"rendered":"<table style=\"width: 110.868%;height: 202px;text-align: center\" border=\"1\" cellspacing=\"2\" cellpadding=\"2\">\n<tbody>\n<tr>\n<td style=\"text-align: center;vertical-align: top;width: 99.0465%\" colspan=\"2\" rowspan=\"1\"><span style=\"font-size: large\">Jefa de Departamento: Irma Capote Portijo<\/span><\/td>\n<\/tr>\n<tr>\n<td style=\"vertical-align: middle;width: 41.5971%\" colspan=\"1\" rowspan=\"1\"><img loading=\"lazy\" decoding=\"async\" class=\"aligncenter size-medium wp-image-2116\" src=\"http:\/\/blogsaverroes.juntadeandalucia.es\/iesalfakar\/files\/2015\/03\/ingles-300x80.png\" alt=\"ingles\" width=\"300\" height=\"80\" srcset=\"https:\/\/blogsaverroes.juntadeandalucia.es\/iesalfakar\/files\/2015\/03\/ingles-300x80.png 300w, https:\/\/blogsaverroes.juntadeandalucia.es\/iesalfakar\/files\/2015\/03\/ingles.png 640w\" sizes=\"(max-width: 300px) 100vw, 300px\" \/><\/td>\n<td style=\"vertical-align: top;width: 57.4493%\" colspan=\"1\" rowspan=\"1\">\n<p style=\"text-align: left\"><b><span style=\"font-size: large\"> Miembros<\/span><\/b><\/p>\n<p style=\"text-align: left\" align=\"center\"><span style=\"font-size: large\"> 1. Guillermo P\u00e9rez Merino<\/span><\/p>\n<p style=\"text-align: left\" align=\"center\"><span style=\"font-size: large\">2. Elisa P\u00e9rez Fabero<\/span><\/p>\n<p style=\"text-align: left\" align=\"center\"><span style=\"font-size: large\">3. Irma Capote Portijo&nbsp;<\/span><\/p>\n<p style=\"text-align: left\" align=\"center\">4.- Laura Alonso Machado.<\/p>\n<\/td>\n<\/tr>\n<tr>\n<td style=\"vertical-align: top;width: 99.0465%\" colspan=\"2\" rowspan=\"1\"><a href=\"https:\/\/blogsaverroes.juntadeandalucia.es\/iesalfakar\/files\/2025\/11\/Corta-ingles.pdf\">Programaci\u00f3n ingles<\/a><\/td>\n<\/tr>\n<tr>\n<td style=\"vertical-align: top;width: 99.0465%\" colspan=\"2\" rowspan=\"1\">\n<p style=\"text-align: center\">P\u00e1gina actualizada el 25 de Noviembre 2025<\/p>\n<\/td>\n<\/tr>\n<\/tbody>\n<\/table>\n<p>&nbsp;<\/p>\n","protected":false},"excerpt":{"rendered":"<p>Jefa de Departamento: Irma Capote Portijo Miembros 1. Guillermo P\u00e9rez Merino 2. Elisa P\u00e9rez Fabero 3. Irma Capote Portijo&nbsp; 4.- Laura Alonso Machado. Programaci\u00f3n ingles P\u00e1gina actualizada el 25 de Noviembre 2025 &nbsp;<\/p>\n","protected":false},"author":1,"featured_media":0,"parent":0,"menu_order":0,"comment_status":"open","ping_status":"open","template":"page-templates\/child-menu.php","meta":{"_exactmetrics_skip_tracking":false,"_exactmetrics_sitenote_active":false,"_exactmetrics_sitenote_note":"","_exactmetrics_sitenote_category":0,"ngg_post_thumbnail":0,"footnotes":"","_mc_calendar":[]},"aioseo_notices":[],"_links":{"self":[{"href":"https:\/\/blogsaverroes.juntadeandalucia.es\/iesalfakar\/wp-json\/wp\/v2\/pages\/164"}],"collection":[{"href":"https:\/\/blogsaverroes.juntadeandalucia.es\/iesalfakar\/wp-json\/wp\/v2\/pages"}],"about":[{"href":"https:\/\/blogsaverroes.juntadeandalucia.es\/iesalfakar\/wp-json\/wp\/v2\/types\/page"}],"author":[{"embeddable":true,"href":"https:\/\/blogsaverroes.juntadeandalucia.es\/iesalfakar\/wp-json\/wp\/v2\/users\/1"}],"replies":[{"embeddable":true,"href":"https:\/\/blogsaverroes.juntadeandalucia.es\/iesalfakar\/wp-json\/wp\/v2\/comments?post=164"}],"version-history":[{"count":23,"href":"https:\/\/blogsaverroes.juntadeandalucia.es\/iesalfakar\/wp-json\/wp\/v2\/pages\/164\/revisions"}],"predecessor-version":[{"id":8395,"href":"https:\/\/blogsaverroes.juntadeandalucia.es\/iesalfakar\/wp-json\/wp\/v2\/pages\/164\/revisions\/8395"}],"wp:attachment":[{"href":"https:\/\/blogsaverroes.juntadeandalucia.es\/iesalfakar\/wp-json\/wp\/v2\/media?parent=164"}],"curies":[{"name":"wp","href":"https:\/\/api.w.org\/{rel}","templated":true}]}}