{"id":166,"date":"2015-03-17T07:53:12","date_gmt":"2015-03-17T07:53:12","guid":{"rendered":"http:\/\/blogsaverroes.juntadeandalucia.es\/pre\/ceip\/?page_id=166"},"modified":"2022-11-02T21:06:53","modified_gmt":"2022-11-02T20:06:53","slug":"clasicas-2","status":"publish","type":"page","link":"https:\/\/blogsaverroes.juntadeandalucia.es\/iesalfakar\/clasicas-2\/","title":{"rendered":"Lat\u00edn"},"content":{"rendered":"<p style=\"text-align: center\">Profesor: Francisco Aranda Bullejos (del Departamento de Lengua Castellana y Literatura)<\/p>\n<p><img loading=\"lazy\" decoding=\"async\" class=\"aligncenter size-medium wp-image-1994\" src=\"http:\/\/blogsaverroes.juntadeandalucia.es\/iesalfakar\/files\/2015\/03\/latin-300x169.jpg\" alt=\"latin\" width=\"300\" height=\"169\" srcset=\"https:\/\/blogsaverroes.juntadeandalucia.es\/iesalfakar\/files\/2015\/03\/latin-300x169.jpg 300w, https:\/\/blogsaverroes.juntadeandalucia.es\/iesalfakar\/files\/2015\/03\/latin.jpg 640w\" sizes=\"(max-width: 300px) 100vw, 300px\" \/><\/p>\n<p>&nbsp;<\/p>\n<p style=\"text-align: center\"><a href=\"https:\/\/blogsaverroes.juntadeandalucia.es\/iesalfakar\/files\/2020\/04\/113.-LAT\u00cdN-WEB-19-20-1.pdf\">Ver contenidos e instrumentos de evaluaci\u00f3n 2019\/2020<\/a><\/p>\n<p><span style=\"font-family: sans-serif\"><span style=\"font-size: medium\"><strong>Lat\u00edn.<\/strong> <\/span><\/span><\/p>\n<p><span style=\"font-family: sans-serif\"><span style=\"font-size: medium\">La materia Lat\u00edn en la etapa de ESO tiene como principal finalidad introducir al alumnado en el conocimiento de los aspectos esenciales de la lengua y la cultura latina, haciendo hincapi\u00e9 al mismo tiempo en el papel que estas desempe\u00f1an en tanto que origen y fundamento de las lenguas romances y de la cultura occidental. Esta misma perspectiva est\u00e1 tambi\u00e9n presente en el curr\u00edculo b\u00e1sico para Bachillerato, si bien en esta etapa se <\/span><\/span><\/p>\n<p><span style=\"font-family: sans-serif\"><span style=\"font-size: medium\">persigue un estudio m\u00e1s en profundidad de la lengua, caracterizada por su riqueza y complejidad estructural. Esto no solo constituye de por s\u00ed un importante ejercicio intelectual, sino que al mismo tiempo proporciona una s\u00f3lida base cient\u00edfica para el estudio y perfeccionamiento progresivo en el manejo de otras lenguas. <\/span><\/span><\/p>\n<p style=\"text-align: center\">P\u00e1gina actualizada el 30 de junio de 2022<\/p>\n","protected":false},"excerpt":{"rendered":"<p>Profesor: Francisco Aranda Bullejos (del Departamento de Lengua Castellana y Literatura) &nbsp; Ver contenidos e instrumentos de evaluaci\u00f3n 2019\/2020 Lat\u00edn. La materia Lat\u00edn en la etapa de ESO tiene como principal finalidad introducir al&#46;&#46;&#46;<\/p>\n","protected":false},"author":1,"featured_media":0,"parent":0,"menu_order":0,"comment_status":"open","ping_status":"open","template":"page-templates\/child-menu.php","meta":{"_exactmetrics_skip_tracking":false,"_exactmetrics_sitenote_active":false,"_exactmetrics_sitenote_note":"","_exactmetrics_sitenote_category":0,"ngg_post_thumbnail":0,"footnotes":"","_mc_calendar":[]},"aioseo_notices":[],"_links":{"self":[{"href":"https:\/\/blogsaverroes.juntadeandalucia.es\/iesalfakar\/wp-json\/wp\/v2\/pages\/166"}],"collection":[{"href":"https:\/\/blogsaverroes.juntadeandalucia.es\/iesalfakar\/wp-json\/wp\/v2\/pages"}],"about":[{"href":"https:\/\/blogsaverroes.juntadeandalucia.es\/iesalfakar\/wp-json\/wp\/v2\/types\/page"}],"author":[{"embeddable":true,"href":"https:\/\/blogsaverroes.juntadeandalucia.es\/iesalfakar\/wp-json\/wp\/v2\/users\/1"}],"replies":[{"embeddable":true,"href":"https:\/\/blogsaverroes.juntadeandalucia.es\/iesalfakar\/wp-json\/wp\/v2\/comments?post=166"}],"version-history":[{"count":12,"href":"https:\/\/blogsaverroes.juntadeandalucia.es\/iesalfakar\/wp-json\/wp\/v2\/pages\/166\/revisions"}],"predecessor-version":[{"id":5037,"href":"https:\/\/blogsaverroes.juntadeandalucia.es\/iesalfakar\/wp-json\/wp\/v2\/pages\/166\/revisions\/5037"}],"wp:attachment":[{"href":"https:\/\/blogsaverroes.juntadeandalucia.es\/iesalfakar\/wp-json\/wp\/v2\/media?parent=166"}],"curies":[{"name":"wp","href":"https:\/\/api.w.org\/{rel}","templated":true}]}}