{"id":174,"date":"2015-03-17T07:56:14","date_gmt":"2015-03-17T07:56:14","guid":{"rendered":"http:\/\/blogsaverroes.juntadeandalucia.es\/pre\/ceip\/?page_id=174"},"modified":"2025-11-25T19:32:58","modified_gmt":"2025-11-25T18:32:58","slug":"dibujo","status":"publish","type":"page","link":"https:\/\/blogsaverroes.juntadeandalucia.es\/iesalfakar\/dibujo\/","title":{"rendered":"Dibujo"},"content":{"rendered":"<p>&nbsp;<\/p>\n<table style=\"width: 109.265%;height: 202px;text-align: center\" border=\"1\" cellspacing=\"2\" cellpadding=\"2\">\n<tbody>\n<tr style=\"height: 30px\">\n<td style=\"width: 99.0291%;height: 30px;text-align: center;vertical-align: top\" colspan=\"2\" rowspan=\"1\"><span style=\"font-size: large\">Jefa de Departamento: Nuria Gonz\u00e1lez Ort\u00edz<\/span><\/td>\n<\/tr>\n<tr style=\"height: 143px\">\n<td style=\"width: 44.5388%;height: 143px;vertical-align: middle\" rowspan=\"2\"><a href=\"https:\/\/blogsaverroes.juntadeandalucia.es\/iesalfakar\/files\/2021\/02\/Captura-2021-01-30-a-las-10.06.29.png\"><img loading=\"lazy\" decoding=\"async\" class=\"alignnone size-medium wp-image-4587\" src=\"https:\/\/blogsaverroes.juntadeandalucia.es\/iesalfakar\/files\/2021\/02\/Captura-2021-01-30-a-las-10.06.29-300x300.png\" alt=\"\" width=\"300\" height=\"300\" srcset=\"https:\/\/blogsaverroes.juntadeandalucia.es\/iesalfakar\/files\/2021\/02\/Captura-2021-01-30-a-las-10.06.29-300x300.png 300w, https:\/\/blogsaverroes.juntadeandalucia.es\/iesalfakar\/files\/2021\/02\/Captura-2021-01-30-a-las-10.06.29-150x150.png 150w, https:\/\/blogsaverroes.juntadeandalucia.es\/iesalfakar\/files\/2021\/02\/Captura-2021-01-30-a-las-10.06.29-80x80.png 80w, https:\/\/blogsaverroes.juntadeandalucia.es\/iesalfakar\/files\/2021\/02\/Captura-2021-01-30-a-las-10.06.29-320x320.png 320w, https:\/\/blogsaverroes.juntadeandalucia.es\/iesalfakar\/files\/2021\/02\/Captura-2021-01-30-a-las-10.06.29.png 750w\" sizes=\"(max-width: 300px) 100vw, 300px\" \/><\/a>&nbsp;<\/p>\n<p style=\"text-align: left\">&nbsp;<\/p>\n<\/td>\n<td style=\"width: 54.4903%;height: 143px;vertical-align: top\"><b>Miembros<\/b><\/p>\n<p align=\"center\"><strong>&nbsp;&nbsp; 1. Nuria Gonz\u00e1lez Ortiz<\/strong><\/p>\n<p align=\"center\">&nbsp;<\/p>\n<\/td>\n<\/tr>\n<tr style=\"height: 199px\">\n<td style=\"width: 54.4903%;height: 199px;vertical-align: top\" colspan=\"1\" rowspan=\"1\">\n<p style=\"text-align: left\"><b><span style=\"font-size: large\">&nbsp;&nbsp;&nbsp;&nbsp;<\/span><\/b><\/p>\n<p style=\"text-align: left\"><span style=\"font-size: large\">El departamento de Dibujo imparte <\/span><span style=\"font-size: large\">las asignaturas de Educaci\u00f3n Pl\u00e1stica, Visual y Audiovisual <\/span><span style=\"font-size: large\">a los cursos 1\u00ba, 2\u00ba, 3\u00ba y las optativas de&nbsp; 4\u00ba. Adem\u00e1s del Taller art\u00edstico de 1\u00ba<\/span><\/p>\n<p style=\"text-align: justify\" align=\"center\">&nbsp;<\/p>\n<\/td>\n<\/tr>\n<tr style=\"height: 56px\">\n<td style=\"width: 99.0291%;height: 56px;vertical-align: top\" colspan=\"2\" rowspan=\"1\"><a href=\"https:\/\/blogsaverroes.juntadeandalucia.es\/iesalfakar\/files\/2025\/04\/Programacion-corta-dibujo.pdf\">Programacio\u0301n corta dibujo<\/a><\/td>\n<\/tr>\n<tr style=\"height: 56px\">\n<td style=\"width: 99.0291%;height: 56px;vertical-align: top\" colspan=\"2\" rowspan=\"1\">\n<p style=\"text-align: center\">P\u00e1gina actualizada el 25 de Noviembre 2025<\/p>\n<\/td>\n<\/tr>\n<\/tbody>\n<\/table>\n<p>&nbsp;<\/p>\n<p>&nbsp;<\/p>\n","protected":false},"excerpt":{"rendered":"<p>&nbsp; Jefa de Departamento: Nuria Gonz\u00e1lez Ort\u00edz &nbsp; &nbsp; Miembros &nbsp;&nbsp; 1. Nuria Gonz\u00e1lez Ortiz &nbsp; &nbsp;&nbsp;&nbsp;&nbsp; El departamento de Dibujo imparte las asignaturas de Educaci\u00f3n Pl\u00e1stica, Visual y Audiovisual a los cursos 1\u00ba,&#46;&#46;&#46;<\/p>\n","protected":false},"author":1,"featured_media":0,"parent":0,"menu_order":0,"comment_status":"open","ping_status":"open","template":"","meta":{"_exactmetrics_skip_tracking":false,"_exactmetrics_sitenote_active":false,"_exactmetrics_sitenote_note":"","_exactmetrics_sitenote_category":0,"ngg_post_thumbnail":0,"footnotes":"","_mc_calendar":[]},"aioseo_notices":[],"_links":{"self":[{"href":"https:\/\/blogsaverroes.juntadeandalucia.es\/iesalfakar\/wp-json\/wp\/v2\/pages\/174"}],"collection":[{"href":"https:\/\/blogsaverroes.juntadeandalucia.es\/iesalfakar\/wp-json\/wp\/v2\/pages"}],"about":[{"href":"https:\/\/blogsaverroes.juntadeandalucia.es\/iesalfakar\/wp-json\/wp\/v2\/types\/page"}],"author":[{"embeddable":true,"href":"https:\/\/blogsaverroes.juntadeandalucia.es\/iesalfakar\/wp-json\/wp\/v2\/users\/1"}],"replies":[{"embeddable":true,"href":"https:\/\/blogsaverroes.juntadeandalucia.es\/iesalfakar\/wp-json\/wp\/v2\/comments?post=174"}],"version-history":[{"count":34,"href":"https:\/\/blogsaverroes.juntadeandalucia.es\/iesalfakar\/wp-json\/wp\/v2\/pages\/174\/revisions"}],"predecessor-version":[{"id":8389,"href":"https:\/\/blogsaverroes.juntadeandalucia.es\/iesalfakar\/wp-json\/wp\/v2\/pages\/174\/revisions\/8389"}],"wp:attachment":[{"href":"https:\/\/blogsaverroes.juntadeandalucia.es\/iesalfakar\/wp-json\/wp\/v2\/media?parent=174"}],"curies":[{"name":"wp","href":"https:\/\/api.w.org\/{rel}","templated":true}]}}