{"id":42,"date":"2019-10-14T08:40:47","date_gmt":"2019-10-14T07:40:47","guid":{"rendered":"http:\/\/blogsaverroes.juntadeandalucia.es\/pre\/ceip\/?page_id=42"},"modified":"2026-01-06T12:22:46","modified_gmt":"2026-01-06T11:22:46","slug":"equipo-directivo","status":"publish","type":"page","link":"https:\/\/blogsaverroes.juntadeandalucia.es\/iesalfakar\/equipo-directivo\/","title":{"rendered":"Equipo directivo y Profesorado"},"content":{"rendered":"<p>&nbsp;<\/p>\n<table style=\"width: 93.4857%\" border=\"3\">\n<tbody>\n<tr>\n<td style=\"text-align: center;width: 24%\"><strong> DIRECTOR <\/strong><\/td>\n<td style=\"text-align: center;width: 39%\"><strong>Andr\u00e9s Rodr\u00edguez Carrillo<\/strong><\/p>\n<p><strong>Matem\u00e1ticas<\/strong><\/td>\n<td style=\"text-align: center;width: 26.4888%\">Desde el 1 de julio de 2020<\/td>\n<\/tr>\n<tr>\n<td style=\"text-align: center;width: 24%\"><strong>&nbsp;JEFA DE ESTUDIOS <\/strong><\/td>\n<td style=\"text-align: center;width: 39%\"><strong>Inmaculada Cano Joyas<\/strong><\/p>\n<p><strong> Matem\u00e1ticas<\/strong><\/td>\n<td style=\"text-align: center;width: 26.4888%\">Desde el 1 de julio de 2020<\/td>\n<\/tr>\n<tr>\n<td style=\"text-align: center;width: 24%\"><strong> SECRETARIA<\/strong><\/td>\n<td style=\"text-align: center;width: 39%\"><strong>Mar\u00eda Jos\u00e9 Madrid Ruiz<\/strong><\/p>\n<p><strong> Matem\u00e1ticas<\/strong><\/td>\n<td style=\"text-align: center;width: 26.4888%\">Desde el 1 de julio de 2020<\/td>\n<\/tr>\n<\/tbody>\n<\/table>\n<h5 style=\"text-align: center\"><strong><em>Para cualquier consulta al equipo directivo: <a href=\"mailto:iesalfacar@gmail.com\">iesalfacar@gmail.com<\/a><\/em><\/strong><\/h5>\n<h2 style=\"text-align: center\">&nbsp;<\/h2>\n<table style=\"width: 847px\">\n<tbody>\n<tr>\n<td style=\"width: 859px;text-align: justify\">\n<p style=\"text-align: center\"><span style=\"color: #0000ff\"><strong>PROFESORADO CURSO 2025-26<\/strong><\/span><\/p>\n<\/td>\n<\/tr>\n<\/tbody>\n<\/table>\n<table style=\"font-weight: 400;width: 86%;height: 2780px\" data-tablestyle=\"MsoTableGrid\" data-tablelook=\"1696\">\n<tbody>\n<tr>\n<td data-celllook=\"0\"><span data-contrast=\"auto\">DEPARTAMENTO<\/span><span data-ccp-props=\"{}\">&nbsp;<\/span><\/td>\n<td data-celllook=\"0\"><span data-contrast=\"auto\">PROFESORADO<\/span><span data-ccp-props=\"{}\">&nbsp;<\/span><\/td>\n<td data-celllook=\"0\"><span data-contrast=\"none\">&nbsp;CARGO&nbsp;&nbsp;<\/span><span data-ccp-props=\"{&quot;335551550&quot;:2,&quot;335551620&quot;:2}\">&nbsp;<\/span><\/td>\n<\/tr>\n<tr>\n<td colspan=\"1\" rowspan=\"3\" data-celllook=\"0\"><span data-contrast=\"auto\">Ciencias Naturales<\/span><span data-ccp-props=\"{&quot;335551550&quot;:2,&quot;335551620&quot;:2}\">&nbsp;<\/span><\/td>\n<td data-celllook=\"0\"><span data-contrast=\"auto\">Mar\u00eda Estrella Delgado Huertas&nbsp;<\/span><span data-ccp-props=\"{}\">&nbsp;<\/span><\/p>\n<p><span data-contrast=\"auto\">(F\u00edsica y Qu\u00edmica)<\/span><span data-ccp-props=\"{}\">&nbsp;<\/span><\/p>\n<p><span data-contrast=\"auto\">Sandra Ruiz Rasso desde 14 de Octubre<\/span><span data-ccp-props=\"{}\">&nbsp;<\/span><\/td>\n<td data-celllook=\"0\"><span data-ccp-props=\"{}\">&nbsp;<\/span><\/td>\n<\/tr>\n<tr>\n<td data-celllook=\"0\"><span data-contrast=\"auto\">Antonio Guerrero&nbsp;<\/span><span data-ccp-props=\"{}\">&nbsp;<\/span><\/p>\n<p><span data-contrast=\"auto\">(F\u00edsica y Qu\u00edmica)<\/span> <span data-ccp-props=\"{&quot;469777462&quot;:[2904],&quot;469777927&quot;:[0],&quot;469777928&quot;:[4]}\">&nbsp;<\/span><\/td>\n<td data-celllook=\"0\"><span data-contrast=\"auto\">Jefe de Departamento.&nbsp;<\/span><span data-ccp-props=\"{}\">&nbsp;<\/span><\/p>\n<p><span data-ccp-props=\"{}\">&nbsp;<\/span><\/p>\n<p><span data-ccp-props=\"{}\">&nbsp;<\/span><\/td>\n<\/tr>\n<tr>\n<td data-celllook=\"0\"><span data-contrast=\"auto\">Asunci\u00f2n Mesa Maga\u00f1a<\/span><span data-ccp-props=\"{}\">&nbsp;<\/span><\/p>\n<p><span data-contrast=\"auto\">(Biolog\u00eda y Geolog\u00eda)<\/span><span data-ccp-props=\"{}\">&nbsp;<\/span><\/td>\n<td data-celllook=\"0\"><span data-ccp-props=\"{}\">&nbsp;<\/span><\/td>\n<\/tr>\n<tr>\n<td data-celllook=\"0\"><span data-contrast=\"auto\">Dibujo<\/span><span data-ccp-props=\"{&quot;335551550&quot;:2,&quot;335551620&quot;:2}\">&nbsp;<\/span><\/td>\n<td data-celllook=\"0\"><span data-ccp-props=\"{}\">&nbsp;<\/span><\/p>\n<p><span data-contrast=\"none\">Nuria Gonz\u00e1lez Ortiz<\/span><span data-ccp-props=\"{}\">&nbsp;<\/span><\/td>\n<td data-celllook=\"0\"><span data-contrast=\"auto\">Jefa de Departamento.&nbsp;&nbsp;<\/span><span data-ccp-props=\"{}\">&nbsp;<\/span><\/td>\n<\/tr>\n<tr>\n<td colspan=\"1\" rowspan=\"2\" data-celllook=\"0\"><span data-contrast=\"auto\">Educaci\u00f3n F\u00edsica<\/span><span data-ccp-props=\"{&quot;335551550&quot;:2,&quot;335551620&quot;:2}\">&nbsp;<\/span><\/td>\n<td data-celllook=\"0\"><span data-contrast=\"auto\">Mar\u00eda de los \u00c1ngeles Benjumea \u00c1lvarez<\/span><span data-ccp-props=\"{}\">&nbsp;<\/span><\/td>\n<td data-celllook=\"0\"><span data-contrast=\"auto\">Jefa de Departamento.&nbsp;<\/span><span data-ccp-props=\"{}\">&nbsp;<\/span><\/p>\n<p><span data-contrast=\"auto\">Coordinadora Biling\u00fce&nbsp;<\/span><span data-ccp-props=\"{}\">&nbsp;<\/span><\/p>\n<p><span data-contrast=\"auto\">Coordinadora Proyecto Erasmus+<\/span><span data-ccp-props=\"{}\">&nbsp;<\/span><\/p>\n<p><span data-contrast=\"auto\">&nbsp;<\/span><span data-ccp-props=\"{}\">&nbsp;<\/span><\/td>\n<\/tr>\n<tr>\n<td data-celllook=\"0\"><span data-contrast=\"auto\">Francisco Jos\u00e9 Platero L\u00f3pez<\/span><span data-ccp-props=\"{}\">&nbsp;<\/span><\/td>\n<td data-celllook=\"0\"><span data-ccp-props=\"{}\">&nbsp;<\/span><\/td>\n<\/tr>\n<tr>\n<td data-celllook=\"0\"><span data-contrast=\"auto\">Franc\u00e9s&nbsp;<\/span><span data-ccp-props=\"{&quot;335551550&quot;:2,&quot;335551620&quot;:2}\">&nbsp;<\/span><\/td>\n<td data-celllook=\"0\"><span data-contrast=\"auto\">Milagros Barrera Vico<\/span><span data-ccp-props=\"{}\">&nbsp;<\/span><\/td>\n<td data-celllook=\"0\"><span data-contrast=\"auto\">Jefa de Departamento&nbsp;<\/span><span data-ccp-props=\"{}\">&nbsp;<\/span><\/p>\n<p><span data-ccp-props=\"{}\">&nbsp;<\/span><\/td>\n<\/tr>\n<tr>\n<td data-celllook=\"0\"><span data-ccp-props=\"{&quot;335551550&quot;:2,&quot;335551620&quot;:2}\">&nbsp;<\/span><\/p>\n<p><span data-contrast=\"auto\">Geograf\u00eda e Historia<\/span><span data-ccp-props=\"{&quot;335551550&quot;:2,&quot;335551620&quot;:2}\">&nbsp;<\/span><\/td>\n<td data-celllook=\"0\"><span data-contrast=\"auto\">Mar\u00eda Elena Gonz\u00e1lez P\u00e1rraga<\/span><span data-ccp-props=\"{}\">&nbsp;<\/span><\/td>\n<td data-celllook=\"0\"><span data-contrast=\"auto\">Jefa de Departamento.<\/span><span data-ccp-props=\"{}\">&nbsp;<\/span><\/p>\n<p><span data-contrast=\"auto\">Responsable de Biblioteca&nbsp;<\/span><span data-ccp-props=\"{}\">&nbsp;<\/span><\/td>\n<\/tr>\n<tr>\n<td data-celllook=\"0\"><span data-contrast=\"auto\">Geograf\u00eda e Historia<\/span><span data-ccp-props=\"{&quot;335551550&quot;:2,&quot;335551620&quot;:2}\">&nbsp;<\/span><\/td>\n<td data-celllook=\"0\"><span data-contrast=\"auto\">Luz M\u00aa Mesa Li\u00f1\u00e1n<\/span><span data-ccp-props=\"{}\">&nbsp;<\/span><\/td>\n<td data-celllook=\"0\"><span data-contrast=\"auto\">&nbsp;<\/span><span data-ccp-props=\"{}\">&nbsp;<\/span><\/td>\n<\/tr>\n<tr>\n<td colspan=\"1\" rowspan=\"4\" data-celllook=\"0\"><span data-contrast=\"auto\">Ingl\u00e9s<\/span><span data-ccp-props=\"{&quot;335551550&quot;:2,&quot;335551620&quot;:2}\">&nbsp;<\/span><\/td>\n<td data-celllook=\"0\"><span data-contrast=\"auto\">Irma Capote Portijo&nbsp;<\/span><span data-ccp-props=\"{}\">&nbsp;<\/span><\/p>\n<p><span data-ccp-props=\"{}\">&nbsp;<\/span><\/td>\n<td data-celllook=\"0\"><span data-contrast=\"auto\">&nbsp;Jefa de Departamento<\/span><span data-ccp-props=\"{}\">&nbsp;<\/span><\/td>\n<\/tr>\n<tr>\n<td data-celllook=\"0\"><span data-contrast=\"auto\">Elisa P\u00e9rez Fabero<\/span><span data-ccp-props=\"{}\">&nbsp;<\/span><\/p>\n<p><span data-ccp-props=\"{}\">&nbsp;<\/span><\/td>\n<td data-celllook=\"0\"><span data-ccp-props=\"{}\">&nbsp;<\/span><\/td>\n<\/tr>\n<tr>\n<td data-celllook=\"0\"><span data-contrast=\"auto\">Guillermo P\u00e9rez Merino<\/span><span data-ccp-props=\"{}\">&nbsp;<\/span><\/td>\n<td data-celllook=\"0\"><span data-ccp-props=\"{}\">&nbsp;<\/span><\/td>\n<\/tr>\n<tr>\n<td data-celllook=\"0\"><span data-contrast=\"auto\">Laura Alonso Machado<\/span><span data-ccp-props=\"{}\">&nbsp;<\/span><\/td>\n<td data-celllook=\"0\"><span data-ccp-props=\"{}\">&nbsp;<\/span><\/td>\n<\/tr>\n<tr>\n<td colspan=\"1\" rowspan=\"3\" data-celllook=\"0\"><span data-contrast=\"auto\">Lengua Castellana y Literatura<\/span><span data-ccp-props=\"{&quot;335551550&quot;:2,&quot;335551620&quot;:2}\">&nbsp;<\/span><\/td>\n<td data-celllook=\"0\"><span data-contrast=\"auto\">Mar\u00eda Ortega<\/span><span data-ccp-props=\"{}\">&nbsp;<\/span><\/td>\n<td data-celllook=\"0\"><span data-contrast=\"auto\">Jefe de Departamento&nbsp;<\/span><span data-ccp-props=\"{}\">&nbsp;<\/span><\/p>\n<p><span data-contrast=\"auto\">Jefa Departamento FEIE&nbsp;<\/span><span data-ccp-props=\"{}\">&nbsp;<\/span><\/p>\n<p><span data-contrast=\"auto\">Coordinadora \u00c1rea Socio- Ling\u00fc\u00edstica<\/span><span data-ccp-props=\"{}\">&nbsp;<\/span><\/td>\n<\/tr>\n<tr>\n<td data-celllook=\"0\"><span data-contrast=\"auto\">Francisco Aranda Bullejos<\/span><span data-ccp-props=\"{}\">&nbsp;<\/span><\/td>\n<td data-celllook=\"0\"><span data-contrast=\"auto\">&nbsp;<\/span><span data-ccp-props=\"{}\">&nbsp;<\/span><\/td>\n<\/tr>\n<tr>\n<td data-celllook=\"0\"><span data-contrast=\"auto\">Piedad Olmedo Guzm\u00e1n<\/span><span data-ccp-props=\"{}\">&nbsp;<\/span><\/td>\n<td data-celllook=\"0\"><span data-ccp-props=\"{}\">&nbsp;<\/span><\/td>\n<\/tr>\n<tr>\n<td colspan=\"1\" rowspan=\"4\" data-celllook=\"0\"><span data-contrast=\"auto\">Matem\u00e1ticas<\/span><span data-ccp-props=\"{&quot;335551550&quot;:2,&quot;335551620&quot;:2}\">&nbsp;<\/span><\/td>\n<td data-celllook=\"0\"><span data-contrast=\"auto\">Inmaculada Cano Joyas<\/span><span data-ccp-props=\"{}\">&nbsp;<\/span><\/td>\n<td data-celllook=\"0\"><span data-contrast=\"auto\">Jefa de Estudios&nbsp;<\/span><span data-ccp-props=\"{}\">&nbsp;<\/span><\/p>\n<p><span data-contrast=\"auto\">Jefa departamento AAEE<\/span><span data-ccp-props=\"{}\">&nbsp;<\/span><\/td>\n<\/tr>\n<tr>\n<td data-celllook=\"0\"><span data-contrast=\"auto\">Mar\u00eda Jos\u00e9 Madrid Ruiz<\/span><span data-ccp-props=\"{}\">&nbsp;<\/span><\/td>\n<td data-celllook=\"0\"><span data-contrast=\"auto\">Secretaria&nbsp;<\/span><span data-ccp-props=\"{}\">&nbsp;<\/span><\/p>\n<p><span data-contrast=\"auto\">Jefa departamento&nbsp;<\/span><span data-ccp-props=\"{}\">&nbsp;<\/span><\/p>\n<p><span data-contrast=\"auto\">Matem\u00e1ticas&nbsp; y&nbsp;&nbsp;<\/span><span data-ccp-props=\"{}\">&nbsp;<\/span><\/td>\n<\/tr>\n<tr>\n<td data-celllook=\"0\"><span data-contrast=\"auto\">Andr\u00e9s Rodr\u00edguez Carrillo<\/span><span data-ccp-props=\"{}\">&nbsp;<\/span><\/td>\n<td data-celllook=\"0\"><span data-contrast=\"auto\">Director&nbsp;&nbsp;<\/span><span data-ccp-props=\"{}\">&nbsp;<\/span><\/p>\n<p><span data-contrast=\"auto\">Coordinador PRL&nbsp;<\/span><span data-ccp-props=\"{}\">&nbsp;<\/span><\/td>\n<\/tr>\n<tr>\n<td data-celllook=\"0\"><span data-contrast=\"auto\">Paulino Valderas Braojos<\/span><span data-ccp-props=\"{}\">&nbsp;<\/span><\/p>\n<p><span data-ccp-props=\"{}\">&nbsp;<\/span><\/td>\n<td data-celllook=\"0\"><span data-ccp-props=\"{}\">&nbsp;<\/span><\/td>\n<\/tr>\n<tr>\n<td data-celllook=\"0\"><span data-contrast=\"auto\">M\u00fasica<\/span><span data-ccp-props=\"{&quot;335551550&quot;:2,&quot;335551620&quot;:2}\">&nbsp;<\/span><\/td>\n<td data-celllook=\"0\"><span data-contrast=\"auto\">Jorge Ortega Torices<\/span><span data-ccp-props=\"{}\">&nbsp;<\/span><\/td>\n<td data-celllook=\"0\"><span data-contrast=\"auto\">Jefe de Departamento.&nbsp;<\/span><span data-ccp-props=\"{}\">&nbsp;<\/span><\/p>\n<p><span data-contrast=\"auto\">Coordinador \u00e1rea art\u00edstica<\/span><span data-ccp-props=\"{}\">&nbsp;<\/span><\/td>\n<\/tr>\n<tr>\n<td colspan=\"1\" rowspan=\"2\" data-celllook=\"0\"><span data-contrast=\"auto\">Orientaci\u00f3n&nbsp;<\/span><span data-ccp-props=\"{&quot;335551550&quot;:2,&quot;335551620&quot;:2}\">&nbsp;<\/span><\/td>\n<td data-celllook=\"0\"><span data-contrast=\"auto\">Elena Lupi\u00f3n Carretero<\/span><span data-ccp-props=\"{&quot;201341983&quot;:0,&quot;335559740&quot;:259}\">&nbsp;<\/span><\/td>\n<td data-celllook=\"0\"><span data-contrast=\"auto\">Orientadora&nbsp;<\/span><span data-ccp-props=\"{}\">&nbsp;<\/span><\/td>\n<\/tr>\n<tr>\n<td data-celllook=\"0\"><span data-contrast=\"auto\">Amaia Llandres Ramos<\/span><span data-ccp-props=\"{}\">&nbsp;<\/span><\/td>\n<td data-celllook=\"0\"><span data-contrast=\"auto\">PT&nbsp;<\/span><span data-ccp-props=\"{}\">&nbsp;<\/span><\/td>\n<\/tr>\n<tr>\n<td colspan=\"1\" rowspan=\"2\" data-celllook=\"0\"><span data-contrast=\"auto\">Religi\u00f3n<\/span><span data-ccp-props=\"{&quot;335551550&quot;:2,&quot;335551620&quot;:2}\">&nbsp;<\/span><\/td>\n<td data-celllook=\"0\"><span data-contrast=\"auto\">Guadalupe Contreras Ojeda<\/span><span data-ccp-props=\"{}\">&nbsp;<\/span><\/p>\n<p><span data-contrast=\"auto\">Benjam\u00edn Sanchis Cano&nbsp;<\/span><span data-ccp-props=\"{}\">&nbsp;<\/span><\/td>\n<td data-celllook=\"0\"><span data-contrast=\"auto\">&nbsp;<\/span><span data-ccp-props=\"{}\">&nbsp;<\/span><\/td>\n<\/tr>\n<tr>\n<td data-celllook=\"0\"><span data-contrast=\"auto\">M\u00aa Dolores Moriel S\u00e1nchez<\/span><span data-ccp-props=\"{}\">&nbsp;<\/span><\/td>\n<td data-celllook=\"0\"><span data-contrast=\"auto\">&nbsp;<\/span><span data-ccp-props=\"{}\">&nbsp;<\/span><\/td>\n<\/tr>\n<tr>\n<td colspan=\"1\" rowspan=\"2\" data-celllook=\"0\"><span data-contrast=\"auto\">Tecnolog\u00eda<\/span><span data-ccp-props=\"{&quot;335551550&quot;:2,&quot;335551620&quot;:2}\">&nbsp;<\/span><\/td>\n<td data-celllook=\"0\"><span data-contrast=\"auto\">Rafael S\u00e1nchez Mart\u00ednez<\/span><span data-ccp-props=\"{}\">&nbsp;<\/span><\/td>\n<td data-celllook=\"0\"><span data-contrast=\"auto\">Jefe de Departamento&nbsp;<\/span><span data-ccp-props=\"{}\">&nbsp;<\/span><\/p>\n<p><span data-contrast=\"auto\">Coordinador \u00c1rea CT<\/span><span data-ccp-props=\"{}\">&nbsp;<\/span><\/td>\n<\/tr>\n<tr>\n<td data-celllook=\"0\"><span data-contrast=\"auto\">Jos\u00e9 Rafel Asenjo Mart\u00edn<\/span><span data-ccp-props=\"{}\">&nbsp;<\/span><\/td>\n<td data-celllook=\"0\"><span data-contrast=\"auto\">Coordinador TD<\/span><span data-ccp-props=\"{}\">&nbsp;<\/span><\/p>\n<p><span data-contrast=\"auto\">Coordinador STEM<\/span><span data-ccp-props=\"{}\">&nbsp;<\/span><\/p>\n<p><span data-ccp-props=\"{}\">&nbsp;<\/span><\/p>\n<p><span data-ccp-props=\"{}\">&nbsp;<\/span><\/td>\n<\/tr>\n<\/tbody>\n<\/table>\n<p style=\"text-align: center\">&nbsp;<\/p>\n<p>&nbsp;<\/p>\n<p>&nbsp;<\/p>\n<p>&nbsp;<\/p>\n<p>&nbsp;<\/p>\n<p>&nbsp;<\/p>\n<p>&nbsp;<\/p>\n<p>&nbsp;<\/p>\n<p>&nbsp;<\/p>\n<p>&nbsp;<\/p>\n<p>&nbsp;<\/p>\n<p>&nbsp;<\/p>\n<p>&nbsp;<\/p>\n<p>&nbsp;<\/p>\n<p>&nbsp;<\/p>\n<p>&nbsp;<\/p>\n<p>&nbsp;<\/p>\n","protected":false},"excerpt":{"rendered":"<p>&nbsp; DIRECTOR Andr\u00e9s Rodr\u00edguez Carrillo Matem\u00e1ticas Desde el 1 de julio de 2020 &nbsp;JEFA DE ESTUDIOS Inmaculada Cano Joyas Matem\u00e1ticas Desde el 1 de julio de 2020 SECRETARIA Mar\u00eda Jos\u00e9 Madrid Ruiz Matem\u00e1ticas Desde&#46;&#46;&#46;<\/p>\n","protected":false},"author":1,"featured_media":0,"parent":0,"menu_order":0,"comment_status":"open","ping_status":"open","template":"page-templates\/child-menu.php","meta":{"_exactmetrics_skip_tracking":false,"_exactmetrics_sitenote_active":false,"_exactmetrics_sitenote_note":"","_exactmetrics_sitenote_category":0,"ngg_post_thumbnail":0,"footnotes":"","_mc_calendar":[]},"aioseo_notices":[],"_links":{"self":[{"href":"https:\/\/blogsaverroes.juntadeandalucia.es\/iesalfakar\/wp-json\/wp\/v2\/pages\/42"}],"collection":[{"href":"https:\/\/blogsaverroes.juntadeandalucia.es\/iesalfakar\/wp-json\/wp\/v2\/pages"}],"about":[{"href":"https:\/\/blogsaverroes.juntadeandalucia.es\/iesalfakar\/wp-json\/wp\/v2\/types\/page"}],"author":[{"embeddable":true,"href":"https:\/\/blogsaverroes.juntadeandalucia.es\/iesalfakar\/wp-json\/wp\/v2\/users\/1"}],"replies":[{"embeddable":true,"href":"https:\/\/blogsaverroes.juntadeandalucia.es\/iesalfakar\/wp-json\/wp\/v2\/comments?post=42"}],"version-history":[{"count":269,"href":"https:\/\/blogsaverroes.juntadeandalucia.es\/iesalfakar\/wp-json\/wp\/v2\/pages\/42\/revisions"}],"predecessor-version":[{"id":8409,"href":"https:\/\/blogsaverroes.juntadeandalucia.es\/iesalfakar\/wp-json\/wp\/v2\/pages\/42\/revisions\/8409"}],"wp:attachment":[{"href":"https:\/\/blogsaverroes.juntadeandalucia.es\/iesalfakar\/wp-json\/wp\/v2\/media?parent=42"}],"curies":[{"name":"wp","href":"https:\/\/api.w.org\/{rel}","templated":true}]}}