{"id":49,"date":"2019-05-18T18:00:05","date_gmt":"2019-05-18T17:00:05","guid":{"rendered":"http:\/\/blogsaverroes.juntadeandalucia.es\/pre\/ceip\/?page_id=49"},"modified":"2026-01-06T13:05:44","modified_gmt":"2026-01-06T12:05:44","slug":"proyecto-educativo","status":"publish","type":"page","link":"https:\/\/blogsaverroes.juntadeandalucia.es\/iesalfakar\/proyecto-educativo\/","title":{"rendered":"Plan de Centro"},"content":{"rendered":"<table style=\"width: 90.5799%;height: 464px\">\n<tbody>\n<tr style=\"height: 441px\">\n<td style=\"width: 33.0155%;height: 441px\">&nbsp; &nbsp; <a href=\"https:\/\/blogsaverroes.juntadeandalucia.es\/iesalfakar\/files\/2026\/01\/Captura-de-pantalla-2026-01-06-a-las-12.24.34.png\"><img loading=\"lazy\" decoding=\"async\" class=\"alignnone wp-image-8410\" src=\"https:\/\/blogsaverroes.juntadeandalucia.es\/iesalfakar\/files\/2026\/01\/Captura-de-pantalla-2026-01-06-a-las-12.24.34-214x300.png\" alt=\"\" width=\"253\" height=\"355\" srcset=\"https:\/\/blogsaverroes.juntadeandalucia.es\/iesalfakar\/files\/2026\/01\/Captura-de-pantalla-2026-01-06-a-las-12.24.34-214x300.png 214w, https:\/\/blogsaverroes.juntadeandalucia.es\/iesalfakar\/files\/2026\/01\/Captura-de-pantalla-2026-01-06-a-las-12.24.34-731x1024.png 731w, https:\/\/blogsaverroes.juntadeandalucia.es\/iesalfakar\/files\/2026\/01\/Captura-de-pantalla-2026-01-06-a-las-12.24.34-768x1075.png 768w, https:\/\/blogsaverroes.juntadeandalucia.es\/iesalfakar\/files\/2026\/01\/Captura-de-pantalla-2026-01-06-a-las-12.24.34.png 800w\" sizes=\"(max-width: 253px) 100vw, 253px\" \/><\/a><\/td>\n<td style=\"width: 32.4195%;height: 441px\"><a href=\"https:\/\/blogsaverroes.juntadeandalucia.es\/iesalfakar\/files\/2026\/01\/Captura-de-pantalla-2026-01-06-a-las-12.25.16.png\"><img loading=\"lazy\" decoding=\"async\" class=\"alignnone wp-image-8412\" src=\"https:\/\/blogsaverroes.juntadeandalucia.es\/iesalfakar\/files\/2026\/01\/Captura-de-pantalla-2026-01-06-a-las-12.25.16-231x300.png\" alt=\"\" width=\"260\" height=\"338\" srcset=\"https:\/\/blogsaverroes.juntadeandalucia.es\/iesalfakar\/files\/2026\/01\/Captura-de-pantalla-2026-01-06-a-las-12.25.16-231x300.png 231w, https:\/\/blogsaverroes.juntadeandalucia.es\/iesalfakar\/files\/2026\/01\/Captura-de-pantalla-2026-01-06-a-las-12.25.16-790x1024.png 790w, https:\/\/blogsaverroes.juntadeandalucia.es\/iesalfakar\/files\/2026\/01\/Captura-de-pantalla-2026-01-06-a-las-12.25.16-768x995.png 768w, https:\/\/blogsaverroes.juntadeandalucia.es\/iesalfakar\/files\/2026\/01\/Captura-de-pantalla-2026-01-06-a-las-12.25.16.png 1142w\" sizes=\"(max-width: 260px) 100vw, 260px\" \/><\/a><\/td>\n<td style=\"width: 71.8096%;height: 441px\"><a href=\"https:\/\/blogsaverroes.juntadeandalucia.es\/iesalfakar\/files\/2026\/01\/Captura-de-pantalla-2026-01-06-a-las-12.24.54.png\"><img loading=\"lazy\" decoding=\"async\" class=\"alignnone wp-image-8411\" src=\"https:\/\/blogsaverroes.juntadeandalucia.es\/iesalfakar\/files\/2026\/01\/Captura-de-pantalla-2026-01-06-a-las-12.24.54-214x300.png\" alt=\"\" width=\"252\" height=\"353\" srcset=\"https:\/\/blogsaverroes.juntadeandalucia.es\/iesalfakar\/files\/2026\/01\/Captura-de-pantalla-2026-01-06-a-las-12.24.54-214x300.png 214w, https:\/\/blogsaverroes.juntadeandalucia.es\/iesalfakar\/files\/2026\/01\/Captura-de-pantalla-2026-01-06-a-las-12.24.54-729x1024.png 729w, https:\/\/blogsaverroes.juntadeandalucia.es\/iesalfakar\/files\/2026\/01\/Captura-de-pantalla-2026-01-06-a-las-12.24.54-768x1078.png 768w, https:\/\/blogsaverroes.juntadeandalucia.es\/iesalfakar\/files\/2026\/01\/Captura-de-pantalla-2026-01-06-a-las-12.24.54.png 856w\" sizes=\"(max-width: 252px) 100vw, 252px\" \/><\/a><\/td>\n<\/tr>\n<tr style=\"height: 23px\">\n<td style=\"width: 33.0155%;text-align: center;height: 23px\"><a href=\"https:\/\/blogsaverroes.juntadeandalucia.es\/iesalfakar\/files\/2026\/01\/PEC-25-26.pdf\">PEC 25-26<\/a>&nbsp;<\/td>\n<td style=\"width: 32.4195%;text-align: center;height: 23px\"><a href=\"https:\/\/blogsaverroes.juntadeandalucia.es\/iesalfakar\/files\/2026\/01\/ROF-25-26.pdf\">ROF 25-26<\/a><\/td>\n<td style=\"width: 71.8096%;text-align: center;height: 23px\"><a href=\"https:\/\/blogsaverroes.juntadeandalucia.es\/iesalfakar\/files\/2026\/01\/PGE-25-26.pdf\">PGE 25-26<\/a><\/td>\n<\/tr>\n<\/tbody>\n<\/table>\n<p>&nbsp;<\/p>\n<p style=\"text-align: justify\">Un centro educativo&nbsp;se define en gran medida por su <strong>Proyecto Educativo<\/strong>. En \u00e9l se plasma el modelo educativo y la concreci\u00f3n de la normativa que realiza respecto a las ense\u00f1anzas que imparte. Aspectos tales como las finales educativas, objetivos, atenci\u00f3n a la diversidad, etc.<\/p>\n<p style=\"text-align: justify\">Un Instituto de Educaci\u00f3n Secundaria es una organizaci\u00f3n compleja y multidimensional. Su Plan de Centro contiene tres documentos elaborados por y para la comunidad educativa.&nbsp;Son documentos p\u00fablicos, apuesta clara por la transparencia y &nbsp;que definen&nbsp;los rasgos de identidad de nuestro IES.<\/p>\n","protected":false},"excerpt":{"rendered":"<p>&nbsp; &nbsp; PEC 25-26&nbsp; ROF 25-26 PGE 25-26 &nbsp; Un centro educativo&nbsp;se define en gran medida por su Proyecto Educativo. En \u00e9l se plasma el modelo educativo y la concreci\u00f3n de la normativa que&#46;&#46;&#46;<\/p>\n","protected":false},"author":1,"featured_media":0,"parent":0,"menu_order":0,"comment_status":"open","ping_status":"open","template":"page-templates\/child-menu.php","meta":{"_exactmetrics_skip_tracking":false,"_exactmetrics_sitenote_active":false,"_exactmetrics_sitenote_note":"","_exactmetrics_sitenote_category":0,"ngg_post_thumbnail":0,"footnotes":"","_mc_calendar":[]},"aioseo_notices":[],"_links":{"self":[{"href":"https:\/\/blogsaverroes.juntadeandalucia.es\/iesalfakar\/wp-json\/wp\/v2\/pages\/49"}],"collection":[{"href":"https:\/\/blogsaverroes.juntadeandalucia.es\/iesalfakar\/wp-json\/wp\/v2\/pages"}],"about":[{"href":"https:\/\/blogsaverroes.juntadeandalucia.es\/iesalfakar\/wp-json\/wp\/v2\/types\/page"}],"author":[{"embeddable":true,"href":"https:\/\/blogsaverroes.juntadeandalucia.es\/iesalfakar\/wp-json\/wp\/v2\/users\/1"}],"replies":[{"embeddable":true,"href":"https:\/\/blogsaverroes.juntadeandalucia.es\/iesalfakar\/wp-json\/wp\/v2\/comments?post=49"}],"version-history":[{"count":25,"href":"https:\/\/blogsaverroes.juntadeandalucia.es\/iesalfakar\/wp-json\/wp\/v2\/pages\/49\/revisions"}],"predecessor-version":[{"id":8416,"href":"https:\/\/blogsaverroes.juntadeandalucia.es\/iesalfakar\/wp-json\/wp\/v2\/pages\/49\/revisions\/8416"}],"wp:attachment":[{"href":"https:\/\/blogsaverroes.juntadeandalucia.es\/iesalfakar\/wp-json\/wp\/v2\/media?parent=49"}],"curies":[{"name":"wp","href":"https:\/\/api.w.org\/{rel}","templated":true}]}}