{"id":77,"date":"2019-10-14T06:54:56","date_gmt":"2019-10-14T05:54:56","guid":{"rendered":"http:\/\/blogsaverroes.juntadeandalucia.es\/pre\/ceip\/?page_id=77"},"modified":"2025-11-02T19:47:05","modified_gmt":"2025-11-02T18:47:05","slug":"secretaria","status":"publish","type":"page","link":"https:\/\/blogsaverroes.juntadeandalucia.es\/iesalfakar\/secretaria\/","title":{"rendered":"Secretar\u00eda y Conserjer\u00eda"},"content":{"rendered":"<p style=\"text-align: center\"><span style=\"font-family: Arial\">&nbsp;&nbsp;&nbsp;&nbsp; Secretaria: <b>Mar\u00eda Jos\u00e9 Madrid Ruiz<\/b> &nbsp;&nbsp;<\/span><\/p>\n<p style=\"text-align: center\" align=\"center\"><span style=\"font-family: Arial\">&nbsp;&nbsp;&nbsp;&nbsp;&nbsp;&nbsp; Administrativo: <strong>Bel\u00e9n Garc\u00eda Ortega<\/strong><\/span><\/p>\n<p style=\"text-align: center\" align=\"center\"><span style=\"font-family: Arial\">&nbsp; &nbsp; Ordenanza: <strong>Clara Espigares Lafuente<\/strong><\/span><\/p>\n<p align=\"center\">&nbsp;<\/p>\n<table border=\"4\" width=\"90%\" align=\"center\">\n<tbody>\n<tr>\n<td colspan=\"2\">\n<p align=\"center\"><span style=\"font-family: Arial Narrow;font-size: x-large\">Horario <span lang=\"es\">de <\/span>atenci\u00f3n al p\u00fablico<\/span><\/p>\n<\/td>\n<\/tr>\n<tr>\n<td align=\"center\" width=\"50%\"><span style=\"font-size: large\">ADMINISTRATIVO <\/span><\/p>\n<p><span style=\"font-size: medium\">(T\u00edtulos, certificados,&nbsp;matr\u00edculas, becas&nbsp;y otros&#8230;)<\/span><\/td>\n<td align=\"center\" width=\"49%\"><span style=\"font-size: large\">SECRETARIA<\/span><\/p>\n<p><span style=\"font-size: medium\">(Facturaci\u00f3n, proveedores, expedientes&#8230;)<\/span><\/td>\n<\/tr>\n<tr>\n<td align=\"center\" width=\"50%\">\n<p align=\"center\"><span lang=\"es\"><span style=\"font-family: Arial Narrow;font-size: large\">D<\/span><\/span><span style=\"font-family: Arial Narrow\"><span style=\"font-size: large\">e <b><span lang=\"es\">9:45<\/span><\/b> a <\/span> <b><span style=\"font-size: large\">13<\/span><span lang=\"es\"><span style=\"font-size: large\">:00<\/span><\/span><\/b><\/span><\/p>\n<\/td>\n<td align=\"center\" width=\"49%\">\n<p align=\"center\"><span style=\"font-family: Arial Narrow;font-size: large\">Pida cita previa<\/span><\/p>\n<\/td>\n<\/tr>\n<\/tbody>\n<\/table>\n<p align=\"center\"><b><span style=\"font-family: Arial Narrow;font-size: medium\">Avenida Garc\u00eda Lorca S\/N &#8211; 18170 &#8211; Alfacar (Granada) &#8211; Tel\u00e9fono: 958 89 39 62&nbsp;&nbsp;<\/span><\/b><\/p>\n<p style=\"text-align: center\">Actualizado el 3 de Noviembre de 2025 a las 9:00<\/p>\n<p style=\"text-align: left\">&nbsp;<\/p>\n","protected":false},"excerpt":{"rendered":"<p>&nbsp;&nbsp;&nbsp;&nbsp; Secretaria: Mar\u00eda Jos\u00e9 Madrid Ruiz &nbsp;&nbsp; &nbsp;&nbsp;&nbsp;&nbsp;&nbsp;&nbsp; Administrativo: Bel\u00e9n Garc\u00eda Ortega &nbsp; &nbsp; Ordenanza: Clara Espigares Lafuente &nbsp; Horario de atenci\u00f3n al p\u00fablico ADMINISTRATIVO (T\u00edtulos, certificados,&nbsp;matr\u00edculas, becas&nbsp;y otros&#8230;) SECRETARIA (Facturaci\u00f3n, proveedores, expedientes&#8230;) De&#46;&#46;&#46;<\/p>\n","protected":false},"author":1,"featured_media":0,"parent":0,"menu_order":0,"comment_status":"open","ping_status":"open","template":"","meta":{"_exactmetrics_skip_tracking":false,"_exactmetrics_sitenote_active":false,"_exactmetrics_sitenote_note":"","_exactmetrics_sitenote_category":0,"ngg_post_thumbnail":0,"footnotes":"","_mc_calendar":[]},"aioseo_notices":[],"_links":{"self":[{"href":"https:\/\/blogsaverroes.juntadeandalucia.es\/iesalfakar\/wp-json\/wp\/v2\/pages\/77"}],"collection":[{"href":"https:\/\/blogsaverroes.juntadeandalucia.es\/iesalfakar\/wp-json\/wp\/v2\/pages"}],"about":[{"href":"https:\/\/blogsaverroes.juntadeandalucia.es\/iesalfakar\/wp-json\/wp\/v2\/types\/page"}],"author":[{"embeddable":true,"href":"https:\/\/blogsaverroes.juntadeandalucia.es\/iesalfakar\/wp-json\/wp\/v2\/users\/1"}],"replies":[{"embeddable":true,"href":"https:\/\/blogsaverroes.juntadeandalucia.es\/iesalfakar\/wp-json\/wp\/v2\/comments?post=77"}],"version-history":[{"count":28,"href":"https:\/\/blogsaverroes.juntadeandalucia.es\/iesalfakar\/wp-json\/wp\/v2\/pages\/77\/revisions"}],"predecessor-version":[{"id":8374,"href":"https:\/\/blogsaverroes.juntadeandalucia.es\/iesalfakar\/wp-json\/wp\/v2\/pages\/77\/revisions\/8374"}],"wp:attachment":[{"href":"https:\/\/blogsaverroes.juntadeandalucia.es\/iesalfakar\/wp-json\/wp\/v2\/media?parent=77"}],"curies":[{"name":"wp","href":"https:\/\/api.w.org\/{rel}","templated":true}]}}