{"id":11026,"date":"2024-07-10T10:39:29","date_gmt":"2024-07-10T10:39:29","guid":{"rendered":"https:\/\/blogsaverroes.juntadeandalucia.es\/iesalfonsoxi\/?page_id=11026"},"modified":"2025-11-20T15:49:24","modified_gmt":"2025-11-20T15:49:24","slug":"bilinguismo","status":"publish","type":"page","link":"https:\/\/blogsaverroes.juntadeandalucia.es\/iesalfonsoxi\/planes-programas\/bilinguismo\/","title":{"rendered":"Biling\u00fcismo."},"content":{"rendered":"<p>El biling\u00fcismo en nuestro centro se realiza en el idioma de Ingl\u00e9s y se lleva a cabo en bachillerato, en concreto en 1\u00ba de bachillerato, en las materias de Educaci\u00f3n F\u00edsica y TIC.&nbsp;<\/p>\n<p>El coordinador del programa Biling\u00fce es: Eleuterio Leal Figueroa.&nbsp;<\/p>\n<p><a href=\"https:\/\/iesalfonsoxibilingual.blogspot.com\/\">Enlace al blog de biling\u00fcismo.&nbsp;<\/a><\/p>\n","protected":false},"excerpt":{"rendered":"<p>El biling\u00fcismo en nuestro centro se realiza en el idioma de Ingl\u00e9s y se lleva a cabo en bachillerato, en concreto en 1\u00ba de bachillerato, en las materias de Educaci\u00f3n F\u00edsica y TIC.&nbsp; El coordinador del programa Biling\u00fce es: Eleuterio Leal Figueroa.&nbsp; Enlace al blog de biling\u00fcismo.&nbsp;<\/p>\n","protected":false},"author":6379,"featured_media":0,"parent":3081,"menu_order":0,"comment_status":"closed","ping_status":"closed","template":"","meta":{"ngg_post_thumbnail":0,"footnotes":"","_mc_calendar":[]},"aioseo_notices":[],"_links":{"self":[{"href":"https:\/\/blogsaverroes.juntadeandalucia.es\/iesalfonsoxi\/wp-json\/wp\/v2\/pages\/11026"}],"collection":[{"href":"https:\/\/blogsaverroes.juntadeandalucia.es\/iesalfonsoxi\/wp-json\/wp\/v2\/pages"}],"about":[{"href":"https:\/\/blogsaverroes.juntadeandalucia.es\/iesalfonsoxi\/wp-json\/wp\/v2\/types\/page"}],"author":[{"embeddable":true,"href":"https:\/\/blogsaverroes.juntadeandalucia.es\/iesalfonsoxi\/wp-json\/wp\/v2\/users\/6379"}],"replies":[{"embeddable":true,"href":"https:\/\/blogsaverroes.juntadeandalucia.es\/iesalfonsoxi\/wp-json\/wp\/v2\/comments?post=11026"}],"version-history":[{"count":3,"href":"https:\/\/blogsaverroes.juntadeandalucia.es\/iesalfonsoxi\/wp-json\/wp\/v2\/pages\/11026\/revisions"}],"predecessor-version":[{"id":17594,"href":"https:\/\/blogsaverroes.juntadeandalucia.es\/iesalfonsoxi\/wp-json\/wp\/v2\/pages\/11026\/revisions\/17594"}],"up":[{"embeddable":true,"href":"https:\/\/blogsaverroes.juntadeandalucia.es\/iesalfonsoxi\/wp-json\/wp\/v2\/pages\/3081"}],"wp:attachment":[{"href":"https:\/\/blogsaverroes.juntadeandalucia.es\/iesalfonsoxi\/wp-json\/wp\/v2\/media?parent=11026"}],"curies":[{"name":"wp","href":"https:\/\/api.w.org\/{rel}","templated":true}]}}