{"id":158,"date":"2015-03-17T07:50:33","date_gmt":"2015-03-17T07:50:33","guid":{"rendered":"http:\/\/blogsaverroes.juntadeandalucia.es\/pre\/ceip\/?page_id=158"},"modified":"2025-12-15T13:22:48","modified_gmt":"2025-12-15T13:22:48","slug":"biologia-y-geologia","status":"publish","type":"page","link":"https:\/\/blogsaverroes.juntadeandalucia.es\/iesalfonsoxi\/biologia-y-geologia\/","title":{"rendered":"Matem\u00e1ticas"},"content":{"rendered":"<p>&nbsp;<\/p>\n<table class=\" aligncenter\" style=\"width: 94.1751%;height: 977px\">\n<tbody>\n<tr style=\"height: 66px\">\n<td style=\"width: 59.7426%;height: 66px\" colspan=\"2\">&nbsp;<\/td>\n<td style=\"width: 38.2353%;height: 66px\" colspan=\"2\" bgcolor=\"#E3CEF6\">\n<h6><span style=\"color: #993366\"><strong>Puesto o Especialidad<\/strong><\/span><\/h6>\n<\/td>\n<\/tr>\n<tr style=\"height: 82px\">\n<td style=\"width: 18.1985%;height: 82px\" bgcolor=\"#E3CEF6\">\n<h6><span style=\"color: #993366\"><strong>Jefatura de departamento<\/strong><\/span><\/h6>\n<\/td>\n<td style=\"width: 41.5441%;height: 82px\">&nbsp;<\/p>\n<p><span style=\"color: #993366\"><strong>Mart\u00ednez Navero, M.\u00aa del Carmen<\/strong><\/span><\/p>\n<p><span style=\"color: #993366\"><strong>&nbsp;<\/strong><\/span><\/td>\n<td style=\"width: 15.625%;height: 82px\">&nbsp;<\/td>\n<td style=\"width: 22.6103%;height: 82px\"><strong><span style=\"color: #993366\">Matem\u00e1ticas<br \/>\n<\/span><\/strong><\/td>\n<\/tr>\n<tr style=\"height: 48px\">\n<td style=\"width: 18.1985%;height: 692px\" rowspan=\"5\" bgcolor=\"#E3CEF6\">\n<h6><span style=\"color: #993366\"><strong>Componentes<\/strong><\/span><\/h6>\n<h6><strong>&nbsp;<\/strong><\/h6>\n<h6><strong>&nbsp;<\/strong><\/h6>\n<\/td>\n<td style=\"width: 41.5441%;height: 48px\"><strong><span style=\"color: #993366\">Mu\u00f1oz Carmona, Carmen Bel\u00e9n<\/span><\/strong><\/td>\n<td style=\"width: 15.625%;height: 48px\"><a href=\"https:\/\/blogsaverroes.juntadeandalucia.es\/iesalfonsoxi\/files\/2022\/07\/Carmen.jpeg\"><img decoding=\"async\" class=\"aligncenter wp-image-12725\" src=\"https:\/\/blogsaverroes.juntadeandalucia.es\/iesalfonsoxi\/files\/2022\/07\/Carmen.jpeg\" alt=\"\" width=\"58\" height=\"118\" srcset=\"https:\/\/blogsaverroes.juntadeandalucia.es\/iesalfonsoxi\/files\/2022\/07\/Carmen.jpeg 780w, https:\/\/blogsaverroes.juntadeandalucia.es\/iesalfonsoxi\/files\/2022\/07\/Carmen-146x300.jpeg 146w, https:\/\/blogsaverroes.juntadeandalucia.es\/iesalfonsoxi\/files\/2022\/07\/Carmen-499x1024.jpeg 499w, https:\/\/blogsaverroes.juntadeandalucia.es\/iesalfonsoxi\/files\/2022\/07\/Carmen-768x1575.jpeg 768w, https:\/\/blogsaverroes.juntadeandalucia.es\/iesalfonsoxi\/files\/2022\/07\/Carmen-749x1536.jpeg 749w\" sizes=\"(max-width: 58px) 100vw, 58px\" \/><\/a><\/td>\n<td style=\"width: 22.6103%;height: 48px\"><strong><span style=\"color: #993366\">Matem\u00e1ticas P.E.S.<\/span><\/strong><\/td>\n<\/tr>\n<tr style=\"height: 111px\">\n<td style=\"width: 41.5441%;height: 111px\"><strong><span style=\"color: #993366\">Aguilera D\u00edaz, Juan Manuel<\/span><\/strong><\/td>\n<td style=\"width: 15.625%;height: 111px\"><a href=\"https:\/\/blogsaverroes.juntadeandalucia.es\/iesalfonsoxi\/files\/2018\/10\/JUAN-MANUEL-AGUILERA.jpg\"><img decoding=\"async\" class=\"wp-image-2993 aligncenter\" src=\"https:\/\/blogsaverroes.juntadeandalucia.es\/iesalfonsoxi\/files\/2018\/10\/JUAN-MANUEL-AGUILERA-240x300.jpg\" alt=\"\" width=\"81\" height=\"102\" srcset=\"https:\/\/blogsaverroes.juntadeandalucia.es\/iesalfonsoxi\/files\/2018\/10\/JUAN-MANUEL-AGUILERA-240x300.jpg 240w, https:\/\/blogsaverroes.juntadeandalucia.es\/iesalfonsoxi\/files\/2018\/10\/JUAN-MANUEL-AGUILERA-19x24.jpg 19w, https:\/\/blogsaverroes.juntadeandalucia.es\/iesalfonsoxi\/files\/2018\/10\/JUAN-MANUEL-AGUILERA-29x36.jpg 29w, https:\/\/blogsaverroes.juntadeandalucia.es\/iesalfonsoxi\/files\/2018\/10\/JUAN-MANUEL-AGUILERA-38x48.jpg 38w, https:\/\/blogsaverroes.juntadeandalucia.es\/iesalfonsoxi\/files\/2018\/10\/JUAN-MANUEL-AGUILERA.jpg 315w\" sizes=\"(max-width: 81px) 100vw, 81px\" \/><\/a><\/td>\n<td style=\"width: 22.6103%;height: 111px\"><strong><span style=\"color: #993366\">Matem\u00e1ticas P.E.S.<\/span><\/strong><\/td>\n<\/tr>\n<tr style=\"height: 132px\">\n<td style=\"width: 41.5441%;height: 88px\"><span style=\"color: #993366\"><strong>Redondo L\u00f3pez, Ildefonso<\/strong><\/span><\/td>\n<td style=\"width: 15.625%;height: 88px\"><a href=\"https:\/\/blogsaverroes.juntadeandalucia.es\/iesalfonsoxi\/files\/2018\/10\/ILDEFONSO-REDONDO.jpg\"><img decoding=\"async\" class=\"wp-image-2990 aligncenter\" src=\"https:\/\/blogsaverroes.juntadeandalucia.es\/iesalfonsoxi\/files\/2018\/10\/ILDEFONSO-REDONDO-240x300.jpg\" alt=\"\" width=\"90\" height=\"113\" srcset=\"https:\/\/blogsaverroes.juntadeandalucia.es\/iesalfonsoxi\/files\/2018\/10\/ILDEFONSO-REDONDO-240x300.jpg 240w, https:\/\/blogsaverroes.juntadeandalucia.es\/iesalfonsoxi\/files\/2018\/10\/ILDEFONSO-REDONDO-19x24.jpg 19w, https:\/\/blogsaverroes.juntadeandalucia.es\/iesalfonsoxi\/files\/2018\/10\/ILDEFONSO-REDONDO-29x36.jpg 29w, https:\/\/blogsaverroes.juntadeandalucia.es\/iesalfonsoxi\/files\/2018\/10\/ILDEFONSO-REDONDO-38x48.jpg 38w, https:\/\/blogsaverroes.juntadeandalucia.es\/iesalfonsoxi\/files\/2018\/10\/ILDEFONSO-REDONDO.jpg 315w\" sizes=\"(max-width: 90px) 100vw, 90px\" \/><\/a><\/td>\n<td style=\"width: 22.6103%;height: 88px\"><span style=\"color: #993366\"><strong>Matem\u00e1ticas P.E.S.<\/strong><\/span><\/td>\n<\/tr>\n<tr style=\"height: 112px\">\n<td style=\"width: 41.5441%;height: 112px\"><strong><span style=\"color: #993366\">Ruiz Fern\u00e1ndez, Jos\u00e9 Luis<\/span><\/strong><\/td>\n<td style=\"width: 15.625%;height: 112px\"><a href=\"https:\/\/blogsaverroes.juntadeandalucia.es\/iesalfonsoxi\/files\/2018\/10\/IMG_0351-e1539088959652.jpg\"><img loading=\"lazy\" decoding=\"async\" class=\"wp-image-2987 aligncenter\" src=\"https:\/\/blogsaverroes.juntadeandalucia.es\/iesalfonsoxi\/files\/2018\/10\/IMG_0351-e1539088959652-200x300.jpg\" alt=\"\" width=\"79\" height=\"119\" srcset=\"https:\/\/blogsaverroes.juntadeandalucia.es\/iesalfonsoxi\/files\/2018\/10\/IMG_0351-e1539088959652-200x300.jpg 200w, https:\/\/blogsaverroes.juntadeandalucia.es\/iesalfonsoxi\/files\/2018\/10\/IMG_0351-e1539088959652-768x1152.jpg 768w, https:\/\/blogsaverroes.juntadeandalucia.es\/iesalfonsoxi\/files\/2018\/10\/IMG_0351-e1539088959652-683x1024.jpg 683w, https:\/\/blogsaverroes.juntadeandalucia.es\/iesalfonsoxi\/files\/2018\/10\/IMG_0351-e1539088959652-16x24.jpg 16w, https:\/\/blogsaverroes.juntadeandalucia.es\/iesalfonsoxi\/files\/2018\/10\/IMG_0351-e1539088959652-24x36.jpg 24w, https:\/\/blogsaverroes.juntadeandalucia.es\/iesalfonsoxi\/files\/2018\/10\/IMG_0351-e1539088959652-32x48.jpg 32w, https:\/\/blogsaverroes.juntadeandalucia.es\/iesalfonsoxi\/files\/2018\/10\/IMG_0351-e1539088959652.jpg 1067w\" sizes=\"(max-width: 79px) 100vw, 79px\" \/><\/a><\/td>\n<td style=\"width: 22.6103%;height: 112px\"><strong><span style=\"color: #993366\">Matem\u00e1ticas P.E.S<\/span><\/strong><\/td>\n<\/tr>\n<tr style=\"height: 48px\">\n<td style=\"width: 41.5441%;height: 48px\"><span style=\"color: #993366\"><b>Aranda Murcia, Leopoldo<\/b><\/span><\/td>\n<td style=\"width: 15.625%;height: 48px\">&nbsp;<\/td>\n<td style=\"width: 22.6103%;height: 48px\"><strong><span style=\"color: #993366\">Matem\u00e1ticas P.E.S<\/span><\/strong><\/td>\n<\/tr>\n<\/tbody>\n<\/table>\n<p>&nbsp;<\/p>\n<p><strong>Programaciones del Departamento (curso 2025-26):<\/strong><\/p>\n<p><a href=\"https:\/\/blogsaverroes.juntadeandalucia.es\/iesalfonsoxi\/files\/2025\/12\/PROGRAMACION-Dpto-Matematicas-25-26.pdf\">PROGRAMACI\u00d3N Dpto Matem\u00e1ticas 25-26<\/a><\/p>\n<p><img loading=\"lazy\" decoding=\"async\" class=\"aligncenter wp-image-2135\" src=\"http:\/\/blogsaverroes.juntadeandalucia.es\/temafrontieries\/files\/2015\/03\/matematicas-300x210.jpg\" alt=\"matematicas\" width=\"203\" height=\"142\" srcset=\"https:\/\/blogsaverroes.juntadeandalucia.es\/iesalfonsoxi\/files\/2015\/03\/matematicas-300x210.jpg 300w, https:\/\/blogsaverroes.juntadeandalucia.es\/iesalfonsoxi\/files\/2015\/03\/matematicas.jpg 640w\" sizes=\"(max-width: 203px) 100vw, 203px\" \/><\/p>\n<p><a href=\"http:\/\/alcalamategym.blogspot.com\">Blog Gymkhana matem\u00e1tica<\/a><\/p>\n<p><strong><span style=\"font-family: sans-serif\"><span style=\"font-size: medium\">Matem\u00e1ticas <\/span><\/span><\/strong><br \/>\n<div class=\"pt-cv-wrapper\"><div class=\"pt-cv-view pt-cv-scrollable pt-cv-colsys\" id=\"pt-cv-view-4a91b51u1t\"><div data-id=\"pt-cv-page-1\" class=\"pt-cv-page\" data-cvc=\"1\"><div id=\"6adde0fba5\" class=\"pt-cv-carousel pt-cv-slide\" data-ride=\"cvcarousel\" data-interval=false><ol class=\"pt-cv-carousel-indicators\"><li data-target=\"#6adde0fba5\" data-cvslide-to=\"0\" class=\"active\"><\/li>\n<li data-target=\"#6adde0fba5\" data-cvslide-to=\"1\" class=\"\"><\/li>\n<li data-target=\"#6adde0fba5\" data-cvslide-to=\"2\" class=\"\"><\/li>\n<li data-target=\"#6adde0fba5\" data-cvslide-to=\"3\" class=\"\"><\/li>\n<li data-target=\"#6adde0fba5\" data-cvslide-to=\"4\" class=\"\"><\/li>\n<li data-target=\"#6adde0fba5\" data-cvslide-to=\"5\" class=\"\"><\/li>\n<li data-target=\"#6adde0fba5\" data-cvslide-to=\"6\" class=\"\"><\/li>\n<li data-target=\"#6adde0fba5\" data-cvslide-to=\"7\" class=\"\"><\/li>\n<li data-target=\"#6adde0fba5\" data-cvslide-to=\"8\" class=\"\"><\/li>\n<li data-target=\"#6adde0fba5\" data-cvslide-to=\"9\" class=\"\"><\/li><\/ol>\n<div class=\"carousel-inner\"><div class=\"item active\"><div class=\"row\"><div class=\"col-md-12 pt-cv-content-item pt-cv-1-col\" ><div class=\"pt-cv-carousel-caption pt-cv-cap-wo-img\"><a href=\"https:\/\/blogsaverroes.juntadeandalucia.es\/iesalfonsoxi\/2025\/10\/14\/recreos-y-ajedrez\/\" class=\"_self pt-cv-href-thumbnail pt-cv-thumb-default\" target=\"_self\" ><\/a>\n<h4 class=\"pt-cv-title\"><a href=\"https:\/\/blogsaverroes.juntadeandalucia.es\/iesalfonsoxi\/2025\/10\/14\/recreos-y-ajedrez\/\" class=\"_self\" target=\"_self\" >Recreos y ajedrez.<\/a><\/h4>\n<div class=\"pt-cv-content\">El equipo de AuladJaque del centro estamos de enhorabuena porque d\u00eda tras d\u00eda el n\u00famero de alumnado que juega al ...<br \/><div class=\"pt-cv-rmwrap\"><a href=\"https:\/\/blogsaverroes.juntadeandalucia.es\/iesalfonsoxi\/2025\/10\/14\/recreos-y-ajedrez\/\" class=\"_self pt-cv-readmore btn btn-success\" target=\"_self\">Leer M\u00e1s<\/a><\/div><\/div><\/div><\/div><\/div><\/div>\n<div class=\"item\"><div class=\"row\"><div class=\"col-md-12 pt-cv-content-item pt-cv-1-col\" ><a href=\"https:\/\/blogsaverroes.juntadeandalucia.es\/iesalfonsoxi\/2024\/05\/10\/jornadas-de-puertas-abiertas-ensenanzas-post-obligatorias\/\" class=\"_self pt-cv-href-thumbnail pt-cv-thumb-default\" target=\"_self\" ><img loading=\"lazy\" decoding=\"async\" width=\"150\" height=\"150\" src=\"https:\/\/blogsaverroes.juntadeandalucia.es\/iesalfonsoxi\/files\/2024\/05\/j14-150x150.jpg\" class=\"pt-cv-thumbnail\" alt=\"\" \/><\/a>\n<div class=\"pt-cv-carousel-caption pt-cv-cap-w-img\"><h4 class=\"pt-cv-title\"><a href=\"https:\/\/blogsaverroes.juntadeandalucia.es\/iesalfonsoxi\/2024\/05\/10\/jornadas-de-puertas-abiertas-ensenanzas-post-obligatorias\/\" class=\"_self\" target=\"_self\" >Jornadas de puertas abiertas ense\u00f1anzas post-obligatorias<\/a><\/h4>\n<div class=\"pt-cv-content\">Hoy estamos encantados de haber abierto nuestro centro a alumnado de IES Antonio de Mendoza, SAFA y Cristo Rey. Todos ...<br \/><div class=\"pt-cv-rmwrap\"><a href=\"https:\/\/blogsaverroes.juntadeandalucia.es\/iesalfonsoxi\/2024\/05\/10\/jornadas-de-puertas-abiertas-ensenanzas-post-obligatorias\/\" class=\"_self pt-cv-readmore btn btn-success\" target=\"_self\">Leer M\u00e1s<\/a><\/div><\/div><\/div><\/div><\/div><\/div>\n<div class=\"item\"><div class=\"row\"><div class=\"col-md-12 pt-cv-content-item pt-cv-1-col\" ><a href=\"https:\/\/blogsaverroes.juntadeandalucia.es\/iesalfonsoxi\/2024\/03\/09\/15144\/\" class=\"_self pt-cv-href-thumbnail pt-cv-thumb-default\" target=\"_self\" ><img loading=\"lazy\" decoding=\"async\" width=\"150\" height=\"150\" src=\"https:\/\/blogsaverroes.juntadeandalucia.es\/iesalfonsoxi\/files\/2024\/03\/WhatsApp-Image-2024-03-07-at-19.04.22-150x150.jpeg\" class=\"pt-cv-thumbnail\" alt=\"\" \/><\/a>\n<div class=\"pt-cv-carousel-caption pt-cv-cap-w-img\"><h4 class=\"pt-cv-title\"><a href=\"https:\/\/blogsaverroes.juntadeandalucia.es\/iesalfonsoxi\/2024\/03\/09\/15144\/\" class=\"_self\" target=\"_self\" >XII Minigymkhana matem\u00e1tica<\/a><\/h4>\n<div class=\"pt-cv-content\"> ...<br \/><div class=\"pt-cv-rmwrap\"><a href=\"https:\/\/blogsaverroes.juntadeandalucia.es\/iesalfonsoxi\/2024\/03\/09\/15144\/\" class=\"_self pt-cv-readmore btn btn-success\" target=\"_self\">Leer M\u00e1s<\/a><\/div><\/div><\/div><\/div><\/div><\/div>\n<div class=\"item\"><div class=\"row\"><div class=\"col-md-12 pt-cv-content-item pt-cv-1-col\" ><a href=\"https:\/\/blogsaverroes.juntadeandalucia.es\/iesalfonsoxi\/2024\/02\/23\/jornadas-de-transito-2024\/\" class=\"_self pt-cv-href-thumbnail pt-cv-thumb-default\" target=\"_self\" ><img loading=\"lazy\" decoding=\"async\" width=\"150\" height=\"150\" src=\"https:\/\/blogsaverroes.juntadeandalucia.es\/iesalfonsoxi\/files\/2024\/02\/WhatsApp-Image-2024-02-23-at-12.54.05-150x150.jpeg\" class=\"pt-cv-thumbnail\" alt=\"\" \/><\/a>\n<div class=\"pt-cv-carousel-caption pt-cv-cap-w-img\"><h4 class=\"pt-cv-title\"><a href=\"https:\/\/blogsaverroes.juntadeandalucia.es\/iesalfonsoxi\/2024\/02\/23\/jornadas-de-transito-2024\/\" class=\"_self\" target=\"_self\" >Jornadas de Tr\u00e1nsito 2024<\/a><\/h4>\n<div class=\"pt-cv-content\">Un a\u00f1o m\u00e1s hemos recibimos en nuestro centro al alumnado de 6\u00ba de primaria de la zona; Colegios: CPR`s, Alonso ...<br \/><div class=\"pt-cv-rmwrap\"><a href=\"https:\/\/blogsaverroes.juntadeandalucia.es\/iesalfonsoxi\/2024\/02\/23\/jornadas-de-transito-2024\/\" class=\"_self pt-cv-readmore btn btn-success\" target=\"_self\">Leer M\u00e1s<\/a><\/div><\/div><\/div><\/div><\/div><\/div>\n<div class=\"item\"><div class=\"row\"><div class=\"col-md-12 pt-cv-content-item pt-cv-1-col\" ><a href=\"https:\/\/blogsaverroes.juntadeandalucia.es\/iesalfonsoxi\/2023\/07\/06\/tu-mente-va-a-explotar\/\" class=\"_self pt-cv-href-thumbnail pt-cv-thumb-default\" target=\"_self\" ><img loading=\"lazy\" decoding=\"async\" width=\"150\" height=\"150\" src=\"https:\/\/blogsaverroes.juntadeandalucia.es\/iesalfonsoxi\/files\/2023\/07\/me-150x150.jpeg\" class=\"pt-cv-thumbnail\" alt=\"\" \/><\/a>\n<div class=\"pt-cv-carousel-caption pt-cv-cap-w-img\"><h4 class=\"pt-cv-title\"><a href=\"https:\/\/blogsaverroes.juntadeandalucia.es\/iesalfonsoxi\/2023\/07\/06\/tu-mente-va-a-explotar\/\" class=\"_self\" target=\"_self\" >\u00abTu mente va a explotar\u00bb<\/a><\/h4>\n<div class=\"pt-cv-content\">Aqu\u00ed os dejamos una peque\u00f1a muestra del trabajo que realizan nuestros chicos y chicas y por lo que estamos muy ...<br \/><div class=\"pt-cv-rmwrap\"><a href=\"https:\/\/blogsaverroes.juntadeandalucia.es\/iesalfonsoxi\/2023\/07\/06\/tu-mente-va-a-explotar\/\" class=\"_self pt-cv-readmore btn btn-success\" target=\"_self\">Leer M\u00e1s<\/a><\/div><\/div><\/div><\/div><\/div><\/div>\n<div class=\"item\"><div class=\"row\"><div class=\"col-md-12 pt-cv-content-item pt-cv-1-col\" ><a href=\"https:\/\/blogsaverroes.juntadeandalucia.es\/iesalfonsoxi\/2023\/03\/20\/xxxviii-olimpiada-matematica-s-a-e-m-thales\/\" class=\"_self pt-cv-href-thumbnail pt-cv-thumb-default\" target=\"_self\" ><img loading=\"lazy\" decoding=\"async\" width=\"150\" height=\"150\" src=\"https:\/\/blogsaverroes.juntadeandalucia.es\/iesalfonsoxi\/files\/2023\/03\/WhatsApp-Image-2023-03-20-at-13.09.19-150x150.jpeg\" class=\"pt-cv-thumbnail\" alt=\"\" \/><\/a>\n<div class=\"pt-cv-carousel-caption pt-cv-cap-w-img\"><h4 class=\"pt-cv-title\"><a href=\"https:\/\/blogsaverroes.juntadeandalucia.es\/iesalfonsoxi\/2023\/03\/20\/xxxviii-olimpiada-matematica-s-a-e-m-thales\/\" class=\"_self\" target=\"_self\" >XXXVIII Olimpiada Matem\u00e1tica S.A.E.M. Thales<\/a><\/h4>\n<div class=\"pt-cv-content\">Agradecemos la participaci\u00f3n de nuestros alumnos: Hugo Ure\u00f1a Ib\u00e1\u00f1ez, Gerardo Jim\u00e9nez Lizana, Iv\u00e1n Nieto Mart\u00ednez y Jhonatan David S\u00e1nchez Verme, ...<br \/><div class=\"pt-cv-rmwrap\"><a href=\"https:\/\/blogsaverroes.juntadeandalucia.es\/iesalfonsoxi\/2023\/03\/20\/xxxviii-olimpiada-matematica-s-a-e-m-thales\/\" class=\"_self pt-cv-readmore btn btn-success\" target=\"_self\">Leer M\u00e1s<\/a><\/div><\/div><\/div><\/div><\/div><\/div>\n<div class=\"item\"><div class=\"row\"><div class=\"col-md-12 pt-cv-content-item pt-cv-1-col\" ><a href=\"https:\/\/blogsaverroes.juntadeandalucia.es\/iesalfonsoxi\/2023\/01\/27\/medalla-en-la-olimpiada-matematica-2022-23-para-saul\/\" class=\"_self pt-cv-href-thumbnail pt-cv-thumb-default\" target=\"_self\" ><img loading=\"lazy\" decoding=\"async\" width=\"150\" height=\"150\" src=\"https:\/\/blogsaverroes.juntadeandalucia.es\/iesalfonsoxi\/files\/2023\/01\/olipi-150x150.jpg\" class=\"pt-cv-thumbnail\" alt=\"\" \/><\/a>\n<div class=\"pt-cv-carousel-caption pt-cv-cap-w-img\"><h4 class=\"pt-cv-title\"><a href=\"https:\/\/blogsaverroes.juntadeandalucia.es\/iesalfonsoxi\/2023\/01\/27\/medalla-en-la-olimpiada-matematica-2022-23-para-saul\/\" class=\"_self\" target=\"_self\" >Medalla en la Olimpiada matem\u00e1tica 2022-23 para Sa\u00fal<\/a><\/h4>\n<div class=\"pt-cv-content\">Hoy os damos una buena noticia, nuestro alumno Sa\u00fal Sampedro Moya ha obtenido medalla en la fase local de las ...<br \/><div class=\"pt-cv-rmwrap\"><a href=\"https:\/\/blogsaverroes.juntadeandalucia.es\/iesalfonsoxi\/2023\/01\/27\/medalla-en-la-olimpiada-matematica-2022-23-para-saul\/\" class=\"_self pt-cv-readmore btn btn-success\" target=\"_self\">Leer M\u00e1s<\/a><\/div><\/div><\/div><\/div><\/div><\/div>\n<div class=\"item\"><div class=\"row\"><div class=\"col-md-12 pt-cv-content-item pt-cv-1-col\" ><a href=\"https:\/\/blogsaverroes.juntadeandalucia.es\/iesalfonsoxi\/2023\/01\/20\/ies-alfonso-xi-en-las-olimpiadas-matematicas-2023\/\" class=\"_self pt-cv-href-thumbnail pt-cv-thumb-default\" target=\"_self\" ><img loading=\"lazy\" decoding=\"async\" width=\"150\" height=\"150\" src=\"https:\/\/blogsaverroes.juntadeandalucia.es\/iesalfonsoxi\/files\/2023\/01\/om1-150x150.jpg\" class=\"pt-cv-thumbnail\" alt=\"\" \/><\/a>\n<div class=\"pt-cv-carousel-caption pt-cv-cap-w-img\"><h4 class=\"pt-cv-title\"><a href=\"https:\/\/blogsaverroes.juntadeandalucia.es\/iesalfonsoxi\/2023\/01\/20\/ies-alfonso-xi-en-las-olimpiadas-matematicas-2023\/\" class=\"_self\" target=\"_self\" >IES Alfonso XI en las Olimpiadas matem\u00e1ticas 2023<\/a><\/h4>\n<div class=\"pt-cv-content\">Hoy se est\u00e1 celebrando en la Universidad de Ja\u00e9n, la fase provincial del concurso de \"Olimpiadas matem\u00e1ticas de Espa\u00f1a\" y ...<br \/><div class=\"pt-cv-rmwrap\"><a href=\"https:\/\/blogsaverroes.juntadeandalucia.es\/iesalfonsoxi\/2023\/01\/20\/ies-alfonso-xi-en-las-olimpiadas-matematicas-2023\/\" class=\"_self pt-cv-readmore btn btn-success\" target=\"_self\">Leer M\u00e1s<\/a><\/div><\/div><\/div><\/div><\/div><\/div>\n<div class=\"item\"><div class=\"row\"><div class=\"col-md-12 pt-cv-content-item pt-cv-1-col\" ><a href=\"https:\/\/blogsaverroes.juntadeandalucia.es\/iesalfonsoxi\/2022\/01\/22\/lviii-olimpiada-matematica-espanola\/\" class=\"_self pt-cv-href-thumbnail pt-cv-thumb-default\" target=\"_self\" ><img loading=\"lazy\" decoding=\"async\" width=\"150\" height=\"150\" src=\"https:\/\/blogsaverroes.juntadeandalucia.es\/iesalfonsoxi\/files\/2022\/01\/WhatsApp-Image-2022-01-22-at-10.04.15-150x150.jpeg\" class=\"pt-cv-thumbnail\" alt=\"\" srcset=\"https:\/\/blogsaverroes.juntadeandalucia.es\/iesalfonsoxi\/files\/2022\/01\/WhatsApp-Image-2022-01-22-at-10.04.15-150x150.jpeg 150w, https:\/\/blogsaverroes.juntadeandalucia.es\/iesalfonsoxi\/files\/2022\/01\/WhatsApp-Image-2022-01-22-at-10.04.15-50x50.jpeg 50w\" sizes=\"(max-width: 150px) 100vw, 150px\" \/><\/a>\n<div class=\"pt-cv-carousel-caption pt-cv-cap-w-img\"><h4 class=\"pt-cv-title\"><a href=\"https:\/\/blogsaverroes.juntadeandalucia.es\/iesalfonsoxi\/2022\/01\/22\/lviii-olimpiada-matematica-espanola\/\" class=\"_self\" target=\"_self\" >LVIII Olimpiada matem\u00e1tica espa\u00f1ola.<\/a><\/h4>\n<div class=\"pt-cv-content\">Ayer viernes d\u00eda 21 de Enero, durante toda la ma\u00f1ana se celebr\u00f3 la primera fase de la LVIII Olimpiada matem\u00e1tica ...<br \/><div class=\"pt-cv-rmwrap\"><a href=\"https:\/\/blogsaverroes.juntadeandalucia.es\/iesalfonsoxi\/2022\/01\/22\/lviii-olimpiada-matematica-espanola\/\" class=\"_self pt-cv-readmore btn btn-success\" target=\"_self\">Leer M\u00e1s<\/a><\/div><\/div><\/div><\/div><\/div><\/div>\n<div class=\"item\"><div class=\"row\"><div class=\"col-md-12 pt-cv-content-item pt-cv-1-col\" ><a href=\"https:\/\/blogsaverroes.juntadeandalucia.es\/iesalfonsoxi\/2021\/05\/29\/acto-de-clausura-x-gymkhana-matematica\/\" class=\"_self pt-cv-href-thumbnail pt-cv-thumb-default\" target=\"_self\" ><img loading=\"lazy\" decoding=\"async\" width=\"150\" height=\"150\" src=\"https:\/\/blogsaverroes.juntadeandalucia.es\/iesalfonsoxi\/files\/2021\/05\/WhatsApp-Image-2021-05-14-at-13.46.38-150x150.jpeg\" class=\"pt-cv-thumbnail\" alt=\"\" srcset=\"https:\/\/blogsaverroes.juntadeandalucia.es\/iesalfonsoxi\/files\/2021\/05\/WhatsApp-Image-2021-05-14-at-13.46.38-150x150.jpeg 150w, https:\/\/blogsaverroes.juntadeandalucia.es\/iesalfonsoxi\/files\/2021\/05\/WhatsApp-Image-2021-05-14-at-13.46.38-50x50.jpeg 50w\" sizes=\"(max-width: 150px) 100vw, 150px\" \/><\/a>\n<div class=\"pt-cv-carousel-caption pt-cv-cap-w-img\"><h4 class=\"pt-cv-title\"><a href=\"https:\/\/blogsaverroes.juntadeandalucia.es\/iesalfonsoxi\/2021\/05\/29\/acto-de-clausura-x-gymkhana-matematica\/\" class=\"_self\" target=\"_self\" >Acto de clausura X Gymkhana Matem\u00e1tica.<\/a><\/h4>\n<div class=\"pt-cv-content\">Este pr\u00f3ximo lunes 31 de Mayo a las 11:30 en la biblioteca del centro se anunciar\u00e1n los equipos ganadores de ...<br \/><div class=\"pt-cv-rmwrap\"><a href=\"https:\/\/blogsaverroes.juntadeandalucia.es\/iesalfonsoxi\/2021\/05\/29\/acto-de-clausura-x-gymkhana-matematica\/\" class=\"_self pt-cv-readmore btn btn-success\" target=\"_self\">Leer M\u00e1s<\/a><\/div><\/div><\/div><\/div><\/div><\/div><\/div>\n<a class=\"left carousel-control\" data-target=\"#6adde0fba5\" data-cvslide=\"prev\">\r\n\t\t\t\t\t\t<span class=\"glyphicon glyphicon-chevron-left\"><\/span>\r\n\t\t\t\t\t<\/a>\r\n\t\t\t\t\t<a class=\"right carousel-control\" data-target=\"#6adde0fba5\" data-cvslide=\"next\">\r\n\t\t\t\t\t\t<span class=\"glyphicon glyphicon-chevron-right\"><\/span>\r\n\t\t\t\t\t<\/a><\/div><\/div><\/div><\/div>\n<p style=\"text-align: justify\"><span style=\"font-family: sans-serif\"><span style=\"font-size: medium\">Las matem\u00e1ticas constituyen una forma de mirar e interpretar el mundo que nos rodea, reflejan la capacidad creativa, expresan con precisi\u00f3n conceptos y argumentos, favorecen la capacidad para aprender a aprender y contienen elementos de gran belleza; sin olvidar adem\u00e1s el car\u00e1cter instrumental que las matem\u00e1ticas tienen como base fundamental para la adquisici\u00f3n de nuevos conocimientos en otras disciplinas, especialmente en el proceso cient\u00edfico y tecnol\u00f3gico y como fuerza conductora en el desarrollo de la cultura y las civilizaciones. <\/span><\/span><\/p>\n","protected":false},"excerpt":{"rendered":"<p>&nbsp; &nbsp; Puesto o Especialidad Jefatura de departamento &nbsp; Mart\u00ednez Navero, M.\u00aa del Carmen &nbsp; &nbsp; Matem\u00e1ticas Componentes &nbsp; &nbsp; Mu\u00f1oz Carmona, Carmen Bel\u00e9n Matem\u00e1ticas P.E.S. Aguilera D\u00edaz, Juan Manuel Matem\u00e1ticas P.E.S. Redondo L\u00f3pez, Ildefonso Matem\u00e1ticas P.E.S. Ruiz Fern\u00e1ndez, Jos\u00e9 Luis Matem\u00e1ticas P.E.S Aranda Murcia, Leopoldo &nbsp; Matem\u00e1ticas P.E.S &nbsp; Programaciones del Departamento (curso 2025-26): &hellip; <\/p>\n<p><a class=\"more-link btn\" href=\"https:\/\/blogsaverroes.juntadeandalucia.es\/iesalfonsoxi\/biologia-y-geologia\/\">Seguir leyendo<\/a><\/p>\n","protected":false},"author":1,"featured_media":0,"parent":0,"menu_order":0,"comment_status":"closed","ping_status":"open","template":"","meta":{"ngg_post_thumbnail":0,"footnotes":"","_mc_calendar":[]},"aioseo_notices":[],"_links":{"self":[{"href":"https:\/\/blogsaverroes.juntadeandalucia.es\/iesalfonsoxi\/wp-json\/wp\/v2\/pages\/158"}],"collection":[{"href":"https:\/\/blogsaverroes.juntadeandalucia.es\/iesalfonsoxi\/wp-json\/wp\/v2\/pages"}],"about":[{"href":"https:\/\/blogsaverroes.juntadeandalucia.es\/iesalfonsoxi\/wp-json\/wp\/v2\/types\/page"}],"author":[{"embeddable":true,"href":"https:\/\/blogsaverroes.juntadeandalucia.es\/iesalfonsoxi\/wp-json\/wp\/v2\/users\/1"}],"replies":[{"embeddable":true,"href":"https:\/\/blogsaverroes.juntadeandalucia.es\/iesalfonsoxi\/wp-json\/wp\/v2\/comments?post=158"}],"version-history":[{"count":65,"href":"https:\/\/blogsaverroes.juntadeandalucia.es\/iesalfonsoxi\/wp-json\/wp\/v2\/pages\/158\/revisions"}],"predecessor-version":[{"id":17767,"href":"https:\/\/blogsaverroes.juntadeandalucia.es\/iesalfonsoxi\/wp-json\/wp\/v2\/pages\/158\/revisions\/17767"}],"wp:attachment":[{"href":"https:\/\/blogsaverroes.juntadeandalucia.es\/iesalfonsoxi\/wp-json\/wp\/v2\/media?parent=158"}],"curies":[{"name":"wp","href":"https:\/\/api.w.org\/{rel}","templated":true}]}}