{"id":16475,"date":"2025-01-20T12:08:03","date_gmt":"2025-01-20T12:08:03","guid":{"rendered":"https:\/\/blogsaverroes.juntadeandalucia.es\/iesalfonsoxi\/?page_id=16475"},"modified":"2025-11-20T16:03:19","modified_gmt":"2025-11-20T16:03:19","slug":"plan-de-razonamiento-matematico","status":"publish","type":"page","link":"https:\/\/blogsaverroes.juntadeandalucia.es\/iesalfonsoxi\/planes-programas\/plan-de-razonamiento-matematico\/","title":{"rendered":"Plan de Razonamiento Matem\u00e1tico"},"content":{"rendered":"<p style=\"text-align: justify\">Siguiendo las directrices de la Junta de Andaluc\u00eda, en el IES Alfonso XI hemos implementado el nuevo Plan de Impulso al Razonamiento Matem\u00e1tico en el presente curso acad\u00e9mico. Este programa tiene como objetivo fortalecer las competencias l\u00f3gico-matem\u00e1ticas de nuestro alumnado, promoviendo el pensamiento cr\u00edtico y la resoluci\u00f3n de problemas de manera innovadora y pr\u00e1ctica.<\/p>\n<p>El trabajo realizado durante el curso, as\u00ed como los recursos y actividades, estar\u00e1n disponibles en el siguiente enlace: <a href=\"https:\/\/iesalfonsoxirazonamates.blogspot.com\/\">https:\/\/iesalfonsoxirazonamates.blogspot.com\/<\/a><\/p>\n<p>Enlaces web proporcionada por la Junta de Andaluc\u00eda sobre el <a href=\"https:\/\/www.juntadeandalucia.es\/educacion\/portales\/web\/plan-de-impulso-al-razonamiento-matematico\">plan de Impulso al Razonamiento Matem\u00e1tico.<\/a><\/p>\n","protected":false},"excerpt":{"rendered":"<p>Siguiendo las directrices de la Junta de Andaluc\u00eda, en el IES Alfonso XI hemos implementado el nuevo Plan de Impulso al Razonamiento Matem\u00e1tico en el presente curso acad\u00e9mico. Este programa tiene como objetivo fortalecer las competencias l\u00f3gico-matem\u00e1ticas de nuestro alumnado, promoviendo el pensamiento cr\u00edtico y la resoluci\u00f3n de problemas de manera innovadora y pr\u00e1ctica. El &hellip; <\/p>\n<p><a class=\"more-link btn\" href=\"https:\/\/blogsaverroes.juntadeandalucia.es\/iesalfonsoxi\/planes-programas\/plan-de-razonamiento-matematico\/\">Seguir leyendo<\/a><\/p>\n","protected":false},"author":6379,"featured_media":0,"parent":3081,"menu_order":0,"comment_status":"closed","ping_status":"closed","template":"","meta":{"ngg_post_thumbnail":0,"footnotes":"","_mc_calendar":[]},"aioseo_notices":[],"_links":{"self":[{"href":"https:\/\/blogsaverroes.juntadeandalucia.es\/iesalfonsoxi\/wp-json\/wp\/v2\/pages\/16475"}],"collection":[{"href":"https:\/\/blogsaverroes.juntadeandalucia.es\/iesalfonsoxi\/wp-json\/wp\/v2\/pages"}],"about":[{"href":"https:\/\/blogsaverroes.juntadeandalucia.es\/iesalfonsoxi\/wp-json\/wp\/v2\/types\/page"}],"author":[{"embeddable":true,"href":"https:\/\/blogsaverroes.juntadeandalucia.es\/iesalfonsoxi\/wp-json\/wp\/v2\/users\/6379"}],"replies":[{"embeddable":true,"href":"https:\/\/blogsaverroes.juntadeandalucia.es\/iesalfonsoxi\/wp-json\/wp\/v2\/comments?post=16475"}],"version-history":[{"count":4,"href":"https:\/\/blogsaverroes.juntadeandalucia.es\/iesalfonsoxi\/wp-json\/wp\/v2\/pages\/16475\/revisions"}],"predecessor-version":[{"id":17605,"href":"https:\/\/blogsaverroes.juntadeandalucia.es\/iesalfonsoxi\/wp-json\/wp\/v2\/pages\/16475\/revisions\/17605"}],"up":[{"embeddable":true,"href":"https:\/\/blogsaverroes.juntadeandalucia.es\/iesalfonsoxi\/wp-json\/wp\/v2\/pages\/3081"}],"wp:attachment":[{"href":"https:\/\/blogsaverroes.juntadeandalucia.es\/iesalfonsoxi\/wp-json\/wp\/v2\/media?parent=16475"}],"curies":[{"name":"wp","href":"https:\/\/api.w.org\/{rel}","templated":true}]}}