{"id":16480,"date":"2025-01-21T09:05:06","date_gmt":"2025-01-21T09:05:06","guid":{"rendered":"https:\/\/blogsaverroes.juntadeandalucia.es\/iesalfonsoxi\/?page_id=16480"},"modified":"2025-11-25T08:44:20","modified_gmt":"2025-11-25T08:44:20","slug":"plan-de-actuacion-de-lectura","status":"publish","type":"page","link":"https:\/\/blogsaverroes.juntadeandalucia.es\/iesalfonsoxi\/planes-programas\/plan-de-actuacion-de-lectura\/","title":{"rendered":"Plan Fomento de Lectura"},"content":{"rendered":"<p style=\"text-align: justify\">Por tercer a\u00f1o, ponemos en marcha el Plan de Fomento de Lectura, un proyecto clave en nuestro centro educativo. Este plan tiene como objetivo fomentar el h\u00e1bito lector y mejorar las competencias ling\u00fc\u00edsticas de nuestros estudiantes, integrando la lectura en todas las \u00e1reas del curr\u00edculo. A trav\u00e9s de actividades estructuradas y una variedad de textos, buscamos enriquecer el aprendizaje y desarrollar habilidades cr\u00edticas en nuestro alumnado. Adem\u00e1s, con un enfoque en la diversidad de g\u00e9neros y autores, el plan busca promover la inclusi\u00f3n y la equidad en el acceso a los recursos de lectura.<\/p>\n<p><a href=\"https:\/\/drive.google.com\/file\/d\/12PEfzo8aI6dJYRdBs7lG2_WzMlofFJ8Y\/view?usp=drive_link\">https:\/\/drive.google.com\/file\/d\/12PEfzo8aI6dJYRdBs7lG2_WzMlofFJ8Y\/view?usp=drive_link<\/a><\/p>\n","protected":false},"excerpt":{"rendered":"<p>Por tercer a\u00f1o, ponemos en marcha el Plan de Fomento de Lectura, un proyecto clave en nuestro centro educativo. Este plan tiene como objetivo fomentar el h\u00e1bito lector y mejorar las competencias ling\u00fc\u00edsticas de nuestros estudiantes, integrando la lectura en todas las \u00e1reas del curr\u00edculo. A trav\u00e9s de actividades estructuradas y una variedad de textos, &hellip; <\/p>\n<p><a class=\"more-link btn\" href=\"https:\/\/blogsaverroes.juntadeandalucia.es\/iesalfonsoxi\/planes-programas\/plan-de-actuacion-de-lectura\/\">Seguir leyendo<\/a><\/p>\n","protected":false},"author":6379,"featured_media":0,"parent":3081,"menu_order":0,"comment_status":"closed","ping_status":"closed","template":"","meta":{"ngg_post_thumbnail":0,"footnotes":"","_mc_calendar":[]},"aioseo_notices":[],"_links":{"self":[{"href":"https:\/\/blogsaverroes.juntadeandalucia.es\/iesalfonsoxi\/wp-json\/wp\/v2\/pages\/16480"}],"collection":[{"href":"https:\/\/blogsaverroes.juntadeandalucia.es\/iesalfonsoxi\/wp-json\/wp\/v2\/pages"}],"about":[{"href":"https:\/\/blogsaverroes.juntadeandalucia.es\/iesalfonsoxi\/wp-json\/wp\/v2\/types\/page"}],"author":[{"embeddable":true,"href":"https:\/\/blogsaverroes.juntadeandalucia.es\/iesalfonsoxi\/wp-json\/wp\/v2\/users\/6379"}],"replies":[{"embeddable":true,"href":"https:\/\/blogsaverroes.juntadeandalucia.es\/iesalfonsoxi\/wp-json\/wp\/v2\/comments?post=16480"}],"version-history":[{"count":6,"href":"https:\/\/blogsaverroes.juntadeandalucia.es\/iesalfonsoxi\/wp-json\/wp\/v2\/pages\/16480\/revisions"}],"predecessor-version":[{"id":17684,"href":"https:\/\/blogsaverroes.juntadeandalucia.es\/iesalfonsoxi\/wp-json\/wp\/v2\/pages\/16480\/revisions\/17684"}],"up":[{"embeddable":true,"href":"https:\/\/blogsaverroes.juntadeandalucia.es\/iesalfonsoxi\/wp-json\/wp\/v2\/pages\/3081"}],"wp:attachment":[{"href":"https:\/\/blogsaverroes.juntadeandalucia.es\/iesalfonsoxi\/wp-json\/wp\/v2\/media?parent=16480"}],"curies":[{"name":"wp","href":"https:\/\/api.w.org\/{rel}","templated":true}]}}