{"id":17542,"date":"2025-11-17T02:08:38","date_gmt":"2025-11-17T02:08:38","guid":{"rendered":"https:\/\/blogsaverroes.juntadeandalucia.es\/iesalfonsoxi\/?page_id=17542"},"modified":"2025-11-20T16:07:43","modified_gmt":"2025-11-20T16:07:43","slug":"steam-4-0","status":"publish","type":"page","link":"https:\/\/blogsaverroes.juntadeandalucia.es\/iesalfonsoxi\/planes-programas\/steam-4-0\/","title":{"rendered":"Escuela 4.0."},"content":{"rendered":"<p>Este curso escolar nuestro instituto desarrollar\u00e1 el Proyecto STEAM 4.0, enmarcado en el Programa de Cooperaci\u00f3n Territorial C\u00f3digo Escuela 4.0, conforme a lo establecido en la Resoluci\u00f3n de 1 de agosto de 2025, <a href=\"https:\/\/www.juntadeandalucia.es\/boja\/2025\/151\/19\" target=\"_blank\" rel=\"noopener\">publicada en el BOJA n\u00ba 151<\/a> por la Direcci\u00f3n General de Innovaci\u00f3n y Formaci\u00f3n del Profesorado.<\/p>\n<p><strong>\u00bfEn qu\u00e9 consiste?<\/strong><\/p>\n<p>El proyecto tiene como finalidad impulsar la competencia digital en el alumnado y el profesorado, trabajando de manera pr\u00e1ctica aspectos como:<\/p>\n<ul>\n<li>Pensamiento computacional.<\/li>\n<li>Programaci\u00f3n y rob\u00f3tica.<\/li>\n<li>Inteligencia artificial responsable.<\/li>\n<li>Integraci\u00f3n de metodolog\u00edas activas STEAM (Ciencia, Tecnolog\u00eda, Ingenier\u00eda, Arte y Matem\u00e1ticas).<\/li>\n<\/ul>\n<hr>\n<p><strong>Nuestro coordinador de Escuela 4.0. es Manuel Pe\u00f1alver Contreras.&nbsp;<\/strong><\/p>\n<ul>\n<li>Enlace&nbsp; informativo <a href=\"https:\/\/www.juntadeandalucia.es\/educacion\/eaprendizaje\/impulsocd\/\">VER<\/a><\/li>\n<li>Web Escuela 4.0. IES Alfonso XI&nbsp;<\/li>\n<\/ul>\n","protected":false},"excerpt":{"rendered":"<p>Este curso escolar nuestro instituto desarrollar\u00e1 el Proyecto STEAM 4.0, enmarcado en el Programa de Cooperaci\u00f3n Territorial C\u00f3digo Escuela 4.0, conforme a lo establecido en la Resoluci\u00f3n de 1 de agosto de 2025, publicada en el BOJA n\u00ba 151 por la Direcci\u00f3n General de Innovaci\u00f3n y Formaci\u00f3n del Profesorado. \u00bfEn qu\u00e9 consiste? El proyecto tiene &hellip; <\/p>\n<p><a class=\"more-link btn\" href=\"https:\/\/blogsaverroes.juntadeandalucia.es\/iesalfonsoxi\/planes-programas\/steam-4-0\/\">Seguir leyendo<\/a><\/p>\n","protected":false},"author":6379,"featured_media":0,"parent":3081,"menu_order":0,"comment_status":"closed","ping_status":"closed","template":"","meta":{"ngg_post_thumbnail":0,"footnotes":"","_mc_calendar":[]},"aioseo_notices":[],"_links":{"self":[{"href":"https:\/\/blogsaverroes.juntadeandalucia.es\/iesalfonsoxi\/wp-json\/wp\/v2\/pages\/17542"}],"collection":[{"href":"https:\/\/blogsaverroes.juntadeandalucia.es\/iesalfonsoxi\/wp-json\/wp\/v2\/pages"}],"about":[{"href":"https:\/\/blogsaverroes.juntadeandalucia.es\/iesalfonsoxi\/wp-json\/wp\/v2\/types\/page"}],"author":[{"embeddable":true,"href":"https:\/\/blogsaverroes.juntadeandalucia.es\/iesalfonsoxi\/wp-json\/wp\/v2\/users\/6379"}],"replies":[{"embeddable":true,"href":"https:\/\/blogsaverroes.juntadeandalucia.es\/iesalfonsoxi\/wp-json\/wp\/v2\/comments?post=17542"}],"version-history":[{"count":3,"href":"https:\/\/blogsaverroes.juntadeandalucia.es\/iesalfonsoxi\/wp-json\/wp\/v2\/pages\/17542\/revisions"}],"predecessor-version":[{"id":17607,"href":"https:\/\/blogsaverroes.juntadeandalucia.es\/iesalfonsoxi\/wp-json\/wp\/v2\/pages\/17542\/revisions\/17607"}],"up":[{"embeddable":true,"href":"https:\/\/blogsaverroes.juntadeandalucia.es\/iesalfonsoxi\/wp-json\/wp\/v2\/pages\/3081"}],"wp:attachment":[{"href":"https:\/\/blogsaverroes.juntadeandalucia.es\/iesalfonsoxi\/wp-json\/wp\/v2\/media?parent=17542"}],"curies":[{"name":"wp","href":"https:\/\/api.w.org\/{rel}","templated":true}]}}