{"id":17610,"date":"2025-11-20T16:09:49","date_gmt":"2025-11-20T16:09:49","guid":{"rendered":"https:\/\/blogsaverroes.juntadeandalucia.es\/iesalfonsoxi\/?page_id=17610"},"modified":"2025-11-24T07:54:28","modified_gmt":"2025-11-24T07:54:28","slug":"plan-de-comunicacion","status":"publish","type":"page","link":"https:\/\/blogsaverroes.juntadeandalucia.es\/iesalfonsoxi\/documentos\/plan-de-comunicacion\/","title":{"rendered":"PLAN COMUNICACI\u00d3N"},"content":{"rendered":"<p style=\"text-align: justify\">Elaborar una plan de comunicaci\u00f3n en un centro educativo tiene como objetivo establecer canales de comunicaci\u00f3n entre toda la comunidad educativa de tal manera que estos, sean seguros y eficaces. Para ello, desde la direcci\u00f3n de nuestro centro, el IES Alfonso XI se ha elaborado lo siguiente:&nbsp;<\/p>\n<ul>\n<li><strong><span style=\"text-decoration: underline\">Dos videos<\/span>.<\/strong> En el primero de ellos se explica el <strong>plan de comunicaci\u00f3n<\/strong> que aparece en la infograf\u00eda de esta secci\u00f3n. Y en el segundo, se explica el uso de la <strong>plataforma IPasen.<\/strong><\/li>\n<\/ul>\n<p style=\"text-align: center\"><span style=\"text-decoration: underline\">Plan de comunicaci\u00f3n.&nbsp;<\/span><\/p>\n<div class=\"embed-container\"><iframe title=\"Plan de comunicaci\u00f3n del centro.\" width=\"750\" height=\"422\" src=\"https:\/\/www.youtube.com\/embed\/98NTSerQcDo?feature=oembed\" frameborder=\"0\" allow=\"accelerometer; autoplay; clipboard-write; encrypted-media; gyroscope; picture-in-picture; web-share\" referrerpolicy=\"strict-origin-when-cross-origin\" allowfullscreen><\/iframe><\/div>\n<p style=\"text-align: center\"><span style=\"text-decoration: underline\">Uso de la plataforma IPASEN.<\/span><\/p>\n<div class=\"embed-container\"><iframe title=\"Informaci\u00f3n sobre IPASEN.\" width=\"750\" height=\"422\" src=\"https:\/\/www.youtube.com\/embed\/H5XVMxS6oNo?feature=oembed\" frameborder=\"0\" allow=\"accelerometer; autoplay; clipboard-write; encrypted-media; gyroscope; picture-in-picture; web-share\" referrerpolicy=\"strict-origin-when-cross-origin\" allowfullscreen><\/iframe><\/div>\n<ul>\n<li><span style=\"text-decoration: underline\"><strong>Una infograf\u00eda<\/strong> donde se explican los canales recomendados<\/span>:<\/li>\n<\/ul>\n<div style=\"width: 100%\">\n<div style=\"position: relative;padding-bottom: 56.25%;padding-top: 0;height: 0\"><iframe src=\"https:\/\/view.genially.com\/6804b4372f83150f658f9978\" width=\"1200\" height=\"675\" frameborder=\"0\" scrolling=\"yes\"><\/iframe><\/div>\n<div>&nbsp;<\/div>\n<\/div>\n","protected":false},"excerpt":{"rendered":"<p>Elaborar una plan de comunicaci\u00f3n en un centro educativo tiene como objetivo establecer canales de comunicaci\u00f3n entre toda la comunidad educativa de tal manera que estos, sean seguros y eficaces. Para ello, desde la direcci\u00f3n de nuestro centro, el IES Alfonso XI se ha elaborado lo siguiente:&nbsp; Dos videos. En el primero de ellos se &hellip; <\/p>\n<p><a class=\"more-link btn\" href=\"https:\/\/blogsaverroes.juntadeandalucia.es\/iesalfonsoxi\/documentos\/plan-de-comunicacion\/\">Seguir leyendo<\/a><\/p>\n","protected":false},"author":6379,"featured_media":0,"parent":5017,"menu_order":0,"comment_status":"closed","ping_status":"closed","template":"","meta":{"ngg_post_thumbnail":0,"footnotes":"","_mc_calendar":[]},"aioseo_notices":[],"_links":{"self":[{"href":"https:\/\/blogsaverroes.juntadeandalucia.es\/iesalfonsoxi\/wp-json\/wp\/v2\/pages\/17610"}],"collection":[{"href":"https:\/\/blogsaverroes.juntadeandalucia.es\/iesalfonsoxi\/wp-json\/wp\/v2\/pages"}],"about":[{"href":"https:\/\/blogsaverroes.juntadeandalucia.es\/iesalfonsoxi\/wp-json\/wp\/v2\/types\/page"}],"author":[{"embeddable":true,"href":"https:\/\/blogsaverroes.juntadeandalucia.es\/iesalfonsoxi\/wp-json\/wp\/v2\/users\/6379"}],"replies":[{"embeddable":true,"href":"https:\/\/blogsaverroes.juntadeandalucia.es\/iesalfonsoxi\/wp-json\/wp\/v2\/comments?post=17610"}],"version-history":[{"count":6,"href":"https:\/\/blogsaverroes.juntadeandalucia.es\/iesalfonsoxi\/wp-json\/wp\/v2\/pages\/17610\/revisions"}],"predecessor-version":[{"id":17631,"href":"https:\/\/blogsaverroes.juntadeandalucia.es\/iesalfonsoxi\/wp-json\/wp\/v2\/pages\/17610\/revisions\/17631"}],"up":[{"embeddable":true,"href":"https:\/\/blogsaverroes.juntadeandalucia.es\/iesalfonsoxi\/wp-json\/wp\/v2\/pages\/5017"}],"wp:attachment":[{"href":"https:\/\/blogsaverroes.juntadeandalucia.es\/iesalfonsoxi\/wp-json\/wp\/v2\/media?parent=17610"}],"curies":[{"name":"wp","href":"https:\/\/api.w.org\/{rel}","templated":true}]}}