{"id":1807,"date":"2015-03-18T07:11:43","date_gmt":"2015-03-18T07:11:43","guid":{"rendered":"http:\/\/blogsaverroes.juntadeandalucia.es\/pre\/ceip\/?page_id=330"},"modified":"2025-11-20T15:30:14","modified_gmt":"2025-11-20T15:30:14","slug":"intercambiosescolares","status":"publish","type":"page","link":"https:\/\/blogsaverroes.juntadeandalucia.es\/iesalfonsoxi\/planes-programas\/intercambiosescolares\/","title":{"rendered":"Intercambios escolares."},"content":{"rendered":"<p>En esta secci\u00f3n aparecen los intercambios escolares con centros europeos que se desarrollan en este curso 2025-26.&nbsp; A saber, el proyecto de intercambio escolar que se realiza con un centro escolar franc\u00e9s y el intercambio escolar que se lleva a cabo con&nbsp; un centro escolar alem\u00e1n.&nbsp;&nbsp;<\/p>\n<ul>\n<li>\n<h4><a href=\"#Francia_10\"><span style=\"text-decoration: underline\"><strong>Proyecto de intercambio escolar con Coll\u00e8ge Pierre Ab\u00e9lard (Vallet, Francia).<\/strong><\/span><\/a><\/h4>\n<\/li>\n<li>\n<h4><a href=\"#Alemania_11\"><span style=\"text-decoration: underline\"><strong>Intercambio escolar con el centro S\u00f6hre-Schule (Lohfelden).<\/strong><\/span><\/a><\/h4>\n<\/li>\n<\/ul>\n<p>&nbsp;<\/p>\n<p><a href=\"https:\/\/blogsaverroes.juntadeandalucia.es\/iesalfonsoxi\/files\/2025\/11\/letras-de-colores-formando-la-palabra-internacional.jpg\"><img fetchpriority=\"high\" decoding=\"async\" class=\" wp-image-17587\" src=\"https:\/\/blogsaverroes.juntadeandalucia.es\/iesalfonsoxi\/files\/2025\/11\/letras-de-colores-formando-la-palabra-internacional-300x75.jpg\" alt=\"\" width=\"592\" height=\"148\" srcset=\"https:\/\/blogsaverroes.juntadeandalucia.es\/iesalfonsoxi\/files\/2025\/11\/letras-de-colores-formando-la-palabra-internacional-300x75.jpg 300w, https:\/\/blogsaverroes.juntadeandalucia.es\/iesalfonsoxi\/files\/2025\/11\/letras-de-colores-formando-la-palabra-internacional-1024x256.jpg 1024w, https:\/\/blogsaverroes.juntadeandalucia.es\/iesalfonsoxi\/files\/2025\/11\/letras-de-colores-formando-la-palabra-internacional-768x192.jpg 768w, https:\/\/blogsaverroes.juntadeandalucia.es\/iesalfonsoxi\/files\/2025\/11\/letras-de-colores-formando-la-palabra-internacional-1536x384.jpg 1536w, https:\/\/blogsaverroes.juntadeandalucia.es\/iesalfonsoxi\/files\/2025\/11\/letras-de-colores-formando-la-palabra-internacional-2048x512.jpg 2048w, https:\/\/blogsaverroes.juntadeandalucia.es\/iesalfonsoxi\/files\/2025\/11\/letras-de-colores-formando-la-palabra-internacional-750x188.jpg 750w, https:\/\/blogsaverroes.juntadeandalucia.es\/iesalfonsoxi\/files\/2025\/11\/letras-de-colores-formando-la-palabra-internacional.jpg 1600w\" sizes=\"(max-width: 592px) 100vw, 592px\" \/><\/a><\/p>\n<hr>\n<h4 style=\"text-align: justify\"><strong><a id=\"Francia_10\"><\/a><span style=\"text-decoration: underline\">PROYECTO DE INTERCAMBIO ESCOLAR CON COLL\u00c8GE PIERRE AB\u00c9LARD. <\/span><\/strong><\/h4>\n<p style=\"text-align: justify\"><em><strong>El IES Alfonso XI desarrolla este curso una nueva edici\u00f3n de su proyecto de intercambio escolar con el Coll\u00e8ge Pierre Ab\u00e9lard (Vallet, Francia)<\/strong><\/em>, una iniciativa educativa que promueve la convivencia intercultural y el aprendizaje real de lenguas extranjeras. Est\u00e1 dirigido al alumnado de 2\u00ba, 3\u00ba, 4\u00ba de ESO y 1\u00ba de Bachillerato, ofreciendo una experiencia formativa que trasciende las aulas.<\/p>\n<p style=\"text-align: justify\"><strong>Este proyecto ha sido seleccionado dentro de la Convocatoria de Intercambios Escolares de la Junta de Andaluc\u00eda, obteniendo una dotaci\u00f3n de 5.200 \u20ac<\/strong> , que permite reducir notablemente el coste final para las familias, facilitando una participaci\u00f3n inclusiva y equitativa.<\/p>\n<p style=\"text-align: justify\">\ud83c\udfeb <strong>Acogida en Espa\u00f1a<\/strong><\/p>\n<p style=\"text-align: justify\">En marzo , nuestro centro recibir\u00e1 a los estudiantes franceses, que convivir\u00e1n con familias de Alcal\u00e1 la Real. Participar\u00e1n en clases, talleres, actividades conjuntas y una excursi\u00f3n cultural a M\u00e1laga, adem\u00e1s de una recepci\u00f3n institucional y una merienda de bienvenida organizada por la comunidad educativa.<\/p>\n<p style=\"text-align: justify\">\u2708\ufe0f <strong>Estancia en Francia<\/strong><\/p>\n<p style=\"text-align: justify\">En mayo , nuestro alumnado viajar\u00e1 a Francia para completar el intercambio. All\u00ed conocer\u00e1n Nantes, el Valle del Loira y Puy du Fou , adem\u00e1s de asistir a clases y convivir con sus familias de acogida. La experiencia de inmersi\u00f3n ling\u00fc\u00edstica en franc\u00e9s convierte este viaje en un verdadero impulso para su competencia comunicativa.<\/p>\n<p style=\"text-align: justify\">\ud83e\udd1d<strong> Coordinaci\u00f3n y comunidad educativa<\/strong><\/p>\n<p style=\"text-align: justify\">La coordinaci\u00f3n general del proyecto est\u00e1 a cargo de Mar\u00eda Victoria Moya Rosales , jefa del Departamento de Franc\u00e9s, quien lidera la planificaci\u00f3n, gesti\u00f3n y seguimiento junto al equipo docente y las familias implicadas.<\/p>\n<p style=\"text-align: justify\">\ud83c\udf1f <strong>Una oportunidad que abre horizontes<\/strong><\/p>\n<p style=\"text-align: justify\">Este intercambio representa un punto de encuentro entre culturas, lenguas y formas de aprender. Gracias al apoyo institucional y la implicaci\u00f3n de las familias, el alumnado vive una experiencia \u00fanica que deja huella acad\u00e9mica, ling\u00fc\u00edstica y humana.<\/p>\nngg_shortcode_0_placeholder\n<p>M\u00e1s informaci\u00f3n en el blog del departamento de franc\u00e9s.&nbsp; <strong><a href=\"http:\/\/alfonsoxifrances.blogspot.com\/\">VER BLOG<\/a><\/strong><\/p>\n<p>&nbsp;<\/p>\n<h4><span style=\"text-decoration: underline\"><strong><a id=\"Alemania_11\"><\/a>INTERCAMBIO ESCOLAR CON EL CENTRO S\u00d6HRE-SCHULE.&nbsp;&nbsp;<\/strong><\/span><\/h4>\n<p style=\"text-align: justify\">El IES Alfonso XI organiza este curso 25-26 un intercambio escolar con el centro alem\u00e1n de la localidad alemana&nbsp; de Lohfelden, ciudad hermanada con Alcal\u00e1 la Real. El intercambio surge de la solicitud que qued\u00f3 en lista de espera al proyecto Eramus+ KA122&nbsp; de Educaci\u00f3n Escolar en la convocatoria de 2025.&nbsp;<\/p>\n<p style=\"text-align: justify\">La tem\u00e1tica sobre la que trata el proyecto es la sostenibilidad y el respeto por el medio ambiente.&nbsp; El proyecto tendr\u00e1 como resultados la creaci\u00f3n de podcasts, la realizaci\u00f3n de debates, la celebraci\u00f3n de efem\u00e9rides vinculadas a la sostenibilidad.&nbsp; En el proyecto participan 13 alumnos\/as de 4\u00ba de ESO y 1\u00ba de Bachillerato que realizar\u00e1n dos tipos de movilidades (de grupo de 7 dias&nbsp; e individual de 20 d\u00edas). As\u00ed mismo el alumnado de nuestro centro acoger\u00e1 a una movilidad de grupo de alumnos\/as alemanes tambi\u00e9n durante 7 dias.&nbsp;<\/p>\n<p><strong>Fechas de las movilidades de nuestro alumnado.<\/strong><\/p>\n<ul>\n<li>Movilidad individual de alumnado (Del 31 de Enero al 21 de Febrero).<\/li>\n<li>Movilidad de grupo de alumnado (Del 14 de Febrero al 21 de Febrero).<\/li>\n<\/ul>\n<p>&nbsp;<\/p>\n<p><strong>Fechas de las movilidades que nos visita el alumnado alem\u00e1n.&nbsp;<\/strong><\/p>\n<ul>\n<li>Movilidad de grupo de alumnado (Del 21 de Marzo al 28 de Marzo).<\/li>\n<\/ul>\n<p>&nbsp;<\/p>\n<p><strong>Resultados del intercambio<\/strong>.&nbsp;<\/p>\n<p>Aparte de la experiencia que se lleve consigo el alumnado participante se pretende realizar dentro del intercambio un proyecto usando la plataforma europea e-twinning donde se suban todos los resultados obtenidos en el mismo.&nbsp; <strong><a href=\"https:\/\/school-education.ec.europa.eu\/en\/etwinning\/projects\/sostenibility-fighting-better-future\">VER<\/a><\/strong><\/p>\n","protected":false},"excerpt":{"rendered":"<p>En esta secci\u00f3n aparecen los intercambios escolares con centros europeos que se desarrollan en este curso 2025-26.&nbsp; A saber, el proyecto de intercambio escolar que se realiza con un centro escolar franc\u00e9s y el intercambio escolar que se lleva a cabo con&nbsp; un centro escolar alem\u00e1n.&nbsp;&nbsp; Proyecto de intercambio escolar con Coll\u00e8ge Pierre Ab\u00e9lard (Vallet, &hellip; <\/p>\n<p><a class=\"more-link btn\" href=\"https:\/\/blogsaverroes.juntadeandalucia.es\/iesalfonsoxi\/planes-programas\/intercambiosescolares\/\">Seguir leyendo<\/a><\/p>\n","protected":false},"author":1,"featured_media":0,"parent":3081,"menu_order":0,"comment_status":"closed","ping_status":"open","template":"","meta":{"ngg_post_thumbnail":0,"footnotes":"","_mc_calendar":[]},"aioseo_notices":[],"_links":{"self":[{"href":"https:\/\/blogsaverroes.juntadeandalucia.es\/iesalfonsoxi\/wp-json\/wp\/v2\/pages\/1807"}],"collection":[{"href":"https:\/\/blogsaverroes.juntadeandalucia.es\/iesalfonsoxi\/wp-json\/wp\/v2\/pages"}],"about":[{"href":"https:\/\/blogsaverroes.juntadeandalucia.es\/iesalfonsoxi\/wp-json\/wp\/v2\/types\/page"}],"author":[{"embeddable":true,"href":"https:\/\/blogsaverroes.juntadeandalucia.es\/iesalfonsoxi\/wp-json\/wp\/v2\/users\/1"}],"replies":[{"embeddable":true,"href":"https:\/\/blogsaverroes.juntadeandalucia.es\/iesalfonsoxi\/wp-json\/wp\/v2\/comments?post=1807"}],"version-history":[{"count":19,"href":"https:\/\/blogsaverroes.juntadeandalucia.es\/iesalfonsoxi\/wp-json\/wp\/v2\/pages\/1807\/revisions"}],"predecessor-version":[{"id":17589,"href":"https:\/\/blogsaverroes.juntadeandalucia.es\/iesalfonsoxi\/wp-json\/wp\/v2\/pages\/1807\/revisions\/17589"}],"up":[{"embeddable":true,"href":"https:\/\/blogsaverroes.juntadeandalucia.es\/iesalfonsoxi\/wp-json\/wp\/v2\/pages\/3081"}],"wp:attachment":[{"href":"https:\/\/blogsaverroes.juntadeandalucia.es\/iesalfonsoxi\/wp-json\/wp\/v2\/media?parent=1807"}],"curies":[{"name":"wp","href":"https:\/\/api.w.org\/{rel}","templated":true}]}}