{"id":2539,"date":"2018-07-13T10:30:24","date_gmt":"2018-07-13T10:30:24","guid":{"rendered":"https:\/\/blogsaverroes.juntadeandalucia.es\/iesalfonsoxi\/?page_id=2539"},"modified":"2025-10-06T12:30:46","modified_gmt":"2025-10-06T12:30:46","slug":"religion","status":"publish","type":"page","link":"https:\/\/blogsaverroes.juntadeandalucia.es\/iesalfonsoxi\/religion\/","title":{"rendered":"Religi\u00f3n"},"content":{"rendered":"<p><a href=\"https:\/\/blogsaverroes.juntadeandalucia.es\/iesalfonsoxi\/files\/2021\/11\/descarga-1.jpg\"><img fetchpriority=\"high\" decoding=\"async\" class=\"aligncenter size-full wp-image-11372\" src=\"https:\/\/blogsaverroes.juntadeandalucia.es\/iesalfonsoxi\/files\/2021\/11\/descarga-1.jpg\" alt=\"\" width=\"301\" height=\"168\"><\/a><\/p>\n<p>Sistema cultural de comportamientos y pr\u00e1cticas, \u00e9tica y organizaci\u00f3n social, que relaciona la humanidad a una categor\u00eda existencial.<\/p>\n<table class=\" aligncenter\" style=\"height: 227px;width: 76.1642%\">\n<tbody>\n<tr>\n<td style=\"width: 520px\" colspan=\"2\">&nbsp;<\/td>\n<td style=\"width: 161px\" bgcolor=\"#E3CEF6\">\n<h6 style=\"text-align: center\"><strong>Puesto o Especialidad<\/strong><\/h6>\n<\/td>\n<\/tr>\n<tr>\n<td style=\"width: 138.333px\" bgcolor=\"#E3CEF6\">\n<h6><b>Profesores<\/b><\/h6>\n<\/td>\n<td style=\"width: 381.667px\">Murcia Cano, M.\u00aa Teresa<\/td>\n<td style=\"width: 161px\">Religi\u00f3n<\/td>\n<\/tr>\n<tr>\n<td style=\"width: 138.333px;background-color: #e3cef6\">\n<h6><b>Profesores<\/b><\/h6>\n<\/td>\n<td style=\"width: 381.667px\">Bago Jim\u00e9nez, Carlos<\/td>\n<td style=\"width: 161px;text-align: left\">Religi\u00f3n<\/td>\n<\/tr>\n<\/tbody>\n<\/table>\n<p>&nbsp;<\/p>\n<table class=\" aligncenter\" style=\"width: 60.8401%;height: 167px\">\n<tbody>\n<tr style=\"height: 66px\">\n<td style=\"text-align: center;width: 100%;height: 66px\" bgcolor=\"#6A0888\">\n<h4 style=\"color: white\">Criterios de evaluaci\u00f3n y calificaci\u00f3n<\/h4>\n<\/td>\n<\/tr>\n<tr style=\"height: 104px\">\n<td style=\"width: 100%;height: 104px\">&nbsp;<img decoding=\"async\" class=\"alignnone size-full wp-image-3221\" src=\"https:\/\/blogsaverroes.juntadeandalucia.es\/iesalfonsoxi\/files\/2015\/03\/pdf62.jpg\" alt=\"\" width=\"47\" height=\"25\" srcset=\"https:\/\/blogsaverroes.juntadeandalucia.es\/iesalfonsoxi\/files\/2015\/03\/pdf62.jpg 47w, https:\/\/blogsaverroes.juntadeandalucia.es\/iesalfonsoxi\/files\/2015\/03\/pdf62-24x13.jpg 24w, https:\/\/blogsaverroes.juntadeandalucia.es\/iesalfonsoxi\/files\/2015\/03\/pdf62-36x19.jpg 36w\" sizes=\"(max-width: 47px) 100vw, 47px\" \/>&nbsp; &nbsp; &nbsp; &nbsp; <a href=\"https:\/\/drive.google.com\/file\/d\/1dTAVNubnNwpLxl2NNZmAeKrvfH3a5hki\/view?usp=sharing\">Criterios de Evaluaci\u00f3n y Cal. ESO<\/a><\/p>\n<p>&nbsp; &nbsp; &nbsp; &nbsp; &nbsp; &nbsp; &nbsp; &nbsp; &nbsp; &nbsp; &nbsp;<a href=\"https:\/\/drive.google.com\/file\/d\/1hPkZP3p190VjpvcAF8MEgUUfhd2zTq9z\/view?usp=sharing\">Criterios de Evaluaci\u00f3n y Cal. Bachillerato<\/a><\/td>\n<\/tr>\n<\/tbody>\n<\/table>\n","protected":false},"excerpt":{"rendered":"<p>Sistema cultural de comportamientos y pr\u00e1cticas, \u00e9tica y organizaci\u00f3n social, que relaciona la humanidad a una categor\u00eda existencial. &nbsp; Puesto o Especialidad Profesores Murcia Cano, M.\u00aa Teresa Religi\u00f3n Profesores Bago Jim\u00e9nez, Carlos Religi\u00f3n &nbsp; Criterios de evaluaci\u00f3n y calificaci\u00f3n &nbsp;&nbsp; &nbsp; &nbsp; &nbsp; Criterios de Evaluaci\u00f3n y Cal. ESO &nbsp; &nbsp; &nbsp; &nbsp; &nbsp; &nbsp; &hellip; <\/p>\n<p><a class=\"more-link btn\" href=\"https:\/\/blogsaverroes.juntadeandalucia.es\/iesalfonsoxi\/religion\/\">Seguir leyendo<\/a><\/p>\n","protected":false},"author":6379,"featured_media":0,"parent":0,"menu_order":0,"comment_status":"closed","ping_status":"closed","template":"","meta":{"ngg_post_thumbnail":0,"footnotes":"","_mc_calendar":[]},"aioseo_notices":[],"_links":{"self":[{"href":"https:\/\/blogsaverroes.juntadeandalucia.es\/iesalfonsoxi\/wp-json\/wp\/v2\/pages\/2539"}],"collection":[{"href":"https:\/\/blogsaverroes.juntadeandalucia.es\/iesalfonsoxi\/wp-json\/wp\/v2\/pages"}],"about":[{"href":"https:\/\/blogsaverroes.juntadeandalucia.es\/iesalfonsoxi\/wp-json\/wp\/v2\/types\/page"}],"author":[{"embeddable":true,"href":"https:\/\/blogsaverroes.juntadeandalucia.es\/iesalfonsoxi\/wp-json\/wp\/v2\/users\/6379"}],"replies":[{"embeddable":true,"href":"https:\/\/blogsaverroes.juntadeandalucia.es\/iesalfonsoxi\/wp-json\/wp\/v2\/comments?post=2539"}],"version-history":[{"count":14,"href":"https:\/\/blogsaverroes.juntadeandalucia.es\/iesalfonsoxi\/wp-json\/wp\/v2\/pages\/2539\/revisions"}],"predecessor-version":[{"id":17380,"href":"https:\/\/blogsaverroes.juntadeandalucia.es\/iesalfonsoxi\/wp-json\/wp\/v2\/pages\/2539\/revisions\/17380"}],"wp:attachment":[{"href":"https:\/\/blogsaverroes.juntadeandalucia.es\/iesalfonsoxi\/wp-json\/wp\/v2\/media?parent=2539"}],"curies":[{"name":"wp","href":"https:\/\/api.w.org\/{rel}","templated":true}]}}