{"id":2617,"date":"2018-07-17T19:41:29","date_gmt":"2018-07-17T19:41:29","guid":{"rendered":"https:\/\/blogsaverroes.juntadeandalucia.es\/iesalfonsoxi\/?page_id=2617"},"modified":"2024-07-08T10:47:16","modified_gmt":"2024-07-08T10:47:16","slug":"ensenanzas","status":"publish","type":"page","link":"https:\/\/blogsaverroes.juntadeandalucia.es\/iesalfonsoxi\/ensenanzas\/","title":{"rendered":"Ense\u00f1anzas"},"content":{"rendered":"<p align=\"justify\">El <strong><span style=\"color: #993366\">IES Alfonso XI<\/span><\/strong> es un instituto p\u00fablico que destaca por su compromiso con la educaci\u00f3n integral de su alumnado, proporcionando una formaci\u00f3n acad\u00e9mica de calidad y fomentando el desarrollo de habilidades personales y profesionales a lo largo de todas las etapas y niveles educativos que oferta.<\/p>\n<p align=\"justify\">Nuestra oferta educativa comprende toda la <strong><span style=\"color: #993366\">Ense\u00f1anza Secundaria Obligatoria<\/span><\/strong> (E.S.O) y las siguientes modalidades de <strong><span style=\"color: #993366\">Bachillerato:<\/span><\/strong><\/p>\n<ul>\n<li style=\"list-style-type: none\">\n<ul>\n<li>Artes.<\/li>\n<li>Ciencias y Tecnolog\u00eda.<\/li>\n<li>Humanidades y Ciencias Sociales.<\/li>\n<li>General<\/li>\n<\/ul>\n<\/li>\n<\/ul>\n<p align=\"justify\">Ofrecemos tambi\u00e9n estudios de <strong><span style=\"color: #993366\">Formaci\u00f3n Profesional, <\/span><\/strong>con los que se obtienen titulaciones oficiales gratuitas con amplias salidas profesionales:<\/p>\n<ul>\n<li style=\"list-style-type: none\">\n<ul>\n<li>Grado Medio: Sistemas Microinform\u00e1ticos y redes&nbsp;<\/li>\n<li>Grado Superior: Desarrollo de Aplicaciones Web<\/li>\n<\/ul>\n<\/li>\n<\/ul>\n<p align=\"justify\">&nbsp;<\/p>\n","protected":false},"excerpt":{"rendered":"<p>El IES Alfonso XI es un instituto p\u00fablico que destaca por su compromiso con la educaci\u00f3n integral de su alumnado, proporcionando una formaci\u00f3n acad\u00e9mica de calidad y fomentando el desarrollo de habilidades personales y profesionales a lo largo de todas las etapas y niveles educativos que oferta. Nuestra oferta educativa comprende toda la Ense\u00f1anza Secundaria &hellip; <\/p>\n<p><a class=\"more-link btn\" href=\"https:\/\/blogsaverroes.juntadeandalucia.es\/iesalfonsoxi\/ensenanzas\/\">Seguir leyendo<\/a><\/p>\n","protected":false},"author":6379,"featured_media":0,"parent":0,"menu_order":0,"comment_status":"closed","ping_status":"closed","template":"","meta":{"ngg_post_thumbnail":0,"footnotes":"","_mc_calendar":[]},"aioseo_notices":[],"_links":{"self":[{"href":"https:\/\/blogsaverroes.juntadeandalucia.es\/iesalfonsoxi\/wp-json\/wp\/v2\/pages\/2617"}],"collection":[{"href":"https:\/\/blogsaverroes.juntadeandalucia.es\/iesalfonsoxi\/wp-json\/wp\/v2\/pages"}],"about":[{"href":"https:\/\/blogsaverroes.juntadeandalucia.es\/iesalfonsoxi\/wp-json\/wp\/v2\/types\/page"}],"author":[{"embeddable":true,"href":"https:\/\/blogsaverroes.juntadeandalucia.es\/iesalfonsoxi\/wp-json\/wp\/v2\/users\/6379"}],"replies":[{"embeddable":true,"href":"https:\/\/blogsaverroes.juntadeandalucia.es\/iesalfonsoxi\/wp-json\/wp\/v2\/comments?post=2617"}],"version-history":[{"count":5,"href":"https:\/\/blogsaverroes.juntadeandalucia.es\/iesalfonsoxi\/wp-json\/wp\/v2\/pages\/2617\/revisions"}],"predecessor-version":[{"id":16155,"href":"https:\/\/blogsaverroes.juntadeandalucia.es\/iesalfonsoxi\/wp-json\/wp\/v2\/pages\/2617\/revisions\/16155"}],"wp:attachment":[{"href":"https:\/\/blogsaverroes.juntadeandalucia.es\/iesalfonsoxi\/wp-json\/wp\/v2\/media?parent=2617"}],"curies":[{"name":"wp","href":"https:\/\/api.w.org\/{rel}","templated":true}]}}