{"id":2899,"date":"2018-10-05T09:00:24","date_gmt":"2018-10-05T09:00:24","guid":{"rendered":"https:\/\/blogsaverroes.juntadeandalucia.es\/iesalfonsoxi\/?page_id=2899"},"modified":"2025-10-02T08:53:43","modified_gmt":"2025-10-02T08:53:43","slug":"biblioteca-2","status":"publish","type":"page","link":"https:\/\/blogsaverroes.juntadeandalucia.es\/iesalfonsoxi\/biblioteca-2\/","title":{"rendered":"Biblioteca"},"content":{"rendered":"<p><a href=\"https:\/\/blogsaverroes.juntadeandalucia.es\/iesalfonsoxi\/files\/2020\/11\/bi.jpg\"><img fetchpriority=\"high\" decoding=\"async\" class=\"aligncenter wp-image-9710\" src=\"https:\/\/blogsaverroes.juntadeandalucia.es\/iesalfonsoxi\/files\/2020\/11\/bi.jpg\" alt=\"\" width=\"358\" height=\"238\" srcset=\"https:\/\/blogsaverroes.juntadeandalucia.es\/iesalfonsoxi\/files\/2020\/11\/bi.jpg 275w, https:\/\/blogsaverroes.juntadeandalucia.es\/iesalfonsoxi\/files\/2020\/11\/bi-24x16.jpg 24w, https:\/\/blogsaverroes.juntadeandalucia.es\/iesalfonsoxi\/files\/2020\/11\/bi-36x24.jpg 36w, https:\/\/blogsaverroes.juntadeandalucia.es\/iesalfonsoxi\/files\/2020\/11\/bi-48x32.jpg 48w\" sizes=\"(max-width: 358px) 100vw, 358px\" \/><\/a><\/p>\n<p align=\"justify\">La Biblioteca <strong><span style=\"color: #993366\">\u00abPaco Mart\u00edn\u00bb<\/span><\/strong>, como unidad de <strong><span style=\"color: #993366\">gesti\u00f3n de los recursos de informaci\u00f3n<\/span><\/strong> necesarios para que la Comunidad Educativa pueda cumplir sus objetivos en materia de docencia, estudio e investigaci\u00f3n y ofrece una serie de servicios, cuya finalidad es facilitar el acceso y la difusi\u00f3n de todos los recursos de informaci\u00f3n de que dispone, as\u00ed como colaborar en los procesos de creaci\u00f3n del conocimiento.<\/p>\n<ul>\n<li><a href=\"https:\/\/www.instagram.com\/biblioteca_alfonsoxi\/?hl=es\">S\u00edguenos en Instagram<\/a><\/li>\n<li><a href=\"http:\/\/alfonsoxibiblio.blogspot.com\/\">Blog de la Biblioteca<\/a><\/li>\n<li><a href=\"https:\/\/www.juntadeandalucia.es\/educacion\/portals\/web\/lecturas-bibliotecas-escolares\/redes-profesionales\">Redes profesionales provinciales<\/a><\/li>\n<li><a href=\"https:\/\/www.juntadeandalucia.es\/educacion\/senecav2\/seneca\/biblioweb\/portal\/23000106\">Nuestro centro en Biblioweb<\/a><\/li>\n<\/ul>\n<p style=\"text-align: center\"><strong>Coordinadora : Ana Mar\u00eda Paula Moyano Camacho<br \/>\n<\/strong><\/p>\n","protected":false},"excerpt":{"rendered":"<p>La Biblioteca \u00abPaco Mart\u00edn\u00bb, como unidad de gesti\u00f3n de los recursos de informaci\u00f3n necesarios para que la Comunidad Educativa pueda cumplir sus objetivos en materia de docencia, estudio e investigaci\u00f3n y ofrece una serie de servicios, cuya finalidad es facilitar el acceso y la difusi\u00f3n de todos los recursos de informaci\u00f3n de que dispone, as\u00ed &hellip; <\/p>\n<p><a class=\"more-link btn\" href=\"https:\/\/blogsaverroes.juntadeandalucia.es\/iesalfonsoxi\/biblioteca-2\/\">Seguir leyendo<\/a><\/p>\n","protected":false},"author":6379,"featured_media":0,"parent":0,"menu_order":0,"comment_status":"closed","ping_status":"closed","template":"","meta":{"ngg_post_thumbnail":0,"footnotes":"","_mc_calendar":[]},"aioseo_notices":[],"_links":{"self":[{"href":"https:\/\/blogsaverroes.juntadeandalucia.es\/iesalfonsoxi\/wp-json\/wp\/v2\/pages\/2899"}],"collection":[{"href":"https:\/\/blogsaverroes.juntadeandalucia.es\/iesalfonsoxi\/wp-json\/wp\/v2\/pages"}],"about":[{"href":"https:\/\/blogsaverroes.juntadeandalucia.es\/iesalfonsoxi\/wp-json\/wp\/v2\/types\/page"}],"author":[{"embeddable":true,"href":"https:\/\/blogsaverroes.juntadeandalucia.es\/iesalfonsoxi\/wp-json\/wp\/v2\/users\/6379"}],"replies":[{"embeddable":true,"href":"https:\/\/blogsaverroes.juntadeandalucia.es\/iesalfonsoxi\/wp-json\/wp\/v2\/comments?post=2899"}],"version-history":[{"count":23,"href":"https:\/\/blogsaverroes.juntadeandalucia.es\/iesalfonsoxi\/wp-json\/wp\/v2\/pages\/2899\/revisions"}],"predecessor-version":[{"id":17377,"href":"https:\/\/blogsaverroes.juntadeandalucia.es\/iesalfonsoxi\/wp-json\/wp\/v2\/pages\/2899\/revisions\/17377"}],"wp:attachment":[{"href":"https:\/\/blogsaverroes.juntadeandalucia.es\/iesalfonsoxi\/wp-json\/wp\/v2\/media?parent=2899"}],"curies":[{"name":"wp","href":"https:\/\/api.w.org\/{rel}","templated":true}]}}