{"id":2911,"date":"2018-10-28T11:57:30","date_gmt":"2018-10-28T11:57:30","guid":{"rendered":"https:\/\/blogsaverroes.juntadeandalucia.es\/iesalfonsoxi\/?page_id=2911"},"modified":"2025-12-15T12:58:37","modified_gmt":"2025-12-15T12:58:37","slug":"educacion-fisica-2","status":"publish","type":"page","link":"https:\/\/blogsaverroes.juntadeandalucia.es\/iesalfonsoxi\/educacion-fisica-2\/","title":{"rendered":"Educaci\u00f3n F\u00edsica"},"content":{"rendered":"<h1 style=\"text-align: left\">&nbsp;<\/h1>\n<table class=\" aligncenter\" style=\"width: 92.4538%;height: 485px\">\n<tbody>\n<tr style=\"height: 66px\">\n<td style=\"width: 52.0902%;height: 66px\" colspan=\"2\">&nbsp;<\/td>\n<td style=\"width: 57.919%;height: 66px\" colspan=\"2\" bgcolor=\"#E3CEF6\">\n<h6 style=\"text-align: center\"><span style=\"color: #993366\"><strong>Puesto o Especialidad<\/strong><\/span><\/h6>\n<\/td>\n<\/tr>\n<tr style=\"height: 132px\">\n<td style=\"width: 15.0868%;height: 132px\" bgcolor=\"#E3CEF6\">\n<h6><span style=\"color: #993366\"><strong>Jefatura de departamento<\/strong><\/span><\/h6>\n<\/td>\n<td style=\"width: 37.0034%;height: 132px\"><strong><span style=\"color: #993366\">Perab\u00e1 G\u00e1mez, Pedro Pablo<\/span><\/strong><\/td>\n<td style=\"width: 15.7967%;height: 132px\"><a href=\"https:\/\/blogsaverroes.juntadeandalucia.es\/iesalfonsoxi\/files\/2023\/09\/pp.png\"><img decoding=\"async\" class=\"wp-image-14379 aligncenter\" src=\"https:\/\/blogsaverroes.juntadeandalucia.es\/iesalfonsoxi\/files\/2023\/09\/pp-128x150.png\" alt=\"\" width=\"92\" height=\"108\"><\/a><\/td>\n<td style=\"width: 42.1223%;height: 132px\"><strong><span style=\"color: #993366\">Educaci\u00f3n F\u00edsica P.E.S.<\/span><\/strong><\/td>\n<\/tr>\n<tr style=\"height: 100px\">\n<td style=\"width: 15.0868%;height: 234px\" rowspan=\"2\" bgcolor=\"#E3CEF6\">\n<h6><span style=\"color: #993366\"><strong>Componentes<\/strong><\/span><\/h6>\n<h6><strong>&nbsp;<\/strong><\/h6>\n<h6><span style=\"color: #993366\"><strong>&nbsp;<\/strong><\/span><\/h6>\n<\/td>\n<td style=\"width: 37.0034%;height: 100px\"><strong><span style=\"color: #993366\">Ruiz Matilla, Mercedes<br \/>\n<\/span><\/strong><\/td>\n<td style=\"width: 15.7967%;height: 100px\"><a href=\"https:\/\/blogsaverroes.juntadeandalucia.es\/iesalfonsoxi\/files\/2023\/09\/mr-1.png\"><img decoding=\"async\" class=\"wp-image-14380 aligncenter\" src=\"https:\/\/blogsaverroes.juntadeandalucia.es\/iesalfonsoxi\/files\/2023\/09\/mr-1.png\" alt=\"\" width=\"91\" height=\"108\"><\/a><\/td>\n<td style=\"width: 42.1223%;height: 100px\"><strong><span style=\"color: #993366\">&nbsp;Educaci\u00f3n F\u00edsica P.E.S.<\/span><\/strong><\/td>\n<\/tr>\n<tr style=\"height: 149px\">\n<td style=\"width: 37.0034%;height: 134px\"><strong><span style=\"color: #993366\">Rodr\u00edguez L\u00f3pez, Juan Antonio<\/span><\/strong><\/td>\n<td style=\"width: 15.7967%;height: 134px\"><a href=\"https:\/\/blogsaverroes.juntadeandalucia.es\/iesalfonsoxi\/files\/2025\/10\/unnamed.jpg\"><img fetchpriority=\"high\" decoding=\"async\" class=\"aligncenter size-medium wp-image-17369\" src=\"https:\/\/blogsaverroes.juntadeandalucia.es\/iesalfonsoxi\/files\/2025\/10\/unnamed-294x300.jpg\" alt=\"\" width=\"294\" height=\"300\" srcset=\"https:\/\/blogsaverroes.juntadeandalucia.es\/iesalfonsoxi\/files\/2025\/10\/unnamed-294x300.jpg 294w, https:\/\/blogsaverroes.juntadeandalucia.es\/iesalfonsoxi\/files\/2025\/10\/unnamed-1005x1024.jpg 1005w, https:\/\/blogsaverroes.juntadeandalucia.es\/iesalfonsoxi\/files\/2025\/10\/unnamed-768x782.jpg 768w, https:\/\/blogsaverroes.juntadeandalucia.es\/iesalfonsoxi\/files\/2025\/10\/unnamed-1508x1536.jpg 1508w, https:\/\/blogsaverroes.juntadeandalucia.es\/iesalfonsoxi\/files\/2025\/10\/unnamed-750x764.jpg 750w, https:\/\/blogsaverroes.juntadeandalucia.es\/iesalfonsoxi\/files\/2025\/10\/unnamed.jpg 1571w\" sizes=\"(max-width: 294px) 100vw, 294px\" \/><\/a><\/td>\n<td style=\"width: 42.1223%;height: 134px\"><strong><span style=\"color: #993366\">Educaci\u00f3n F\u00edsica P.E.S.<\/span><\/strong><\/td>\n<\/tr>\n<\/tbody>\n<\/table>\n<p>&nbsp;<\/p>\n<p><strong>Programaciones del Departamento de Educaci\u00f3n F\u00edsica (curso 2025-26):<\/strong><\/p>\n<p><a href=\"https:\/\/blogsaverroes.juntadeandalucia.es\/iesalfonsoxi\/files\/2025\/12\/PROGRAMACION-Dpto-EF-25-26.pdf\">PROGRAMACI\u00d3N Dpto EF 25-26<\/a><\/p>\n<p style=\"text-align: center\">&nbsp;<br \/>\n<img loading=\"lazy\" decoding=\"async\" class=\"transparent\" src=\"https:\/\/blogsaverroes.juntadeandalucia.es\/temafrontieries\/files\/2015\/03\/educacion_fisica.png\" alt=\"https:\/\/blogsaverroes.juntadeandalucia.es\/temafrontieries\/files\/2015\/03\/educacion_fisica.png\" width=\"359\" height=\"343\"><\/p>\n<p><strong>Educaci\u00f3n F\u00edsica<\/strong><\/p>\n<p style=\"text-align: justify\">La educaci\u00f3n basada en competencias permite definir los resultados del aprendizaje esperados desde un planteamiento integrador, dirigido a la aplicaci\u00f3n de los saberes adquiridos para que los alumnos y las alumnas consigan un desarrollo personal satisfac<br \/>\ntorio, el ejercicio de la ciudadan\u00eda activa y la participaci\u00f3n en el aprendizaje permanente a lo largo de la vida.<br \/>\nLa materia Educaci\u00f3n F\u00edsica tiene como finalidad principal desarrollar en las personas su competencia motriz, entendida como la integraci\u00f3n de los conocimientos, los procedimientos, las actitudes y los sentimientos vinculados sobre todo a la conducta motora; para su consecuci\u00f3n no es suficiente con la mera pr\u00e1ctica, sino que es necesario el an\u00e1lisis cr\u00edtico que afiance actitudes, valores referenciados al cuerpo, al movimiento y a la relaci\u00f3n con el entorno: de este modo, el alumnado lograr\u00e1 controlar y dar sentido a las propias acciones motrices, comprender los aspectos perceptivos, emotivos y cognitivos relacionados con dichas acciones y gestionar los sentimientos vinculados a las mismas, adem\u00e1s de integrar conocimientos y habilidades transversales como el trabajo en equipo, el juego limpio, el respeto a las normas, y la seguridad entre otras. Asimismo, la Educaci\u00f3n F\u00edsica est\u00e1 vinculada a la adquisici\u00f3n de competencias relacionadas con la salud, a trav\u00e9s de acciones que ayuden a la adquisici\u00f3n y consolidaci\u00f3n de h\u00e1bitos responsables de actividad f\u00edsica regular y la adopci\u00f3n de actitudes cr\u00edticas ante pr\u00e1cticas individuales, grupales y sociales no saludables, fundamentalmente en lo relacionado con las enfermedades de origen cardiovascular.<\/p>\n","protected":false},"excerpt":{"rendered":"<p>&nbsp; &nbsp; Puesto o Especialidad Jefatura de departamento Perab\u00e1 G\u00e1mez, Pedro Pablo Educaci\u00f3n F\u00edsica P.E.S. Componentes &nbsp; &nbsp; Ruiz Matilla, Mercedes &nbsp;Educaci\u00f3n F\u00edsica P.E.S. Rodr\u00edguez L\u00f3pez, Juan Antonio Educaci\u00f3n F\u00edsica P.E.S. &nbsp; Programaciones del Departamento de Educaci\u00f3n F\u00edsica (curso 2025-26): PROGRAMACI\u00d3N Dpto EF 25-26 &nbsp; Educaci\u00f3n F\u00edsica La educaci\u00f3n basada en competencias permite definir los &hellip; <\/p>\n<p><a class=\"more-link btn\" href=\"https:\/\/blogsaverroes.juntadeandalucia.es\/iesalfonsoxi\/educacion-fisica-2\/\">Seguir leyendo<\/a><\/p>\n","protected":false},"author":6379,"featured_media":0,"parent":0,"menu_order":0,"comment_status":"closed","ping_status":"closed","template":"","meta":{"ngg_post_thumbnail":0,"footnotes":"","_mc_calendar":[]},"aioseo_notices":[],"_links":{"self":[{"href":"https:\/\/blogsaverroes.juntadeandalucia.es\/iesalfonsoxi\/wp-json\/wp\/v2\/pages\/2911"}],"collection":[{"href":"https:\/\/blogsaverroes.juntadeandalucia.es\/iesalfonsoxi\/wp-json\/wp\/v2\/pages"}],"about":[{"href":"https:\/\/blogsaverroes.juntadeandalucia.es\/iesalfonsoxi\/wp-json\/wp\/v2\/types\/page"}],"author":[{"embeddable":true,"href":"https:\/\/blogsaverroes.juntadeandalucia.es\/iesalfonsoxi\/wp-json\/wp\/v2\/users\/6379"}],"replies":[{"embeddable":true,"href":"https:\/\/blogsaverroes.juntadeandalucia.es\/iesalfonsoxi\/wp-json\/wp\/v2\/comments?post=2911"}],"version-history":[{"count":38,"href":"https:\/\/blogsaverroes.juntadeandalucia.es\/iesalfonsoxi\/wp-json\/wp\/v2\/pages\/2911\/revisions"}],"predecessor-version":[{"id":17752,"href":"https:\/\/blogsaverroes.juntadeandalucia.es\/iesalfonsoxi\/wp-json\/wp\/v2\/pages\/2911\/revisions\/17752"}],"wp:attachment":[{"href":"https:\/\/blogsaverroes.juntadeandalucia.es\/iesalfonsoxi\/wp-json\/wp\/v2\/media?parent=2911"}],"curies":[{"name":"wp","href":"https:\/\/api.w.org\/{rel}","templated":true}]}}