{"id":2914,"date":"2018-11-30T08:22:25","date_gmt":"2018-11-30T08:22:25","guid":{"rendered":"https:\/\/blogsaverroes.juntadeandalucia.es\/iesalfonsoxi\/?page_id=2914"},"modified":"2025-12-15T12:51:00","modified_gmt":"2025-12-15T12:51:00","slug":"fisica-y-quimica-2","status":"publish","type":"page","link":"https:\/\/blogsaverroes.juntadeandalucia.es\/iesalfonsoxi\/fisica-y-quimica-2\/","title":{"rendered":"F\u00edsica y Qu\u00edmica"},"content":{"rendered":"<table class=\" aligncenter\" style=\"height: 293px;width: 92.7031%\">\n<tbody>\n<tr>\n<td style=\"width: 51.1494%\" colspan=\"2\"><a href=\"http:\/\/fisicayquimicaiesalfonso11.blogspot.com\/\">&nbsp;Blog Dept de F\u00edsica y Qu\u00edmica<\/a>&nbsp;&nbsp;&nbsp;&nbsp;&nbsp;<\/td>\n<td style=\"width: 47.6781%\" colspan=\"2\" bgcolor=\"#E3CEF6\">\n<h6 style=\"text-align: center\"><span style=\"color: #993366\"><strong>Puesto o Especialidad<\/strong><\/span><\/h6>\n<\/td>\n<\/tr>\n<tr>\n<td style=\"width: 15.0754%\" bgcolor=\"#E3CEF6\">\n<h6><strong><span style=\"color: #993366\">Jefatura de departamento<\/span><\/strong><\/h6>\n<\/td>\n<td style=\"width: 36.074%\"><strong><span style=\"color: #993366\">Ortega Lumbreras, M\u00aa Engracia<\/span><\/strong><\/td>\n<td style=\"width: 17.9532%\"><a href=\"https:\/\/blogsaverroes.juntadeandalucia.es\/iesalfonsoxi\/files\/2018\/10\/MAR\u00cdA-ORTEGA.jpg\"><img decoding=\"async\" class=\"wp-image-2983 aligncenter\" src=\"https:\/\/blogsaverroes.juntadeandalucia.es\/iesalfonsoxi\/files\/2018\/10\/MAR\u00cdA-ORTEGA-240x300.jpg\" alt=\"\" width=\"100\" height=\"125\" srcset=\"https:\/\/blogsaverroes.juntadeandalucia.es\/iesalfonsoxi\/files\/2018\/10\/MAR\u00cdA-ORTEGA-240x300.jpg 240w, https:\/\/blogsaverroes.juntadeandalucia.es\/iesalfonsoxi\/files\/2018\/10\/MAR\u00cdA-ORTEGA-19x24.jpg 19w, https:\/\/blogsaverroes.juntadeandalucia.es\/iesalfonsoxi\/files\/2018\/10\/MAR\u00cdA-ORTEGA-29x36.jpg 29w, https:\/\/blogsaverroes.juntadeandalucia.es\/iesalfonsoxi\/files\/2018\/10\/MAR\u00cdA-ORTEGA-38x48.jpg 38w, https:\/\/blogsaverroes.juntadeandalucia.es\/iesalfonsoxi\/files\/2018\/10\/MAR\u00cdA-ORTEGA.jpg 315w\" sizes=\"(max-width: 100px) 100vw, 100px\" \/><\/a><\/td>\n<td style=\"width: 29.7249%\"><strong><span style=\"color: #993366\">F\u00edsica y Qu\u00edmica P.E.S.<\/span><\/strong><\/td>\n<\/tr>\n<tr>\n<td style=\"width: 15.0754%\" bgcolor=\"#E3CEF6\">\n<h6><strong><span style=\"color: #993366\">Componente<\/span><\/strong><\/h6>\n<\/td>\n<td style=\"width: 36.074%\"><strong><span style=\"color: #993366\">Gij\u00f3n S\u00e1nchez, Miguel<\/span><\/strong><\/td>\n<td style=\"width: 17.9532%\">&nbsp;<\/p>\n<p>&nbsp;<\/p>\n<p>&nbsp;<\/td>\n<td style=\"width: 29.7249%\"><strong><span style=\"color: #993366\">F\u00edsica y Qu\u00edmica P.E.S.<\/span><\/strong><\/td>\n<\/tr>\n<\/tbody>\n<\/table>\n<p>&nbsp;<\/p>\n<p>&nbsp;<\/p>\n<p><strong>Programaciones del Departamento (curso 2025-26):<\/strong><\/p>\n<p><a href=\"https:\/\/blogsaverroes.juntadeandalucia.es\/iesalfonsoxi\/files\/2025\/12\/PROGRAMACION-Dpto-FyQ-25-26.pdf\">PROGRAMACI\u00d3N Dpto FyQ 25-26<\/a><\/p>\n<p>&nbsp;<\/p>\n<p>&nbsp;<\/p>\n<p>&nbsp;<\/p>\n<p>&nbsp;<\/p>\n","protected":false},"excerpt":{"rendered":"<p>&nbsp;Blog Dept de F\u00edsica y Qu\u00edmica&nbsp;&nbsp;&nbsp;&nbsp;&nbsp; Puesto o Especialidad Jefatura de departamento Ortega Lumbreras, M\u00aa Engracia F\u00edsica y Qu\u00edmica P.E.S. Componente Gij\u00f3n S\u00e1nchez, Miguel &nbsp; &nbsp; &nbsp; F\u00edsica y Qu\u00edmica P.E.S. &nbsp; &nbsp; Programaciones del Departamento (curso 2025-26): PROGRAMACI\u00d3N Dpto FyQ 25-26 &nbsp; &nbsp; &nbsp; &nbsp;<\/p>\n","protected":false},"author":6379,"featured_media":0,"parent":0,"menu_order":0,"comment_status":"closed","ping_status":"closed","template":"","meta":{"ngg_post_thumbnail":0,"footnotes":"","_mc_calendar":[]},"aioseo_notices":[],"_links":{"self":[{"href":"https:\/\/blogsaverroes.juntadeandalucia.es\/iesalfonsoxi\/wp-json\/wp\/v2\/pages\/2914"}],"collection":[{"href":"https:\/\/blogsaverroes.juntadeandalucia.es\/iesalfonsoxi\/wp-json\/wp\/v2\/pages"}],"about":[{"href":"https:\/\/blogsaverroes.juntadeandalucia.es\/iesalfonsoxi\/wp-json\/wp\/v2\/types\/page"}],"author":[{"embeddable":true,"href":"https:\/\/blogsaverroes.juntadeandalucia.es\/iesalfonsoxi\/wp-json\/wp\/v2\/users\/6379"}],"replies":[{"embeddable":true,"href":"https:\/\/blogsaverroes.juntadeandalucia.es\/iesalfonsoxi\/wp-json\/wp\/v2\/comments?post=2914"}],"version-history":[{"count":42,"href":"https:\/\/blogsaverroes.juntadeandalucia.es\/iesalfonsoxi\/wp-json\/wp\/v2\/pages\/2914\/revisions"}],"predecessor-version":[{"id":17744,"href":"https:\/\/blogsaverroes.juntadeandalucia.es\/iesalfonsoxi\/wp-json\/wp\/v2\/pages\/2914\/revisions\/17744"}],"wp:attachment":[{"href":"https:\/\/blogsaverroes.juntadeandalucia.es\/iesalfonsoxi\/wp-json\/wp\/v2\/media?parent=2914"}],"curies":[{"name":"wp","href":"https:\/\/api.w.org\/{rel}","templated":true}]}}