{"id":2929,"date":"2018-10-27T18:42:22","date_gmt":"2018-10-27T18:42:22","guid":{"rendered":"https:\/\/blogsaverroes.juntadeandalucia.es\/iesalfonsoxi\/?page_id=2929"},"modified":"2025-12-15T13:03:17","modified_gmt":"2025-12-15T13:03:17","slug":"geografia-e-historia-2","status":"publish","type":"page","link":"https:\/\/blogsaverroes.juntadeandalucia.es\/iesalfonsoxi\/geografia-e-historia-2\/","title":{"rendered":"Geograf\u00eda e Historia"},"content":{"rendered":"<p>&nbsp;<\/p>\n<table class=\" aligncenter\" style=\"height: 492px;width: 95.1765%\">\n<tbody>\n<tr style=\"height: 96px\">\n<td style=\"width: 51.3967%;height: 96px\" colspan=\"2\"><a href=\"http:\/\/alfonso11historia.blogspot.com\/\">&nbsp;Blog Dept Geograf\u00eda e Historia<\/a>&nbsp;<\/p>\n<p>&nbsp;<\/td>\n<td style=\"width: 46.3687%;height: 96px;background-color: #e3cef6\" colspan=\"2\">\n<h6 style=\"text-align: center\"><span style=\"color: #993366\"><strong>Puesto o Especialidad<\/strong><\/span><\/h6>\n<\/td>\n<\/tr>\n<tr style=\"height: 82px\">\n<td style=\"width: 19.3669%;height: 82px\" bgcolor=\"#E3CEF6\">\n<h6><span style=\"color: #993366\"><strong>Jefatura de departamento<\/strong><\/span><\/h6>\n<\/td>\n<td style=\"width: 32.0298%;height: 82px\"><span style=\"color: #993366\"><strong>Castillo Trigo, Elisa<\/strong><\/span><\/td>\n<td style=\"width: 13.0252%;height: 82px\"><strong><span style=\"color: #993366\">&nbsp;<\/span><\/strong><\/td>\n<td style=\"width: 33.3435%;height: 82px\"><strong><span style=\"color: #993366\">Geograf\u00eda e Historia P.E.S.<\/span><\/strong><\/td>\n<\/tr>\n<tr style=\"height: 48px\">\n<td style=\"width: 19.3669%;height: 192px\" rowspan=\"4\" bgcolor=\"#E3CEF6\">\n<h6><span style=\"color: #993366\"><strong>Componentes<\/strong><\/span><\/h6>\n<\/td>\n<td style=\"width: 32.0298%;height: 48px\"><strong><span style=\"color: #993366\">Baena Mar\u00edn, \u00c1ngela Mar\u00eda<\/span><\/strong><\/td>\n<td style=\"width: 13.0252%;height: 48px\"><strong><span style=\"color: #993366\">&nbsp;<\/span><\/strong><\/p>\n<p>&nbsp;<\/td>\n<td style=\"width: 33.3435%;height: 48px\"><strong><span style=\"color: #993366\">Geograf\u00eda e Historia P.E.S.<\/span><\/strong><\/td>\n<\/tr>\n<tr style=\"height: 48px\">\n<td style=\"width: 32.0298%;height: 96px\"><span style=\"color: #993366\"><strong>Ortega Arco, Sandra Mar\u00eda<\/strong><\/span><\/td>\n<td style=\"width: 13.0252%;height: 96px\">&nbsp;<\/td>\n<td style=\"width: 33.3435%;height: 96px\"><strong><span style=\"color: #993366\">Geograf\u00eda e Historia P.E.S.<\/span><\/strong><\/td>\n<\/tr>\n<tr>\n<td style=\"width: 32.0298%\">&nbsp;<\/p>\n<p><span style=\"color: #993366\"><strong>Huertes Olmo, Germ\u00e1n<\/strong><\/span><\/td>\n<td style=\"width: 13.0252%\">&nbsp;<\/td>\n<td style=\"width: 33.3435%\"><strong><span style=\"color: #993366\">Geograf\u00eda e Historia P.E.S.<\/span><\/strong><\/td>\n<\/tr>\n<tr style=\"height: 48px\">\n<td style=\"width: 32.0298%;height: 48px\">&nbsp;<\/p>\n<p><span style=\"color: #993366\"><strong>S\u00e1nchez Rivera, Marcos<\/strong><\/span><\/p>\n<p><strong><span style=\"color: #993366\">&nbsp;<\/span><\/strong><\/td>\n<td style=\"width: 13.0252%;height: 48px\">&nbsp;<\/p>\n<p>&nbsp;<\/td>\n<td style=\"width: 33.3435%;height: 48px\">&nbsp;<\/p>\n<p><strong><span style=\"color: #993366\">Geograf\u00eda e Historia P.E.S.<\/span><\/strong><\/td>\n<\/tr>\n<tr style=\"height: 61px\">\n<td style=\"width: 19.3669%;height: 61px\">\n<h6><span style=\"color: #993366\"><strong>&nbsp;<\/strong><\/span><\/h6>\n<\/td>\n<td style=\"width: 32.0298%;height: 61px\">&nbsp;<\/td>\n<td style=\"width: 13.0252%;height: 61px\">&nbsp;<\/td>\n<td style=\"width: 33.3435%;height: 61px\">&nbsp;<\/td>\n<\/tr>\n<\/tbody>\n<\/table>\n<p><strong>&nbsp;<\/strong><\/p>\n<p>&nbsp;<\/p>\n<p>&nbsp;<\/p>\n<p>&nbsp;<\/p>\n<p>&nbsp;<\/p>\n<p><strong>Programaciones del Departamento (curso 2025-26):&nbsp;<\/strong><\/p>\n<p><a href=\"https:\/\/blogsaverroes.juntadeandalucia.es\/iesalfonsoxi\/files\/2025\/12\/PROGRAMACION-Dpto-GeH-25-26.pdf\">PROGRAMACI\u00d3N Dpto GeH 25-26<\/a><\/p>\n<p><strong><span style=\"font-family: sans-serif\"><span style=\"font-size: medium\">Geograf\u00eda e Historia <\/span><\/span><\/strong><\/p>\n<p><span style=\"font-family: sans-serif\"><span style=\"font-size: medium\">El conocimiento de la sociedad, su organizaci\u00f3n y funcionamiento a lo largo del tiempo es esencial para poder entender el mundo actual. Conocer el espacio donde se desarrollan las sociedades, los recursos naturales y el uso que se ha dado a \u00e9stos, nos aporta datos sobre el pasado y nos permiten vislumbrar algunos de los problemas del futuro. <\/span><\/span><\/p>\n<p><span style=\"font-family: sans-serif\"><span style=\"font-size: medium\">Las disciplinas de la Geograf\u00eda y la Historia son dos importantes ejes vertebradores para el conocimiento de la sociedad, ya que contemplan la realidad humana y social desde una perspectiva global e integradora y ofrecen una mayor capacidad para la estructuraci\u00f3n de los hechos sociales; no obstante la sociedad actual, cada vez m\u00e1s compleja, requiere de la intervenci\u00f3n de otras disciplinas como la Econom\u00eda, Sociolog\u00eda, Ecolog\u00eda o Historia del Arte, que aportan an\u00e1lisis diferentes y complementarios, para la mejor comprensi\u00f3n de la realidad social. <\/span><\/span><\/p>\n","protected":false},"excerpt":{"rendered":"<p>&nbsp; &nbsp;Blog Dept Geograf\u00eda e Historia&nbsp; &nbsp; Puesto o Especialidad Jefatura de departamento Castillo Trigo, Elisa &nbsp; Geograf\u00eda e Historia P.E.S. Componentes Baena Mar\u00edn, \u00c1ngela Mar\u00eda &nbsp; &nbsp; Geograf\u00eda e Historia P.E.S. Ortega Arco, Sandra Mar\u00eda &nbsp; Geograf\u00eda e Historia P.E.S. &nbsp; Huertes Olmo, Germ\u00e1n &nbsp; Geograf\u00eda e Historia P.E.S. &nbsp; S\u00e1nchez Rivera, Marcos &nbsp; &hellip; <\/p>\n<p><a class=\"more-link btn\" href=\"https:\/\/blogsaverroes.juntadeandalucia.es\/iesalfonsoxi\/geografia-e-historia-2\/\">Seguir leyendo<\/a><\/p>\n","protected":false},"author":6379,"featured_media":0,"parent":0,"menu_order":0,"comment_status":"closed","ping_status":"closed","template":"","meta":{"ngg_post_thumbnail":0,"footnotes":"","_mc_calendar":[]},"aioseo_notices":[],"_links":{"self":[{"href":"https:\/\/blogsaverroes.juntadeandalucia.es\/iesalfonsoxi\/wp-json\/wp\/v2\/pages\/2929"}],"collection":[{"href":"https:\/\/blogsaverroes.juntadeandalucia.es\/iesalfonsoxi\/wp-json\/wp\/v2\/pages"}],"about":[{"href":"https:\/\/blogsaverroes.juntadeandalucia.es\/iesalfonsoxi\/wp-json\/wp\/v2\/types\/page"}],"author":[{"embeddable":true,"href":"https:\/\/blogsaverroes.juntadeandalucia.es\/iesalfonsoxi\/wp-json\/wp\/v2\/users\/6379"}],"replies":[{"embeddable":true,"href":"https:\/\/blogsaverroes.juntadeandalucia.es\/iesalfonsoxi\/wp-json\/wp\/v2\/comments?post=2929"}],"version-history":[{"count":63,"href":"https:\/\/blogsaverroes.juntadeandalucia.es\/iesalfonsoxi\/wp-json\/wp\/v2\/pages\/2929\/revisions"}],"predecessor-version":[{"id":17756,"href":"https:\/\/blogsaverroes.juntadeandalucia.es\/iesalfonsoxi\/wp-json\/wp\/v2\/pages\/2929\/revisions\/17756"}],"wp:attachment":[{"href":"https:\/\/blogsaverroes.juntadeandalucia.es\/iesalfonsoxi\/wp-json\/wp\/v2\/media?parent=2929"}],"curies":[{"name":"wp","href":"https:\/\/api.w.org\/{rel}","templated":true}]}}