{"id":2936,"date":"2018-10-27T18:58:16","date_gmt":"2018-10-27T18:58:16","guid":{"rendered":"https:\/\/blogsaverroes.juntadeandalucia.es\/iesalfonsoxi\/?page_id=2936"},"modified":"2025-12-15T12:37:19","modified_gmt":"2025-12-15T12:37:19","slug":"lengua-castellana","status":"publish","type":"page","link":"https:\/\/blogsaverroes.juntadeandalucia.es\/iesalfonsoxi\/lengua-castellana\/","title":{"rendered":"Lengua Castellana"},"content":{"rendered":"<p style=\"text-align: center\">&nbsp;<\/p>\n<p>&nbsp;<\/p>\n<table style=\"height: 555px;width: 95.6133%\">\n<tbody>\n<tr style=\"height: 66px\">\n<td style=\"width: 51.1014%;height: 66px\" colspan=\"2\">&nbsp;<\/td>\n<td style=\"width: 46.2963%;height: 66px\" colspan=\"2\" bgcolor=\"#E3CEF6\">\n<h6 style=\"text-align: center\"><span style=\"color: #993366\"><strong>Puesto o Especialidad<\/strong><\/span><\/h6>\n<\/td>\n<\/tr>\n<tr style=\"height: 136px\">\n<td style=\"width: 13.5593%;height: 129px\" bgcolor=\"#E3CEF6\">\n<h6><span style=\"color: #993366\"><strong>Jefatura de departamento<\/strong><\/span><\/h6>\n<\/td>\n<td style=\"width: 37.5421%;height: 129px\">&nbsp;<\/p>\n<p><strong><span style=\"color: #993366\">L\u00f3pez M\u00e1rquez, Mar\u00eda Josefa<\/span><\/strong><\/td>\n<td style=\"width: 16.4983%;height: 129px\">&nbsp;<\/td>\n<td style=\"width: 29.798%;height: 129px\"><span style=\"color: #993366\"><strong>Lengua Castellana y Literatura P.E.S.<\/strong><\/span><\/td>\n<\/tr>\n<tr style=\"height: 196px\">\n<td style=\"width: 13.5593%;height: 360px\" rowspan=\"4\" bgcolor=\"#E3CEF6\">\n<h6><span style=\"color: #993366\"><strong>Componentes<\/strong><\/span><\/h6>\n<h6><strong>&nbsp;<\/strong><\/h6>\n<\/td>\n<td style=\"width: 37.5421%;height: 51px\"><strong><span style=\"color: #993366\">Ortega Mesa, Rafael<\/span><\/strong><\/td>\n<td style=\"width: 16.4983%;height: 51px\"><a href=\"https:\/\/blogsaverroes.juntadeandalucia.es\/iesalfonsoxi\/files\/2022\/09\/Foto-Rafael-Ortega-Mesa.jpg\"><img decoding=\"async\" class=\"aligncenter wp-image-12859\" src=\"https:\/\/blogsaverroes.juntadeandalucia.es\/iesalfonsoxi\/files\/2022\/09\/Foto-Rafael-Ortega-Mesa.jpg\" alt=\"\" width=\"85\" height=\"104\" srcset=\"https:\/\/blogsaverroes.juntadeandalucia.es\/iesalfonsoxi\/files\/2022\/09\/Foto-Rafael-Ortega-Mesa.jpg 307w, https:\/\/blogsaverroes.juntadeandalucia.es\/iesalfonsoxi\/files\/2022\/09\/Foto-Rafael-Ortega-Mesa-244x300.jpg 244w\" sizes=\"(max-width: 85px) 100vw, 85px\" \/><\/a><\/td>\n<td style=\"width: 29.798%;height: 51px\"><span style=\"color: #993366\"><strong>Lengua Castellana y Literatura P.E.S.<\/strong><\/span><\/td>\n<\/tr>\n<tr style=\"height: 48px\">\n<td style=\"width: 37.5421%;height: 48px\"><strong><span style=\"color: #993366\">Ruiz Arenas, Virtudes<\/span><\/strong><\/td>\n<td style=\"width: 16.4983%;height: 48px\">&nbsp;<\/p>\n<p>&nbsp;<\/td>\n<td style=\"width: 29.798%;height: 48px\"><strong><span style=\"color: #993366\">Lengua Castellana y Literatura P.E.S.<\/span><\/strong><\/td>\n<\/tr>\n<tr style=\"height: 142px\">\n<td style=\"width: 37.5421%;height: 88px\"><span style=\"color: #993366\"><b>Moyano Camacho, Ana Mar\u00eda Paula<\/b><\/span><\/td>\n<td style=\"width: 16.4983%;height: 88px\">&nbsp;<\/td>\n<td style=\"width: 29.798%;height: 88px\"><strong><span style=\"color: #993366\">Lengua Castellana y Literatura P.E.S.<\/span><\/strong><\/td>\n<\/tr>\n<tr style=\"height: 48px\">\n<td style=\"width: 37.5421%;height: 48px\"><strong><span style=\"color: #993366\">Rold\u00e1n Vill\u00e9n, Antonia<\/span><\/strong><\/td>\n<td style=\"width: 16.4983%;height: 48px\">&nbsp;<\/p>\n<p>&nbsp;<\/td>\n<td style=\"width: 29.798%;height: 48px\"><strong><span style=\"color: #993366\">Lengua Castellana y Literatura P.E.S.<\/span><\/strong><\/td>\n<\/tr>\n<\/tbody>\n<\/table>\n<p>&nbsp;<\/p>\n<p>Enlace a las Programaciones del Departamento:<\/p>\n<p><a href=\"https:\/\/blogsaverroes.juntadeandalucia.es\/iesalfonsoxi\/files\/2025\/12\/PROGRAMACION-Dpto-Lengua-25-26.pdf\">PROGRAMACI\u00d3N Dpto Lengua 25-26<\/a><\/p>\n<p>&nbsp;<\/p>\n<h5>Lengua Castellana y Literatura<\/h5>\n<p><a href=\"https:\/\/blogsaverroes.juntadeandalucia.es\/iesalfonsoxi\/files\/2018\/10\/lengua.png\"><img decoding=\"async\" class=\" wp-image-3705 alignleft\" src=\"https:\/\/blogsaverroes.juntadeandalucia.es\/iesalfonsoxi\/files\/2018\/10\/lengua-300x156.png\" alt=\"\" width=\"262\" height=\"136\" srcset=\"https:\/\/blogsaverroes.juntadeandalucia.es\/iesalfonsoxi\/files\/2018\/10\/lengua-300x156.png 300w, https:\/\/blogsaverroes.juntadeandalucia.es\/iesalfonsoxi\/files\/2018\/10\/lengua-24x13.png 24w, https:\/\/blogsaverroes.juntadeandalucia.es\/iesalfonsoxi\/files\/2018\/10\/lengua-36x19.png 36w, https:\/\/blogsaverroes.juntadeandalucia.es\/iesalfonsoxi\/files\/2018\/10\/lengua-48x25.png 48w, https:\/\/blogsaverroes.juntadeandalucia.es\/iesalfonsoxi\/files\/2018\/10\/lengua.png 311w\" sizes=\"(max-width: 262px) 100vw, 262px\" \/><\/a><\/p>\n<p style=\"text-align: justify\"><span style=\"font-family: sans-serif\"><span style=\"font-size: medium\"><br \/>\nLa materia Lengua Castellana y Literatura tiene como objetivo el desarrollo de la competencia comunicativa del alumnado, entendida en todas sus vertientes: pragm\u00e1tica, ling\u00fc\u00edstica, socioling\u00fc\u00edstica y literaria. Debe tambi\u00e9n aportar las herramientas y los conocimientos necesarios para desenvolverse satisfactoriamente en cualquier situaci\u00f3n comunicativa de la vida familiar, social y profesional. Esos conocimientos son los que articulan los procesos de comprensi\u00f3n y expresi\u00f3n oral por un lado, y de comprensi\u00f3n y expresi\u00f3n escrita por otro. La estructuraci\u00f3n del pensamiento del ser humano se hace a trav\u00e9s del lenguaje, de ah\u00ed que esa capacidad de comprender y de expresarse sea el mejor y el m\u00e1s eficaz instrumento de aprendizaje.<\/span><\/span><\/p>\n<p>&nbsp;<\/p>\n","protected":false},"excerpt":{"rendered":"<p>&nbsp; &nbsp; &nbsp; Puesto o Especialidad Jefatura de departamento &nbsp; L\u00f3pez M\u00e1rquez, Mar\u00eda Josefa &nbsp; Lengua Castellana y Literatura P.E.S. Componentes &nbsp; Ortega Mesa, Rafael Lengua Castellana y Literatura P.E.S. Ruiz Arenas, Virtudes &nbsp; &nbsp; Lengua Castellana y Literatura P.E.S. Moyano Camacho, Ana Mar\u00eda Paula &nbsp; Lengua Castellana y Literatura P.E.S. Rold\u00e1n Vill\u00e9n, Antonia &nbsp; &hellip; <\/p>\n<p><a class=\"more-link btn\" href=\"https:\/\/blogsaverroes.juntadeandalucia.es\/iesalfonsoxi\/lengua-castellana\/\">Seguir leyendo<\/a><\/p>\n","protected":false},"author":6379,"featured_media":0,"parent":0,"menu_order":0,"comment_status":"closed","ping_status":"closed","template":"","meta":{"ngg_post_thumbnail":0,"footnotes":"","_mc_calendar":[]},"aioseo_notices":[],"_links":{"self":[{"href":"https:\/\/blogsaverroes.juntadeandalucia.es\/iesalfonsoxi\/wp-json\/wp\/v2\/pages\/2936"}],"collection":[{"href":"https:\/\/blogsaverroes.juntadeandalucia.es\/iesalfonsoxi\/wp-json\/wp\/v2\/pages"}],"about":[{"href":"https:\/\/blogsaverroes.juntadeandalucia.es\/iesalfonsoxi\/wp-json\/wp\/v2\/types\/page"}],"author":[{"embeddable":true,"href":"https:\/\/blogsaverroes.juntadeandalucia.es\/iesalfonsoxi\/wp-json\/wp\/v2\/users\/6379"}],"replies":[{"embeddable":true,"href":"https:\/\/blogsaverroes.juntadeandalucia.es\/iesalfonsoxi\/wp-json\/wp\/v2\/comments?post=2936"}],"version-history":[{"count":39,"href":"https:\/\/blogsaverroes.juntadeandalucia.es\/iesalfonsoxi\/wp-json\/wp\/v2\/pages\/2936\/revisions"}],"predecessor-version":[{"id":17731,"href":"https:\/\/blogsaverroes.juntadeandalucia.es\/iesalfonsoxi\/wp-json\/wp\/v2\/pages\/2936\/revisions\/17731"}],"wp:attachment":[{"href":"https:\/\/blogsaverroes.juntadeandalucia.es\/iesalfonsoxi\/wp-json\/wp\/v2\/media?parent=2936"}],"curies":[{"name":"wp","href":"https:\/\/api.w.org\/{rel}","templated":true}]}}