{"id":2951,"date":"2018-10-30T10:13:23","date_gmt":"2018-10-30T10:13:23","guid":{"rendered":"https:\/\/blogsaverroes.juntadeandalucia.es\/iesalfonsoxi\/?page_id=2951"},"modified":"2025-12-15T12:56:31","modified_gmt":"2025-12-15T12:56:31","slug":"fol-y-economia","status":"publish","type":"page","link":"https:\/\/blogsaverroes.juntadeandalucia.es\/iesalfonsoxi\/fol-y-economia\/","title":{"rendered":"Fol y Econom\u00eda"},"content":{"rendered":"<table class=\" aligncenter\" style=\"height: 536px;width: 93.6972%\">\n<tbody>\n<tr style=\"height: 66px\">\n<td style=\"width: 54.7496%;height: 66px\" colspan=\"2\">&nbsp;<\/td>\n<td style=\"width: 43.3506%;height: 66px\" colspan=\"2\" bgcolor=\"#E3CEF6\">\n<h6 style=\"text-align: center\"><span style=\"color: #993366\"><strong>Puesto o Especialidad<\/strong><\/span><\/h6>\n<\/td>\n<\/tr>\n<tr style=\"height: 70px\">\n<td style=\"width: 16.5803%;height: 124px\" bgcolor=\"#E3CEF6\">\n<h6><span style=\"color: #993366\"><strong>Jefatura de departamento<\/strong><\/span><\/h6>\n<\/td>\n<td style=\"width: 38.1693%;height: 124px\"><span style=\"color: #993366\"><strong>Ib\u00e1\u00f1ez Ure\u00f1a, Antonia<\/strong><\/span><\/td>\n<td style=\"width: 17.0984%;height: 124px\"><a href=\"https:\/\/blogsaverroes.juntadeandalucia.es\/iesalfonsoxi\/files\/2018\/10\/ANTONIA-IB\u00c1\u00d1EZ.jpg\"><img decoding=\"async\" class=\"wp-image-3019 aligncenter\" src=\"https:\/\/blogsaverroes.juntadeandalucia.es\/iesalfonsoxi\/files\/2018\/10\/ANTONIA-IB\u00c1\u00d1EZ-240x300.jpg\" alt=\"\" width=\"99\" height=\"124\" srcset=\"https:\/\/blogsaverroes.juntadeandalucia.es\/iesalfonsoxi\/files\/2018\/10\/ANTONIA-IB\u00c1\u00d1EZ-240x300.jpg 240w, https:\/\/blogsaverroes.juntadeandalucia.es\/iesalfonsoxi\/files\/2018\/10\/ANTONIA-IB\u00c1\u00d1EZ-19x24.jpg 19w, https:\/\/blogsaverroes.juntadeandalucia.es\/iesalfonsoxi\/files\/2018\/10\/ANTONIA-IB\u00c1\u00d1EZ-29x36.jpg 29w, https:\/\/blogsaverroes.juntadeandalucia.es\/iesalfonsoxi\/files\/2018\/10\/ANTONIA-IB\u00c1\u00d1EZ-38x48.jpg 38w, https:\/\/blogsaverroes.juntadeandalucia.es\/iesalfonsoxi\/files\/2018\/10\/ANTONIA-IB\u00c1\u00d1EZ.jpg 315w\" sizes=\"(max-width: 99px) 100vw, 99px\" \/><\/a><\/td>\n<td style=\"width: 26.2522%;height: 124px\">&nbsp;<\/p>\n<p><span style=\"color: #993366\"><strong>Econom\u00eda P.E.S<\/strong><\/span><\/p>\n<p><strong><span style=\"color: #993366\">&nbsp;<\/span><\/strong><\/td>\n<\/tr>\n<tr style=\"height: 106px\">\n<td style=\"width: 16.5803%;height: 256px;vertical-align: middle\" rowspan=\"2\" bgcolor=\"#E3CEF6\">\n<h6><span style=\"color: #993366\"><strong>Componente<\/strong><\/span><\/h6>\n<h6><strong>&nbsp;<\/strong><\/h6>\n<\/td>\n<td style=\"width: 38.1693%;height: 190px\"><span style=\"color: #993366\"><b>Garc\u00eda L\u00f3pez, Mar\u00eda Jos\u00e9<\/b><\/span><\/td>\n<td style=\"width: 17.0984%;height: 190px\">&nbsp;<\/td>\n<td style=\"width: 26.2522%;height: 190px\"><strong><span style=\"color: #993366\">Econom\u00eda P.E.S<\/span><\/strong><\/td>\n<\/tr>\n<tr style=\"height: 66px\">\n<td style=\"width: 38.1693%;height: 66px\"><span style=\"color: #993366\"><b>Mesa Castillo, Francisco Jos\u00e9<\/b><\/span><\/td>\n<td style=\"width: 17.0984%;height: 66px\">&nbsp;<\/td>\n<td style=\"width: 26.2522%;height: 66px\"><strong><span style=\"color: #993366\">Formaci\u00f3n y Orientaci\u00f3n Laboral P.E.S.<\/span><\/strong><\/td>\n<\/tr>\n<\/tbody>\n<\/table>\n<p>&nbsp;<\/p>\n<p><strong>Programaciones del Departamento (curso 2025-26):<\/strong><\/p>\n<p><a href=\"https:\/\/blogsaverroes.juntadeandalucia.es\/iesalfonsoxi\/files\/2025\/12\/PROGRAMACION-Dpto-ECONOMIA-Y-FOL-25-26.pdf\">PROGRAMACI\u00d3N Dpto ECONOMIA Y FOL 25-26<\/a><\/p>\n<p><a href=\"https:\/\/blogsaverroes.juntadeandalucia.es\/iesalfonsoxi\/files\/2025\/12\/PROGRAMACION-Dpto-.-AMBITO-CT-3o-ESO-25-26.pdf\">PROGRAMACI\u00d3N Dpto &#8230; \u00c1MBITO CT 3\u00ba ESO 25-26<\/a><\/p>\n<p>&nbsp;<\/p>\n<div class=\"entry-content cf\">\n<div><img fetchpriority=\"high\" decoding=\"async\" class=\"aligncenter size-medium wp-image-2035\" src=\"http:\/\/blogsaverroes.juntadeandalucia.es\/temafrontieries\/files\/2015\/03\/economia-300x212.jpg\" alt=\"economia\" width=\"300\" height=\"212\" srcset=\"https:\/\/blogsaverroes.juntadeandalucia.es\/iesalfonsoxi\/files\/2015\/03\/economia-300x212.jpg 300w, https:\/\/blogsaverroes.juntadeandalucia.es\/iesalfonsoxi\/files\/2015\/03\/economia.jpg 640w\" sizes=\"(max-width: 300px) 100vw, 300px\" \/><\/div>\n<p><strong>Econom\u00eda<\/strong><br \/>\n<div class=\"pt-cv-wrapper\"><div class=\"pt-cv-view pt-cv-scrollable pt-cv-colsys\" id=\"pt-cv-view-02ccc4a7kv\"><div data-id=\"pt-cv-page-1\" class=\"pt-cv-page\" data-cvc=\"1\"><div id=\"a4a192amzi\" class=\"pt-cv-carousel pt-cv-slide\" data-ride=\"cvcarousel\" data-interval=false><ol class=\"pt-cv-carousel-indicators\"><li data-target=\"#a4a192amzi\" data-cvslide-to=\"0\" class=\"active\"><\/li>\n<li data-target=\"#a4a192amzi\" data-cvslide-to=\"1\" class=\"\"><\/li>\n<li data-target=\"#a4a192amzi\" data-cvslide-to=\"2\" class=\"\"><\/li>\n<li data-target=\"#a4a192amzi\" data-cvslide-to=\"3\" class=\"\"><\/li>\n<li data-target=\"#a4a192amzi\" data-cvslide-to=\"4\" class=\"\"><\/li>\n<li data-target=\"#a4a192amzi\" data-cvslide-to=\"5\" class=\"\"><\/li>\n<li data-target=\"#a4a192amzi\" data-cvslide-to=\"6\" class=\"\"><\/li>\n<li data-target=\"#a4a192amzi\" data-cvslide-to=\"7\" class=\"\"><\/li>\n<li data-target=\"#a4a192amzi\" data-cvslide-to=\"8\" class=\"\"><\/li>\n<li data-target=\"#a4a192amzi\" data-cvslide-to=\"9\" class=\"\"><\/li><\/ol>\n<div class=\"carousel-inner\"><div class=\"item active\"><div class=\"row\"><div class=\"col-md-12 pt-cv-content-item pt-cv-1-col\" ><div class=\"pt-cv-carousel-caption pt-cv-cap-wo-img\"><a href=\"https:\/\/blogsaverroes.juntadeandalucia.es\/iesalfonsoxi\/2025\/01\/09\/viaje-economia-y-fol\/\" class=\"_self pt-cv-href-thumbnail pt-cv-thumb-default\" target=\"_self\" ><\/a>\n<h4 class=\"pt-cv-title\"><a href=\"https:\/\/blogsaverroes.juntadeandalucia.es\/iesalfonsoxi\/2025\/01\/09\/viaje-economia-y-fol\/\" class=\"_self\" target=\"_self\" >Viaje Econom\u00eda y FOL<\/a><\/h4>\n<div class=\"pt-cv-content\">El pasado 19 de diciembre, y para celebrar el final de trimestre, las profesoras del departamento de Econom\u00eda y F.O.L ...<br \/><div class=\"pt-cv-rmwrap\"><a href=\"https:\/\/blogsaverroes.juntadeandalucia.es\/iesalfonsoxi\/2025\/01\/09\/viaje-economia-y-fol\/\" class=\"_self pt-cv-readmore btn btn-success\" target=\"_self\">Leer M\u00e1s<\/a><\/div><\/div><\/div><\/div><\/div><\/div>\n<div class=\"item\"><div class=\"row\"><div class=\"col-md-12 pt-cv-content-item pt-cv-1-col\" ><div class=\"pt-cv-carousel-caption pt-cv-cap-wo-img\"><a href=\"https:\/\/blogsaverroes.juntadeandalucia.es\/iesalfonsoxi\/2024\/11\/05\/28-de-octubre-dia-de-la-empresa-andaluza\/\" class=\"_self pt-cv-href-thumbnail pt-cv-thumb-default\" target=\"_self\" ><\/a>\n<h4 class=\"pt-cv-title\"><a href=\"https:\/\/blogsaverroes.juntadeandalucia.es\/iesalfonsoxi\/2024\/11\/05\/28-de-octubre-dia-de-la-empresa-andaluza\/\" class=\"_self\" target=\"_self\" >28 de octubre: d\u00eda de la empresa andaluza.<\/a><\/h4>\n<div class=\"pt-cv-content\">El 28 de octubre celebramos el d\u00eda de la empresa andaluza. Con motivo de tal celebraci\u00f3n, el alumnado del departamento ...<br \/><div class=\"pt-cv-rmwrap\"><a href=\"https:\/\/blogsaverroes.juntadeandalucia.es\/iesalfonsoxi\/2024\/11\/05\/28-de-octubre-dia-de-la-empresa-andaluza\/\" class=\"_self pt-cv-readmore btn btn-success\" target=\"_self\">Leer M\u00e1s<\/a><\/div><\/div><\/div><\/div><\/div><\/div>\n<div class=\"item\"><div class=\"row\"><div class=\"col-md-12 pt-cv-content-item pt-cv-1-col\" ><a href=\"https:\/\/blogsaverroes.juntadeandalucia.es\/iesalfonsoxi\/2022\/04\/26\/visita-a-la-empresa-software-del-sol\/\" class=\"_self pt-cv-href-thumbnail pt-cv-thumb-default\" target=\"_self\" ><img decoding=\"async\" width=\"150\" height=\"150\" src=\"https:\/\/blogsaverroes.juntadeandalucia.es\/iesalfonsoxi\/files\/2022\/04\/foto-Antonia-Ib\u00e1\u00f1ez-Ure\u00f1a-1-150x150.jpg\" class=\"pt-cv-thumbnail\" alt=\"\" srcset=\"https:\/\/blogsaverroes.juntadeandalucia.es\/iesalfonsoxi\/files\/2022\/04\/foto-Antonia-Ib\u00e1\u00f1ez-Ure\u00f1a-1-150x150.jpg 150w, https:\/\/blogsaverroes.juntadeandalucia.es\/iesalfonsoxi\/files\/2022\/04\/foto-Antonia-Ib\u00e1\u00f1ez-Ure\u00f1a-1-300x300.jpg 300w, https:\/\/blogsaverroes.juntadeandalucia.es\/iesalfonsoxi\/files\/2022\/04\/foto-Antonia-Ib\u00e1\u00f1ez-Ure\u00f1a-1-1024x1024.jpg 1024w, https:\/\/blogsaverroes.juntadeandalucia.es\/iesalfonsoxi\/files\/2022\/04\/foto-Antonia-Ib\u00e1\u00f1ez-Ure\u00f1a-1-768x768.jpg 768w, https:\/\/blogsaverroes.juntadeandalucia.es\/iesalfonsoxi\/files\/2022\/04\/foto-Antonia-Ib\u00e1\u00f1ez-Ure\u00f1a-1-1536x1536.jpg 1536w, https:\/\/blogsaverroes.juntadeandalucia.es\/iesalfonsoxi\/files\/2022\/04\/foto-Antonia-Ib\u00e1\u00f1ez-Ure\u00f1a-1-2048x2048.jpg 2048w, https:\/\/blogsaverroes.juntadeandalucia.es\/iesalfonsoxi\/files\/2022\/04\/foto-Antonia-Ib\u00e1\u00f1ez-Ure\u00f1a-1-50x50.jpg 50w, https:\/\/blogsaverroes.juntadeandalucia.es\/iesalfonsoxi\/files\/2022\/04\/foto-Antonia-Ib\u00e1\u00f1ez-Ure\u00f1a-1-scaled.jpg 1600w\" sizes=\"(max-width: 150px) 100vw, 150px\" \/><\/a>\n<div class=\"pt-cv-carousel-caption pt-cv-cap-w-img\"><h4 class=\"pt-cv-title\"><a href=\"https:\/\/blogsaverroes.juntadeandalucia.es\/iesalfonsoxi\/2022\/04\/26\/visita-a-la-empresa-software-del-sol\/\" class=\"_self\" target=\"_self\" >Visita a la empresa Software del Sol<\/a><\/h4>\n<div class=\"pt-cv-content\">El pasado lunes, 25 de abril, el alumnado de los Ciclos Formativos de Inform\u00e1tica, y de Cultura Emprendedora de 1\u00ba ...<br \/><div class=\"pt-cv-rmwrap\"><a href=\"https:\/\/blogsaverroes.juntadeandalucia.es\/iesalfonsoxi\/2022\/04\/26\/visita-a-la-empresa-software-del-sol\/\" class=\"_self pt-cv-readmore btn btn-success\" target=\"_self\">Leer M\u00e1s<\/a><\/div><\/div><\/div><\/div><\/div><\/div>\n<div class=\"item\"><div class=\"row\"><div class=\"col-md-12 pt-cv-content-item pt-cv-1-col\" ><a href=\"https:\/\/blogsaverroes.juntadeandalucia.es\/iesalfonsoxi\/2022\/02\/22\/visita-al-cade-de-alcala-la-real\/\" class=\"_self pt-cv-href-thumbnail pt-cv-thumb-default\" target=\"_self\" ><img loading=\"lazy\" decoding=\"async\" width=\"150\" height=\"150\" src=\"https:\/\/blogsaverroes.juntadeandalucia.es\/iesalfonsoxi\/files\/2022\/02\/EC2F1DF2-F03B-4144-89A0-CFD495D2ED8B-Emilio-Jes\u00fas-Mart\u00ednez-Cantarero-150x150.jpeg\" class=\"pt-cv-thumbnail\" alt=\"\" srcset=\"https:\/\/blogsaverroes.juntadeandalucia.es\/iesalfonsoxi\/files\/2022\/02\/EC2F1DF2-F03B-4144-89A0-CFD495D2ED8B-Emilio-Jes\u00fas-Mart\u00ednez-Cantarero-150x150.jpeg 150w, https:\/\/blogsaverroes.juntadeandalucia.es\/iesalfonsoxi\/files\/2022\/02\/EC2F1DF2-F03B-4144-89A0-CFD495D2ED8B-Emilio-Jes\u00fas-Mart\u00ednez-Cantarero-50x50.jpeg 50w\" sizes=\"(max-width: 150px) 100vw, 150px\" \/><\/a>\n<div class=\"pt-cv-carousel-caption pt-cv-cap-w-img\"><h4 class=\"pt-cv-title\"><a href=\"https:\/\/blogsaverroes.juntadeandalucia.es\/iesalfonsoxi\/2022\/02\/22\/visita-al-cade-de-alcala-la-real\/\" class=\"_self\" target=\"_self\" >Visita al CADE de Alcal\u00e1 la Real<\/a><\/h4>\n<div class=\"pt-cv-content\">El viernes 18 de febrero el grupo de Empresa e Iniciativa Emprendedora de 2\u00ba del T\u00e9cnico Superior en Desarrollo de ...<br \/><div class=\"pt-cv-rmwrap\"><a href=\"https:\/\/blogsaverroes.juntadeandalucia.es\/iesalfonsoxi\/2022\/02\/22\/visita-al-cade-de-alcala-la-real\/\" class=\"_self pt-cv-readmore btn btn-success\" target=\"_self\">Leer M\u00e1s<\/a><\/div><\/div><\/div><\/div><\/div><\/div>\n<div class=\"item\"><div class=\"row\"><div class=\"col-md-12 pt-cv-content-item pt-cv-1-col\" ><a href=\"https:\/\/blogsaverroes.juntadeandalucia.es\/iesalfonsoxi\/2021\/11\/23\/las-habilidades-os-hacen-mas-fuertes-3o-insignia-conseguida\/\" class=\"_self pt-cv-href-thumbnail pt-cv-thumb-default\" target=\"_self\" ><img loading=\"lazy\" decoding=\"async\" width=\"150\" height=\"150\" src=\"https:\/\/blogsaverroes.juntadeandalucia.es\/iesalfonsoxi\/files\/2021\/11\/3\u00aa-Insignia.-Habilideitor-150x150.jpeg\" class=\"pt-cv-thumbnail\" alt=\"\" srcset=\"https:\/\/blogsaverroes.juntadeandalucia.es\/iesalfonsoxi\/files\/2021\/11\/3\u00aa-Insignia.-Habilideitor-150x150.jpeg 150w, https:\/\/blogsaverroes.juntadeandalucia.es\/iesalfonsoxi\/files\/2021\/11\/3\u00aa-Insignia.-Habilideitor-300x300.jpeg 300w, https:\/\/blogsaverroes.juntadeandalucia.es\/iesalfonsoxi\/files\/2021\/11\/3\u00aa-Insignia.-Habilideitor-50x50.jpeg 50w, https:\/\/blogsaverroes.juntadeandalucia.es\/iesalfonsoxi\/files\/2021\/11\/3\u00aa-Insignia.-Habilideitor.jpeg 500w\" sizes=\"(max-width: 150px) 100vw, 150px\" \/><\/a>\n<div class=\"pt-cv-carousel-caption pt-cv-cap-w-img\"><h4 class=\"pt-cv-title\"><a href=\"https:\/\/blogsaverroes.juntadeandalucia.es\/iesalfonsoxi\/2021\/11\/23\/las-habilidades-os-hacen-mas-fuertes-3o-insignia-conseguida\/\" class=\"_self\" target=\"_self\" >Las habilidades os hacen m\u00e1s fuertes. 3\u00ba insignia conseguida<\/a><\/h4>\n<div class=\"pt-cv-content\">Hemos avanzando en el concurso Empresa con Clase, con nuestro alumnado de 2\u00ba del ciclo de grado medio de Inform\u00e1tica ...<br \/><div class=\"pt-cv-rmwrap\"><a href=\"https:\/\/blogsaverroes.juntadeandalucia.es\/iesalfonsoxi\/2021\/11\/23\/las-habilidades-os-hacen-mas-fuertes-3o-insignia-conseguida\/\" class=\"_self pt-cv-readmore btn btn-success\" target=\"_self\">Leer M\u00e1s<\/a><\/div><\/div><\/div><\/div><\/div><\/div>\n<div class=\"item\"><div class=\"row\"><div class=\"col-md-12 pt-cv-content-item pt-cv-1-col\" ><a href=\"https:\/\/blogsaverroes.juntadeandalucia.es\/iesalfonsoxi\/2021\/11\/19\/prototipando-nuestras-ideas-de-negocio-con-lego-serious-play\/\" class=\"_self pt-cv-href-thumbnail pt-cv-thumb-default\" target=\"_self\" ><img loading=\"lazy\" decoding=\"async\" width=\"150\" height=\"150\" src=\"https:\/\/blogsaverroes.juntadeandalucia.es\/iesalfonsoxi\/files\/2021\/11\/WhatsApp-Image-2021-11-19-at-11.22.16-Emilio-Jes\u00fas-Mart\u00ednez-Cantarero-150x150.jpeg\" class=\"pt-cv-thumbnail\" alt=\"\" srcset=\"https:\/\/blogsaverroes.juntadeandalucia.es\/iesalfonsoxi\/files\/2021\/11\/WhatsApp-Image-2021-11-19-at-11.22.16-Emilio-Jes\u00fas-Mart\u00ednez-Cantarero-150x150.jpeg 150w, https:\/\/blogsaverroes.juntadeandalucia.es\/iesalfonsoxi\/files\/2021\/11\/WhatsApp-Image-2021-11-19-at-11.22.16-Emilio-Jes\u00fas-Mart\u00ednez-Cantarero-50x50.jpeg 50w\" sizes=\"(max-width: 150px) 100vw, 150px\" \/><\/a>\n<div class=\"pt-cv-carousel-caption pt-cv-cap-w-img\"><h4 class=\"pt-cv-title\"><a href=\"https:\/\/blogsaverroes.juntadeandalucia.es\/iesalfonsoxi\/2021\/11\/19\/prototipando-nuestras-ideas-de-negocio-con-lego-serious-play\/\" class=\"_self\" target=\"_self\" >Prototipando nuestras ideas de negocio con LEGO SERIOUS PLAY<\/a><\/h4>\n<div class=\"pt-cv-content\">En el m\u00f3dulo profesional de Empresa e Iniciativa Emprendedora hemos comenzado a prototipar nuestras ideas de negocio. Este proceso nos ...<br \/><div class=\"pt-cv-rmwrap\"><a href=\"https:\/\/blogsaverroes.juntadeandalucia.es\/iesalfonsoxi\/2021\/11\/19\/prototipando-nuestras-ideas-de-negocio-con-lego-serious-play\/\" class=\"_self pt-cv-readmore btn btn-success\" target=\"_self\">Leer M\u00e1s<\/a><\/div><\/div><\/div><\/div><\/div><\/div>\n<div class=\"item\"><div class=\"row\"><div class=\"col-md-12 pt-cv-content-item pt-cv-1-col\" ><a href=\"https:\/\/blogsaverroes.juntadeandalucia.es\/iesalfonsoxi\/2021\/11\/17\/empresa-con-clase\/\" class=\"_self pt-cv-href-thumbnail pt-cv-thumb-default\" target=\"_self\" ><img loading=\"lazy\" decoding=\"async\" width=\"150\" height=\"150\" src=\"https:\/\/blogsaverroes.juntadeandalucia.es\/iesalfonsoxi\/files\/2021\/11\/unnamed-150x150.jpg\" class=\"pt-cv-thumbnail\" alt=\"\" srcset=\"https:\/\/blogsaverroes.juntadeandalucia.es\/iesalfonsoxi\/files\/2021\/11\/unnamed-150x150.jpg 150w, https:\/\/blogsaverroes.juntadeandalucia.es\/iesalfonsoxi\/files\/2021\/11\/unnamed-50x50.jpg 50w\" sizes=\"(max-width: 150px) 100vw, 150px\" \/><\/a>\n<div class=\"pt-cv-carousel-caption pt-cv-cap-w-img\"><h4 class=\"pt-cv-title\"><a href=\"https:\/\/blogsaverroes.juntadeandalucia.es\/iesalfonsoxi\/2021\/11\/17\/empresa-con-clase\/\" class=\"_self\" target=\"_self\" >\u00a1\u00a1Empresa con Clase!!<\/a><\/h4>\n<div class=\"pt-cv-content\">Hemos avanzando en el concurso Empresa con Clase, con nuestro alumnado de 2\u00ba del ciclo de grado medio de Inform\u00e1tica ...<br \/><div class=\"pt-cv-rmwrap\"><a href=\"https:\/\/blogsaverroes.juntadeandalucia.es\/iesalfonsoxi\/2021\/11\/17\/empresa-con-clase\/\" class=\"_self pt-cv-readmore btn btn-success\" target=\"_self\">Leer M\u00e1s<\/a><\/div><\/div><\/div><\/div><\/div><\/div>\n<div class=\"item\"><div class=\"row\"><div class=\"col-md-12 pt-cv-content-item pt-cv-1-col\" ><a href=\"https:\/\/blogsaverroes.juntadeandalucia.es\/iesalfonsoxi\/2020\/12\/10\/practicamos-rcp-al-ritmo-de-stayin-alive-de-los-bee-gees\/\" class=\"_self pt-cv-href-thumbnail pt-cv-thumb-default\" target=\"_self\" ><img loading=\"lazy\" decoding=\"async\" width=\"150\" height=\"150\" src=\"https:\/\/blogsaverroes.juntadeandalucia.es\/iesalfonsoxi\/files\/2020\/12\/IMG_0555-1-150x150.jpg\" class=\"pt-cv-thumbnail\" alt=\"\" srcset=\"https:\/\/blogsaverroes.juntadeandalucia.es\/iesalfonsoxi\/files\/2020\/12\/IMG_0555-1-150x150.jpg 150w, https:\/\/blogsaverroes.juntadeandalucia.es\/iesalfonsoxi\/files\/2020\/12\/IMG_0555-1-100x100.jpg 100w, https:\/\/blogsaverroes.juntadeandalucia.es\/iesalfonsoxi\/files\/2020\/12\/IMG_0555-1-50x50.jpg 50w\" sizes=\"(max-width: 150px) 100vw, 150px\" \/><\/a>\n<div class=\"pt-cv-carousel-caption pt-cv-cap-w-img\"><h4 class=\"pt-cv-title\"><a href=\"https:\/\/blogsaverroes.juntadeandalucia.es\/iesalfonsoxi\/2020\/12\/10\/practicamos-rcp-al-ritmo-de-stayin-alive-de-los-bee-gees\/\" class=\"_self\" target=\"_self\" >Practicamos RCP al ritmo de Stayin\u2019 Alive de los Bee Gees<\/a><\/h4>\n<div class=\"pt-cv-content\">En el m\u00f3dulo profesional de FOL de nuestros ciclos estamos trabajando los primeros auxilios. En la clase de hoy, hemos ...<br \/><div class=\"pt-cv-rmwrap\"><a href=\"https:\/\/blogsaverroes.juntadeandalucia.es\/iesalfonsoxi\/2020\/12\/10\/practicamos-rcp-al-ritmo-de-stayin-alive-de-los-bee-gees\/\" class=\"_self pt-cv-readmore btn btn-success\" target=\"_self\">Leer M\u00e1s<\/a><\/div><\/div><\/div><\/div><\/div><\/div>\n<div class=\"item\"><div class=\"row\"><div class=\"col-md-12 pt-cv-content-item pt-cv-1-col\" ><div class=\"pt-cv-carousel-caption pt-cv-cap-wo-img\"><a href=\"https:\/\/blogsaverroes.juntadeandalucia.es\/iesalfonsoxi\/2019\/03\/05\/acto-de-entrega-de-recaudacion-solidaria-a-aupa\/\" class=\"_self pt-cv-href-thumbnail pt-cv-thumb-default\" target=\"_self\" ><\/a>\n<h4 class=\"pt-cv-title\"><a href=\"https:\/\/blogsaverroes.juntadeandalucia.es\/iesalfonsoxi\/2019\/03\/05\/acto-de-entrega-de-recaudacion-solidaria-a-aupa\/\" class=\"_self\" target=\"_self\" >Acto de entrega de recaudaci\u00f3n solidaria a AUPA<\/a><\/h4>\n<div class=\"pt-cv-content\">Hoy ha tenido lugar en la biblioteca de nuestro centro, la entrega de la recaudaci\u00f3n solidaria de 165\u20ac, realizada con ...<br \/><div class=\"pt-cv-rmwrap\"><a href=\"https:\/\/blogsaverroes.juntadeandalucia.es\/iesalfonsoxi\/2019\/03\/05\/acto-de-entrega-de-recaudacion-solidaria-a-aupa\/\" class=\"_self pt-cv-readmore btn btn-success\" target=\"_self\">Leer M\u00e1s<\/a><\/div><\/div><\/div><\/div><\/div><\/div>\n<div class=\"item\"><div class=\"row\"><div class=\"col-md-12 pt-cv-content-item pt-cv-1-col\" ><div class=\"pt-cv-carousel-caption pt-cv-cap-wo-img\"><a href=\"https:\/\/blogsaverroes.juntadeandalucia.es\/iesalfonsoxi\/2019\/02\/13\/programa-epes\/\" class=\"_self pt-cv-href-thumbnail pt-cv-thumb-default\" target=\"_self\" ><\/a>\n<h4 class=\"pt-cv-title\"><a href=\"https:\/\/blogsaverroes.juntadeandalucia.es\/iesalfonsoxi\/2019\/02\/13\/programa-epes\/\" class=\"_self\" target=\"_self\" >Programa EPES<\/a><\/h4>\n<div class=\"pt-cv-content\">Esta ma\u00f1ana nuestro alumnado de 2\u00ba de grado medio y superior ha recibido una charla de parte de Mar\u00eda Dolores ...<br \/><div class=\"pt-cv-rmwrap\"><a href=\"https:\/\/blogsaverroes.juntadeandalucia.es\/iesalfonsoxi\/2019\/02\/13\/programa-epes\/\" class=\"_self pt-cv-readmore btn btn-success\" target=\"_self\">Leer M\u00e1s<\/a><\/div><\/div><\/div><\/div><\/div><\/div><\/div>\n<a class=\"left carousel-control\" data-target=\"#a4a192amzi\" data-cvslide=\"prev\">\r\n\t\t\t\t\t\t<span class=\"glyphicon glyphicon-chevron-left\"><\/span>\r\n\t\t\t\t\t<\/a>\r\n\t\t\t\t\t<a class=\"right carousel-control\" data-target=\"#a4a192amzi\" data-cvslide=\"next\">\r\n\t\t\t\t\t\t<span class=\"glyphicon glyphicon-chevron-right\"><\/span>\r\n\t\t\t\t\t<\/a><\/div><\/div><\/div><\/div>\n<p style=\"text-align: justify\">El estudio y la formaci\u00f3n en econom\u00eda se hacen absolutamente necesarios en un contexto muy globalizado, en el que las relaciones econ\u00f3micas son cada vez m\u00e1s complejas. La econom\u00eda est\u00e1 presente en todos los aspectos de nuestra vida cotidiana, cualquier ciudadano necesita conocer las reglas b\u00e1sicas que explican los acontecimientos econ\u00f3micos y el lenguaje espec\u00edfico que es utilizado por los economistas y los medios de comunicaci\u00f3n para analizar esos hechos. La realidad no puede entenderse correctamente sin considerar el comportamiento econ\u00f3mico, individual y colectivo, de las personas en la b\u00fasqueda de la satisfacci\u00f3n de sus necesidades, as\u00ed como la producci\u00f3n y organizaci\u00f3n de los bienes y servicios que se necesitan para ello, y la distribuci\u00f3n de los recursos escasos.<\/p>\n<p style=\"text-align: justify\">&nbsp;<\/p>\n<p style=\"text-align: justify\"><strong>Econom\u00eda de la Empresa<\/strong><\/p>\n<p style=\"text-align: justify\">La Econom\u00eda de la Empresa estudia y analiza respuestas para los problemas econ\u00f3micos que se plantean en el seno de la empresa; su objetivo es avanzar en el an\u00e1lisis de la moderna organizaci\u00f3n y administraci\u00f3n de empresas, con un enfoque completo y actualizado.<\/p>\n<\/div>\n<p>&nbsp;<\/p>\n","protected":false},"excerpt":{"rendered":"<p>&nbsp; Puesto o Especialidad Jefatura de departamento Ib\u00e1\u00f1ez Ure\u00f1a, Antonia &nbsp; Econom\u00eda P.E.S &nbsp; Componente &nbsp; Garc\u00eda L\u00f3pez, Mar\u00eda Jos\u00e9 &nbsp; Econom\u00eda P.E.S Mesa Castillo, Francisco Jos\u00e9 &nbsp; Formaci\u00f3n y Orientaci\u00f3n Laboral P.E.S. &nbsp; Programaciones del Departamento (curso 2025-26): PROGRAMACI\u00d3N Dpto ECONOMIA Y FOL 25-26 PROGRAMACI\u00d3N Dpto &#8230; \u00c1MBITO CT 3\u00ba ESO 25-26 &nbsp; Econom\u00eda &hellip; <\/p>\n<p><a class=\"more-link btn\" href=\"https:\/\/blogsaverroes.juntadeandalucia.es\/iesalfonsoxi\/fol-y-economia\/\">Seguir leyendo<\/a><\/p>\n","protected":false},"author":6379,"featured_media":0,"parent":0,"menu_order":0,"comment_status":"closed","ping_status":"closed","template":"","meta":{"ngg_post_thumbnail":0,"footnotes":"","_mc_calendar":[]},"aioseo_notices":[],"_links":{"self":[{"href":"https:\/\/blogsaverroes.juntadeandalucia.es\/iesalfonsoxi\/wp-json\/wp\/v2\/pages\/2951"}],"collection":[{"href":"https:\/\/blogsaverroes.juntadeandalucia.es\/iesalfonsoxi\/wp-json\/wp\/v2\/pages"}],"about":[{"href":"https:\/\/blogsaverroes.juntadeandalucia.es\/iesalfonsoxi\/wp-json\/wp\/v2\/types\/page"}],"author":[{"embeddable":true,"href":"https:\/\/blogsaverroes.juntadeandalucia.es\/iesalfonsoxi\/wp-json\/wp\/v2\/users\/6379"}],"replies":[{"embeddable":true,"href":"https:\/\/blogsaverroes.juntadeandalucia.es\/iesalfonsoxi\/wp-json\/wp\/v2\/comments?post=2951"}],"version-history":[{"count":40,"href":"https:\/\/blogsaverroes.juntadeandalucia.es\/iesalfonsoxi\/wp-json\/wp\/v2\/pages\/2951\/revisions"}],"predecessor-version":[{"id":17750,"href":"https:\/\/blogsaverroes.juntadeandalucia.es\/iesalfonsoxi\/wp-json\/wp\/v2\/pages\/2951\/revisions\/17750"}],"wp:attachment":[{"href":"https:\/\/blogsaverroes.juntadeandalucia.es\/iesalfonsoxi\/wp-json\/wp\/v2\/media?parent=2951"}],"curies":[{"name":"wp","href":"https:\/\/api.w.org\/{rel}","templated":true}]}}