{"id":3030,"date":"2018-10-09T16:07:14","date_gmt":"2018-10-09T16:07:14","guid":{"rendered":"https:\/\/blogsaverroes.juntadeandalucia.es\/iesalfonsoxi\/?page_id=3030"},"modified":"2025-12-15T13:14:05","modified_gmt":"2025-12-15T13:14:05","slug":"informatica-2","status":"publish","type":"page","link":"https:\/\/blogsaverroes.juntadeandalucia.es\/iesalfonsoxi\/informatica-2\/","title":{"rendered":"Inform\u00e1tica"},"content":{"rendered":"<table class=\" aligncenter\" style=\"height: 1107px;width: 100.19%\">\n<tbody>\n<tr style=\"height: 21px\">\n<td style=\"width: 53.3784%;height: 21px\" colspan=\"2\">&nbsp;<\/td>\n<td style=\"width: 57.1315%;height: 21px\" colspan=\"2\" bgcolor=\"#E3CEF6\">\n<h6 style=\"text-align: center\"><span style=\"color: #993366\"><strong>Puesto o Especialidad<\/strong><\/span><\/h6>\n<\/td>\n<\/tr>\n<tr style=\"height: 108.648px\">\n<td style=\"width: 13.2572%;height: 108px\" bgcolor=\"#E3CEF6\">\n<h6><span style=\"color: #993366\"><strong>Jefatura de departamento<\/strong><\/span><\/h6>\n<\/td>\n<td style=\"width: 40.1212%;height: 108px\"><span style=\"color: #993366\"><b>Lozano Vico, Clara Bel\u00e9n<\/b><\/span><\/td>\n<td style=\"width: 20.6081%;height: 108px\">&nbsp;<\/td>\n<td style=\"width: 36.5234%;height: 108px\"><strong><span style=\"color: #993366\">Inform\u00e1tica P.E.S.<\/span><\/strong><\/td>\n<\/tr>\n<tr style=\"height: 95px\">\n<td style=\"width: 13.2572%;background-color: #e3cef6;height: 585px\" rowspan=\"8\">\n<h6><strong>&nbsp;<\/strong><\/h6>\n<h6><span style=\"color: #993366\"><strong>Componentes<\/strong><\/span><\/h6>\n<\/td>\n<td style=\"width: 40.1212%;height: 95px\"><strong><span style=\"color: #993366\">Ruiz Guevara, Pablo<br \/>\n<\/span><\/strong><\/td>\n<td style=\"width: 20.6081%;height: 95px\"><a href=\"https:\/\/blogsaverroes.juntadeandalucia.es\/iesalfonsoxi\/files\/2018\/10\/Pablo-Ruiz.jpg\"><img decoding=\"async\" class=\"wp-image-3235 aligncenter\" src=\"https:\/\/blogsaverroes.juntadeandalucia.es\/iesalfonsoxi\/files\/2018\/10\/Pablo-Ruiz.jpg\" alt=\"\" width=\"95\" height=\"100\" srcset=\"https:\/\/blogsaverroes.juntadeandalucia.es\/iesalfonsoxi\/files\/2018\/10\/Pablo-Ruiz.jpg 132w, https:\/\/blogsaverroes.juntadeandalucia.es\/iesalfonsoxi\/files\/2018\/10\/Pablo-Ruiz-24x24.jpg 24w, https:\/\/blogsaverroes.juntadeandalucia.es\/iesalfonsoxi\/files\/2018\/10\/Pablo-Ruiz-34x36.jpg 34w, https:\/\/blogsaverroes.juntadeandalucia.es\/iesalfonsoxi\/files\/2018\/10\/Pablo-Ruiz-46x48.jpg 46w\" sizes=\"(max-width: 95px) 100vw, 95px\" \/><\/a><\/td>\n<td style=\"width: 36.5234%;height: 95px\"><strong><span style=\"color: #993366\">Inform\u00e1tica P.E.S.<\/span><\/strong><\/td>\n<\/tr>\n<tr style=\"height: 76px\">\n<td style=\"width: 40.1212%;height: 76px\">&nbsp;<\/p>\n<p><strong><span style=\"color: #993366\">Lara Ramos, Miguel Ignacio<\/span><\/strong><\/p>\n<p><strong><span style=\"color: #993366\">&nbsp;<\/span><\/strong><\/td>\n<td style=\"width: 20.6081%;height: 76px\">&nbsp;<\/td>\n<td style=\"width: 36.5234%;height: 76px\"><strong><span style=\"color: #993366\">Inform\u00e1tica P.E.S.<\/span><\/strong><\/td>\n<\/tr>\n<tr style=\"height: 87px\">\n<td style=\"width: 40.1212%;height: 87px\"><strong><span style=\"color: #993366\">Reyes Jim\u00e9nez, Manuel<\/span><\/strong><\/td>\n<td style=\"width: 20.6081%;height: 87px\">&nbsp;<\/td>\n<td style=\"width: 36.5234%;height: 87px\"><strong><span style=\"color: #993366\">Sistemas y Aplic. Inform\u00e1ticos P.T.F.P.<\/span><\/strong><\/td>\n<\/tr>\n<tr style=\"height: 88px\">\n<td style=\"width: 40.1212%;height: 88px\"><strong><span style=\"color: #993366\">Mu\u00f1oz Mu\u00f1oz, Mar\u00eda Dolores<\/span><\/strong><\/td>\n<td style=\"width: 20.6081%;height: 88px\"><a href=\"https:\/\/blogsaverroes.juntadeandalucia.es\/iesalfonsoxi\/files\/2021\/09\/loli.png\"><img decoding=\"async\" class=\"aligncenter wp-image-11073\" src=\"https:\/\/blogsaverroes.juntadeandalucia.es\/iesalfonsoxi\/files\/2021\/09\/loli.png\" alt=\"\" width=\"110\" height=\"110\" srcset=\"https:\/\/blogsaverroes.juntadeandalucia.es\/iesalfonsoxi\/files\/2021\/09\/loli.png 190w, https:\/\/blogsaverroes.juntadeandalucia.es\/iesalfonsoxi\/files\/2021\/09\/loli-150x150.png 150w, https:\/\/blogsaverroes.juntadeandalucia.es\/iesalfonsoxi\/files\/2021\/09\/loli-50x50.png 50w\" sizes=\"(max-width: 110px) 100vw, 110px\" \/><\/a><\/td>\n<td style=\"width: 36.5234%;height: 88px\"><strong><span style=\"color: #993366\">Inform\u00e1tica P.E.S.<\/span><\/strong><\/td>\n<\/tr>\n<tr style=\"height: 88px\">\n<td style=\"width: 40.1212%;height: 88px\"><strong><span style=\"color: #993366\">\u00c1lvarez Jim\u00e9nez, Jes\u00fas<\/span><\/strong><\/td>\n<td style=\"width: 20.6081%;height: 88px\">&nbsp;<\/td>\n<td style=\"width: 36.5234%;height: 88px\"><strong><span style=\"color: #993366\">Inform\u00e1tica P.E.S<br \/>\n<\/span><\/strong><\/td>\n<\/tr>\n<tr style=\"height: 21px\">\n<td style=\"width: 40.1212%;height: 21px\"><strong><span style=\"color: #993366\">Rodr\u00edguez Navarro, Nuria Mar\u00eda<br \/>\n<\/span><\/strong><\/td>\n<td style=\"width: 20.6081%;height: 21px\">&nbsp;<\/p>\n<p>&nbsp;<\/td>\n<td style=\"width: 36.5234%;height: 21px\"><span style=\"color: #993366\"><strong>Inform\u00e1tica P.E.S<\/strong><\/span><\/td>\n<\/tr>\n<tr style=\"height: 65px\">\n<td style=\"width: 40.1212%;height: 65px\"><span style=\"color: #993366\"><strong>Aguilera Aguilera, Eusebio Jes\u00fas<br \/>\n<\/strong><\/span><\/td>\n<td style=\"width: 20.6081%;height: 65px\">&nbsp;<\/p>\n<p>&nbsp;<\/td>\n<td style=\"width: 36.5234%;height: 65px\"><strong><span style=\"color: #993366\">Inform\u00e1tica P.E.S<\/span><\/strong><\/td>\n<\/tr>\n<tr style=\"height: 65px\">\n<td style=\"width: 40.1212%;height: 65px\"><strong><span style=\"color: #993366\">Morales Peinado, M\u00aa Asunci\u00f3n<\/span><\/strong><\/td>\n<td style=\"width: 20.6081%;height: 65px\"><a href=\"https:\/\/blogsaverroes.juntadeandalucia.es\/iesalfonsoxi\/files\/2021\/09\/foto.jpg\"><img decoding=\"async\" class=\"aligncenter wp-image-11132\" src=\"https:\/\/blogsaverroes.juntadeandalucia.es\/iesalfonsoxi\/files\/2021\/09\/foto.jpg\" alt=\"\" width=\"81\" height=\"129\" srcset=\"https:\/\/blogsaverroes.juntadeandalucia.es\/iesalfonsoxi\/files\/2021\/09\/foto.jpg 790w, https:\/\/blogsaverroes.juntadeandalucia.es\/iesalfonsoxi\/files\/2021\/09\/foto-189x300.jpg 189w, https:\/\/blogsaverroes.juntadeandalucia.es\/iesalfonsoxi\/files\/2021\/09\/foto-646x1024.jpg 646w, https:\/\/blogsaverroes.juntadeandalucia.es\/iesalfonsoxi\/files\/2021\/09\/foto-768x1218.jpg 768w\" sizes=\"(max-width: 81px) 100vw, 81px\" \/><\/a><\/td>\n<td style=\"width: 36.5234%;height: 65px\"><strong><span style=\"color: #993366\">Sistemas y Aplic. Inform\u00e1ticos P.T.F.P.<\/span><\/strong><\/td>\n<\/tr>\n<\/tbody>\n<\/table>\n<p>&nbsp;<\/p>\n<h2>&nbsp;<\/h2>\n<div class=\"elementor-element elementor-element-4f4e8751 elementor-widget elementor-widget-heading\" data-id=\"4f4e8751\">\n<div class=\"elementor-widget-container\">\n<h2>Programaciones del Departamento (curso 2025-26):<\/h2>\n<p><a href=\"https:\/\/blogsaverroes.juntadeandalucia.es\/iesalfonsoxi\/files\/2025\/12\/Programacion-Dpto-Grado-Medio-25-26.pdf\">Programaci\u00f3n Dpto Grado Medio 25-26<\/a><\/p>\n<p><a href=\"https:\/\/blogsaverroes.juntadeandalucia.es\/iesalfonsoxi\/files\/2025\/12\/Programacion-Dpto-Grado-Superior-25-26.pdf\">Programaci\u00f3n Dpto Grado Superior 25-26<\/a><\/p>\n<p><a href=\"https:\/\/blogsaverroes.juntadeandalucia.es\/iesalfonsoxi\/files\/2025\/12\/Programacion-Informatica-ESO-y-BACH-25-26.pdf\">Programaci\u00f3n Inform\u00e1tica ESO y BACH 25-26<\/a><\/p>\n<h2>&nbsp;M\u00e1s informaci\u00f3n sobre nuestros ciclos <a href=\"https:\/\/view.genial.ly\/6451719c206e6700139ed2c6\/presentation-presentacion-uni-educacion\">AQU\u00cd<\/a><\/h2>\n<p><a href=\"https:\/\/view.genial.ly\/6451719c206e6700139ed2c6\/presentation-presentacion-uni-educacion\"><img loading=\"lazy\" decoding=\"async\" class=\"alignnone size-full wp-image-14038\" src=\"https:\/\/blogsaverroes.juntadeandalucia.es\/iesalfonsoxi\/files\/2023\/05\/fpal.png\" alt=\"\" width=\"1347\" height=\"755\" srcset=\"https:\/\/blogsaverroes.juntadeandalucia.es\/iesalfonsoxi\/files\/2023\/05\/fpal.png 1347w, https:\/\/blogsaverroes.juntadeandalucia.es\/iesalfonsoxi\/files\/2023\/05\/fpal-300x168.png 300w, https:\/\/blogsaverroes.juntadeandalucia.es\/iesalfonsoxi\/files\/2023\/05\/fpal-1024x574.png 1024w, https:\/\/blogsaverroes.juntadeandalucia.es\/iesalfonsoxi\/files\/2023\/05\/fpal-768x430.png 768w\" sizes=\"(max-width: 1347px) 100vw, 1347px\" \/><\/a><\/p>\n<p style=\"text-align: center\"><a href=\"https:\/\/blogsaverroes.juntadeandalucia.es\/iesalfonsoxi\/files\/2023\/05\/EMPRESAS.png\"><img loading=\"lazy\" decoding=\"async\" class=\"alignnone size-full wp-image-14041\" src=\"https:\/\/blogsaverroes.juntadeandalucia.es\/iesalfonsoxi\/files\/2023\/05\/EMPRESAS.png\" alt=\"\" width=\"508\" height=\"511\" srcset=\"https:\/\/blogsaverroes.juntadeandalucia.es\/iesalfonsoxi\/files\/2023\/05\/EMPRESAS.png 508w, https:\/\/blogsaverroes.juntadeandalucia.es\/iesalfonsoxi\/files\/2023\/05\/EMPRESAS-298x300.png 298w, https:\/\/blogsaverroes.juntadeandalucia.es\/iesalfonsoxi\/files\/2023\/05\/EMPRESAS-150x150.png 150w\" sizes=\"(max-width: 508px) 100vw, 508px\" \/><\/a><\/p>\n<h2 class=\"elementor-heading-title elementor-size-default\">FORMACI\u00d3N EN CENTROS DE TRABAJO<\/h2>\n<\/div>\n<\/div>\n<div class=\"elementor-element elementor-element-3b557487 elementor-widget elementor-widget-text-editor\" data-id=\"3b557487\">\n<div class=\"elementor-widget-container\">\n<p>El m\u00f3dulo de Formaci\u00f3n en Centros de Trabajo est\u00e1 presente en todos los ciclos formativos, se ha de cursar obligatoriamente para obtener el t\u00edtulo. Su objetivo es<\/p>\n<p><i>Poder practicar todas las capacidades que he adquirido en el centro educativo en empresas del sector, participando y realizando las funciones propias del puesto de trabajo en un entorno real de producci\u00f3n y\/o servicio<\/i>.<\/p>\n<\/div>\n<\/div>\n<div class=\"elementor-element elementor-element-259e3e4 elementor-widget-divider--view-line elementor-widget elementor-widget-divider\" data-id=\"259e3e4\">\n<div class=\"elementor-widget-container\">\n<div class=\"elementor-divider\">&nbsp;<\/div>\n<\/div>\n<\/div>\n<div class=\"elementor-element elementor-element-4328a50 elementor-widget elementor-widget-text-editor\" data-id=\"4328a50\">\n<div class=\"elementor-widget-container\">\n<h3><strong>\u00bfQu\u00e9 es la formaci\u00f3n en centros de trabajo (FCT)?<\/strong><\/h3>\n<p>La Formaci\u00f3n en Centros de Trabajo (FCT) es un m\u00f3dulo transversal obligatorio de los Ciclos Formativos de Formaci\u00f3n Profesional que los alumnos cursan en las empresas colaboradoras. Con ello la Formaci\u00f3n profesional pretende que el alumnado conozca de un modo real y cercano una profesi\u00f3n. Y este conocimiento s\u00f3lo se puede obtener si el que la cursa ve y conoce c\u00f3mo es su oficio a trav\u00e9s del desempe\u00f1o del mismo.<\/p>\n<p>Esto requiere que haya una adecuada conexi\u00f3n entre el \u00e1mbito formativo y el mundo productivo, porque ambos van a salir fortalecidos. Aunque el sistema educativo trata de estar continuamente actualizado en sus programas y contenidos, es imposible que evolucione a la misma velocidad que lo hacen las empresas, por lo que es absolutamente necesaria la colaboraci\u00f3n de \u00e9stas para cubrir las necesidades del mercado y los objetivos de la formaci\u00f3n profesional.<\/p>\n<p>&nbsp;<\/p>\n<h3><strong>\u00bfQu\u00e9 beneficios obtienen las empresas a trav\u00e9s de la FCT?<\/strong><\/h3>\n<ul>\n<li>Permite un acercamiento entre el mundo productivo y educativo que puede mejorar la adecuaci\u00f3n de las ense\u00f1anzas profesionales a la realidad y demandas del \u00e1mbito productivo.<\/li>\n<li>Disminuye la inversi\u00f3n en formaci\u00f3n que necesita la empresa al contratar a un nuevo trabajador.<\/li>\n<li>Motiva al personal implicado en este proceso ya que supone estar cualificado para poder impartir y evaluar una parte de la formaci\u00f3n profesional reglada.<\/li>\n<li>Genera un mayor y mejor conocimiento de la empresa y de sus productos en el entorno, favoreciendo nuevas posibilidades de actuaci\u00f3n.<\/li>\n<li>Mejora la imagen social de la empresa por colaborar en un proceso de formaci\u00f3n.<\/li>\n<li>Permite formar a sus futuros profesionales en sus procesos y t\u00e9cnicas espec\u00edficas de fabricaci\u00f3n.<\/li>\n<li>Es una magn\u00edfica herramienta como proceso de selecci\u00f3n ya que despu\u00e9s de la realizaci\u00f3n de la FCT conocer\u00e1 fehacientemente las capacidades y cualidades de esa persona.<\/li>\n<\/ul>\n<div>&nbsp;<\/div>\n<h3><strong>\u00bfQu\u00e9 beneficios obtienen los alumnos a trav\u00e9s de la FCT?<\/strong><\/h3>\n<ul>\n<li>Complementar su formaci\u00f3n conociendo las relaciones sociolaborales en una organizaci\u00f3n empresarial y t\u00e9cnicas espec\u00edficas que se desarrollan en la empresa y que no se utilizan en el centro educativo.<\/li>\n<li>Aplicar los conocimientos adquiridos en el centro educativo en un medio real de trabajo.<\/li>\n<li>Complementar su cualificaci\u00f3n profesional mediante el conocimiento de procesos y procedimientos reales de trabajo.<\/li>\n<li>Desarrollar habilidades profesionales aumentando, fundamentalmente, sus conocimientos pr\u00e1cticos.<\/li>\n<li>Desarrollar actitudes y conductas propias del mundo laboral, o m\u00e1s cercanas al mundo laboral que al acad\u00e9mico y, por tanto, facilita el acercamiento y adaptaci\u00f3n al mundo laboral.<\/li>\n<li>Mejorar sus posibilidades de inserci\u00f3n laboral.<\/li>\n<li>Es una \u00f3ptima herramienta de orientaci\u00f3n profesional.<\/li>\n<\/ul>\n<p>En la actualidad, el IES Alfonso XI mantiene convenios de colaboraci\u00f3n empresas de la provincia, en todos los sectores productivos relacionados con los ciclos formativos de Grado Superior de Desarrollo de Apliaciones Web y Grado Medio de Sistemas Microinform\u00e1ticos y redes.<\/p>\n<p>Fruto de esta colaboraci\u00f3n es el gran \u00e9xito que tienen nuestros titulados en el mercado profesional, contando con un alto porcentaje de inserci\u00f3n laboral de los mismos en los seis meses subsiguientes a su graduaci\u00f3n.<\/p>\n<p>&nbsp;<\/p>\n<h3><strong>\u00bfC\u00f3mo se desarrolla la FCT?<\/strong><\/h3>\n<p>La FCT consiste en la realizaci\u00f3n de un periodo de pr\u00e1cticas en empresas colaboradoras en la formaci\u00f3n de nuestros t\u00e9cnicos de grado medio y superior.<\/p>\n<p>Esta estancia en las empresas colaboradoras nunca supone una vinculaci\u00f3n laboral de los alumnos en formaci\u00f3n con las mismas: a todos los efectos se trata de estudiantes matriculados en ense\u00f1anzas regladas que no tienen el car\u00e1cter de trabajadores.<\/p>\n<p>Por esta raz\u00f3n la actividad de los alumnos en formaci\u00f3n est\u00e1 reglamentada por la normativa legal:<\/p>\n<ul>\n<li>La duraci\u00f3n del periodo de pr\u00e1cticas es de<strong> 370 horas para los ciclos de grado superior que cursar\u00e1n junto al proyecto<\/strong>&nbsp;y de&nbsp;<strong>410 horas en los Ciclos de grado<\/strong>&nbsp;<strong>Medio.<\/strong><\/li>\n<li>El Modulo de FCT se realizara de Lunes a Viernes y el horario de realizaci\u00f3n estar\u00e1 comprendido entre las 7 y las 22 horas, aproxim\u00e1ndose a la jornada laboral de la empresa, que podr\u00e1 ser continua o partida y con un m\u00e1ximo de 8 horas diarias. Para realizar el modulo de FCT en d\u00edas festivos u otros horarios precisara una autorizaci\u00f3n previa de la Junta de Andaluc\u00eda.<\/li>\n<li>Se designan un Tutor del Centro Educativo y un Tutor del Centro de Trabajo para definir el Programa Formativo a realizar por el alumno, coordinar su desarrollo, fijar las fechas de las visitas y evaluar la realizaci\u00f3n del mismo, emitiendo los oportunos informes.<\/li>\n<li>La actividad del alumno debe ajustarse al Programa Formativo establecido por el Tutor de FCT con la empresa colaboradora.<\/li>\n<li>Las pr\u00e1cticas deben tener car\u00e1cter formativo para el alumno: se evitar\u00e1n tareas repetitivas o fuera del perfil de cualificaci\u00f3n asociado al Ciclo Formativo correspondiente.<\/li>\n<li>El \u00e1mbito territorial ordinario de realizaci\u00f3n de la FCT es la provincia de Ja\u00e9n, se podr\u00e1 realizar el modulo en otras provincias o Comunidades Aut\u00f3nomas pero precisara una autorizaci\u00f3n previa de la Junta de Andaluc\u00eda.<\/li>\n<li>No es obligatorio recibir compensaci\u00f3n alguna por parte de la empresa por la realizaci\u00f3n de la FCT.<\/li>\n<\/ul>\n<div>&nbsp;<\/div>\n<h3><strong>\u00bfCu\u00e1ndo se realiza la FCT?<\/strong><\/h3>\n<p>La FCT de los Ciclos Formativos de Formaci\u00f3n Profesional se realiza a lo largo del curso escolar en dos periodos:<\/p>\n<ul>\n<li><strong>Periodo Ordinario<\/strong>: desde finales de marzo hasta finales de junio<\/li>\n<li><strong>Periodo Extraordinari<\/strong>o: desde mediados de septiembre hasta mediados de diciembre.<\/li>\n<\/ul>\n<p>Estas fechas marcan los plazos relativos, siendo fijado el calendario concreto de realizaci\u00f3n por acuerdo entre los tutores del centro y de la empresa, seg\u00fan el n\u00famero de horas totales establecidas para cada perfil profesional, dentro de estos periodos.<\/p>\n<p>En caso de estar interesados en iniciar una colaboraci\u00f3n en FCT debe anticiparse la comunicaci\u00f3n con la Jefe del Departamento de Inform\u00e1tica FCT del IES Alfonso XI, al objeto de iniciar la tramitaci\u00f3n administrativa del convenio.<\/p>\n<p>&nbsp;<\/p>\n<h3>Exenci\u00f3n del Modulo de FCT<\/h3>\n<div>\n<div>\n<p>La solicitud se realiza un mes antes del comienzo de las pr\u00e1cticas&nbsp;<\/p>\n<\/div>\n<p>Si cumples los Requisitos<a href=\"http:\/\/www.juntadeandalucia.es\/boja\/2011\/206\/1\" target=\"_blank\" rel=\"noopener noreferrer\">&nbsp;<\/a>recogidos en el&nbsp;<a href=\"http:\/\/www.juntadeandalucia.es\/boja\/2011\/206\/1\" target=\"_blank\" rel=\"noopener noreferrer\">Capitulo II de la Orden de 28 de septiembre de 2011<\/a>, por la que se regulan los m\u00f3dulos profesionales de formaci\u00f3n en centros de trabajo y de proyecto para el alumnado matriculado en centros docentes de la Comunidad Aut\u00f3noma de Andaluc\u00eda., debes presentar en secretaria un mes antes del&nbsp;comienzo de las practicas la solicitud.<\/p>\n<p>&nbsp;<\/p>\n<h3>\u00bfC\u00f3mo ser una empresa colaboradora en el programa de FCT?<\/h3>\n<p>Con la participaci\u00f3n en la FCT la empresa tiene una inmejorable ocasi\u00f3n de preparar a los j\u00f3venes y darles la formaci\u00f3n que necesitan para poder ejercer una profesi\u00f3n, convirti\u00e9ndose en una organizaci\u00f3n que evoluciona, aprende, ense\u00f1a y transmite al mismo tiempo, conocimientos y valores profesionales.<\/p>\n<p>Todas aquellas empresas comprometidas con pol\u00edticas de formaci\u00f3n como v\u00eda para conseguir mejoras en la calidad y la competitividad pueden colaborar con nosotros en el Programa de Formaci\u00f3n en Centros de Trabajo.<\/p>\n<p>Dicho lo anterior, es necesario insistir en que el m\u00f3dulo de Formaci\u00f3n en Centros de Trabajo es de vital importancia para la buena marcha de los Ciclos Formativos. A trav\u00e9s de su desarrollo, la oferta educativa se conexiona con las necesidades de la empresa buscando adecuar esta oferta a esas necesidades.<\/p>\n<p>Por otro lado, la inserci\u00f3n laboral de los alumnos es de mayor calidad, toda vez que estos alumnos ya tienen un conocimiento previo de lo que se van a encontrar en el desempe\u00f1o del puesto de trabajo.<\/p>\n<\/div>\n<\/div>\n<\/div>\n<div class=\"elementor-element elementor-element-ef33aa9 elementor-blockquote--skin-boxed elementor-blockquote--button-color-official elementor-widget elementor-widget-blockquote\" data-id=\"ef33aa9\">\n<div class=\"elementor-widget-container\">\n<blockquote class=\"elementor-blockquote\">\n<h6 class=\"elementor-blockquote__content\"><em>La informaci\u00f3n proporcionada por este medio tiene car\u00e1cter exclusivamente ilustrativo y no originar\u00e1 derechos ni expectativas de derecho. No nos hacemos responsables de un posible error u omisi\u00f3n en la informaci\u00f3n suministrada. Solo el texto de las disposiciones legales que se publiquen en el Bolet\u00edn Oficial de la Junta de Andaluc\u00eda y tablones de anuncios de las dependencias administrativas tendr\u00e1n la consideraci\u00f3n de aut\u00e9ntico.<\/em><\/h6>\n<\/blockquote>\n<\/div>\n<\/div>\n","protected":false},"excerpt":{"rendered":"<p>&nbsp; Puesto o Especialidad Jefatura de departamento Lozano Vico, Clara Bel\u00e9n &nbsp; Inform\u00e1tica P.E.S. &nbsp; Componentes Ruiz Guevara, Pablo Inform\u00e1tica P.E.S. &nbsp; Lara Ramos, Miguel Ignacio &nbsp; &nbsp; Inform\u00e1tica P.E.S. Reyes Jim\u00e9nez, Manuel &nbsp; Sistemas y Aplic. Inform\u00e1ticos P.T.F.P. Mu\u00f1oz Mu\u00f1oz, Mar\u00eda Dolores Inform\u00e1tica P.E.S. \u00c1lvarez Jim\u00e9nez, Jes\u00fas &nbsp; Inform\u00e1tica P.E.S Rodr\u00edguez Navarro, Nuria Mar\u00eda &hellip; <\/p>\n<p><a class=\"more-link btn\" href=\"https:\/\/blogsaverroes.juntadeandalucia.es\/iesalfonsoxi\/informatica-2\/\">Seguir leyendo<\/a><\/p>\n","protected":false},"author":6379,"featured_media":0,"parent":0,"menu_order":0,"comment_status":"closed","ping_status":"closed","template":"","meta":{"ngg_post_thumbnail":0,"footnotes":"","_mc_calendar":[]},"aioseo_notices":[],"_links":{"self":[{"href":"https:\/\/blogsaverroes.juntadeandalucia.es\/iesalfonsoxi\/wp-json\/wp\/v2\/pages\/3030"}],"collection":[{"href":"https:\/\/blogsaverroes.juntadeandalucia.es\/iesalfonsoxi\/wp-json\/wp\/v2\/pages"}],"about":[{"href":"https:\/\/blogsaverroes.juntadeandalucia.es\/iesalfonsoxi\/wp-json\/wp\/v2\/types\/page"}],"author":[{"embeddable":true,"href":"https:\/\/blogsaverroes.juntadeandalucia.es\/iesalfonsoxi\/wp-json\/wp\/v2\/users\/6379"}],"replies":[{"embeddable":true,"href":"https:\/\/blogsaverroes.juntadeandalucia.es\/iesalfonsoxi\/wp-json\/wp\/v2\/comments?post=3030"}],"version-history":[{"count":49,"href":"https:\/\/blogsaverroes.juntadeandalucia.es\/iesalfonsoxi\/wp-json\/wp\/v2\/pages\/3030\/revisions"}],"predecessor-version":[{"id":17760,"href":"https:\/\/blogsaverroes.juntadeandalucia.es\/iesalfonsoxi\/wp-json\/wp\/v2\/pages\/3030\/revisions\/17760"}],"wp:attachment":[{"href":"https:\/\/blogsaverroes.juntadeandalucia.es\/iesalfonsoxi\/wp-json\/wp\/v2\/media?parent=3030"}],"curies":[{"name":"wp","href":"https:\/\/api.w.org\/{rel}","templated":true}]}}