{"id":3052,"date":"2018-10-15T10:53:03","date_gmt":"2018-10-15T10:53:03","guid":{"rendered":"https:\/\/blogsaverroes.juntadeandalucia.es\/iesalfonsoxi\/?page_id=3052"},"modified":"2025-11-20T15:57:05","modified_gmt":"2025-11-20T15:57:05","slug":"departamento-de-coeducacion","status":"publish","type":"page","link":"https:\/\/blogsaverroes.juntadeandalucia.es\/iesalfonsoxi\/planes-programas\/departamento-de-coeducacion\/","title":{"rendered":"Escuela Espacio de Paz"},"content":{"rendered":"<p style=\"text-align: justify\" align=\"justify\">La finalidad de la Red Andaluza \u00abEscuela: Espacio de Paz\u00bb es compartir recursos, experiencias e iniciativas para la mejora del plan de convivencia de los centros docentes a trav\u00e9s de los distintos \u00e1mbitos de actuaci\u00f3n.<br \/>\nLos centros docentes que formen parte de la Red Andaluza \u00ab<em><strong>Escuela: Espacio de Paz<\/strong><\/em>\u00bb incorporar\u00e1n progresivamente en sus respectivos planes de convivencia las sucesivas mejoras que les aporte su participaci\u00f3n en dicha Red.<\/p>\n<p align=\"justify\">Objetivos del programa para este curso:<\/p>\n<ul>\n<li>Promoci\u00f3n de la convivencia: desarrollo de valores, actitudes, habilidades y h\u00e1bitos.<\/li>\n<li>Prevenci\u00f3n de situaciones de riesgo para la convivencia.<\/li>\n<li>Intervenciones paliativas ante conductas contrarias o gravemente perjudiciales para la convivencia.<\/li>\n<li>Reeducaci\u00f3n de actitudes y restauraci\u00f3n de la convivencia.<\/li>\n<\/ul>\n<p><a href=\"https:\/\/blogsaverroes.juntadeandalucia.es\/iesalfonsoxi\/files\/2025\/11\/Sin-titulo.jpg\"><img fetchpriority=\"high\" decoding=\"async\" class=\"aligncenter size-full wp-image-17562\" src=\"https:\/\/blogsaverroes.juntadeandalucia.es\/iesalfonsoxi\/files\/2025\/11\/Sin-titulo.jpg\" alt=\"\" width=\"265\" height=\"190\"><\/a><\/p>\n<h4 style=\"text-align: center\" align=\"justify\"><span style=\"color: #000000\"><strong>Coordinador 25-26:&nbsp; <\/strong><strong>Ezequiel Guti\u00e9rrez Bol\u00edvar.<\/strong><\/span><\/h4>\n<h4 style=\"text-align: center\" align=\"justify\"><span style=\"color: #000000\"><strong>Programaci\u00f3n 25-26:&nbsp;<\/strong><\/span><\/h4>\n<p style=\"text-align: center\"><strong><a href=\"https:\/\/sites.google.com\/g.educaand.es\/revistadigital\/inicio\">Enlace a la revista digital conjunta igualdad-escuela espacio de paz.&nbsp;<\/a><\/strong><\/p>\n<p>&nbsp;<\/p>\n","protected":false},"excerpt":{"rendered":"<p>La finalidad de la Red Andaluza \u00abEscuela: Espacio de Paz\u00bb es compartir recursos, experiencias e iniciativas para la mejora del plan de convivencia de los centros docentes a trav\u00e9s de los distintos \u00e1mbitos de actuaci\u00f3n. Los centros docentes que formen parte de la Red Andaluza \u00abEscuela: Espacio de Paz\u00bb incorporar\u00e1n progresivamente en sus respectivos planes &hellip; <\/p>\n<p><a class=\"more-link btn\" href=\"https:\/\/blogsaverroes.juntadeandalucia.es\/iesalfonsoxi\/planes-programas\/departamento-de-coeducacion\/\">Seguir leyendo<\/a><\/p>\n","protected":false},"author":6379,"featured_media":0,"parent":3081,"menu_order":0,"comment_status":"closed","ping_status":"closed","template":"","meta":{"ngg_post_thumbnail":0,"footnotes":"","_mc_calendar":[]},"aioseo_notices":[],"_links":{"self":[{"href":"https:\/\/blogsaverroes.juntadeandalucia.es\/iesalfonsoxi\/wp-json\/wp\/v2\/pages\/3052"}],"collection":[{"href":"https:\/\/blogsaverroes.juntadeandalucia.es\/iesalfonsoxi\/wp-json\/wp\/v2\/pages"}],"about":[{"href":"https:\/\/blogsaverroes.juntadeandalucia.es\/iesalfonsoxi\/wp-json\/wp\/v2\/types\/page"}],"author":[{"embeddable":true,"href":"https:\/\/blogsaverroes.juntadeandalucia.es\/iesalfonsoxi\/wp-json\/wp\/v2\/users\/6379"}],"replies":[{"embeddable":true,"href":"https:\/\/blogsaverroes.juntadeandalucia.es\/iesalfonsoxi\/wp-json\/wp\/v2\/comments?post=3052"}],"version-history":[{"count":18,"href":"https:\/\/blogsaverroes.juntadeandalucia.es\/iesalfonsoxi\/wp-json\/wp\/v2\/pages\/3052\/revisions"}],"predecessor-version":[{"id":17600,"href":"https:\/\/blogsaverroes.juntadeandalucia.es\/iesalfonsoxi\/wp-json\/wp\/v2\/pages\/3052\/revisions\/17600"}],"up":[{"embeddable":true,"href":"https:\/\/blogsaverroes.juntadeandalucia.es\/iesalfonsoxi\/wp-json\/wp\/v2\/pages\/3081"}],"wp:attachment":[{"href":"https:\/\/blogsaverroes.juntadeandalucia.es\/iesalfonsoxi\/wp-json\/wp\/v2\/media?parent=3052"}],"curies":[{"name":"wp","href":"https:\/\/api.w.org\/{rel}","templated":true}]}}