{"id":3059,"date":"2018-10-21T16:35:37","date_gmt":"2018-10-21T16:35:37","guid":{"rendered":"https:\/\/blogsaverroes.juntadeandalucia.es\/iesalfonsoxi\/?page_id=3059"},"modified":"2022-07-26T11:05:26","modified_gmt":"2022-07-26T11:05:26","slug":"personal-no-docente","status":"publish","type":"page","link":"https:\/\/blogsaverroes.juntadeandalucia.es\/iesalfonsoxi\/el-centro-2\/personal-no-docente\/","title":{"rendered":"Personal no docente"},"content":{"rendered":"<h5 style=\"text-align: center\"><strong><span style=\"color: #993366\">Curso 2022-2023<\/span><\/strong><\/h5>\n<table style=\"width: 96.336%;height: 797px\">\n<tbody>\n<tr style=\"height: 123px\">\n<td style=\"width: 21.7391%;height: 696px\" rowspan=\"8\" bgcolor=\"#E3CEF6\">\n<h6>&nbsp;<\/h6>\n<h6>&nbsp;<\/h6>\n<h5><span style=\"color: #993366\"><strong>Componentes<\/strong><\/span><\/h5>\n<\/td>\n<td style=\"width: 37.291%;height: 123px\"><strong><span style=\"color: #993366\">M\u00aa Angeles Garc\u00eda Mill\u00e1n<\/span><\/strong><\/td>\n<td style=\"width: 18.2275%;height: 123px\">&nbsp;<a href=\"https:\/\/blogsaverroes.juntadeandalucia.es\/iesalfonsoxi\/files\/2018\/10\/IMG_0490-e1540397511625.jpg\"><img decoding=\"async\" class=\"wp-image-3142 aligncenter\" src=\"https:\/\/blogsaverroes.juntadeandalucia.es\/iesalfonsoxi\/files\/2018\/10\/IMG_0490-e1540397511625-200x300.jpg\" alt=\"\" width=\"50\" height=\"75\" srcset=\"https:\/\/blogsaverroes.juntadeandalucia.es\/iesalfonsoxi\/files\/2018\/10\/IMG_0490-e1540397511625-200x300.jpg 200w, https:\/\/blogsaverroes.juntadeandalucia.es\/iesalfonsoxi\/files\/2018\/10\/IMG_0490-e1540397511625-768x1152.jpg 768w, https:\/\/blogsaverroes.juntadeandalucia.es\/iesalfonsoxi\/files\/2018\/10\/IMG_0490-e1540397511625-683x1024.jpg 683w, https:\/\/blogsaverroes.juntadeandalucia.es\/iesalfonsoxi\/files\/2018\/10\/IMG_0490-e1540397511625-16x24.jpg 16w, https:\/\/blogsaverroes.juntadeandalucia.es\/iesalfonsoxi\/files\/2018\/10\/IMG_0490-e1540397511625-24x36.jpg 24w, https:\/\/blogsaverroes.juntadeandalucia.es\/iesalfonsoxi\/files\/2018\/10\/IMG_0490-e1540397511625-32x48.jpg 32w, https:\/\/blogsaverroes.juntadeandalucia.es\/iesalfonsoxi\/files\/2018\/10\/IMG_0490-e1540397511625.jpg 1067w\" sizes=\"(max-width: 50px) 100vw, 50px\" \/><\/a><\/td>\n<td style=\"width: 20.7358%;height: 123px\"><strong><span style=\"color: #993366\">Limpieza<\/span><\/strong><\/td>\n<\/tr>\n<tr style=\"height: 24px\">\n<td style=\"width: 37.291%;height: 24px\"><strong><span style=\"color: #993366\">Luisa Aguilar Crespo<\/span><\/strong><\/td>\n<td style=\"width: 18.2275%;height: 24px\">&nbsp;<\/td>\n<td style=\"width: 20.7358%;height: 24px\"><strong><span style=\"color: #993366\">Limpieza<\/span><\/strong><\/td>\n<\/tr>\n<tr style=\"height: 124px\">\n<td style=\"width: 37.291%;height: 124px\"><strong><span style=\"color: #993366\">Antonio Ruiz Palomares<\/span><\/strong><\/td>\n<td style=\"width: 18.2275%;height: 124px\">&nbsp;<a href=\"https:\/\/blogsaverroes.juntadeandalucia.es\/iesalfonsoxi\/files\/2018\/10\/IMG_0536-e1540397398358.jpg\"><img decoding=\"async\" class=\"wp-image-3140 aligncenter\" src=\"https:\/\/blogsaverroes.juntadeandalucia.es\/iesalfonsoxi\/files\/2018\/10\/IMG_0536-e1540397398358-200x300.jpg\" alt=\"\" width=\"51\" height=\"77\" srcset=\"https:\/\/blogsaverroes.juntadeandalucia.es\/iesalfonsoxi\/files\/2018\/10\/IMG_0536-e1540397398358-200x300.jpg 200w, https:\/\/blogsaverroes.juntadeandalucia.es\/iesalfonsoxi\/files\/2018\/10\/IMG_0536-e1540397398358-768x1152.jpg 768w, https:\/\/blogsaverroes.juntadeandalucia.es\/iesalfonsoxi\/files\/2018\/10\/IMG_0536-e1540397398358-683x1024.jpg 683w, https:\/\/blogsaverroes.juntadeandalucia.es\/iesalfonsoxi\/files\/2018\/10\/IMG_0536-e1540397398358-16x24.jpg 16w, https:\/\/blogsaverroes.juntadeandalucia.es\/iesalfonsoxi\/files\/2018\/10\/IMG_0536-e1540397398358-24x36.jpg 24w, https:\/\/blogsaverroes.juntadeandalucia.es\/iesalfonsoxi\/files\/2018\/10\/IMG_0536-e1540397398358-32x48.jpg 32w, https:\/\/blogsaverroes.juntadeandalucia.es\/iesalfonsoxi\/files\/2018\/10\/IMG_0536-e1540397398358.jpg 1067w\" sizes=\"(max-width: 51px) 100vw, 51px\" \/><\/a><\/td>\n<td style=\"width: 20.7358%;height: 124px\"><strong><span style=\"color: #993366\">Limpieza<\/span><\/strong><\/td>\n<\/tr>\n<tr style=\"height: 98px\">\n<td style=\"width: 37.291%;height: 98px\"><strong><span style=\"color: #993366\">M\u00aa Josefa Mart\u00edn Herrera<\/span><\/strong><\/td>\n<td style=\"width: 18.2275%;height: 98px\">&nbsp;<a href=\"https:\/\/blogsaverroes.juntadeandalucia.es\/iesalfonsoxi\/files\/2018\/10\/pepa19.jpeg\"><img decoding=\"async\" class=\"wp-image-3066 aligncenter\" src=\"https:\/\/blogsaverroes.juntadeandalucia.es\/iesalfonsoxi\/files\/2018\/10\/pepa19-300x300.jpeg\" alt=\"\" width=\"50\" height=\"50\" srcset=\"https:\/\/blogsaverroes.juntadeandalucia.es\/iesalfonsoxi\/files\/2018\/10\/pepa19-300x300.jpeg 300w, https:\/\/blogsaverroes.juntadeandalucia.es\/iesalfonsoxi\/files\/2018\/10\/pepa19-150x150.jpeg 150w, https:\/\/blogsaverroes.juntadeandalucia.es\/iesalfonsoxi\/files\/2018\/10\/pepa19-768x768.jpeg 768w, https:\/\/blogsaverroes.juntadeandalucia.es\/iesalfonsoxi\/files\/2018\/10\/pepa19-100x100.jpeg 100w, https:\/\/blogsaverroes.juntadeandalucia.es\/iesalfonsoxi\/files\/2018\/10\/pepa19-24x24.jpeg 24w, https:\/\/blogsaverroes.juntadeandalucia.es\/iesalfonsoxi\/files\/2018\/10\/pepa19-36x36.jpeg 36w, https:\/\/blogsaverroes.juntadeandalucia.es\/iesalfonsoxi\/files\/2018\/10\/pepa19-48x48.jpeg 48w, https:\/\/blogsaverroes.juntadeandalucia.es\/iesalfonsoxi\/files\/2018\/10\/pepa19-50x50.jpeg 50w, https:\/\/blogsaverroes.juntadeandalucia.es\/iesalfonsoxi\/files\/2018\/10\/pepa19.jpeg 1008w\" sizes=\"(max-width: 50px) 100vw, 50px\" \/><\/a><\/td>\n<td style=\"width: 20.7358%;height: 98px\"><strong><span style=\"color: #993366\">Ordenanzas<\/span><\/strong><\/td>\n<\/tr>\n<tr style=\"height: 123px\">\n<td style=\"width: 37.291%;height: 123px\"><strong><span style=\"color: #993366\">M\u00aa Dolores Berbel Vivar<\/span><\/strong><\/td>\n<td style=\"width: 18.2275%;height: 123px\">&nbsp;<a href=\"https:\/\/blogsaverroes.juntadeandalucia.es\/iesalfonsoxi\/files\/2018\/10\/IMG_0487-e1540397568710.jpg\"><img loading=\"lazy\" decoding=\"async\" class=\"wp-image-3143 aligncenter\" src=\"https:\/\/blogsaverroes.juntadeandalucia.es\/iesalfonsoxi\/files\/2018\/10\/IMG_0487-e1540397568710-200x300.jpg\" alt=\"\" width=\"50\" height=\"75\" srcset=\"https:\/\/blogsaverroes.juntadeandalucia.es\/iesalfonsoxi\/files\/2018\/10\/IMG_0487-e1540397568710-200x300.jpg 200w, https:\/\/blogsaverroes.juntadeandalucia.es\/iesalfonsoxi\/files\/2018\/10\/IMG_0487-e1540397568710-768x1152.jpg 768w, https:\/\/blogsaverroes.juntadeandalucia.es\/iesalfonsoxi\/files\/2018\/10\/IMG_0487-e1540397568710-683x1024.jpg 683w, https:\/\/blogsaverroes.juntadeandalucia.es\/iesalfonsoxi\/files\/2018\/10\/IMG_0487-e1540397568710-16x24.jpg 16w, https:\/\/blogsaverroes.juntadeandalucia.es\/iesalfonsoxi\/files\/2018\/10\/IMG_0487-e1540397568710-24x36.jpg 24w, https:\/\/blogsaverroes.juntadeandalucia.es\/iesalfonsoxi\/files\/2018\/10\/IMG_0487-e1540397568710-32x48.jpg 32w, https:\/\/blogsaverroes.juntadeandalucia.es\/iesalfonsoxi\/files\/2018\/10\/IMG_0487-e1540397568710.jpg 1067w\" sizes=\"(max-width: 50px) 100vw, 50px\" \/><\/a><\/td>\n<td style=\"width: 20.7358%;height: 123px\"><strong><span style=\"color: #993366\">Ordenanzas<\/span><\/strong><\/td>\n<\/tr>\n<tr style=\"height: 123px\">\n<td style=\"width: 37.291%;height: 104px\"><strong><span style=\"color: #993366\">Gregoria Gallego Gonz\u00e1lez<\/span><\/strong><\/td>\n<td style=\"width: 18.2275%;height: 104px\">&nbsp;<a href=\"https:\/\/blogsaverroes.juntadeandalucia.es\/iesalfonsoxi\/files\/2018\/10\/IMG_0355-e1539777711446.jpg\"><img loading=\"lazy\" decoding=\"async\" class=\"wp-image-3063 aligncenter\" src=\"https:\/\/blogsaverroes.juntadeandalucia.es\/iesalfonsoxi\/files\/2018\/10\/IMG_0355-e1539777711446-200x300.jpg\" alt=\"\" width=\"49\" height=\"74\" srcset=\"https:\/\/blogsaverroes.juntadeandalucia.es\/iesalfonsoxi\/files\/2018\/10\/IMG_0355-e1539777711446-200x300.jpg 200w, https:\/\/blogsaverroes.juntadeandalucia.es\/iesalfonsoxi\/files\/2018\/10\/IMG_0355-e1539777711446-768x1152.jpg 768w, https:\/\/blogsaverroes.juntadeandalucia.es\/iesalfonsoxi\/files\/2018\/10\/IMG_0355-e1539777711446-683x1024.jpg 683w, https:\/\/blogsaverroes.juntadeandalucia.es\/iesalfonsoxi\/files\/2018\/10\/IMG_0355-e1539777711446-16x24.jpg 16w, https:\/\/blogsaverroes.juntadeandalucia.es\/iesalfonsoxi\/files\/2018\/10\/IMG_0355-e1539777711446-24x36.jpg 24w, https:\/\/blogsaverroes.juntadeandalucia.es\/iesalfonsoxi\/files\/2018\/10\/IMG_0355-e1539777711446-32x48.jpg 32w, https:\/\/blogsaverroes.juntadeandalucia.es\/iesalfonsoxi\/files\/2018\/10\/IMG_0355-e1539777711446.jpg 1067w\" sizes=\"(max-width: 49px) 100vw, 49px\" \/><\/a><\/td>\n<td style=\"width: 20.7358%;height: 104px\"><strong><span style=\"color: #993366\">Ordenanzas<\/span><\/strong><\/td>\n<\/tr>\n<tr style=\"height: 76px\">\n<td style=\"width: 37.291%;height: 76px\"><strong><span style=\"color: #993366\">Sebastian Delgado Mu\u00f1oz<\/span><\/strong><\/td>\n<td style=\"width: 18.2275%;height: 76px\">&nbsp;<a href=\"https:\/\/blogsaverroes.juntadeandalucia.es\/iesalfonsoxi\/files\/2018\/10\/sebastian.jpeg\"><img loading=\"lazy\" decoding=\"async\" class=\"wp-image-4005 aligncenter\" src=\"https:\/\/blogsaverroes.juntadeandalucia.es\/iesalfonsoxi\/files\/2018\/10\/sebastian-225x300.jpeg\" alt=\"\" width=\"53\" height=\"70\" srcset=\"https:\/\/blogsaverroes.juntadeandalucia.es\/iesalfonsoxi\/files\/2018\/10\/sebastian-225x300.jpeg 225w, https:\/\/blogsaverroes.juntadeandalucia.es\/iesalfonsoxi\/files\/2018\/10\/sebastian-768x1024.jpeg 768w, https:\/\/blogsaverroes.juntadeandalucia.es\/iesalfonsoxi\/files\/2018\/10\/sebastian-18x24.jpeg 18w, https:\/\/blogsaverroes.juntadeandalucia.es\/iesalfonsoxi\/files\/2018\/10\/sebastian-27x36.jpeg 27w, https:\/\/blogsaverroes.juntadeandalucia.es\/iesalfonsoxi\/files\/2018\/10\/sebastian-36x48.jpeg 36w, https:\/\/blogsaverroes.juntadeandalucia.es\/iesalfonsoxi\/files\/2018\/10\/sebastian.jpeg 1200w\" sizes=\"(max-width: 53px) 100vw, 53px\" \/><\/a><\/td>\n<td style=\"width: 20.7358%;height: 76px\"><strong><span style=\"color: #993366\">Mantenimiento<\/span><\/strong><\/td>\n<\/tr>\n<tr style=\"height: 24px\">\n<td style=\"width: 37.291%;height: 24px\"><strong><span style=\"color: #993366\">Eva Hinojosa P\u00e9rez<\/span><\/strong><\/td>\n<td style=\"width: 18.2275%;height: 24px\">&nbsp;<\/td>\n<td style=\"width: 20.7358%;height: 24px\"><strong><span style=\"color: #993366\">Administrativa<\/span><\/strong><\/td>\n<\/tr>\n<\/tbody>\n<\/table>\n<p>&nbsp;<\/p>\n","protected":false},"excerpt":{"rendered":"<p>Curso 2022-2023 &nbsp; &nbsp; Componentes M\u00aa Angeles Garc\u00eda Mill\u00e1n &nbsp; Limpieza Luisa Aguilar Crespo &nbsp; Limpieza Antonio Ruiz Palomares &nbsp; Limpieza M\u00aa Josefa Mart\u00edn Herrera &nbsp; Ordenanzas M\u00aa Dolores Berbel Vivar &nbsp; Ordenanzas Gregoria Gallego Gonz\u00e1lez &nbsp; Ordenanzas Sebastian Delgado Mu\u00f1oz &nbsp; Mantenimiento Eva Hinojosa P\u00e9rez &nbsp; Administrativa &nbsp;<\/p>\n","protected":false},"author":6379,"featured_media":0,"parent":35,"menu_order":0,"comment_status":"closed","ping_status":"closed","template":"page-cs.php","meta":{"ngg_post_thumbnail":0,"footnotes":"","_mc_calendar":[]},"aioseo_notices":[],"_links":{"self":[{"href":"https:\/\/blogsaverroes.juntadeandalucia.es\/iesalfonsoxi\/wp-json\/wp\/v2\/pages\/3059"}],"collection":[{"href":"https:\/\/blogsaverroes.juntadeandalucia.es\/iesalfonsoxi\/wp-json\/wp\/v2\/pages"}],"about":[{"href":"https:\/\/blogsaverroes.juntadeandalucia.es\/iesalfonsoxi\/wp-json\/wp\/v2\/types\/page"}],"author":[{"embeddable":true,"href":"https:\/\/blogsaverroes.juntadeandalucia.es\/iesalfonsoxi\/wp-json\/wp\/v2\/users\/6379"}],"replies":[{"embeddable":true,"href":"https:\/\/blogsaverroes.juntadeandalucia.es\/iesalfonsoxi\/wp-json\/wp\/v2\/comments?post=3059"}],"version-history":[{"count":17,"href":"https:\/\/blogsaverroes.juntadeandalucia.es\/iesalfonsoxi\/wp-json\/wp\/v2\/pages\/3059\/revisions"}],"predecessor-version":[{"id":12824,"href":"https:\/\/blogsaverroes.juntadeandalucia.es\/iesalfonsoxi\/wp-json\/wp\/v2\/pages\/3059\/revisions\/12824"}],"up":[{"embeddable":true,"href":"https:\/\/blogsaverroes.juntadeandalucia.es\/iesalfonsoxi\/wp-json\/wp\/v2\/pages\/35"}],"wp:attachment":[{"href":"https:\/\/blogsaverroes.juntadeandalucia.es\/iesalfonsoxi\/wp-json\/wp\/v2\/media?parent=3059"}],"curies":[{"name":"wp","href":"https:\/\/api.w.org\/{rel}","templated":true}]}}