{"id":3081,"date":"2018-10-28T08:42:06","date_gmt":"2018-10-28T08:42:06","guid":{"rendered":"https:\/\/blogsaverroes.juntadeandalucia.es\/iesalfonsoxi\/?page_id=3081"},"modified":"2025-11-20T15:37:43","modified_gmt":"2025-11-20T15:37:43","slug":"planes-programas","status":"publish","type":"page","link":"https:\/\/blogsaverroes.juntadeandalucia.es\/iesalfonsoxi\/planes-programas\/","title":{"rendered":"Planes, Programas y Proyectos."},"content":{"rendered":"<p>Nuestro centro se adhiere en este curso a diferentes <strong>Planes, Programas y Proyectos<\/strong> promovidos desde la Consejer\u00eda de Educaci\u00f3n, Cultura y Deporte. Algunos de ellos se describen en este&nbsp;<a href=\"https:\/\/www.juntadeandalucia.es\/educacion\/portales\/documents\/20123\/2475523\/17092025_dosier_programas_educativos.pdf\/4272f22a-ec05-b29c-e75a-0e16ded1faf2?t=1758094184028\">Dossier Planes y Proyectos para el curso &nbsp;acad\u00e9mico 2025-2026.<\/a><\/p>\n<p>&nbsp;<\/p>\n<p><a href=\"https:\/\/blogsaverroes.juntadeandalucia.es\/iesalfonsoxi\/files\/2023\/01\/PLANES.png\"><img fetchpriority=\"high\" decoding=\"async\" class=\"aligncenter size-full wp-image-13307\" src=\"https:\/\/blogsaverroes.juntadeandalucia.es\/iesalfonsoxi\/files\/2023\/01\/PLANES.png\" alt=\"\" width=\"1600\" height=\"1280\" srcset=\"https:\/\/blogsaverroes.juntadeandalucia.es\/iesalfonsoxi\/files\/2023\/01\/PLANES.png 1600w, https:\/\/blogsaverroes.juntadeandalucia.es\/iesalfonsoxi\/files\/2023\/01\/PLANES-300x240.png 300w, https:\/\/blogsaverroes.juntadeandalucia.es\/iesalfonsoxi\/files\/2023\/01\/PLANES-1024x819.png 1024w, https:\/\/blogsaverroes.juntadeandalucia.es\/iesalfonsoxi\/files\/2023\/01\/PLANES-768x614.png 768w, https:\/\/blogsaverroes.juntadeandalucia.es\/iesalfonsoxi\/files\/2023\/01\/PLANES-1536x1229.png 1536w\" sizes=\"(max-width: 1600px) 100vw, 1600px\" \/><\/a><\/p>\n<h4><strong>LISTADO DE COORDINADORES\/AS de los mismos en el curso 25-26.&nbsp;<\/strong><\/h4>\n<ul>\n<li><span style=\"color: #800080\"><strong>COORDINADORA FORMACI\u00d3N,INNOVACI\u00d3N Y EVALUACI\u00d3N:<\/strong><\/span><span style=\"color: #000000\"> Mar\u00eda Jos\u00e9 Garc\u00eda L\u00f3pez.<\/span><\/li>\n<li><span style=\"color: #800080\"><strong>BIBLIOTECA ESCOLARES<\/strong>.<\/span> Ana Mar\u00eda Paula Moyano Camacho.<\/li>\n<li><span style=\"color: #800080\"><strong>COMUNICA<\/strong>.<\/span> Silvia Su\u00e1rez G\u00e1lvez.<\/li>\n<li><span style=\"color: #800080\"><strong>ESCUELA 4.0.<\/strong><\/span><span style=\"color: #000000\"> Manuel Pe\u00f1alver Contreras.<\/span><\/li>\n<li><span style=\"color: #800080\"><strong>BIENESTAR EMOCIONAL<\/strong>.<\/span> Inmaculada Otero Jurado.<\/li>\n<li><span style=\"color: #800080\"><strong>STEAM.<\/strong><\/span> Miguel Gij\u00f3n S\u00e1nchez.<\/li>\n<li><span style=\"color: #800080\"><strong>BIENESTAR EMOCIONAL<\/strong>.<\/span> Inmaculada Otero Jurado.<\/li>\n<li><strong><span style=\"color: #800080\">AULADJAQUE<\/span>:<\/strong> Jos\u00e9 Luis Ruiz Fern\u00e1ndez.<\/li>\n<li><strong><span style=\"color: #800080\">PROGRAMAS CULTURALES.<\/span><\/strong> Raquel Serrano Yepes.<\/li>\n<li><span style=\"color: #800080\"><strong>EMPRENDIMIENTO EDUCATIVO<\/strong><\/span>: Mar\u00eda Jos\u00e9 Garc\u00eda L\u00f3pez.<\/li>\n<li><span style=\"color: #800080\"><strong>PLAN DE ACTUACI\u00d3N DIGITAL<\/strong><\/span>: Asunci\u00f3n Morales Peinado y Manuel Pe\u00f1alver Contreras.<\/li>\n<li><span style=\"color: #800080\"><strong>PROGRAMA INTERCAMBIO ESCOLAR FRANC\u00c9S:<\/strong><\/span> Mar\u00eda Victoria Moya Rosales.&nbsp;<\/li>\n<li><span style=\"color: #800080\"><strong>ERASMUS+ FP<\/strong><\/span>: Eusebio Aguilera Aguilera.&nbsp;<\/li>\n<li><span style=\"color: #800080\"><strong>PROA:<\/strong><\/span> Pedro Pablo Perab\u00e1 G\u00e1mez.<\/li>\n<li><span style=\"color: #800080\"><strong>IGUALDAD:<\/strong><\/span> Santiago L\u00f3pez-Arg\u00fceta Pinto.<\/li>\n<li><span style=\"color: #800080\"><strong>ESCUELA ESPACIO DE PAZ.<\/strong> <span style=\"color: #000000\">Ezequiel Guti\u00e9rrez Bol\u00edvar.<\/span><\/span><\/li>\n<li><span style=\"color: #800080\"><strong>PRACTICUM M\u00c1STER SECUNDARIA: <\/strong><\/span>Jos\u00e9 Luis Ruiz Fern\u00e1ndez.&nbsp;<\/li>\n<li><span style=\"color: #800080\"><strong>PREVENCI\u00d3N DE RIESGOS LABORALES<\/strong><\/span>. Ildefonso Redondo L\u00f3pez.&nbsp;<\/li>\n<li><span style=\"color: #800080\"><strong>PROGRAMA BILING\u00dcE<\/strong><\/span>. Eleuterio Leal Figueroa.&nbsp;<\/li>\n<\/ul>\n","protected":false},"excerpt":{"rendered":"<p>Nuestro centro se adhiere en este curso a diferentes Planes, Programas y Proyectos promovidos desde la Consejer\u00eda de Educaci\u00f3n, Cultura y Deporte. Algunos de ellos se describen en este&nbsp;Dossier Planes y Proyectos para el curso &nbsp;acad\u00e9mico 2025-2026. &nbsp; LISTADO DE COORDINADORES\/AS de los mismos en el curso 25-26.&nbsp; COORDINADORA FORMACI\u00d3N,INNOVACI\u00d3N Y EVALUACI\u00d3N: Mar\u00eda Jos\u00e9 Garc\u00eda &hellip; <\/p>\n<p><a class=\"more-link btn\" href=\"https:\/\/blogsaverroes.juntadeandalucia.es\/iesalfonsoxi\/planes-programas\/\">Seguir leyendo<\/a><\/p>\n","protected":false},"author":6379,"featured_media":0,"parent":0,"menu_order":0,"comment_status":"closed","ping_status":"closed","template":"","meta":{"ngg_post_thumbnail":0,"footnotes":"","_mc_calendar":[]},"aioseo_notices":[],"_links":{"self":[{"href":"https:\/\/blogsaverroes.juntadeandalucia.es\/iesalfonsoxi\/wp-json\/wp\/v2\/pages\/3081"}],"collection":[{"href":"https:\/\/blogsaverroes.juntadeandalucia.es\/iesalfonsoxi\/wp-json\/wp\/v2\/pages"}],"about":[{"href":"https:\/\/blogsaverroes.juntadeandalucia.es\/iesalfonsoxi\/wp-json\/wp\/v2\/types\/page"}],"author":[{"embeddable":true,"href":"https:\/\/blogsaverroes.juntadeandalucia.es\/iesalfonsoxi\/wp-json\/wp\/v2\/users\/6379"}],"replies":[{"embeddable":true,"href":"https:\/\/blogsaverroes.juntadeandalucia.es\/iesalfonsoxi\/wp-json\/wp\/v2\/comments?post=3081"}],"version-history":[{"count":140,"href":"https:\/\/blogsaverroes.juntadeandalucia.es\/iesalfonsoxi\/wp-json\/wp\/v2\/pages\/3081\/revisions"}],"predecessor-version":[{"id":17569,"href":"https:\/\/blogsaverroes.juntadeandalucia.es\/iesalfonsoxi\/wp-json\/wp\/v2\/pages\/3081\/revisions\/17569"}],"wp:attachment":[{"href":"https:\/\/blogsaverroes.juntadeandalucia.es\/iesalfonsoxi\/wp-json\/wp\/v2\/media?parent=3081"}],"curies":[{"name":"wp","href":"https:\/\/api.w.org\/{rel}","templated":true}]}}