{"id":330,"date":"2015-03-18T07:11:43","date_gmt":"2015-03-18T07:11:43","guid":{"rendered":"http:\/\/blogsaverroes.juntadeandalucia.es\/pre\/ceip\/?page_id=330"},"modified":"2024-07-10T10:37:11","modified_gmt":"2024-07-10T10:37:11","slug":"bibliop","status":"publish","type":"page","link":"https:\/\/blogsaverroes.juntadeandalucia.es\/iesalfonsoxi\/bibliop\/","title":{"rendered":"Proyectos Erasmus+"},"content":{"rendered":"<p>Nuestro centro tiene como uno de sus objetivos la internacionalizaci\u00f3n del mismo a trav\u00e9s del desarrollo de programas europeos Erasmus+ que permitan al alumnado y profesorado descubrir y aprender de referentes alejados de su d\u00eda a d\u00eda.&nbsp; El potencial de este programa nos ha llevado a solicitar los siguientes proyectos.&nbsp;<\/p>\n<p style=\"padding-left: 40px\"><strong><a href=\"http:\/\/www.juntadeandalucia.es\/educacion\/portals\/web\/formacion-profesional-andaluza\/docente\/formacion-y-empresa\/erasmus-plus\">Erasmus+ ciclos formativos.<\/a>&nbsp;<\/strong><\/p>\n<ul>\n<li style=\"list-style-type: none\">\n<ul>\n<li>Gracias a esta acreditaci\u00f3n, el IES Alfonso XI podr\u00e1 seguir la l\u00ednea de internacionalizaci\u00f3n en todos sus Ciclos Formativos de grado medio, mejorando la calidad de la formaci\u00f3n profesional y ofreciendo a sus estudiantes una mejora en su empleabilidad y formaci\u00f3n.<\/li>\n<\/ul>\n<\/li>\n<\/ul>\n<p style=\"padding-left: 40px\"><strong><a href=\"https:\/\/erasmusplusmaths.wixsite.com\/erasmusplusmaths\">Erasmus+ \u00abMaths routes around Europe\u00bb. KA229.<\/a><\/strong><\/p>\n<ul>\n<li style=\"list-style-type: none\">\n<ul>\n<li>Proyecto europeo formado por (Croacia, Polonia, Portugal, Italia, Reino Unido y Espa\u00f1a) planteado para los cursos 2018-2020 para 4\u00ba ESO Acad\u00e9micas y 1\u00ba&nbsp; Bach. Matem\u00e1ticas I consistente en la realizaci\u00f3n de rutas matem\u00e1ticas por las ciudades\/regiones donde est\u00e1n situados los centros educativos participantes.&nbsp;<\/li>\n<li><a href=\"https:\/\/erasmusplusmaths.wixsite.com\/erasmusplusmaths\">Enlace a la web del proyecto<\/a><\/li>\n<li><a href=\"https:\/\/drive.google.com\/file\/d\/1bxqNVPla5ZaTz7dPLpiZkSlaEfsZL7wj\/view\">Resultado principal del mismo<\/a>.<\/li>\n<\/ul>\n<\/li>\n<\/ul>\n<p style=\"padding-left: 40px\"><a href=\"https:\/\/www.proyectoeinstein.es\/vista\/index.html\"><strong>Erasmus+ \u00abNuevas metodolog\u00edas para la educaci\u00f3n del siglo XXI\u00bb. KA101-080521<\/strong><\/a><\/p>\n<ul>\n<li style=\"list-style-type: none\">\n<ul>\n<li>Proyecto dedicado la formaci\u00f3n del profesorado de nuestro centro en metodolog\u00edas educativas como (STEAM, Gamificaci\u00f3n, Clase invertida,&#8230;), al uso de las nuevas tecnolog\u00edas, al conocimiento de sistemas educativas de pa\u00edses punteros en los resultados del informe PISA y a la mejora de las clases de ingl\u00e9s. Para ello se han dise\u00f1ado:\n<ul>\n<li>Diferentes jobshadowing en centros de Rep\u00fablica Checa, Lituania, Francia y Finlandia.<\/li>\n<li>Diferentes cursos estructurados desarrollados por empresas en Chipre, Inglaterra y Finlandia.<\/li>\n<\/ul>\n<\/li>\n<\/ul>\n<\/li>\n<\/ul>\n<p><a href=\"https:\/\/blogsaverroes.juntadeandalucia.es\/iesalfonsoxi\/files\/2020\/09\/descarga.png\"><img decoding=\"async\" class=\"aligncenter wp-image-9301\" src=\"https:\/\/blogsaverroes.juntadeandalucia.es\/iesalfonsoxi\/files\/2020\/09\/descarga.png\" alt=\"\" width=\"309\" height=\"125\" srcset=\"https:\/\/blogsaverroes.juntadeandalucia.es\/iesalfonsoxi\/files\/2020\/09\/descarga.png 353w, https:\/\/blogsaverroes.juntadeandalucia.es\/iesalfonsoxi\/files\/2020\/09\/descarga-300x122.png 300w, https:\/\/blogsaverroes.juntadeandalucia.es\/iesalfonsoxi\/files\/2020\/09\/descarga-24x10.png 24w, https:\/\/blogsaverroes.juntadeandalucia.es\/iesalfonsoxi\/files\/2020\/09\/descarga-36x15.png 36w, https:\/\/blogsaverroes.juntadeandalucia.es\/iesalfonsoxi\/files\/2020\/09\/descarga-48x19.png 48w\" sizes=\"(max-width: 309px) 100vw, 309px\" \/><\/a><\/p>\n<table class=\" alignleft\" style=\"height: 251px;width: 90.8239%;border-color: #751ec7;background-color: #f2f8fc\" cellpadding=\"200\">\n<tbody>\n<tr style=\"height: 44px\">\n<td style=\"width: 37.696%;height: 44px;text-align: center\">\n<h3><strong><span style=\"color: #000080\"><em>ERASMUS +&nbsp;&nbsp;<\/em><\/span><\/strong><\/h3>\n<h5><strong><span style=\"color: #000080\"><em>SECUNDARIA Y BACHILLERATO<\/em><\/span><\/strong><\/h5>\n<h5 style=\"text-align: center\"><strong><span style=\"color: #000080\">KA229<\/span><\/strong><\/h5>\n<\/td>\n<td style=\"width: 32.3384%;height: 44px;text-align: center\">\n<h3><span style=\"color: #000080\"><em><strong>ERASMUS +&nbsp; <\/strong><\/em><\/span><\/h3>\n<h5><span style=\"color: #000080\"><em><strong>CICLOS F<\/strong><\/em><em><strong>ORMATIVOS<\/strong><\/em><\/span><\/h5>\n<h5 style=\"text-align: center\"><strong><span style=\"color: #000080\">KA101-KA102<\/span><\/strong><\/h5>\n<\/td>\n<td style=\"width: 51.2743%;text-align: center\">\n<h3><span style=\"color: #000080\"><em><strong>ERASMUS+&nbsp;<\/strong><\/em><\/span><\/h3>\n<h5><span style=\"color: #000080\"><strong>FORMACI\u00d3N PROFESORADO<\/strong><\/span><\/h5>\n<h5 style=\"text-align: center\"><span style=\"color: #000080\"><strong>KA101<\/strong><\/span><\/h5>\n<\/td>\n<\/tr>\n<tr style=\"height: 207.667px\">\n<td style=\"width: 37.696%;height: 207px\"><a href=\"https:\/\/erasmusplusmaths.wixsite.com\/erasmusplusmaths\"><img decoding=\"async\" class=\" wp-image-4938 aligncenter\" src=\"https:\/\/blogsaverroes.juntadeandalucia.es\/iesalfonsoxi\/files\/2018\/10\/maths-1.png\" alt=\"\" width=\"147\" height=\"87\" srcset=\"https:\/\/blogsaverroes.juntadeandalucia.es\/iesalfonsoxi\/files\/2018\/10\/maths-1.png 292w, https:\/\/blogsaverroes.juntadeandalucia.es\/iesalfonsoxi\/files\/2018\/10\/maths-1-24x14.png 24w, https:\/\/blogsaverroes.juntadeandalucia.es\/iesalfonsoxi\/files\/2018\/10\/maths-1-36x21.png 36w, https:\/\/blogsaverroes.juntadeandalucia.es\/iesalfonsoxi\/files\/2018\/10\/maths-1-48x28.png 48w\" sizes=\"(max-width: 147px) 100vw, 147px\" \/><\/a><\/p>\n<p style=\"text-align: center\">Clic en la imagen para m\u00e1s informaci\u00f3n.<\/p>\n<\/td>\n<td style=\"width: 32.3384%;height: 207px\"><a href=\"https:\/\/fperasmusalfonso11.blogspot.com\/\"><img decoding=\"async\" class=\"wp-image-4936 aligncenter\" src=\"https:\/\/blogsaverroes.juntadeandalucia.es\/iesalfonsoxi\/files\/2018\/10\/CONSORCIO.jpg\" alt=\"\" width=\"118\" height=\"89\" srcset=\"https:\/\/blogsaverroes.juntadeandalucia.es\/iesalfonsoxi\/files\/2018\/10\/CONSORCIO.jpg 258w, https:\/\/blogsaverroes.juntadeandalucia.es\/iesalfonsoxi\/files\/2018\/10\/CONSORCIO-24x18.jpg 24w, https:\/\/blogsaverroes.juntadeandalucia.es\/iesalfonsoxi\/files\/2018\/10\/CONSORCIO-36x27.jpg 36w, https:\/\/blogsaverroes.juntadeandalucia.es\/iesalfonsoxi\/files\/2018\/10\/CONSORCIO-48x36.jpg 48w\" sizes=\"(max-width: 118px) 100vw, 118px\" \/><\/a><\/p>\n<p style=\"text-align: center\">Clic en la imagen para m\u00e1s informaci\u00f3n.<\/p>\n<\/td>\n<td style=\"width: 51.2743%\"><a href=\"https:\/\/live.etwinning.net\/projects\/project\/227074\"><img loading=\"lazy\" decoding=\"async\" class=\"aligncenter wp-image-9291\" src=\"https:\/\/blogsaverroes.juntadeandalucia.es\/iesalfonsoxi\/files\/2020\/09\/descarga.jpg\" alt=\"\" width=\"150\" height=\"90\" srcset=\"https:\/\/blogsaverroes.juntadeandalucia.es\/iesalfonsoxi\/files\/2020\/09\/descarga.jpg 290w, https:\/\/blogsaverroes.juntadeandalucia.es\/iesalfonsoxi\/files\/2020\/09\/descarga-24x14.jpg 24w, https:\/\/blogsaverroes.juntadeandalucia.es\/iesalfonsoxi\/files\/2020\/09\/descarga-36x22.jpg 36w, https:\/\/blogsaverroes.juntadeandalucia.es\/iesalfonsoxi\/files\/2020\/09\/descarga-48x29.jpg 48w\" sizes=\"(max-width: 150px) 100vw, 150px\" \/><\/a><\/p>\n<p style=\"text-align: center\">Clic en la imagen para m\u00e1s informaci\u00f3n.<\/p>\n<\/td>\n<\/tr>\n<\/tbody>\n<\/table>\n<p>&nbsp;<\/p>\n<p>&nbsp;<\/p>\n<p>&nbsp;<\/p>\n<p>&nbsp;<\/p>\n<p>&nbsp;<\/p>\n<p>&nbsp;<\/p>\n<p>&nbsp;<\/p>\n<p>&nbsp;<\/p>\n<p>&nbsp;<\/p>\n<p>&nbsp;<\/p>\n<p>&nbsp;<\/p>\n<p style=\"text-align: left\"><strong>Proyectos europeos realizados en cursos anteriores:<\/strong><\/p>\n<ul>\n<li><span style=\"color: #339966\"><strong>Comenius 2012-2014:<\/strong><\/span> <span style=\"color: #800000\">\u00ab<strong>Gastronomy as an educational resource<\/strong>\u00ab. Toda la informaci\u00f3n en la web realizada para el proyecto<\/span> <a href=\"http:\/\/gastroeurope.wixsite.com\/gastroeurope\">VER<\/a><\/li>\n<\/ul>\n<p>&nbsp;<\/p>\n","protected":false},"excerpt":{"rendered":"<p>Nuestro centro tiene como uno de sus objetivos la internacionalizaci\u00f3n del mismo a trav\u00e9s del desarrollo de programas europeos Erasmus+ que permitan al alumnado y profesorado descubrir y aprender de referentes alejados de su d\u00eda a d\u00eda.&nbsp; El potencial de este programa nos ha llevado a solicitar los siguientes proyectos.&nbsp; Erasmus+ ciclos formativos.&nbsp; Gracias a &hellip; <\/p>\n<p><a class=\"more-link btn\" href=\"https:\/\/blogsaverroes.juntadeandalucia.es\/iesalfonsoxi\/bibliop\/\">Seguir leyendo<\/a><\/p>\n","protected":false},"author":1,"featured_media":0,"parent":0,"menu_order":0,"comment_status":"closed","ping_status":"open","template":"page-cs.php","meta":{"ngg_post_thumbnail":0,"footnotes":"","_mc_calendar":[]},"aioseo_notices":[],"_links":{"self":[{"href":"https:\/\/blogsaverroes.juntadeandalucia.es\/iesalfonsoxi\/wp-json\/wp\/v2\/pages\/330"}],"collection":[{"href":"https:\/\/blogsaverroes.juntadeandalucia.es\/iesalfonsoxi\/wp-json\/wp\/v2\/pages"}],"about":[{"href":"https:\/\/blogsaverroes.juntadeandalucia.es\/iesalfonsoxi\/wp-json\/wp\/v2\/types\/page"}],"author":[{"embeddable":true,"href":"https:\/\/blogsaverroes.juntadeandalucia.es\/iesalfonsoxi\/wp-json\/wp\/v2\/users\/1"}],"replies":[{"embeddable":true,"href":"https:\/\/blogsaverroes.juntadeandalucia.es\/iesalfonsoxi\/wp-json\/wp\/v2\/comments?post=330"}],"version-history":[{"count":13,"href":"https:\/\/blogsaverroes.juntadeandalucia.es\/iesalfonsoxi\/wp-json\/wp\/v2\/pages\/330\/revisions"}],"predecessor-version":[{"id":16207,"href":"https:\/\/blogsaverroes.juntadeandalucia.es\/iesalfonsoxi\/wp-json\/wp\/v2\/pages\/330\/revisions\/16207"}],"wp:attachment":[{"href":"https:\/\/blogsaverroes.juntadeandalucia.es\/iesalfonsoxi\/wp-json\/wp\/v2\/media?parent=330"}],"curies":[{"name":"wp","href":"https:\/\/api.w.org\/{rel}","templated":true}]}}