{"id":3335,"date":"2018-11-18T11:34:16","date_gmt":"2018-11-18T11:34:16","guid":{"rendered":"https:\/\/blogsaverroes.juntadeandalucia.es\/iesalfonsoxi\/?page_id=3335"},"modified":"2019-01-23T13:07:16","modified_gmt":"2019-01-23T13:07:16","slug":"prodig","status":"publish","type":"page","link":"https:\/\/blogsaverroes.juntadeandalucia.es\/iesalfonsoxi\/prodig\/","title":{"rendered":"Prodig"},"content":{"rendered":"<header class=\"portlet-topper\">\n<h1 class=\"portlet-title\"><span class=\"portlet-title-text\">PRODIG: Programa de Digitalizaci\u00f3n de Centro<\/span><\/h1>\n<p>Pdf del Coordinador:<\/p>\n<h1 class=\"titulo\"><a href=\"https:\/\/blogsaverroes.juntadeandalucia.es\/iesalfonsoxi\/files\/2018\/11\/Gui\u00f3n.pdf\">Gui\u00f3n Prodig<\/a> <a href=\"https:\/\/blogsaverroes.juntadeandalucia.es\/iesalfonsoxi\/files\/2015\/03\/pdf62.jpg\"><img decoding=\"async\" class=\"alignnone size-full wp-image-3221\" src=\"https:\/\/blogsaverroes.juntadeandalucia.es\/iesalfonsoxi\/files\/2015\/03\/pdf62.jpg\" alt=\"\" width=\"47\" height=\"25\" srcset=\"https:\/\/blogsaverroes.juntadeandalucia.es\/iesalfonsoxi\/files\/2015\/03\/pdf62.jpg 47w, https:\/\/blogsaverroes.juntadeandalucia.es\/iesalfonsoxi\/files\/2015\/03\/pdf62-24x13.jpg 24w, https:\/\/blogsaverroes.juntadeandalucia.es\/iesalfonsoxi\/files\/2015\/03\/pdf62-36x19.jpg 36w\" sizes=\"(max-width: 47px) 100vw, 47px\" \/><\/a><\/h1>\n<menu id=\"portlet-topper-toolbar_ABACO_WEB_WAR_abacoportlet_INSTANCE_5xyJGWxNk3yK\" class=\"portlet-topper-toolbar\" type=\"toolbar\"><\/menu>\n<\/header>\n<div class=\"portlet-content\">\n<div class=\" portlet-content-container\">\n<div class=\"portlet-body\">\n<div class=\"contenido_portlet \">\n<div class=\"portlet_web\">\n<div class=\"detalle web\">\n<div class=\"contenido_detalle\">\n<section class=\"cuerpo detalle_html\">\n<div class=\"inner_cuerpo\">\n<p>Tomando como referente el <strong>Marco Europeo para Organizaciones Educativas Digitalmente Competentes, <\/strong>la Consejer\u00eda de&nbsp; Educaci\u00f3n pone en marcha para el curso 2018-2019 el <strong>Programa de Digitalizaci\u00f3n de Centros (PRODIG), <\/strong>con el objetivo fundamental de impulsar y apoyar la transformaci\u00f3n de los centros docentes en organizaciones educativas digitalmente competentes.<\/p>\n<p>Se trata de realizar los procesos de ense\u00f1anza y aprendizaje en un entorno tecnol\u00f3gico y convertirlos en un espacio de encuentro&nbsp;para docentes y alumnado, facilitando el acceso directo a los contenidos digitales e introduciendo cambios metodol\u00f3gicos y organizativos que&nbsp; permita al alumnado&nbsp;aprender con claro car\u00e1cter inclusivo, adem\u00e1s de animar y estimular tanto al alumnado como al profesorado a avanzar en este proceso, gracias a la personalizaci\u00f3n de la ense\u00f1anza y a la mejora de la comunicaci\u00f3n entre los participantes en este sistema.<\/p>\n<p>Este programa se dirige de manera amplia a todos los Centros que impartan ense\u00f1anzas no universitarias financiados con fondos p\u00fablicos.<\/p>\n<h4>CARACTER\u00cdSTICAS DEL PROGRAMA<\/h4>\n<p><a href=\"http:\/\/www.juntadeandalucia.es\/educacion\/portals\/web\/ced\/contenidos\/-\/contenidos\/detalle\/instrucciones-de-30-de-junio-de-2014-de-la-secretaria-general-de-educacion-sobre-programas-1\">En virtud de las Instrucciones de 30 de junio de 2014 de la Secretar\u00eda General de Educaci\u00f3n<\/a> sobre programas educativos y reconocimiento profesional del profesorado responsable de la coordinaci\u00f3n de programas educativos en centros docentes p\u00fablicos, as\u00ed como del profesorado participante en los mismos, este programa educativo corresponde al nivel P-1.<\/p>\n<p><strong>L\u00cdNEAS DE ACTUACI\u00d3N<\/strong><\/p>\n<p>Para conseguir transformaci\u00f3n del centro en una organizaci\u00f3n educativa digitalmente competente se debe de actuar en tres \u00e1mbitos b\u00e1sicos: <strong>procesos de ense\u00f1anza-aprendizaje, organizaci\u00f3n del centro, y procesos de comunicaci\u00f3n e informaci\u00f3n.<\/strong><\/p>\n<p><span class=\"wrapper-img\"><img decoding=\"async\" src=\"http:\/\/www.juntadeandalucia.es\/educacion\/portals\/delegate\/content\/e3ce694f-2f36-4ca6-973c-b9519a57cd6b\/ambitos.png\"><\/span><\/p>\n<p>Transformar el centro en una organizaci\u00f3n educativa digitalmente competente es un proyecto de car\u00e1cter plurianual, que se desarrollar\u00e1 en progresi\u00f3n a lo largo de tres cursos acad\u00e9micos.&nbsp;<\/p>\n<p><strong>El PRODIG<\/strong> facilitar\u00e1 la transformaci\u00f3n del centro mediante herramientas para diagnosticar la situaci\u00f3n del centro docente en lo que se refiere al uso de las tecnolog\u00edas educativas, recursos, formaci\u00f3n y propuestas para la adquisici\u00f3n de la competencia digital por parte del alumnado y el profesorado. Adem\u00e1s los centros participantes en <strong>PRODIG <\/strong>podr\u00e1n participar en el Programar <strong>PROEDUCAR<\/strong>. M\u00e1s informaci\u00f3n en el apartado \u00bfQu\u00e9 oferta&nbsp;<strong>PRODIG <\/strong>al&nbsp;centro?.<\/p>\n<p>&nbsp;<\/p>\n<p>&nbsp;<\/p>\n<\/div>\n<\/section>\n<section class=\"section_widget_abaco documentos doc_relacionados_web\">\n<header>\n<h1 class=\"titulo\">Documentos relacionados<\/h1>\n<\/header>\n<div class=\"wrapper-listado\">\n<ul class=\"listado\">\n<li class=\"item item_listado\">\n<div class=\"inner-item\">\n<div class=\"item_icon icopdf\">&nbsp;<\/div>\n<p><a href=\"https:\/\/blogsaverroes.juntadeandalucia.es\/iesalfonsoxi\/files\/2015\/03\/pdf62.jpg\"><img decoding=\"async\" class=\"alignnone size-full wp-image-3221\" src=\"https:\/\/blogsaverroes.juntadeandalucia.es\/iesalfonsoxi\/files\/2015\/03\/pdf62.jpg\" alt=\"\" width=\"47\" height=\"25\" srcset=\"https:\/\/blogsaverroes.juntadeandalucia.es\/iesalfonsoxi\/files\/2015\/03\/pdf62.jpg 47w, https:\/\/blogsaverroes.juntadeandalucia.es\/iesalfonsoxi\/files\/2015\/03\/pdf62-24x13.jpg 24w, https:\/\/blogsaverroes.juntadeandalucia.es\/iesalfonsoxi\/files\/2015\/03\/pdf62-36x19.jpg 36w\" sizes=\"(max-width: 47px) 100vw, 47px\" \/><\/a><a title=\"Visualizar el documento Se abre en una nueva ventana\" href=\"http:\/\/www.juntadeandalucia.es\/educacion\/portals\/abaco-portlet\/content\/9703ac88-f660-45a5-9453-49c061215a57\" target=\"_blank\" rel=\"noopener\">&nbsp;DOSIER 2018-2019 (PDF \/ 1984.75Kb) <\/a><\/p>\n<\/div>\n<\/li>\n<li class=\"item item_listado\">\n<div class=\"inner-item\">\n<p><a href=\"https:\/\/blogsaverroes.juntadeandalucia.es\/iesalfonsoxi\/files\/2015\/03\/pdf62.jpg\"><img decoding=\"async\" class=\"alignnone size-full wp-image-3221\" src=\"https:\/\/blogsaverroes.juntadeandalucia.es\/iesalfonsoxi\/files\/2015\/03\/pdf62.jpg\" alt=\"\" width=\"47\" height=\"25\" srcset=\"https:\/\/blogsaverroes.juntadeandalucia.es\/iesalfonsoxi\/files\/2015\/03\/pdf62.jpg 47w, https:\/\/blogsaverroes.juntadeandalucia.es\/iesalfonsoxi\/files\/2015\/03\/pdf62-24x13.jpg 24w, https:\/\/blogsaverroes.juntadeandalucia.es\/iesalfonsoxi\/files\/2015\/03\/pdf62-36x19.jpg 36w\" sizes=\"(max-width: 47px) 100vw, 47px\" \/><\/a><a title=\"Visualizar el documento Se abre en una nueva ventana\" href=\"http:\/\/www.juntadeandalucia.es\/educacion\/portals\/abaco-portlet\/content\/7f9245a0-0e96-4fcd-a5e5-89bfe984c215\" target=\"_blank\" rel=\"noopener\"> Proyecto DigCompOrg: Marco Europeo para Organizaciones Educativas Digitalmente Competentes (PDF \/ 1606.39Kb) <\/a><\/p>\n<\/div>\n<div class=\"inner-item\">&nbsp;<\/div>\n<div class=\"inner-item\">&nbsp;<\/div>\n<\/li>\n<\/ul>\n<\/div>\n<\/section>\n<\/div>\n<\/div>\n<\/div>\n<\/div>\n<\/div>\n<\/div>\n<\/div>\n<h3>Enlace al canal de Youtube del Servicio de Innovaci\u00f3n Educativa relativo al Prodig:<\/h3>\n<h3><a href=\"https:\/\/www.youtube.com\/channel\/UCodAq5tnYYHnJfTRj822tFg?view_as=subscriber\">https:\/\/www.youtube.com\/channel\/UCodAq5tnYYHnJfTRj822tFg?view_as=subscriber<\/a><\/h3>\n<h3>&nbsp;<\/h3>\n<h3>Calendario de actuaci\u00f3n:<\/h3>\n<p><a href=\"https:\/\/blogsaverroes.juntadeandalucia.es\/iesalfonsoxi\/files\/2018\/11\/Calendario.jpg\"><img fetchpriority=\"high\" decoding=\"async\" class=\"alignnone wp-image-3737\" src=\"https:\/\/blogsaverroes.juntadeandalucia.es\/iesalfonsoxi\/files\/2018\/11\/Calendario-300x149.jpg\" alt=\"\" width=\"828\" height=\"411\" srcset=\"https:\/\/blogsaverroes.juntadeandalucia.es\/iesalfonsoxi\/files\/2018\/11\/Calendario-300x149.jpg 300w, https:\/\/blogsaverroes.juntadeandalucia.es\/iesalfonsoxi\/files\/2018\/11\/Calendario-768x382.jpg 768w, https:\/\/blogsaverroes.juntadeandalucia.es\/iesalfonsoxi\/files\/2018\/11\/Calendario-1024x509.jpg 1024w, https:\/\/blogsaverroes.juntadeandalucia.es\/iesalfonsoxi\/files\/2018\/11\/Calendario-24x12.jpg 24w, https:\/\/blogsaverroes.juntadeandalucia.es\/iesalfonsoxi\/files\/2018\/11\/Calendario-36x18.jpg 36w, https:\/\/blogsaverroes.juntadeandalucia.es\/iesalfonsoxi\/files\/2018\/11\/Calendario-48x24.jpg 48w, https:\/\/blogsaverroes.juntadeandalucia.es\/iesalfonsoxi\/files\/2018\/11\/Calendario.jpg 1280w\" sizes=\"(max-width: 828px) 100vw, 828px\" \/><\/a><\/p>\n<h2 class=\"ecl-heading ecl-heading--h2\">\u00bfQu\u00e9 es SELFIE?<\/h2>\n<p class=\"ecl-paragraph\">SELFIE es una herramienta en l\u00ednea gratuita que pretende ayudar a los centros escolares a plantearse c\u00f3mo utilizan las tecnolog\u00edas digitales para lograr un aprendizaje efectivo e innovador. Con SELFIE, los centros pueden obtener una instant\u00e1nea del punto en el que se encuentran en relaci\u00f3n con el uso de las tecnolog\u00edas digitales, teniendo en cuenta las opiniones del profesorado, el alumnado y el equipo directivo. Este proceso de auto-relexi\u00f3n puede ayudar a abrir un di\u00e1logo dentro del centro sobre posibles \u00e1mbitos de mejora. SELFIE tambi\u00e9n permite a los centros realizar el seguimiento de los avances que logren a lo largo del tiempo.<\/p>\n<h2 class=\"ecl-heading ecl-heading--h2\">\u00bfQu\u00e9 mide SELFIE?<\/h2>\n<p class=\"ecl-paragraph\">A trav\u00e9s de una serie de preguntas al profesorado, equipo directivo y alumnado, SELFIE eval\u00faa el modo en que se utilizan las tecnolog\u00edas digitales para aprender y ense\u00f1ar en el centro. Las preguntas dirigidas al equipo directivo se centran principalmente en las estrategias y pr\u00e1cticas a escala del centro relacionadas con el uso de las tecnolog\u00edas digitales. Las preguntas dirigidas al profesorado est\u00e1n destinadas principalmente a detectar pr\u00e1cticas docentes, y las dirigidas al alumnado tienen como finalidad conocer su experiencia y pr\u00e1cticas de aprendizaje en relaci\u00f3n con el uso de las tecnolog\u00edas digitales. Los centros pueden personalizar la herramienta a\u00f1adiendo preguntas que se adapten a su contexto.<\/p>\n<h2 class=\"ecl-heading ecl-heading--h2\">\u00bfQui\u00e9n est\u00e1 detr\u00e1s de SELFIE?<\/h2>\n<p class=\"ecl-paragraph\">SELFIE ha sido desarrollado por la Comisi\u00f3n Europea junto con un grupo de expertos y profesionales en el \u00e1mbito de la educaci\u00f3n de pa\u00edses europeos. M\u00e1s de 67&nbsp;000 miembros de equipos directivos, profesores\/as y alumnos\/as de toda Europa probaron la versi\u00f3n beta de la herramienta a finales de 2017.<\/p>\n<p>&nbsp;<\/p>\n<p><strong>Enlaces de los Tests para los alumnos: <\/strong><strong>SELFIE 2018-2019, session 1 <\/strong><\/p>\n<p><strong>Educaci\u00f3n secundaria y similar<\/strong><\/p>\n<p><a href=\"https:\/\/schools-go-digital.jrc.ec.europa.eu\/self-assessment?s=MaZpmOa&amp;lang=es\">https:\/\/schools-go-digital.jrc.ec.europa.eu\/self-assessment?s=MaZpmOa&amp;lang=es<\/a><\/p>\n<p><strong>Bachillerato<\/strong><\/p>\n<p><a href=\"https:\/\/schools-go-digital.jrc.ec.europa.eu\/self-assessment?s=qUk1gK5&amp;lang=es\">https:\/\/schools-go-digital.jrc.ec.europa.eu\/self-assessment?s=qUk1gK5&amp;lang=es<\/a><\/p>\n<p><strong>Educaci\u00f3n postsecundaria no superior<\/strong><\/p>\n<p><a href=\"https:\/\/schools-go-digital.jrc.ec.europa.eu\/self-assessment?s=07t5Jmt&amp;lang=es\">https:\/\/schools-go-digital.jrc.ec.europa.eu\/self-assessment?s=07t5Jmt&amp;lang=es<\/a><\/p>\n<p>&nbsp;<\/p>\n<p>&nbsp;<\/p>\n<p>&nbsp;<\/p>\n","protected":false},"excerpt":{"rendered":"<p>PRODIG: Programa de Digitalizaci\u00f3n de Centro Pdf del Coordinador: Gui\u00f3n Prodig Tomando como referente el Marco Europeo para Organizaciones Educativas Digitalmente Competentes, la Consejer\u00eda de&nbsp; Educaci\u00f3n pone en marcha para el curso 2018-2019 el Programa de Digitalizaci\u00f3n de Centros (PRODIG), con el objetivo fundamental de impulsar y apoyar la transformaci\u00f3n de los centros docentes en &hellip; <\/p>\n<p><a class=\"more-link btn\" href=\"https:\/\/blogsaverroes.juntadeandalucia.es\/iesalfonsoxi\/prodig\/\">Seguir leyendo<\/a><\/p>\n","protected":false},"author":6379,"featured_media":0,"parent":0,"menu_order":0,"comment_status":"closed","ping_status":"closed","template":"","meta":{"ngg_post_thumbnail":0,"footnotes":"","_mc_calendar":[]},"aioseo_notices":[],"_links":{"self":[{"href":"https:\/\/blogsaverroes.juntadeandalucia.es\/iesalfonsoxi\/wp-json\/wp\/v2\/pages\/3335"}],"collection":[{"href":"https:\/\/blogsaverroes.juntadeandalucia.es\/iesalfonsoxi\/wp-json\/wp\/v2\/pages"}],"about":[{"href":"https:\/\/blogsaverroes.juntadeandalucia.es\/iesalfonsoxi\/wp-json\/wp\/v2\/types\/page"}],"author":[{"embeddable":true,"href":"https:\/\/blogsaverroes.juntadeandalucia.es\/iesalfonsoxi\/wp-json\/wp\/v2\/users\/6379"}],"replies":[{"embeddable":true,"href":"https:\/\/blogsaverroes.juntadeandalucia.es\/iesalfonsoxi\/wp-json\/wp\/v2\/comments?post=3335"}],"version-history":[{"count":7,"href":"https:\/\/blogsaverroes.juntadeandalucia.es\/iesalfonsoxi\/wp-json\/wp\/v2\/pages\/3335\/revisions"}],"predecessor-version":[{"id":4195,"href":"https:\/\/blogsaverroes.juntadeandalucia.es\/iesalfonsoxi\/wp-json\/wp\/v2\/pages\/3335\/revisions\/4195"}],"wp:attachment":[{"href":"https:\/\/blogsaverroes.juntadeandalucia.es\/iesalfonsoxi\/wp-json\/wp\/v2\/media?parent=3335"}],"curies":[{"name":"wp","href":"https:\/\/api.w.org\/{rel}","templated":true}]}}