{"id":3792,"date":"2018-11-30T09:19:52","date_gmt":"2018-11-30T09:19:52","guid":{"rendered":"https:\/\/blogsaverroes.juntadeandalucia.es\/iesalfonsoxi\/?page_id=3792"},"modified":"2020-07-01T10:45:03","modified_gmt":"2020-07-01T10:45:03","slug":"otros-departamentos","status":"publish","type":"page","link":"https:\/\/blogsaverroes.juntadeandalucia.es\/iesalfonsoxi\/otros-departamentos\/","title":{"rendered":"Otros Departamentos"},"content":{"rendered":"<ul class=\"color_20 font_8\">\n<li>\n<p class=\"font_8\"><span class=\"color_20\"><strong><span style=\"color: #993366\">Departamento de Orientaci\u00f3n<\/span><\/strong>:<\/span>&nbsp;Los profesionales que integran este departamento son los siguientes:<\/p>\n<\/li>\n<\/ul>\n<p class=\"font_8\" style=\"padding-left: 80px\">+ Profesora de Orientaci\u00f3n Educativa.<\/p>\n<p class=\"font_8\" style=\"padding-left: 80px\">+ Profesor de Pedagog\u00eda Terap\u00e9utica,<\/p>\n<ul class=\"color_20 font_8\">\n<li>\n<p class=\"font_8\"><span class=\"color_20\"><strong><span style=\"color: #993366\">Departamento de Actividades Extraescolares y Complementarias<\/span><\/strong>:<\/span> La Jefatura del DACEYC desempe\u00f1ar\u00e1 sus funciones en colaboraci\u00f3n con la Vicedirecci\u00f3n, los Jefes de los Departamentos did\u00e1cticos, con los Coordinadores\/as o responsables de los diferentes Programas o Proyectos que se llevan a cabo en el Centro, con la Junta de Delegados de Alumnos, con las Asociaciones de Alumnos y de Padres de Alumnos y con el representante del Ayuntamiento en el Consejo Escolar.<\/p>\n<\/li>\n<li>\n<p class=\"font_8\"><span class=\"color_20\"><strong><span style=\"color: #993366\">Departamento de Formaci\u00f3n, Evaluaci\u00f3n e Innovaci\u00f3n<\/span><\/strong>:<\/span>&nbsp;Est\u00e1 compuesto por:<\/p>\n<\/li>\n<\/ul>\n<p class=\"font_8\" style=\"padding-left: 80px\">+ La persona que ostenta la jefatura del departamento.<\/p>\n<p class=\"font_8\" style=\"padding-left: 80px\">+ Un profesor o profesora de cada una de las \u00e1reas de competencias, designados por las&nbsp; &nbsp; &nbsp;personas que ejerzan la coordinaci\u00f3n de las mismas.<\/p>\n<p class=\"font_8\" style=\"padding-left: 80px\">+ La persona que ejerza la jefatura del departamento de orientaci\u00f3n.<\/p>\n<p class=\"font_8\" style=\"padding-left: 80px\">+ Equipos Educativos: Son los equipos de profesores que imparten clase en cada grupo&nbsp; &nbsp; &nbsp; &nbsp;de alumnos\/as.<\/p>\n<p class=\"font_8\" style=\"padding-left: 80px\">+ Tutores.<\/p>\n<ul>\n<li><strong><span style=\"color: #993366\">Departamento de Coeducaci\u00f3n.<\/span><\/strong><\/li>\n<li><strong><span style=\"color: #993366\">Departamento de Religi\u00f3n.<\/span><\/strong><\/li>\n<\/ul>\n<p>&nbsp;<\/p>\n","protected":false},"excerpt":{"rendered":"<p>Departamento de Orientaci\u00f3n:&nbsp;Los profesionales que integran este departamento son los siguientes: + Profesora de Orientaci\u00f3n Educativa. + Profesor de Pedagog\u00eda Terap\u00e9utica, Departamento de Actividades Extraescolares y Complementarias: La Jefatura del DACEYC desempe\u00f1ar\u00e1 sus funciones en colaboraci\u00f3n con la Vicedirecci\u00f3n, los Jefes de los Departamentos did\u00e1cticos, con los Coordinadores\/as o responsables de los diferentes Programas o &hellip; <\/p>\n<p><a class=\"more-link btn\" href=\"https:\/\/blogsaverroes.juntadeandalucia.es\/iesalfonsoxi\/otros-departamentos\/\">Seguir leyendo<\/a><\/p>\n","protected":false},"author":6379,"featured_media":0,"parent":0,"menu_order":0,"comment_status":"closed","ping_status":"closed","template":"","meta":{"ngg_post_thumbnail":0,"footnotes":"","_mc_calendar":[]},"aioseo_notices":[],"_links":{"self":[{"href":"https:\/\/blogsaverroes.juntadeandalucia.es\/iesalfonsoxi\/wp-json\/wp\/v2\/pages\/3792"}],"collection":[{"href":"https:\/\/blogsaverroes.juntadeandalucia.es\/iesalfonsoxi\/wp-json\/wp\/v2\/pages"}],"about":[{"href":"https:\/\/blogsaverroes.juntadeandalucia.es\/iesalfonsoxi\/wp-json\/wp\/v2\/types\/page"}],"author":[{"embeddable":true,"href":"https:\/\/blogsaverroes.juntadeandalucia.es\/iesalfonsoxi\/wp-json\/wp\/v2\/users\/6379"}],"replies":[{"embeddable":true,"href":"https:\/\/blogsaverroes.juntadeandalucia.es\/iesalfonsoxi\/wp-json\/wp\/v2\/comments?post=3792"}],"version-history":[{"count":4,"href":"https:\/\/blogsaverroes.juntadeandalucia.es\/iesalfonsoxi\/wp-json\/wp\/v2\/pages\/3792\/revisions"}],"predecessor-version":[{"id":9015,"href":"https:\/\/blogsaverroes.juntadeandalucia.es\/iesalfonsoxi\/wp-json\/wp\/v2\/pages\/3792\/revisions\/9015"}],"wp:attachment":[{"href":"https:\/\/blogsaverroes.juntadeandalucia.es\/iesalfonsoxi\/wp-json\/wp\/v2\/media?parent=3792"}],"curies":[{"name":"wp","href":"https:\/\/api.w.org\/{rel}","templated":true}]}}