{"id":3872,"date":"2018-12-03T23:19:34","date_gmt":"2018-12-03T23:19:34","guid":{"rendered":"https:\/\/blogsaverroes.juntadeandalucia.es\/iesalfonsoxi\/?page_id=3872"},"modified":"2019-02-04T12:08:17","modified_gmt":"2019-02-04T12:08:17","slug":"ayuda-sobre-rss","status":"publish","type":"page","link":"https:\/\/blogsaverroes.juntadeandalucia.es\/iesalfonsoxi\/ayuda-sobre-rss\/","title":{"rendered":"Ayuda sobre RSS"},"content":{"rendered":"<p><strong><a href=\"https:\/\/blogsaverroes.juntadeandalucia.es\/iesalfonsoxi\/files\/2018\/12\/rss2.jpg\"><img decoding=\"async\" class=\"alignnone wp-image-3861\" src=\"https:\/\/blogsaverroes.juntadeandalucia.es\/iesalfonsoxi\/files\/2018\/12\/rss2.jpg\" alt=\"\" width=\"73\" height=\"73\" srcset=\"https:\/\/blogsaverroes.juntadeandalucia.es\/iesalfonsoxi\/files\/2018\/12\/rss2.jpg 224w, https:\/\/blogsaverroes.juntadeandalucia.es\/iesalfonsoxi\/files\/2018\/12\/rss2-150x150.jpg 150w, https:\/\/blogsaverroes.juntadeandalucia.es\/iesalfonsoxi\/files\/2018\/12\/rss2-100x100.jpg 100w, https:\/\/blogsaverroes.juntadeandalucia.es\/iesalfonsoxi\/files\/2018\/12\/rss2-24x24.jpg 24w, https:\/\/blogsaverroes.juntadeandalucia.es\/iesalfonsoxi\/files\/2018\/12\/rss2-36x36.jpg 36w, https:\/\/blogsaverroes.juntadeandalucia.es\/iesalfonsoxi\/files\/2018\/12\/rss2-48x48.jpg 48w, https:\/\/blogsaverroes.juntadeandalucia.es\/iesalfonsoxi\/files\/2018\/12\/rss2-50x50.jpg 50w\" sizes=\"(max-width: 73px) 100vw, 73px\" \/><\/a><br \/>\n<\/strong><\/p>\n<p>&nbsp;<\/p>\n<p>RSS son las siglas de Really Simple Syndication (en espa\u00f1ol, \u00absindicaci\u00f3n realmente simple\u00bb, puesto que \u00absindicaci\u00f3n\u00bb en ingl\u00e9s se aplica a empresas de varios peri\u00f3dicos), un formato XML para distribuir contenido en la web. Se utiliza para difundir informaci\u00f3n actualizada frecuentemente a usuarios que se han suscrito a la fuente de contenidos. El formato permite distribuir contenidos sin necesidad de un navegador, utilizando programas llamados agregadores de noticias, dise\u00f1ados para leer contenidos RSS, tales como Mozilla Firefox, Thunderbird o Akregator, entre otros. A pesar de eso, es posible utilizar el mismo navegador para ver los contenidos RSS. Las \u00faltimas versiones de los principales navegadores permiten leer los RSS sin necesidad de programas adicionales. RSS es parte de la familia de los formatos XML, desarrollado espec\u00edficamente para todo tipo de sitios que se actualicen con frecuencia y por medio del cual se puede compartir la informaci\u00f3n y usarla en otros sitios web o programas. A esto se le conoce como redifusi\u00f3n web o sindicaci\u00f3n web (una traducci\u00f3n incorrecta muy extendida). [Fuente Wikipedia: <a href=\"https:\/\/es.wikipedia.org\/wiki\/RSS\">enlace<\/a>]\n<p>Para suscribirte a nuestra Web, sigue las instrucciones siguientes:<\/p>\n<p>Instrucciones:<\/p>\n<table style=\"height: 166px;border-color: #00ffff\" border=\"0\" width=\"697\">\n<tbody>\n<tr>\n<td style=\"width: 436.733px;text-align: center\">&nbsp;<a href=\"#Firefox\"><img decoding=\"async\" class=\"alignnone size-full wp-image-3874\" src=\"https:\/\/blogsaverroes.juntadeandalucia.es\/iesalfonsoxi\/files\/2018\/12\/firefox.jpg\" alt=\"\" width=\"74\" height=\"79\" srcset=\"https:\/\/blogsaverroes.juntadeandalucia.es\/iesalfonsoxi\/files\/2018\/12\/firefox.jpg 74w, https:\/\/blogsaverroes.juntadeandalucia.es\/iesalfonsoxi\/files\/2018\/12\/firefox-22x24.jpg 22w, https:\/\/blogsaverroes.juntadeandalucia.es\/iesalfonsoxi\/files\/2018\/12\/firefox-34x36.jpg 34w, https:\/\/blogsaverroes.juntadeandalucia.es\/iesalfonsoxi\/files\/2018\/12\/firefox-45x48.jpg 45w\" sizes=\"(max-width: 74px) 100vw, 74px\" \/><\/a><\/td>\n<td style=\"width: 496.933px;text-align: center\">&nbsp;<a href=\"#Chrome\"><img decoding=\"async\" class=\"alignnone size-full wp-image-3873\" src=\"https:\/\/blogsaverroes.juntadeandalucia.es\/iesalfonsoxi\/files\/2018\/12\/chrome.jpg\" alt=\"\" width=\"74\" height=\"79\" srcset=\"https:\/\/blogsaverroes.juntadeandalucia.es\/iesalfonsoxi\/files\/2018\/12\/chrome.jpg 74w, https:\/\/blogsaverroes.juntadeandalucia.es\/iesalfonsoxi\/files\/2018\/12\/chrome-22x24.jpg 22w, https:\/\/blogsaverroes.juntadeandalucia.es\/iesalfonsoxi\/files\/2018\/12\/chrome-34x36.jpg 34w, https:\/\/blogsaverroes.juntadeandalucia.es\/iesalfonsoxi\/files\/2018\/12\/chrome-45x48.jpg 45w\" sizes=\"(max-width: 74px) 100vw, 74px\" \/><\/a><\/td>\n<\/tr>\n<tr>\n<td style=\"width: 436.733px;text-align: center\"><a href=\"#Firefox\">Mozilla Firefox<\/a><\/td>\n<td style=\"width: 496.933px;text-align: center\"><a href=\"#Chrome\">Google Chrome<\/a><\/td>\n<\/tr>\n<\/tbody>\n<\/table>\n<p>&nbsp;<\/p>\n<p><a name=\"Firefox\"><\/a>Para los usuarios del navegador Mozilla Firefox, pincha en el Icono &nbsp;de la p\u00e1gina Web de nuestro instituto, situado abajo a la derecha, como puedes ver en la captura siguiente:<\/p>\n<p><a href=\"https:\/\/blogsaverroes.juntadeandalucia.es\/iesalfonsoxi\/files\/2018\/12\/im01.jpg\"><img loading=\"lazy\" decoding=\"async\" class=\"wp-image-3875 aligncenter\" src=\"https:\/\/blogsaverroes.juntadeandalucia.es\/iesalfonsoxi\/files\/2018\/12\/im01-300x105.jpg\" alt=\"\" width=\"617\" height=\"216\" srcset=\"https:\/\/blogsaverroes.juntadeandalucia.es\/iesalfonsoxi\/files\/2018\/12\/im01-300x105.jpg 300w, https:\/\/blogsaverroes.juntadeandalucia.es\/iesalfonsoxi\/files\/2018\/12\/im01-24x8.jpg 24w, https:\/\/blogsaverroes.juntadeandalucia.es\/iesalfonsoxi\/files\/2018\/12\/im01-36x13.jpg 36w, https:\/\/blogsaverroes.juntadeandalucia.es\/iesalfonsoxi\/files\/2018\/12\/im01-48x17.jpg 48w, https:\/\/blogsaverroes.juntadeandalucia.es\/iesalfonsoxi\/files\/2018\/12\/im01.jpg 468w\" sizes=\"(max-width: 617px) 100vw, 617px\" \/><\/a><\/p>\n<p>Aparecer\u00e1 la siguiente p\u00e1gina para suscribirte, pulsaremos el bot\u00f3n \u201cSuscribirse ahora\u201d<\/p>\n<p><a href=\"https:\/\/blogsaverroes.juntadeandalucia.es\/iesalfonsoxi\/files\/2018\/12\/im02.jpg\"><img loading=\"lazy\" decoding=\"async\" class=\"wp-image-3876 aligncenter\" src=\"https:\/\/blogsaverroes.juntadeandalucia.es\/iesalfonsoxi\/files\/2018\/12\/im02-300x175.jpg\" alt=\"\" width=\"465\" height=\"271\" srcset=\"https:\/\/blogsaverroes.juntadeandalucia.es\/iesalfonsoxi\/files\/2018\/12\/im02-300x175.jpg 300w, https:\/\/blogsaverroes.juntadeandalucia.es\/iesalfonsoxi\/files\/2018\/12\/im02-24x14.jpg 24w, https:\/\/blogsaverroes.juntadeandalucia.es\/iesalfonsoxi\/files\/2018\/12\/im02-36x21.jpg 36w, https:\/\/blogsaverroes.juntadeandalucia.es\/iesalfonsoxi\/files\/2018\/12\/im02-48x28.jpg 48w, https:\/\/blogsaverroes.juntadeandalucia.es\/iesalfonsoxi\/files\/2018\/12\/im02.jpg 326w\" sizes=\"(max-width: 465px) 100vw, 465px\" \/><\/a><\/p>\n<p>En la ventana que se abre, podemos a\u00f1adirlo a la barra de herramienta de marcadores, opci\u00f3n m\u00e1s c\u00f3moda para poder estar al d\u00eda de las novedades de nuestra web.<\/p>\n<p><a href=\"https:\/\/blogsaverroes.juntadeandalucia.es\/iesalfonsoxi\/files\/2018\/12\/im03.jpg\"><img loading=\"lazy\" decoding=\"async\" class=\"wp-image-3877 aligncenter\" src=\"https:\/\/blogsaverroes.juntadeandalucia.es\/iesalfonsoxi\/files\/2018\/12\/im03.jpg\" alt=\"\" width=\"332\" height=\"204\" srcset=\"https:\/\/blogsaverroes.juntadeandalucia.es\/iesalfonsoxi\/files\/2018\/12\/im03.jpg 153w, https:\/\/blogsaverroes.juntadeandalucia.es\/iesalfonsoxi\/files\/2018\/12\/im03-24x15.jpg 24w, https:\/\/blogsaverroes.juntadeandalucia.es\/iesalfonsoxi\/files\/2018\/12\/im03-36x22.jpg 36w, https:\/\/blogsaverroes.juntadeandalucia.es\/iesalfonsoxi\/files\/2018\/12\/im03-48x29.jpg 48w\" sizes=\"(max-width: 332px) 100vw, 332px\" \/><\/a><\/p>\n<p>A partir de ese momento podemos ver las novedades pinchando en el Icono de la barra de herramienta de marcadores.<\/p>\n<p><a href=\"https:\/\/blogsaverroes.juntadeandalucia.es\/iesalfonsoxi\/files\/2018\/12\/im04.jpg\"><img loading=\"lazy\" decoding=\"async\" class=\"wp-image-3878 aligncenter\" src=\"https:\/\/blogsaverroes.juntadeandalucia.es\/iesalfonsoxi\/files\/2018\/12\/im04-300x248.jpg\" alt=\"\" width=\"504\" height=\"417\" srcset=\"https:\/\/blogsaverroes.juntadeandalucia.es\/iesalfonsoxi\/files\/2018\/12\/im04-300x248.jpg 300w, https:\/\/blogsaverroes.juntadeandalucia.es\/iesalfonsoxi\/files\/2018\/12\/im04-24x20.jpg 24w, https:\/\/blogsaverroes.juntadeandalucia.es\/iesalfonsoxi\/files\/2018\/12\/im04-36x30.jpg 36w, https:\/\/blogsaverroes.juntadeandalucia.es\/iesalfonsoxi\/files\/2018\/12\/im04-48x40.jpg 48w, https:\/\/blogsaverroes.juntadeandalucia.es\/iesalfonsoxi\/files\/2018\/12\/im04.jpg 369w\" sizes=\"(max-width: 504px) 100vw, 504px\" \/><\/a><\/p>\n<p>&nbsp;<\/p>\n<p><strong><a name=\"Chrome\"><\/a>Google Chrome<\/strong><\/p>\n<p>Para los usuarios del navegador Chrome, necesitamos instalar una extensi\u00f3n, <em><strong>s<\/strong><strong>\u00f3lo hay que hacerlo una vez nada m\u00e1s<\/strong><\/em>. Iremos hasta este enlace<\/p>\n<p><a href=\"https:\/\/chrome.google.com\/webstore\/category\/extensions\">https:\/\/chrome.google.com\/webstore\/category\/extensions<\/a><\/p>\n<p><a href=\"https:\/\/blogsaverroes.juntadeandalucia.es\/iesalfonsoxi\/files\/2018\/12\/im05.jpg\"><img loading=\"lazy\" decoding=\"async\" class=\"wp-image-3879 aligncenter\" src=\"https:\/\/blogsaverroes.juntadeandalucia.es\/iesalfonsoxi\/files\/2018\/12\/im05.jpg\" alt=\"\" width=\"381\" height=\"232\" srcset=\"https:\/\/blogsaverroes.juntadeandalucia.es\/iesalfonsoxi\/files\/2018\/12\/im05.jpg 256w, https:\/\/blogsaverroes.juntadeandalucia.es\/iesalfonsoxi\/files\/2018\/12\/im05-24x15.jpg 24w, https:\/\/blogsaverroes.juntadeandalucia.es\/iesalfonsoxi\/files\/2018\/12\/im05-36x22.jpg 36w, https:\/\/blogsaverroes.juntadeandalucia.es\/iesalfonsoxi\/files\/2018\/12\/im05-48x29.jpg 48w\" sizes=\"(max-width: 381px) 100vw, 381px\" \/><\/a><\/p>\n<p>En la b\u00fasqueda, teclearemos \u201c<em><strong>rss feed reader<\/strong><\/em>\u201d, una extensi\u00f3n que nos permitir\u00e1 suscribirnos a una Web que tenga RSS y lo a\u00f1adiremos a Chrome pinchando en el bot\u00f3n azul correspondiente.<\/p>\n<p><a href=\"https:\/\/blogsaverroes.juntadeandalucia.es\/iesalfonsoxi\/files\/2018\/12\/im06.jpg\"><img loading=\"lazy\" decoding=\"async\" class=\"wp-image-3880 aligncenter\" src=\"https:\/\/blogsaverroes.juntadeandalucia.es\/iesalfonsoxi\/files\/2018\/12\/im06-300x102.jpg\" alt=\"\" width=\"506\" height=\"172\" srcset=\"https:\/\/blogsaverroes.juntadeandalucia.es\/iesalfonsoxi\/files\/2018\/12\/im06-300x102.jpg 300w, https:\/\/blogsaverroes.juntadeandalucia.es\/iesalfonsoxi\/files\/2018\/12\/im06-24x8.jpg 24w, https:\/\/blogsaverroes.juntadeandalucia.es\/iesalfonsoxi\/files\/2018\/12\/im06-36x12.jpg 36w, https:\/\/blogsaverroes.juntadeandalucia.es\/iesalfonsoxi\/files\/2018\/12\/im06-48x16.jpg 48w, https:\/\/blogsaverroes.juntadeandalucia.es\/iesalfonsoxi\/files\/2018\/12\/im06.jpg 567w\" sizes=\"(max-width: 506px) 100vw, 506px\" \/><\/a><\/p>\n<p><a href=\"https:\/\/blogsaverroes.juntadeandalucia.es\/iesalfonsoxi\/files\/2018\/12\/im07.jpg\"><img loading=\"lazy\" decoding=\"async\" class=\" wp-image-3881 aligncenter\" src=\"https:\/\/blogsaverroes.juntadeandalucia.es\/iesalfonsoxi\/files\/2018\/12\/im07-300x132.jpg\" alt=\"\" width=\"418\" height=\"184\" srcset=\"https:\/\/blogsaverroes.juntadeandalucia.es\/iesalfonsoxi\/files\/2018\/12\/im07-300x132.jpg 300w, https:\/\/blogsaverroes.juntadeandalucia.es\/iesalfonsoxi\/files\/2018\/12\/im07-24x11.jpg 24w, https:\/\/blogsaverroes.juntadeandalucia.es\/iesalfonsoxi\/files\/2018\/12\/im07-36x16.jpg 36w, https:\/\/blogsaverroes.juntadeandalucia.es\/iesalfonsoxi\/files\/2018\/12\/im07-48x21.jpg 48w, https:\/\/blogsaverroes.juntadeandalucia.es\/iesalfonsoxi\/files\/2018\/12\/im07.jpg 392w\" sizes=\"(max-width: 418px) 100vw, 418px\" \/><\/a><\/p>\n<p>A partir de este momento aparecer\u00e1 un icono en la&nbsp; parte superior de nuestro navegador que nos permitir\u00e1 suscribirnos a RSS.<\/p>\n<p>&nbsp;<\/p>\n<p><strong>Procedemos a la suscripci\u00f3n:<\/strong><\/p>\n<p>Entraremos en nuestra Web <a href=\"https:\/\/blogsaverroes.juntadeandalucia.es\/iesalfonsoxi\/\">https:\/\/blogsaverroes.juntadeandalucia.es\/iesalfonsoxi\/<\/a><\/p>\n<p>Y pincharemos en el Icono <a href=\"https:\/\/blogsaverroes.juntadeandalucia.es\/iesalfonsoxi\/files\/2018\/12\/rss2.jpg\"><img loading=\"lazy\" decoding=\"async\" class=\"alignnone wp-image-3861\" src=\"https:\/\/blogsaverroes.juntadeandalucia.es\/iesalfonsoxi\/files\/2018\/12\/rss2.jpg\" alt=\"\" width=\"25\" height=\"25\" srcset=\"https:\/\/blogsaverroes.juntadeandalucia.es\/iesalfonsoxi\/files\/2018\/12\/rss2.jpg 224w, https:\/\/blogsaverroes.juntadeandalucia.es\/iesalfonsoxi\/files\/2018\/12\/rss2-150x150.jpg 150w, https:\/\/blogsaverroes.juntadeandalucia.es\/iesalfonsoxi\/files\/2018\/12\/rss2-100x100.jpg 100w, https:\/\/blogsaverroes.juntadeandalucia.es\/iesalfonsoxi\/files\/2018\/12\/rss2-24x24.jpg 24w, https:\/\/blogsaverroes.juntadeandalucia.es\/iesalfonsoxi\/files\/2018\/12\/rss2-36x36.jpg 36w, https:\/\/blogsaverroes.juntadeandalucia.es\/iesalfonsoxi\/files\/2018\/12\/rss2-48x48.jpg 48w, https:\/\/blogsaverroes.juntadeandalucia.es\/iesalfonsoxi\/files\/2018\/12\/rss2-50x50.jpg 50w\" sizes=\"(max-width: 25px) 100vw, 25px\" \/><\/a>, que hay al final a la derecha<\/p>\n<p><a href=\"https:\/\/blogsaverroes.juntadeandalucia.es\/iesalfonsoxi\/files\/2018\/12\/im08.jpg\"><img loading=\"lazy\" decoding=\"async\" class=\"wp-image-3882 aligncenter\" src=\"https:\/\/blogsaverroes.juntadeandalucia.es\/iesalfonsoxi\/files\/2018\/12\/im08-300x105.jpg\" alt=\"\" width=\"531\" height=\"186\" srcset=\"https:\/\/blogsaverroes.juntadeandalucia.es\/iesalfonsoxi\/files\/2018\/12\/im08-300x105.jpg 300w, https:\/\/blogsaverroes.juntadeandalucia.es\/iesalfonsoxi\/files\/2018\/12\/im08-24x8.jpg 24w, https:\/\/blogsaverroes.juntadeandalucia.es\/iesalfonsoxi\/files\/2018\/12\/im08-36x13.jpg 36w, https:\/\/blogsaverroes.juntadeandalucia.es\/iesalfonsoxi\/files\/2018\/12\/im08-48x17.jpg 48w, https:\/\/blogsaverroes.juntadeandalucia.es\/iesalfonsoxi\/files\/2018\/12\/im08.jpg 468w\" sizes=\"(max-width: 531px) 100vw, 531px\" \/><\/a><\/p>\n<p>En la nueva p\u00e1gina, le daremos a suscribir<\/p>\n<p><a href=\"https:\/\/blogsaverroes.juntadeandalucia.es\/iesalfonsoxi\/files\/2018\/12\/im09.jpg\"><img loading=\"lazy\" decoding=\"async\" class=\"wp-image-3883 aligncenter\" src=\"https:\/\/blogsaverroes.juntadeandalucia.es\/iesalfonsoxi\/files\/2018\/12\/im09-300x288.jpg\" alt=\"\" width=\"410\" height=\"394\" srcset=\"https:\/\/blogsaverroes.juntadeandalucia.es\/iesalfonsoxi\/files\/2018\/12\/im09-300x288.jpg 300w, https:\/\/blogsaverroes.juntadeandalucia.es\/iesalfonsoxi\/files\/2018\/12\/im09-24x24.jpg 24w, https:\/\/blogsaverroes.juntadeandalucia.es\/iesalfonsoxi\/files\/2018\/12\/im09-36x36.jpg 36w, https:\/\/blogsaverroes.juntadeandalucia.es\/iesalfonsoxi\/files\/2018\/12\/im09-48x46.jpg 48w, https:\/\/blogsaverroes.juntadeandalucia.es\/iesalfonsoxi\/files\/2018\/12\/im09.jpg 315w\" sizes=\"(max-width: 410px) 100vw, 410px\" \/><\/a><\/p>\n<p>El icono situado arriba a la derecha del navegador, nos dice que las actualizaciones aparecer\u00e1n ah\u00ed.<\/p>\n<p><a href=\"https:\/\/blogsaverroes.juntadeandalucia.es\/iesalfonsoxi\/files\/2018\/12\/im10.jpg\"><img loading=\"lazy\" decoding=\"async\" class=\" wp-image-3884 aligncenter\" src=\"https:\/\/blogsaverroes.juntadeandalucia.es\/iesalfonsoxi\/files\/2018\/12\/im10-300x178.jpg\" alt=\"\" width=\"413\" height=\"245\" srcset=\"https:\/\/blogsaverroes.juntadeandalucia.es\/iesalfonsoxi\/files\/2018\/12\/im10-300x178.jpg 300w, https:\/\/blogsaverroes.juntadeandalucia.es\/iesalfonsoxi\/files\/2018\/12\/im10.jpg 508w, https:\/\/blogsaverroes.juntadeandalucia.es\/iesalfonsoxi\/files\/2018\/12\/im10-24x14.jpg 24w, https:\/\/blogsaverroes.juntadeandalucia.es\/iesalfonsoxi\/files\/2018\/12\/im10-36x21.jpg 36w, https:\/\/blogsaverroes.juntadeandalucia.es\/iesalfonsoxi\/files\/2018\/12\/im10-48x29.jpg 48w\" sizes=\"(max-width: 413px) 100vw, 413px\" \/><\/a><\/p>\n<p>SI pinchamos en \u00e9l, aparecer\u00e1 a partir de ahora la informaci\u00f3n actualizada de la web<\/p>\n<p><a href=\"https:\/\/blogsaverroes.juntadeandalucia.es\/iesalfonsoxi\/files\/2018\/12\/im11.jpg\"><img loading=\"lazy\" decoding=\"async\" class=\" wp-image-3885 aligncenter\" src=\"https:\/\/blogsaverroes.juntadeandalucia.es\/iesalfonsoxi\/files\/2018\/12\/im11-300x95.jpg\" alt=\"\" width=\"373\" height=\"118\" srcset=\"https:\/\/blogsaverroes.juntadeandalucia.es\/iesalfonsoxi\/files\/2018\/12\/im11-300x95.jpg 300w, https:\/\/blogsaverroes.juntadeandalucia.es\/iesalfonsoxi\/files\/2018\/12\/im11-24x8.jpg 24w, https:\/\/blogsaverroes.juntadeandalucia.es\/iesalfonsoxi\/files\/2018\/12\/im11-36x11.jpg 36w, https:\/\/blogsaverroes.juntadeandalucia.es\/iesalfonsoxi\/files\/2018\/12\/im11-48x15.jpg 48w, https:\/\/blogsaverroes.juntadeandalucia.es\/iesalfonsoxi\/files\/2018\/12\/im11.jpg 586w\" sizes=\"(max-width: 373px) 100vw, 373px\" \/><\/a><\/p>\n<p>&nbsp;<\/p>\n<p>Como se ve en la \u00faltima captura<\/p>\n<p><strong>RECIBIR NOTIFICACIONES DE ENTRADAS DE LA WEB POR EMAIL&nbsp;<a href=\"https:\/\/www.google.com\/alerts#_ga=2.139886394.809076021.1549281759-1047754775.1538646553\"><img loading=\"lazy\" decoding=\"async\" class=\"wp-image-4337 alignnone\" src=\"https:\/\/blogsaverroes.juntadeandalucia.es\/iesalfonsoxi\/files\/2018\/12\/alert.jpg\" alt=\"\" width=\"51\" height=\"38\" srcset=\"https:\/\/blogsaverroes.juntadeandalucia.es\/iesalfonsoxi\/files\/2018\/12\/alert.jpg 259w, https:\/\/blogsaverroes.juntadeandalucia.es\/iesalfonsoxi\/files\/2018\/12\/alert-24x18.jpg 24w, https:\/\/blogsaverroes.juntadeandalucia.es\/iesalfonsoxi\/files\/2018\/12\/alert-36x27.jpg 36w, https:\/\/blogsaverroes.juntadeandalucia.es\/iesalfonsoxi\/files\/2018\/12\/alert-48x36.jpg 48w\" sizes=\"(max-width: 51px) 100vw, 51px\" \/><\/a><\/strong><\/p>\n<p>Otra forma de recibir notificaciones de nuestra p\u00e1gina es a trav\u00e9s del correo electr\u00f3nico si es eso lo que os interesa pod\u00e9is seguir las instrucciones para configurarlo en el manual que encontrar\u00e9is en el siguiente <a href=\"https:\/\/www.dropbox.com\/s\/5c3apne6awqizsf\/Manual%20para%20recibir%20notificaciones%20a%20nuestro%20email%20sobre%20cualquier%20nuevo%20contenido%20de%20una%20web.docx?dl=0\">enlace<\/a><\/p>\n","protected":false},"excerpt":{"rendered":"<p>&nbsp; RSS son las siglas de Really Simple Syndication (en espa\u00f1ol, \u00absindicaci\u00f3n realmente simple\u00bb, puesto que \u00absindicaci\u00f3n\u00bb en ingl\u00e9s se aplica a empresas de varios peri\u00f3dicos), un formato XML para distribuir contenido en la web. Se utiliza para difundir informaci\u00f3n actualizada frecuentemente a usuarios que se han suscrito a la fuente de contenidos. El formato &hellip; <\/p>\n<p><a class=\"more-link btn\" href=\"https:\/\/blogsaverroes.juntadeandalucia.es\/iesalfonsoxi\/ayuda-sobre-rss\/\">Seguir leyendo<\/a><\/p>\n","protected":false},"author":6379,"featured_media":0,"parent":0,"menu_order":0,"comment_status":"closed","ping_status":"closed","template":"","meta":{"ngg_post_thumbnail":0,"footnotes":"","_mc_calendar":[]},"aioseo_notices":[],"_links":{"self":[{"href":"https:\/\/blogsaverroes.juntadeandalucia.es\/iesalfonsoxi\/wp-json\/wp\/v2\/pages\/3872"}],"collection":[{"href":"https:\/\/blogsaverroes.juntadeandalucia.es\/iesalfonsoxi\/wp-json\/wp\/v2\/pages"}],"about":[{"href":"https:\/\/blogsaverroes.juntadeandalucia.es\/iesalfonsoxi\/wp-json\/wp\/v2\/types\/page"}],"author":[{"embeddable":true,"href":"https:\/\/blogsaverroes.juntadeandalucia.es\/iesalfonsoxi\/wp-json\/wp\/v2\/users\/6379"}],"replies":[{"embeddable":true,"href":"https:\/\/blogsaverroes.juntadeandalucia.es\/iesalfonsoxi\/wp-json\/wp\/v2\/comments?post=3872"}],"version-history":[{"count":7,"href":"https:\/\/blogsaverroes.juntadeandalucia.es\/iesalfonsoxi\/wp-json\/wp\/v2\/pages\/3872\/revisions"}],"predecessor-version":[{"id":4338,"href":"https:\/\/blogsaverroes.juntadeandalucia.es\/iesalfonsoxi\/wp-json\/wp\/v2\/pages\/3872\/revisions\/4338"}],"wp:attachment":[{"href":"https:\/\/blogsaverroes.juntadeandalucia.es\/iesalfonsoxi\/wp-json\/wp\/v2\/media?parent=3872"}],"curies":[{"name":"wp","href":"https:\/\/api.w.org\/{rel}","templated":true}]}}