{"id":3909,"date":"2018-12-05T10:16:36","date_gmt":"2018-12-05T10:16:36","guid":{"rendered":"https:\/\/blogsaverroes.juntadeandalucia.es\/iesalfonsoxi\/?page_id=3909"},"modified":"2022-11-08T13:32:03","modified_gmt":"2022-11-08T13:32:03","slug":"comunicacion-tic","status":"publish","type":"page","link":"https:\/\/blogsaverroes.juntadeandalucia.es\/iesalfonsoxi\/comunicacion-tic\/","title":{"rendered":"Comunicaci\u00f3n TIC"},"content":{"rendered":"<p><a href=\"https:\/\/blogsaverroes.juntadeandalucia.es\/iesalfonsoxi\/files\/2022\/11\/tic.png\"><img fetchpriority=\"high\" decoding=\"async\" class=\"aligncenter  wp-image-13061\" src=\"https:\/\/blogsaverroes.juntadeandalucia.es\/iesalfonsoxi\/files\/2022\/11\/tic.png\" alt=\"\" width=\"273\" height=\"250\" srcset=\"https:\/\/blogsaverroes.juntadeandalucia.es\/iesalfonsoxi\/files\/2022\/11\/tic.png 312w, https:\/\/blogsaverroes.juntadeandalucia.es\/iesalfonsoxi\/files\/2022\/11\/tic-300x275.png 300w\" sizes=\"(max-width: 273px) 100vw, 273px\" \/><\/a><\/p>\n<p style=\"text-align: center\"><a href=\"mailto:Alfonso11tic@gmail.com\">23000106.tic@g.educaand.es<\/a><\/p>\n<p><strong>Coordinaci\u00f3n TIC:&nbsp; Asunci\u00f3n Morales Peinado<br \/>\n<\/strong><\/p>\n<p style=\"text-align: center\">&nbsp;<\/p>\n<p>&nbsp;<\/p>\n<p>&nbsp;<\/p>\n<p align=\"justify\">&nbsp;<\/p>\n<p align=\"justify\">&nbsp;<\/p>\n<p align=\"justify\">&nbsp;<\/p>\n<p align=\"justify\"><strong>FUNCIONES DE LA COORDINACI\u00d3N TIC.<\/strong><br \/>\nLa responsabilidad m\u00e1s importante de la coordinaci\u00f3n TIC es la de dinamizar la<br \/>\nexperiencia educativa, generando el entusiasmo por el uso de las TIC.<br \/>\nEl coordinador tendr\u00e1 los siguientes <strong><span style=\"color: #993366\">objetivos<\/span><\/strong>:<br \/>\n1. <strong><span style=\"color: #993366\">Dinamizar e impulsar<\/span><\/strong> la aplicaci\u00f3n del plan Escuela TIC 2.0 en el centro.<br \/>\n2. <span style=\"color: #993366\"><strong>Asesorar al profesorado del centro<\/strong><\/span> en la soluci\u00f3n de los problemas que puedan<br \/>\nsurgir en el desarrollo del plan Escuela TIC 2.0.<br \/>\n3. Establecer <span style=\"color: #993366\"><strong>cauces para la difusi\u00f3n de la experiencia y el intercambio<\/strong><\/span> de informaci\u00f3n<br \/>\ncon otros centros.<br \/>\n4. <strong><span style=\"color: #993366\">Orientar al profesorado<\/span><\/strong> del centro sobre los recursos disponibles para el desarrollo<br \/>\ndel plan Escuela TIC 2.0.<br \/>\n5. Fomentar la <strong><span style=\"color: #993366\">creaci\u00f3n de contenidos educativos<\/span><\/strong> por el profesorado del centro y su<br \/>\ndifusi\u00f3n a toda la comunidad educativa.<br \/>\n6. <strong><span style=\"color: #993366\">Administrar las herramientas educativas<\/span> <\/strong>y facilitar su utilizaci\u00f3n por el profesorado.<br \/>\n7. <strong><span style=\"color: #993366\">Administrar los recursos inform\u00e1ticos<\/span><\/strong> puestos a disposici\u00f3n del plan Escuela TIC 2.0.<br \/>\n8. <span style=\"color: #993366\"><strong>Cumplimentar cuestionarios, memorias<\/strong><\/span> as\u00ed como certificar la participaci\u00f3n del<br \/>\nprofesorado participante en el proyecto.<br \/>\n9. Elaborar las <strong><span style=\"color: #993366\">necesidades de formaci\u00f3n del profesorado<\/span><\/strong>, participando activamente<br \/>\nen su desarrollo.<br \/>\n10. <strong><span style=\"color: #993366\">Administrar las plataformas educativas Moodle<\/span><\/strong> de contenidos educativos y<br \/>\ncoordinar su funcionamiento.<br \/>\n11. Administrar la plataforma<strong><span style=\"color: #993366\"> PASEN<\/span><\/strong> y gestionar las cuentas de usuarios y usuarias.<br \/>\n12. <strong><span style=\"color: #993366\">Coordinar la elaboraci\u00f3n y actualizaci\u00f3n de la p\u00e1gina web del centro<\/span><\/strong>. Actuar de<br \/>\nenlace entre el centro educativo y el Centro de Gesti\u00f3n Avanzada (CGA) de la<br \/>\nConsejer\u00eda de Educaci\u00f3n, para facilitar la gesti\u00f3n remota de la dotaci\u00f3n e instalaciones<br \/>\ndel centro.<br \/>\n13. Dar las correspondientes <strong><span style=\"color: #993366\">incidencias al CSME<\/span><\/strong>. En su caso arreglar las posibles<br \/>\nincidencias que se den en los equipos inform\u00e1ticos o en la red del Centro.<\/p>\n<p style=\"text-align: right\">&nbsp;<\/p>\n<p>&nbsp;<\/p>\n<p style=\"text-align: left\">&nbsp;<\/p>\n<p>&nbsp;<\/p>\n","protected":false},"excerpt":{"rendered":"<p>23000106.tic@g.educaand.es Coordinaci\u00f3n TIC:&nbsp; Asunci\u00f3n Morales Peinado &nbsp; &nbsp; &nbsp; &nbsp; &nbsp; &nbsp; FUNCIONES DE LA COORDINACI\u00d3N TIC. La responsabilidad m\u00e1s importante de la coordinaci\u00f3n TIC es la de dinamizar la experiencia educativa, generando el entusiasmo por el uso de las TIC. El coordinador tendr\u00e1 los siguientes objetivos: 1. Dinamizar e impulsar la aplicaci\u00f3n del plan &hellip; <\/p>\n<p><a class=\"more-link btn\" href=\"https:\/\/blogsaverroes.juntadeandalucia.es\/iesalfonsoxi\/comunicacion-tic\/\">Seguir leyendo<\/a><\/p>\n","protected":false},"author":6379,"featured_media":0,"parent":0,"menu_order":0,"comment_status":"closed","ping_status":"closed","template":"","meta":{"ngg_post_thumbnail":0,"footnotes":"","_mc_calendar":[]},"aioseo_notices":[],"_links":{"self":[{"href":"https:\/\/blogsaverroes.juntadeandalucia.es\/iesalfonsoxi\/wp-json\/wp\/v2\/pages\/3909"}],"collection":[{"href":"https:\/\/blogsaverroes.juntadeandalucia.es\/iesalfonsoxi\/wp-json\/wp\/v2\/pages"}],"about":[{"href":"https:\/\/blogsaverroes.juntadeandalucia.es\/iesalfonsoxi\/wp-json\/wp\/v2\/types\/page"}],"author":[{"embeddable":true,"href":"https:\/\/blogsaverroes.juntadeandalucia.es\/iesalfonsoxi\/wp-json\/wp\/v2\/users\/6379"}],"replies":[{"embeddable":true,"href":"https:\/\/blogsaverroes.juntadeandalucia.es\/iesalfonsoxi\/wp-json\/wp\/v2\/comments?post=3909"}],"version-history":[{"count":14,"href":"https:\/\/blogsaverroes.juntadeandalucia.es\/iesalfonsoxi\/wp-json\/wp\/v2\/pages\/3909\/revisions"}],"predecessor-version":[{"id":13062,"href":"https:\/\/blogsaverroes.juntadeandalucia.es\/iesalfonsoxi\/wp-json\/wp\/v2\/pages\/3909\/revisions\/13062"}],"wp:attachment":[{"href":"https:\/\/blogsaverroes.juntadeandalucia.es\/iesalfonsoxi\/wp-json\/wp\/v2\/media?parent=3909"}],"curies":[{"name":"wp","href":"https:\/\/api.w.org\/{rel}","templated":true}]}}