{"id":3921,"date":"2018-12-05T10:24:24","date_gmt":"2018-12-05T10:24:24","guid":{"rendered":"https:\/\/blogsaverroes.juntadeandalucia.es\/iesalfonsoxi\/?page_id=3921"},"modified":"2020-11-24T15:56:57","modified_gmt":"2020-11-24T15:56:57","slug":"areas-y-dptos","status":"publish","type":"page","link":"https:\/\/blogsaverroes.juntadeandalucia.es\/iesalfonsoxi\/areas-y-dptos\/","title":{"rendered":"Areas y Dptos"},"content":{"rendered":"<ul>\n<li><span class=\"color_20\"><strong><span style=\"color: #993366\">\u00c1reas de Competencias<\/span><\/strong>:<\/span>&nbsp;Los Departamentos de Coordinaci\u00f3n did\u00e1ctica quedan agrupados en las siguientes \u00c1reas de Competencias:\n<ul>\n<li><em><strong><span style=\"color: #993366\">\u00c1rea Human\u00edstica:<\/span><\/strong><\/em>\n<ul>\n<li><a href=\"https:\/\/blogsaverroes.juntadeandalucia.es\/iesalfonsoxi\/dibujo\/\">Dibujo.<\/a><\/li>\n<li><a href=\"https:\/\/blogsaverroes.juntadeandalucia.es\/iesalfonsoxi\/musica\/\">M\u00fasica.<\/a><\/li>\n<li><a href=\"https:\/\/blogsaverroes.juntadeandalucia.es\/iesalfonsoxi\/filosofia-2\/\">Filosof\u00eda.<\/a><\/li>\n<li><a href=\"https:\/\/blogsaverroes.juntadeandalucia.es\/iesalfonsoxi\/geografia-e-historia-2\/\">Geograf\u00eda e Historia.<\/a><\/li>\n<li><a href=\"https:\/\/blogsaverroes.juntadeandalucia.es\/iesalfonsoxi\/educacion-fisica-2\/\">Educaci\u00f3n F\u00edsica.<\/a><\/li>\n<\/ul>\n<\/li>\n<li><em><strong><span style=\"color: #993366\">\u00c1rea Cient\u00edfica:<\/span><\/strong><\/em>\n<ul>\n<li><a href=\"https:\/\/blogsaverroes.juntadeandalucia.es\/iesalfonsoxi\/biologia-y-geologia-2\/\">Biolog\u00eda y Geolog\u00eda<\/a>.<\/li>\n<li><a href=\"https:\/\/blogsaverroes.juntadeandalucia.es\/iesalfonsoxi\/fisica-y-quimica-2\/\">F\u00edsica y Qu\u00edmica.<\/a><\/li>\n<li><a href=\"https:\/\/blogsaverroes.juntadeandalucia.es\/iesalfonsoxi\/biologia-y-geologia\/\">Matem\u00e1ticas.<\/a><\/li>\n<li><a href=\"https:\/\/blogsaverroes.juntadeandalucia.es\/iesalfonsoxi\/tecnologia\/\">Tecnolog\u00eda.<\/a><\/li>\n<\/ul>\n<\/li>\n<li><em><strong><span style=\"color: #993366\">\u00c1rea Ling\u00fc\u00edstica:<\/span><\/strong><\/em>\n<ul>\n<li><a href=\"https:\/\/blogsaverroes.juntadeandalucia.es\/iesalfonsoxi\/frances-2\/\">Franc\u00e9s.<\/a><\/li>\n<li><a href=\"https:\/\/blogsaverroes.juntadeandalucia.es\/iesalfonsoxi\/cultura-clasica\/\">Cultura Cl\u00e1sica.<\/a><\/li>\n<li><a href=\"https:\/\/blogsaverroes.juntadeandalucia.es\/iesalfonsoxi\/ingles-2\/\">Ingl\u00e9s.<\/a><\/li>\n<li><a href=\"https:\/\/blogsaverroes.juntadeandalucia.es\/iesalfonsoxi\/lengua-castellana\/\">Lengua Castellana.<\/a><\/li>\n<\/ul>\n<\/li>\n<li><em><strong><span style=\"color: #993366\">\u00c1rea Profesional:<\/span><\/strong><\/em>\n<ul>\n<li><a href=\"https:\/\/blogsaverroes.juntadeandalucia.es\/iesalfonsoxi\/fol-y-economia\/\">Fol y Econom\u00eda.<\/a><\/li>\n<li><a href=\"https:\/\/blogsaverroes.juntadeandalucia.es\/iesalfonsoxi\/informatica-2\/\">Inform\u00e1tica.<\/a><\/li>\n<\/ul>\n<\/li>\n<\/ul>\n<\/li>\n<li><span class=\"color_20\">La coordinaci\u00f3n de cada una de las \u00c1reas de Competencias corresponde durante el presente curso a las Jefaturas de los siguientes Departamentos Did\u00e1cticos:&#8212;-<\/span><\/li>\n<\/ul>\n","protected":false},"excerpt":{"rendered":"<p>\u00c1reas de Competencias:&nbsp;Los Departamentos de Coordinaci\u00f3n did\u00e1ctica quedan agrupados en las siguientes \u00c1reas de Competencias: \u00c1rea Human\u00edstica: Dibujo. M\u00fasica. Filosof\u00eda. Geograf\u00eda e Historia. Educaci\u00f3n F\u00edsica. \u00c1rea Cient\u00edfica: Biolog\u00eda y Geolog\u00eda. F\u00edsica y Qu\u00edmica. Matem\u00e1ticas. Tecnolog\u00eda. \u00c1rea Ling\u00fc\u00edstica: Franc\u00e9s. Cultura Cl\u00e1sica. Ingl\u00e9s. Lengua Castellana. \u00c1rea Profesional: Fol y Econom\u00eda. Inform\u00e1tica. La coordinaci\u00f3n de cada una de &hellip; <\/p>\n<p><a class=\"more-link btn\" href=\"https:\/\/blogsaverroes.juntadeandalucia.es\/iesalfonsoxi\/areas-y-dptos\/\">Seguir leyendo<\/a><\/p>\n","protected":false},"author":6379,"featured_media":0,"parent":0,"menu_order":0,"comment_status":"closed","ping_status":"closed","template":"","meta":{"ngg_post_thumbnail":0,"footnotes":"","_mc_calendar":[]},"aioseo_notices":[],"_links":{"self":[{"href":"https:\/\/blogsaverroes.juntadeandalucia.es\/iesalfonsoxi\/wp-json\/wp\/v2\/pages\/3921"}],"collection":[{"href":"https:\/\/blogsaverroes.juntadeandalucia.es\/iesalfonsoxi\/wp-json\/wp\/v2\/pages"}],"about":[{"href":"https:\/\/blogsaverroes.juntadeandalucia.es\/iesalfonsoxi\/wp-json\/wp\/v2\/types\/page"}],"author":[{"embeddable":true,"href":"https:\/\/blogsaverroes.juntadeandalucia.es\/iesalfonsoxi\/wp-json\/wp\/v2\/users\/6379"}],"replies":[{"embeddable":true,"href":"https:\/\/blogsaverroes.juntadeandalucia.es\/iesalfonsoxi\/wp-json\/wp\/v2\/comments?post=3921"}],"version-history":[{"count":13,"href":"https:\/\/blogsaverroes.juntadeandalucia.es\/iesalfonsoxi\/wp-json\/wp\/v2\/pages\/3921\/revisions"}],"predecessor-version":[{"id":9647,"href":"https:\/\/blogsaverroes.juntadeandalucia.es\/iesalfonsoxi\/wp-json\/wp\/v2\/pages\/3921\/revisions\/9647"}],"wp:attachment":[{"href":"https:\/\/blogsaverroes.juntadeandalucia.es\/iesalfonsoxi\/wp-json\/wp\/v2\/media?parent=3921"}],"curies":[{"name":"wp","href":"https:\/\/api.w.org\/{rel}","templated":true}]}}