{"id":4026,"date":"2018-12-18T10:12:14","date_gmt":"2018-12-18T10:12:14","guid":{"rendered":"https:\/\/blogsaverroes.juntadeandalucia.es\/iesalfonsoxi\/?page_id=4026"},"modified":"2021-06-30T18:06:23","modified_gmt":"2021-06-30T18:06:23","slug":"matriculacion","status":"publish","type":"page","link":"https:\/\/blogsaverroes.juntadeandalucia.es\/iesalfonsoxi\/matriculacion\/","title":{"rendered":"Matriculaci\u00f3n"},"content":{"rendered":"<h3><span style=\"color: #008000\"><strong>INFORMACI\u00d3N GENERAL. <\/strong><\/span><\/h3>\n<p>La matriculaci\u00f3n en el curso escolar 2021\/22 se realizar\u00e1 <strong>preferentemente de forma telem\u00e1tica<\/strong> a trav\u00e9s de la secretar\u00eda virtual siguiendo las instrucciones correspondientes. Tambi\u00e9n, no obstante, podr\u00e1 realizarse de forma presencial, para lo cual, se recomienda solicitar cita previa en el siguiente &nbsp;llamando al <strong>tel\u00e9fono 953599534<\/strong> .<\/p>\n<p><span style=\"color: #993300\"><strong>CLAVE IANDE PARA MATR\u00cdCULAS A TRAV\u00c9S DE LA SECRETAR\u00cdA VIRTUAL.<\/strong><\/span><\/p>\n<p>Se ha habilitado el Identificador Andaluz Educativo (iANDE), una clave que permite autenticarse en la <a href=\"https:\/\/www.juntadeandalucia.es\/educacion\/secretariavirtual\/\">Secretar\u00eda Virtual de la Junta de Andaluc\u00eda<\/a> para poder realizar telem\u00e1ticamente los procedimientos administrativos relacionados con los centros educativos (admisi\u00f3n, matriculaci\u00f3n, etc.).<\/p>\n<ul>\n<li><strong>Si has sido alumno\/a de nuestro centro durante este curso<\/strong>. Esta clave ha sido enviada a las familias a trav\u00e9s de iPasen (probablemente deber\u00e1s actualizar la aplicaci\u00f3n si no aparece). No obstante si no la encuentras. Escr\u00edbenos para solicitarla a <strong>secretaria@iesalfonsoxi.com<\/strong> o llama al tel\u00e9fono de secretar\u00eda <b>600141769 <\/b>para que te la demos.<\/li>\n<li><strong>Si no has sido alumno\/a de nuestro centro durante este curso<\/strong>.&nbsp; Puedes obtenerla de forma presencial en el centro donde vas a matricularte.&nbsp;<\/li>\n<\/ul>\n<h3><span style=\"color: #008000\"><strong>MATRICULACI\u00d3N CICLOS FORMATIVOS.<\/strong><\/span><\/h3>\n<ul>\n<li><strong>Normativa:<\/strong> <a href=\"https:\/\/www.juntadeandalucia.es\/boja\/2021\/111\/BOJA21-111-00069-9883-01_00193755.pdf\">Orden de 7 de Junio de 2021.<\/a>&nbsp;<\/li>\n<li><strong>Calendario: <\/strong>\n<ul>\n<li>Matriculaci\u00f3n para alumnado repetidor en 1\u00ba o de 2\u00ba curso:<strong> Del 25 al 30 de Junio.<\/strong><\/li>\n<\/ul>\n<\/li>\n<\/ul>\n<ul>\n<li><strong>Procedimiento de matriculaci\u00f3n en el Centro:<\/strong><\/li>\n<\/ul>\n<ul>\n<li style=\"list-style-type: none\">\n<ul>\n<li><a href=\"https:\/\/drive.google.com\/file\/d\/1AaEAHlUipv9bpa6Nbet00uICe5B_ZU52\/view?usp=sharing\">Grado Medio Sistemas MicroInform\u00e1ticos y Redes.<\/a>&nbsp;<\/li>\n<li><a href=\"https:\/\/drive.google.com\/file\/d\/1TJKv0mVNGOeL6GMRn6OHLIFtBFekhGYt\/view?usp=sharing\">Grado Superior Desarrollo de Aplicaciones Web.&nbsp;<\/a>&nbsp;<\/li>\n<\/ul>\n<\/li>\n<\/ul>\n<p style=\"padding-left: 40px\">En los anteriores enlaces tienes los documentos que debes presentar para realizar tu matr\u00edcula.&nbsp;<\/p>\n<ul>\n<li style=\"list-style-type: none\">\n<ul>\n<li><em>Documentos obligatorios<\/em>. <a href=\"https:\/\/www.youtube.com\/watch?v=_z0ndBRIq4o\">Pago del seguro escolar&nbsp;<\/a><\/li>\n<li><em>Documentos opcionales<\/em>. Transporte escolar, autorizaci\u00f3n actividades complementarias, autorizaci\u00f3n salida centro e informaci\u00f3n gSuite.<\/li>\n<\/ul>\n<\/li>\n<\/ul>\n<ul>\n<li><strong>Procedimiento de matriculaci\u00f3n a trav\u00e9s de la Secretar\u00eda virtual:<\/strong><strong><br \/>\n<\/strong>Accede al tr\u00e1mite correspondiente con la clave IANDE en la Secretar\u00eda Virtual.<\/p>\n<ul>\n<li><a href=\"https:\/\/www.juntadeandalucia.es\/educacion\/secretariavirtual\/accesoTramite\/490\/\">Matr\u00edcula de alumnado que promociona de 1\u00ba a 2\u00ba en oferta completa Anexo VII.<\/a><\/li>\n<li><a href=\"https:\/\/www.juntadeandalucia.es\/educacion\/secretariavirtual\/accesoTramite\/489\/\">Matr\u00edcula de alumnado repetidor en 1\u00ba y 2\u00ba curso Anexo VII.<\/a><\/li>\n<li><a href=\"https:\/\/www.juntadeandalucia.es\/educacion\/secretariavirtual\/accesoTramite\/488\/\">Matr\u00edcula de alumnado que se matricula en 2\u00ba en un centro diferente Anexo III<\/a><\/li>\n<\/ul>\n<\/li>\n<\/ul>\n<ul>\n<li><strong>Procedimiento de pago del seguro escolar (Obligatorio)<br \/>\n<\/strong><\/p>\n<ul>\n<li><a href=\"https:\/\/www.youtube.com\/watch?v=_z0ndBRIq4o&amp;feature=youtu.be\"><strong>V\u00eddeo de c\u00f3mo realizar el pago del seguro escolar<\/strong><\/a><strong><br \/>\n<\/strong><\/li>\n<li><strong>Paso 1. <a href=\"https:\/\/www.juntadeandalucia.es\/educacion\/secretariavirtual\/seguroEscolar\/pagoSeguroEscolar\/\">Accede al pago del seguro escolar de la secretar\u00eda virtual<\/a><\/strong><\/li>\n<li><strong>Paso 2. <\/strong>Escanea el justificante del pago del seguro escolar y env\u00edalo a&nbsp; <a href=\"mailto:matricula@iesalfonsoxi.com\">matricula@iesalfonsoxi.com<\/a><\/li>\n<\/ul>\n<\/li>\n<\/ul>\n<h3><span style=\"color: #008000\"><strong>MATRICULACI\u00d3N ESO y BACHILLERATO.<\/strong><\/span><\/h3>\n<ul>\n<li><strong>Ayuda para la matr\u00edcula:<\/strong><a href=\"https:\/\/www.youtube.com\/watch?v=iYCckys7XDk\">&nbsp;Ver enlace en Youtube<\/a><\/li>\n<li><span style=\"color: #ff0000\"><strong>Notas importantes:<\/strong><\/span>\n<ul>\n<li>La matr\u00edcula se puede realizar de forma presencial o online.\n<ul>\n<li>En caso de hacerla presencial debes acercarte al centro a por el sobre de matr\u00edcula y pedir cita para llevarla rellena. (Lleva todas las fotocopias que se piden en el sobre).<\/li>\n<li>En caso de hacerla online usa la secretar\u00eda virtual (<a href=\"https:\/\/www.youtube.com\/watch?v=iYCckys7XDk\">Te recomendamos ver el enlace de ayuda en Youtube<\/a>)<\/li>\n<\/ul>\n<\/li>\n<li>Ten en cuenta que aunque tengas materias suspensas debes realizar la matriculaci\u00f3n ahora en Julio.&nbsp;<\/li>\n<li><u>En el caso de que tengas <strong>materias<\/strong> <strong>suspensas<\/strong> en la evaluaci\u00f3n ordinaria <\/u>\n<ul>\n<li>Realizar\u00e1s la matr\u00edcula para el curso siguiente <u>si tienes hasta 4 materias<\/u>.<\/li>\n<li>Realizar\u00e1s la matr\u00edcula para el curso en el que te encuentras <u>si tienes m\u00e1s de 4 materias supensas<\/u>. Ser\u00e1 una matr\u00edcula provisional&nbsp;<\/li>\n<\/ul>\n<\/li>\n<li><a href=\"https:\/\/www.youtube.com\/watch?v=_z0ndBRIq4o&amp;feature=youtu.be\"><strong>Informaci\u00f3n del pago del Seguro Escolar<\/strong><\/a> Por si lo necesitas el n\u00famero de cuenta al que tienes que hacer el ingreso es Bankia ES55 2038 3519 9164 0000 2623<\/li>\n<li>Recuerda enviar el justificante del pago del seguro escolar si haces la matr\u00edcula online a&nbsp; <a href=\"mailto:matricula@iesalfonsoxi.com\">matricula@iesalfonsoxi.com<\/a> indicando en el asunto: SeguroEscolar_ Curso_Nombre_PrimerApellido, por ejemplo: SeguroEscolar_3ESO_JuanLuis_Pulido<\/li>\n<\/ul>\n<\/li>\n<\/ul>\n<ul>\n<li><strong>Normativa<\/strong>:\n<ul>\n<li><a href=\"https:\/\/www.juntadeandalucia.es\/eboja\/2020\/503\/BOJA20-503-00045-3038-01_00170469.pdf\">Boja 20 de Febrero de 2020<\/a><\/li>\n<li><a href=\"https:\/\/www.juntadeandalucia.es\/educacion\/portals\/delegate\/content\/65cb5add-4574-4590-800e-f0575609dca1\/Instrucciones%20sobre%20la%20matriculaci%C3%B3n%20del%20alumnado%20en%20Segundo%20Ciclo%20de%20Educaci%C3%B3n%20Infantil,%20Educaci%C3%B3n%20Primaria,%20Educaci%C3%B3n%20Especial,%20Educaci%C3%B3n%20Secundaria%20Obligatoria%20y%20Bachillerato%20para%20el%20curso%20escolar%202021\/22\">Instrucciones 19 de Mayo de 2021<\/a><\/li>\n<\/ul>\n<\/li>\n<li><strong>Calendario:<\/strong>\n<ul>\n<li><em>Per\u00edodo ordinario<\/em>. <span style=\"color: #993300\"><strong><u>Del 1 al 12 de Julio ambos inclusive<\/u>.<\/strong><\/span><\/li>\n<li><em>Per\u00edodo extraordinario<\/em>. <span style=\"color: #993300\"><strong><u>Del 1 al 8 de Septiembre ambos inclusive<\/u>.<\/strong><\/span><\/li>\n<\/ul>\n<\/li>\n<\/ul>\n<ul>\n<li style=\"list-style-type: none\">&nbsp;<\/li>\n<\/ul>\n","protected":false},"excerpt":{"rendered":"<p>INFORMACI\u00d3N GENERAL. La matriculaci\u00f3n en el curso escolar 2021\/22 se realizar\u00e1 preferentemente de forma telem\u00e1tica a trav\u00e9s de la secretar\u00eda virtual siguiendo las instrucciones correspondientes. Tambi\u00e9n, no obstante, podr\u00e1 realizarse de forma presencial, para lo cual, se recomienda solicitar cita previa en el siguiente &nbsp;llamando al tel\u00e9fono 953599534 . CLAVE IANDE PARA MATR\u00cdCULAS A TRAV\u00c9S &hellip; <\/p>\n<p><a class=\"more-link btn\" href=\"https:\/\/blogsaverroes.juntadeandalucia.es\/iesalfonsoxi\/matriculacion\/\">Seguir leyendo<\/a><\/p>\n","protected":false},"author":6379,"featured_media":0,"parent":0,"menu_order":0,"comment_status":"closed","ping_status":"closed","template":"","meta":{"ngg_post_thumbnail":0,"footnotes":"","_mc_calendar":[]},"aioseo_notices":[],"_links":{"self":[{"href":"https:\/\/blogsaverroes.juntadeandalucia.es\/iesalfonsoxi\/wp-json\/wp\/v2\/pages\/4026"}],"collection":[{"href":"https:\/\/blogsaverroes.juntadeandalucia.es\/iesalfonsoxi\/wp-json\/wp\/v2\/pages"}],"about":[{"href":"https:\/\/blogsaverroes.juntadeandalucia.es\/iesalfonsoxi\/wp-json\/wp\/v2\/types\/page"}],"author":[{"embeddable":true,"href":"https:\/\/blogsaverroes.juntadeandalucia.es\/iesalfonsoxi\/wp-json\/wp\/v2\/users\/6379"}],"replies":[{"embeddable":true,"href":"https:\/\/blogsaverroes.juntadeandalucia.es\/iesalfonsoxi\/wp-json\/wp\/v2\/comments?post=4026"}],"version-history":[{"count":69,"href":"https:\/\/blogsaverroes.juntadeandalucia.es\/iesalfonsoxi\/wp-json\/wp\/v2\/pages\/4026\/revisions"}],"predecessor-version":[{"id":10902,"href":"https:\/\/blogsaverroes.juntadeandalucia.es\/iesalfonsoxi\/wp-json\/wp\/v2\/pages\/4026\/revisions\/10902"}],"wp:attachment":[{"href":"https:\/\/blogsaverroes.juntadeandalucia.es\/iesalfonsoxi\/wp-json\/wp\/v2\/media?parent=4026"}],"curies":[{"name":"wp","href":"https:\/\/api.w.org\/{rel}","templated":true}]}}