{"id":4982,"date":"2019-03-19T11:23:31","date_gmt":"2019-03-19T11:23:31","guid":{"rendered":"https:\/\/blogsaverroes.juntadeandalucia.es\/iesalfonsoxi\/?page_id=4982"},"modified":"2023-09-15T11:22:19","modified_gmt":"2023-09-15T11:22:19","slug":"area-cientifico-tecnologica","status":"publish","type":"page","link":"https:\/\/blogsaverroes.juntadeandalucia.es\/iesalfonsoxi\/area-cientifico-tecnologica\/","title":{"rendered":"\u00c1rea cient\u00edfica"},"content":{"rendered":"<p><a href=\"https:\/\/blogsaverroes.juntadeandalucia.es\/iesalfonsoxi\/files\/2020\/09\/cien.png\"><img fetchpriority=\"high\" decoding=\"async\" class=\"size-full wp-image-9363 aligncenter\" src=\"https:\/\/blogsaverroes.juntadeandalucia.es\/iesalfonsoxi\/files\/2020\/09\/cien.png\" alt=\"\" width=\"225\" height=\"225\" srcset=\"https:\/\/blogsaverroes.juntadeandalucia.es\/iesalfonsoxi\/files\/2020\/09\/cien.png 225w, https:\/\/blogsaverroes.juntadeandalucia.es\/iesalfonsoxi\/files\/2020\/09\/cien-150x150.png 150w, https:\/\/blogsaverroes.juntadeandalucia.es\/iesalfonsoxi\/files\/2020\/09\/cien-100x100.png 100w, https:\/\/blogsaverroes.juntadeandalucia.es\/iesalfonsoxi\/files\/2020\/09\/cien-24x24.png 24w, https:\/\/blogsaverroes.juntadeandalucia.es\/iesalfonsoxi\/files\/2020\/09\/cien-36x36.png 36w, https:\/\/blogsaverroes.juntadeandalucia.es\/iesalfonsoxi\/files\/2020\/09\/cien-48x48.png 48w, https:\/\/blogsaverroes.juntadeandalucia.es\/iesalfonsoxi\/files\/2020\/09\/cien-50x50.png 50w\" sizes=\"(max-width: 225px) 100vw, 225px\" \/><\/a><\/p>\n<p>&nbsp;<\/p>\n<ul>\n<li><a href=\"https:\/\/blogsaverroes.juntadeandalucia.es\/iesalfonsoxi\/biologia-y-geologia-2\/\"><strong><span style=\"color: #993366\">Departamento de Biolog\u00eda y Geolog\u00eda<\/span><\/strong><\/a><\/li>\n<li><a href=\"https:\/\/blogsaverroes.juntadeandalucia.es\/iesalfonsoxi\/fisica-y-quimica-2\/\"><strong><span style=\"color: #993366\">Departamento de F\u00edsica y Qu\u00edmica.<\/span><\/strong><\/a><\/li>\n<li><a href=\"https:\/\/blogsaverroes.juntadeandalucia.es\/iesalfonsoxi\/biologia-y-geologia\/\"><strong><span style=\"color: #993366\">Departamento de Matem\u00e1ticas.<\/span><\/strong><\/a><\/li>\n<li><a href=\"https:\/\/blogsaverroes.juntadeandalucia.es\/iesalfonsoxi\/tecnologia\/\"><strong><span style=\"color: #993366\">Departamento de Tecnolog\u00eda.<\/span><\/strong><\/a><\/li>\n<\/ul>\n<p><strong><span style=\"color: #993366\">Coordinadora de \u00c1rea: Juan Manuel Calvo Mesa<\/span><\/strong><\/p>\n","protected":false},"excerpt":{"rendered":"<p>&nbsp; Departamento de Biolog\u00eda y Geolog\u00eda Departamento de F\u00edsica y Qu\u00edmica. Departamento de Matem\u00e1ticas. Departamento de Tecnolog\u00eda. Coordinadora de \u00c1rea: Juan Manuel Calvo Mesa<\/p>\n","protected":false},"author":6379,"featured_media":0,"parent":0,"menu_order":0,"comment_status":"closed","ping_status":"closed","template":"","meta":{"ngg_post_thumbnail":0,"footnotes":"","_mc_calendar":[]},"aioseo_notices":[],"_links":{"self":[{"href":"https:\/\/blogsaverroes.juntadeandalucia.es\/iesalfonsoxi\/wp-json\/wp\/v2\/pages\/4982"}],"collection":[{"href":"https:\/\/blogsaverroes.juntadeandalucia.es\/iesalfonsoxi\/wp-json\/wp\/v2\/pages"}],"about":[{"href":"https:\/\/blogsaverroes.juntadeandalucia.es\/iesalfonsoxi\/wp-json\/wp\/v2\/types\/page"}],"author":[{"embeddable":true,"href":"https:\/\/blogsaverroes.juntadeandalucia.es\/iesalfonsoxi\/wp-json\/wp\/v2\/users\/6379"}],"replies":[{"embeddable":true,"href":"https:\/\/blogsaverroes.juntadeandalucia.es\/iesalfonsoxi\/wp-json\/wp\/v2\/comments?post=4982"}],"version-history":[{"count":14,"href":"https:\/\/blogsaverroes.juntadeandalucia.es\/iesalfonsoxi\/wp-json\/wp\/v2\/pages\/4982\/revisions"}],"predecessor-version":[{"id":14351,"href":"https:\/\/blogsaverroes.juntadeandalucia.es\/iesalfonsoxi\/wp-json\/wp\/v2\/pages\/4982\/revisions\/14351"}],"wp:attachment":[{"href":"https:\/\/blogsaverroes.juntadeandalucia.es\/iesalfonsoxi\/wp-json\/wp\/v2\/media?parent=4982"}],"curies":[{"name":"wp","href":"https:\/\/api.w.org\/{rel}","templated":true}]}}