{"id":5017,"date":"2019-03-19T11:45:40","date_gmt":"2019-03-19T11:45:40","guid":{"rendered":"https:\/\/blogsaverroes.juntadeandalucia.es\/iesalfonsoxi\/?page_id=5017"},"modified":"2021-09-13T16:31:56","modified_gmt":"2021-09-13T16:31:56","slug":"documentos","status":"publish","type":"page","link":"https:\/\/blogsaverroes.juntadeandalucia.es\/iesalfonsoxi\/documentos\/","title":{"rendered":"Documentos"},"content":{"rendered":"<p style=\"text-align: justify\"><strong>Un centro se define en gran medida por su Proyecto Educativo. En \u00e9l se plasma el modelo educativo y la concreci\u00f3n de la normativa que un centro realiza respecto a las ense\u00f1anzas que imparte. Aspectos tales como las finales educativas, objetivos, atenci\u00f3n a la diversidad, etc.<\/strong><\/p>\n<ul>\n<li><a href=\"https:\/\/drive.google.com\/file\/d\/14kD3G34YXawxvP1wCS_wIfxb0II0GgtL\/view\"><strong><span style=\"color: #993366\">Proyecto educativo.<\/span><\/strong><\/a><\/li>\n<li><a href=\"https:\/\/drive.google.com\/file\/d\/1QB0chzl0AvUFkoNM8dAmGMfdtE57SmYK\/view\"><strong><span style=\"color: #993366\">Reglamento de organizaci\u00f3n y funcionamiento. (ROF).<\/span><\/strong><\/a><\/li>\n<li><strong><span style=\"color: #993366\">Proyecto de gesti\u00f3n.<\/span><\/strong><\/li>\n<li><strong><span style=\"color: #993366\">Plan de mejora.<\/span><\/strong><\/li>\n<\/ul>\n","protected":false},"excerpt":{"rendered":"<p>Un centro se define en gran medida por su Proyecto Educativo. En \u00e9l se plasma el modelo educativo y la concreci\u00f3n de la normativa que un centro realiza respecto a las ense\u00f1anzas que imparte. Aspectos tales como las finales educativas, objetivos, atenci\u00f3n a la diversidad, etc. Proyecto educativo. Reglamento de organizaci\u00f3n y funcionamiento. (ROF). Proyecto &hellip; <\/p>\n<p><a class=\"more-link btn\" href=\"https:\/\/blogsaverroes.juntadeandalucia.es\/iesalfonsoxi\/documentos\/\">Seguir leyendo<\/a><\/p>\n","protected":false},"author":6379,"featured_media":0,"parent":0,"menu_order":0,"comment_status":"closed","ping_status":"closed","template":"","meta":{"ngg_post_thumbnail":0,"footnotes":"","_mc_calendar":[]},"aioseo_notices":[],"_links":{"self":[{"href":"https:\/\/blogsaverroes.juntadeandalucia.es\/iesalfonsoxi\/wp-json\/wp\/v2\/pages\/5017"}],"collection":[{"href":"https:\/\/blogsaverroes.juntadeandalucia.es\/iesalfonsoxi\/wp-json\/wp\/v2\/pages"}],"about":[{"href":"https:\/\/blogsaverroes.juntadeandalucia.es\/iesalfonsoxi\/wp-json\/wp\/v2\/types\/page"}],"author":[{"embeddable":true,"href":"https:\/\/blogsaverroes.juntadeandalucia.es\/iesalfonsoxi\/wp-json\/wp\/v2\/users\/6379"}],"replies":[{"embeddable":true,"href":"https:\/\/blogsaverroes.juntadeandalucia.es\/iesalfonsoxi\/wp-json\/wp\/v2\/comments?post=5017"}],"version-history":[{"count":4,"href":"https:\/\/blogsaverroes.juntadeandalucia.es\/iesalfonsoxi\/wp-json\/wp\/v2\/pages\/5017\/revisions"}],"predecessor-version":[{"id":9022,"href":"https:\/\/blogsaverroes.juntadeandalucia.es\/iesalfonsoxi\/wp-json\/wp\/v2\/pages\/5017\/revisions\/9022"}],"wp:attachment":[{"href":"https:\/\/blogsaverroes.juntadeandalucia.es\/iesalfonsoxi\/wp-json\/wp\/v2\/media?parent=5017"}],"curies":[{"name":"wp","href":"https:\/\/api.w.org\/{rel}","templated":true}]}}