{"id":5069,"date":"2019-03-19T18:37:40","date_gmt":"2019-03-19T18:37:40","guid":{"rendered":"https:\/\/blogsaverroes.juntadeandalucia.es\/iesalfonsoxi\/?page_id=5069"},"modified":"2026-01-27T00:39:50","modified_gmt":"2026-01-27T00:39:50","slug":"tic-3","status":"publish","type":"page","link":"https:\/\/blogsaverroes.juntadeandalucia.es\/iesalfonsoxi\/tic-3\/","title":{"rendered":"FEIE"},"content":{"rendered":"<div>&nbsp;<\/div>\n<div>El FEIE (Departamento de Formaci\u00f3n, Evaluaci\u00f3n e Innovaci\u00f3n Educativa) en el contexto escolar andaluz es un <mark class=\"HxTRcb\" data-processed=\"true\">\u00f3rgano de los Institutos de Educaci\u00f3n Secundaria (IES) encargado de impulsar la formaci\u00f3n docente, la mejora continua y la innovaci\u00f3n metodol\u00f3gica<\/mark>. Regula el plan de formaci\u00f3n, asesora al profesorado e implementa planes de mejora basados en evaluaciones.<span class=\"uJ19be notranslate\" data-wiz-uids=\"ImbZw_c\" data-processed=\"true\"><span class=\"vKEkVd\" data-animation-atomic=\"\" data-wiz-attrbind=\"class=ImbZw_b\/TKHnVd\" data-processed=\"true\">&nbsp;<\/span><\/span><\/div>\n<div>&nbsp;<\/div>\n<div>Durante el curso 2025\/2026 en nuestro IES esta labor pertenece a M\u00aa Jos\u00e9 Garc\u00eda L\u00f3pez.<\/div>\n<div>&nbsp;<\/div>\n<div>Uno de los nuevos retos para el profesorado durante este curso es la uni\u00f3n de nuestra pr\u00e1ctica docente con la inclusi\u00f3n de la IA,&nbsp; as\u00ed como la de ofrecer nuevos recursos educativos para atender a la diversidad.&nbsp; Por ello, desde este espacio se ha creado un repositorio en Symbaloo con las siguiente utilidades:<\/div>\n<ul>\n<li><a href=\"https:\/\/www.symbaloo.com\/shared\/AAAABgs5Z6YAA42ADir5Ww==\">Aplicaciones IA<\/a><\/li>\n<li><a href=\"https:\/\/www.symbaloo.com\/shared\/AAAABufb3uQAA42ADmShtQ==\">Recursos educativos<\/a><\/li>\n<li><a href=\"https:\/\/www.symbaloo.com\/shared\/AAAABjgA0DAAA42ADmSkuA==\">Atenci\u00f3n a la diversidad<\/a><\/li>\n<\/ul>\n<div>&nbsp;<\/div>\n<div>&nbsp;<\/div>\n<div>&nbsp;<\/div>\n","protected":false},"excerpt":{"rendered":"<p>&nbsp; El FEIE (Departamento de Formaci\u00f3n, Evaluaci\u00f3n e Innovaci\u00f3n Educativa) en el contexto escolar andaluz es un \u00f3rgano de los Institutos de Educaci\u00f3n Secundaria (IES) encargado de impulsar la formaci\u00f3n docente, la mejora continua y la innovaci\u00f3n metodol\u00f3gica. Regula el plan de formaci\u00f3n, asesora al profesorado e implementa planes de mejora basados en evaluaciones.&nbsp; &nbsp; &hellip; <\/p>\n<p><a class=\"more-link btn\" href=\"https:\/\/blogsaverroes.juntadeandalucia.es\/iesalfonsoxi\/tic-3\/\">Seguir leyendo<\/a><\/p>\n","protected":false},"author":6379,"featured_media":0,"parent":0,"menu_order":0,"comment_status":"closed","ping_status":"closed","template":"","meta":{"ngg_post_thumbnail":0,"footnotes":"","_mc_calendar":[]},"aioseo_notices":[],"_links":{"self":[{"href":"https:\/\/blogsaverroes.juntadeandalucia.es\/iesalfonsoxi\/wp-json\/wp\/v2\/pages\/5069"}],"collection":[{"href":"https:\/\/blogsaverroes.juntadeandalucia.es\/iesalfonsoxi\/wp-json\/wp\/v2\/pages"}],"about":[{"href":"https:\/\/blogsaverroes.juntadeandalucia.es\/iesalfonsoxi\/wp-json\/wp\/v2\/types\/page"}],"author":[{"embeddable":true,"href":"https:\/\/blogsaverroes.juntadeandalucia.es\/iesalfonsoxi\/wp-json\/wp\/v2\/users\/6379"}],"replies":[{"embeddable":true,"href":"https:\/\/blogsaverroes.juntadeandalucia.es\/iesalfonsoxi\/wp-json\/wp\/v2\/comments?post=5069"}],"version-history":[{"count":7,"href":"https:\/\/blogsaverroes.juntadeandalucia.es\/iesalfonsoxi\/wp-json\/wp\/v2\/pages\/5069\/revisions"}],"predecessor-version":[{"id":17942,"href":"https:\/\/blogsaverroes.juntadeandalucia.es\/iesalfonsoxi\/wp-json\/wp\/v2\/pages\/5069\/revisions\/17942"}],"wp:attachment":[{"href":"https:\/\/blogsaverroes.juntadeandalucia.es\/iesalfonsoxi\/wp-json\/wp\/v2\/media?parent=5069"}],"curies":[{"name":"wp","href":"https:\/\/api.w.org\/{rel}","templated":true}]}}