{"id":6750,"date":"2019-09-12T16:34:40","date_gmt":"2019-09-12T16:34:40","guid":{"rendered":"https:\/\/blogsaverroes.juntadeandalucia.es\/iesalfonsoxi\/?page_id=6750"},"modified":"2023-09-15T11:24:52","modified_gmt":"2023-09-15T11:24:52","slug":"profesional","status":"publish","type":"page","link":"https:\/\/blogsaverroes.juntadeandalucia.es\/iesalfonsoxi\/profesional\/","title":{"rendered":"Profesional"},"content":{"rendered":"<p><a href=\"https:\/\/blogsaverroes.juntadeandalucia.es\/iesalfonsoxi\/files\/2020\/09\/profe.jpg\"><img decoding=\"async\" class=\"wp-image-9366 aligncenter\" src=\"https:\/\/blogsaverroes.juntadeandalucia.es\/iesalfonsoxi\/files\/2020\/09\/profe.jpg\" alt=\"\" width=\"172\" height=\"172\" srcset=\"https:\/\/blogsaverroes.juntadeandalucia.es\/iesalfonsoxi\/files\/2020\/09\/profe.jpg 225w, https:\/\/blogsaverroes.juntadeandalucia.es\/iesalfonsoxi\/files\/2020\/09\/profe-150x150.jpg 150w, https:\/\/blogsaverroes.juntadeandalucia.es\/iesalfonsoxi\/files\/2020\/09\/profe-100x100.jpg 100w, https:\/\/blogsaverroes.juntadeandalucia.es\/iesalfonsoxi\/files\/2020\/09\/profe-24x24.jpg 24w, https:\/\/blogsaverroes.juntadeandalucia.es\/iesalfonsoxi\/files\/2020\/09\/profe-36x36.jpg 36w, https:\/\/blogsaverroes.juntadeandalucia.es\/iesalfonsoxi\/files\/2020\/09\/profe-48x48.jpg 48w, https:\/\/blogsaverroes.juntadeandalucia.es\/iesalfonsoxi\/files\/2020\/09\/profe-50x50.jpg 50w\" sizes=\"(max-width: 172px) 100vw, 172px\" \/><\/a><\/p>\n<ul>\n<li style=\"text-align: center\"><a href=\"https:\/\/blogsaverroes.juntadeandalucia.es\/iesalfonsoxi\/fol-y-economia\/\"><strong><span style=\"color: #993366\">Departamento Fol y Econom\u00eda<\/span><\/strong><\/a><\/li>\n<li style=\"text-align: center\"><a href=\"https:\/\/blogsaverroes.juntadeandalucia.es\/iesalfonsoxi\/informatica-2\/\"><strong><span style=\"color: #993366\">Departamento de Inform\u00e1tica<\/span><\/strong><\/a><\/li>\n<\/ul>\n<p>&nbsp;<\/p>\n<p><strong><span style=\"color: #993366\">Coordinador de \u00c1rea: Pablo Ruiz Guevara<br \/>\n<\/span><\/strong><\/p>\n","protected":false},"excerpt":{"rendered":"<p>Departamento Fol y Econom\u00eda Departamento de Inform\u00e1tica &nbsp; Coordinador de \u00c1rea: Pablo Ruiz Guevara<\/p>\n","protected":false},"author":6379,"featured_media":0,"parent":0,"menu_order":0,"comment_status":"closed","ping_status":"closed","template":"","meta":{"ngg_post_thumbnail":0,"footnotes":"","_mc_calendar":[]},"aioseo_notices":[],"_links":{"self":[{"href":"https:\/\/blogsaverroes.juntadeandalucia.es\/iesalfonsoxi\/wp-json\/wp\/v2\/pages\/6750"}],"collection":[{"href":"https:\/\/blogsaverroes.juntadeandalucia.es\/iesalfonsoxi\/wp-json\/wp\/v2\/pages"}],"about":[{"href":"https:\/\/blogsaverroes.juntadeandalucia.es\/iesalfonsoxi\/wp-json\/wp\/v2\/types\/page"}],"author":[{"embeddable":true,"href":"https:\/\/blogsaverroes.juntadeandalucia.es\/iesalfonsoxi\/wp-json\/wp\/v2\/users\/6379"}],"replies":[{"embeddable":true,"href":"https:\/\/blogsaverroes.juntadeandalucia.es\/iesalfonsoxi\/wp-json\/wp\/v2\/comments?post=6750"}],"version-history":[{"count":6,"href":"https:\/\/blogsaverroes.juntadeandalucia.es\/iesalfonsoxi\/wp-json\/wp\/v2\/pages\/6750\/revisions"}],"predecessor-version":[{"id":14353,"href":"https:\/\/blogsaverroes.juntadeandalucia.es\/iesalfonsoxi\/wp-json\/wp\/v2\/pages\/6750\/revisions\/14353"}],"wp:attachment":[{"href":"https:\/\/blogsaverroes.juntadeandalucia.es\/iesalfonsoxi\/wp-json\/wp\/v2\/media?parent=6750"}],"curies":[{"name":"wp","href":"https:\/\/api.w.org\/{rel}","templated":true}]}}