{"id":8569,"date":"2020-06-07T07:05:07","date_gmt":"2020-06-07T07:05:07","guid":{"rendered":"https:\/\/blogsaverroes.juntadeandalucia.es\/iesalfonsoxi\/?page_id=8569"},"modified":"2025-11-20T15:55:18","modified_gmt":"2025-11-20T15:55:18","slug":"coeducacion-ies-alfonso-xi","status":"publish","type":"page","link":"https:\/\/blogsaverroes.juntadeandalucia.es\/iesalfonsoxi\/planes-programas\/coeducacion-ies-alfonso-xi\/","title":{"rendered":"Plan de Igualdad."},"content":{"rendered":"<p style=\"text-align: justify\">En el IES Alfonso XI, nos enorgullece participar activamente en el Plan de Igualdad, una iniciativa clave para promover la equidad y el respeto en nuestra comunidad. Creemos firmemente que la educaci\u00f3n va m\u00e1s all\u00e1 de la adquisici\u00f3n de conocimientos; se trata de formar personas comprometidas con los valores de la igualdad y la justicia.<\/p>\n<p style=\"text-align: justify\">La implementaci\u00f3n del Plan de Igualdad no solo busca eliminar cualquier forma de discriminaci\u00f3n por raz\u00f3n de g\u00e9nero, sino tambi\u00e9n fomentar un ambiente inclusivo donde todos los estudiantes, docentes y personal administrativo se sientan valorados y respetados. Este compromiso se refleja en nuestras pol\u00edticas, actividades y curr\u00edculos, asegurando que se impulsen pr\u00e1cticas igualitarias y se generen espacios de di\u00e1logo y reflexi\u00f3n.<\/p>\n<p style=\"text-align: justify\">La importancia de participar en el Plan de Igualdad radica en su capacidad para transformar nuestra sociedad desde la base. Al educar a nuestros alumnos en un entorno donde la igualdad es una prioridad, les brindamos las herramientas necesarias para convertirse en agentes de cambio en sus comunidades. Adem\u00e1s, garantizamos un clima escolar m\u00e1s armonioso, seguro y propicio para el aprendizaje y el desarrollo integral de cada individuo.<\/p>\n<p style=\"text-align: justify\">Invitamos a toda nuestra comunidad educativa a sumarse a esta iniciativa y colaborar activamente en la construcci\u00f3n de un futuro m\u00e1s justo e igualitario. Juntos, podemos hacer la diferencia.<\/p>\n<p style=\"text-align: center\"><strong>Coordinador curso 25-26 Santiago L\u00f3pez-Arg\u00fceta Pinto.<\/strong><\/p>\n<p style=\"text-align: center\"><strong><a href=\"https:\/\/sites.google.com\/g.educaand.es\/revistadigital\/inicio\">Enlace revista digital conjunta igualdad &#8211; escuela espacio de paz<\/a><\/strong><\/p>\n<p style=\"text-align: center\">Programaci\u00f3n curso 25-26.<\/p>\n<p align=\"justify\"><a href=\"https:\/\/blogsaverroes.juntadeandalucia.es\/iesalfonsoxi\/files\/2020\/06\/pactoes.jpg\"><img fetchpriority=\"high\" decoding=\"async\" src=\"https:\/\/blogsaverroes.juntadeandalucia.es\/iesalfonsoxi\/files\/2020\/06\/pactoes.jpg\" alt=\"\" width=\"1175\" height=\"198\"><\/a><\/p>\n<ol style=\"list-style-type: lower-alpha\">\n<li>&nbsp;<\/li>\n<\/ol>\n","protected":false},"excerpt":{"rendered":"<p>En el IES Alfonso XI, nos enorgullece participar activamente en el Plan de Igualdad, una iniciativa clave para promover la equidad y el respeto en nuestra comunidad. Creemos firmemente que la educaci\u00f3n va m\u00e1s all\u00e1 de la adquisici\u00f3n de conocimientos; se trata de formar personas comprometidas con los valores de la igualdad y la justicia. &hellip; <\/p>\n<p><a class=\"more-link btn\" href=\"https:\/\/blogsaverroes.juntadeandalucia.es\/iesalfonsoxi\/planes-programas\/coeducacion-ies-alfonso-xi\/\">Seguir leyendo<\/a><\/p>\n","protected":false},"author":6379,"featured_media":0,"parent":3081,"menu_order":0,"comment_status":"closed","ping_status":"closed","template":"","meta":{"ngg_post_thumbnail":0,"footnotes":"","_mc_calendar":[]},"aioseo_notices":[],"_links":{"self":[{"href":"https:\/\/blogsaverroes.juntadeandalucia.es\/iesalfonsoxi\/wp-json\/wp\/v2\/pages\/8569"}],"collection":[{"href":"https:\/\/blogsaverroes.juntadeandalucia.es\/iesalfonsoxi\/wp-json\/wp\/v2\/pages"}],"about":[{"href":"https:\/\/blogsaverroes.juntadeandalucia.es\/iesalfonsoxi\/wp-json\/wp\/v2\/types\/page"}],"author":[{"embeddable":true,"href":"https:\/\/blogsaverroes.juntadeandalucia.es\/iesalfonsoxi\/wp-json\/wp\/v2\/users\/6379"}],"replies":[{"embeddable":true,"href":"https:\/\/blogsaverroes.juntadeandalucia.es\/iesalfonsoxi\/wp-json\/wp\/v2\/comments?post=8569"}],"version-history":[{"count":64,"href":"https:\/\/blogsaverroes.juntadeandalucia.es\/iesalfonsoxi\/wp-json\/wp\/v2\/pages\/8569\/revisions"}],"predecessor-version":[{"id":17598,"href":"https:\/\/blogsaverroes.juntadeandalucia.es\/iesalfonsoxi\/wp-json\/wp\/v2\/pages\/8569\/revisions\/17598"}],"up":[{"embeddable":true,"href":"https:\/\/blogsaverroes.juntadeandalucia.es\/iesalfonsoxi\/wp-json\/wp\/v2\/pages\/3081"}],"wp:attachment":[{"href":"https:\/\/blogsaverroes.juntadeandalucia.es\/iesalfonsoxi\/wp-json\/wp\/v2\/media?parent=8569"}],"curies":[{"name":"wp","href":"https:\/\/api.w.org\/{rel}","templated":true}]}}