{"id":115,"date":"2018-07-20T09:51:33","date_gmt":"2018-07-20T09:51:33","guid":{"rendered":"https:\/\/iesalhadra.wordpress.com\/?page_id=115"},"modified":"2021-02-10T17:06:34","modified_gmt":"2021-02-10T16:06:34","slug":"fp-semipresencial","status":"publish","type":"page","link":"https:\/\/blogsaverroes.juntadeandalucia.es\/iesalhadra\/fp-semipresencial\/","title":{"rendered":"FP a Distancia y Semipresencial"},"content":{"rendered":"<ul>\r\n<li><a href=\"https:\/\/blogsaverroes.juntadeandalucia.es\/iesalhadra\/fp-semipresencial\/educacion-infantil-modalidad-a-distancia\/\">CFGS Educaci\u00f3n Infantil, modalidad a distancia.<\/a><\/li>\r\n<li><a href=\"https:\/\/blogsaverroes.juntadeandalucia.es\/iesalhadra\/fp-semipresencial\/cfgs-integracion-social\/\">CFGS Integraci\u00f3n social, modalidad a distancia.<\/a><\/li>\r\n<li><a href=\"https:\/\/blogsaverroes.juntadeandalucia.es\/iesalhadra\/fp-semipresencial\/atencion-a-personas-en-situacion-de-dependencia-modalidad-semipresencial\">CFGM Atenci\u00f3n a Personas en Situaci\u00f3n de Dependencia, modalidad semipresencial.<\/a><\/li>\r\n<\/ul>\r\n\r\n<p>&nbsp;<\/p>\r\n<p><strong>IMPORTANTE<\/strong>: Si vuestra elecci\u00f3n es estudiar Formaci\u00f3n Profesional&nbsp;<strong>Semipresencial o a Distancia<\/strong>&nbsp;debes tener en cuenta que ambas modalidades son&nbsp;<strong>Oferta Parcial Diferenciada.<\/strong><\/p>\r\n\r\n\r\n\r\n<p>En el siguiente&nbsp;<a href=\"https:\/\/www.juntadeandalucia.es\/educacion\/portals\/web\/formacion-profesional-andaluza\/escolarizacion\/oferta-parcial\">enlace<\/a>&nbsp;podr\u00e1s obtener informaci\u00f3n de todo el proceso de teletramitaci\u00f3n.<\/p>\r\n\r\n<p>&nbsp;<\/p>","protected":false},"excerpt":{"rendered":"<p>CFGS Educaci\u00f3n Infantil, modalidad a distancia. CFGS Integraci\u00f3n social, modalidad a distancia. CFGM Atenci\u00f3n a Personas en Situaci\u00f3n de Dependencia, modalidad semipresencial. &nbsp; IMPORTANTE: Si vuestra elecci\u00f3n es estudiar Formaci\u00f3n Profesional&nbsp;Semipresencial o a Distancia&nbsp;debes tener en cuenta que ambas modalidades son&nbsp;Oferta Parcial Diferenciada. En el siguiente&nbsp;enlace&nbsp;podr\u00e1s obtener informaci\u00f3n de todo el proceso de teletramitaci\u00f3n. &nbsp;<\/p>\n","protected":false},"author":11612,"featured_media":0,"parent":0,"menu_order":1,"comment_status":"closed","ping_status":"closed","template":"","meta":{"_et_pb_use_builder":"","_et_pb_old_content":"","_et_gb_content_width":"","ngg_post_thumbnail":0,"footnotes":""},"aioseo_notices":[],"_links":{"self":[{"href":"https:\/\/blogsaverroes.juntadeandalucia.es\/iesalhadra\/wp-json\/wp\/v2\/pages\/115"}],"collection":[{"href":"https:\/\/blogsaverroes.juntadeandalucia.es\/iesalhadra\/wp-json\/wp\/v2\/pages"}],"about":[{"href":"https:\/\/blogsaverroes.juntadeandalucia.es\/iesalhadra\/wp-json\/wp\/v2\/types\/page"}],"author":[{"embeddable":true,"href":"https:\/\/blogsaverroes.juntadeandalucia.es\/iesalhadra\/wp-json\/wp\/v2\/users\/11612"}],"replies":[{"embeddable":true,"href":"https:\/\/blogsaverroes.juntadeandalucia.es\/iesalhadra\/wp-json\/wp\/v2\/comments?post=115"}],"version-history":[{"count":2,"href":"https:\/\/blogsaverroes.juntadeandalucia.es\/iesalhadra\/wp-json\/wp\/v2\/pages\/115\/revisions"}],"predecessor-version":[{"id":3545,"href":"https:\/\/blogsaverroes.juntadeandalucia.es\/iesalhadra\/wp-json\/wp\/v2\/pages\/115\/revisions\/3545"}],"wp:attachment":[{"href":"https:\/\/blogsaverroes.juntadeandalucia.es\/iesalhadra\/wp-json\/wp\/v2\/media?parent=115"}],"curies":[{"name":"wp","href":"https:\/\/api.w.org\/{rel}","templated":true}]}}