{"id":13117,"date":"2024-10-09T11:36:52","date_gmt":"2024-10-09T10:36:52","guid":{"rendered":"https:\/\/blogsaverroes.juntadeandalucia.es\/iesalhadra\/?page_id=13117"},"modified":"2024-10-09T11:37:51","modified_gmt":"2024-10-09T10:37:51","slug":"cima_2324","status":"publish","type":"page","link":"https:\/\/blogsaverroes.juntadeandalucia.es\/iesalhadra\/cima_2324\/","title":{"rendered":"Cima_2324"},"content":{"rendered":"<p>[et_pb_section fb_built=&#8221;1&#8243; _builder_version=&#8221;4.16&#8243; _module_preset=&#8221;default&#8221; global_colors_info=&#8221;{}&#8221; theme_builder_area=&#8221;post_content&#8221;][et_pb_row column_structure=&#8221;3_4,1_4&#8243; _builder_version=&#8221;4.16&#8243; _module_preset=&#8221;default&#8221; global_colors_info=&#8221;{}&#8221; theme_builder_area=&#8221;post_content&#8221;][et_pb_column type=&#8221;3_4&#8243; _builder_version=&#8221;4.16&#8243; _module_preset=&#8221;default&#8221; global_colors_info=&#8221;{}&#8221; theme_builder_area=&#8221;post_content&#8221;][et_pb_image src=&#8221;https:\/\/blogsaverroes.juntadeandalucia.es\/iesalhadra\/files\/2024\/03\/cabecera-web.jpg&#8221; title_text=&#8221;cabecera web&#8221; _builder_version=&#8221;4.16&#8243; _module_preset=&#8221;default&#8221; global_colors_info=&#8221;{}&#8221; theme_builder_area=&#8221;post_content&#8221;][\/et_pb_image][et_pb_text _builder_version=&#8221;4.24.2&#8243; _module_preset=&#8221;default&#8221; global_colors_info=&#8221;{}&#8221; theme_builder_area=&#8221;post_content&#8221;]<\/p>\n<h2><em><strong>\u00c1mbitos y l\u00edneas de actuaci\u00f3n 2023_24<\/strong><\/em><\/h2>\n<p>[\/et_pb_text][et_pb_text _builder_version=&#8221;4.16&#8243; _module_preset=&#8221;default&#8221; global_colors_info=&#8221;{}&#8221; theme_builder_area=&#8221;post_content&#8221;]<\/p>\n<h3><strong>1. Para la transformaci\u00f3n hacia entornos m\u00e1s sostenibles y saludables:<\/strong><\/h3>\n<p>[\/et_pb_text][et_pb_accordion toggle_icon=&#8221;&#x47;||divi||400&#8243; _builder_version=&#8221;4.16&#8243; _module_preset=&#8221;default&#8221; global_colors_info=&#8221;{}&#8221; theme_builder_area=&#8221;post_content&#8221;][et_pb_accordion_item title=&#8221;PROMOCI\u00d3N DE H\u00c1BITOS DE VIDA SALUDABLE&#8221; open=&#8221;on&#8221; open_toggle_text_color=&#8221;#0C71C3&#8243; _builder_version=&#8221;4.16&#8243; _module_preset=&#8221;default&#8221; global_colors_info=&#8221;{}&#8221; toggle_font=&#8221;|700|||||||&#8221; theme_builder_area=&#8221;post_content&#8221;]<\/p>\n<ul>\n<li><a href=\"https:\/\/blogsaverroes.juntadeandalucia.es\/iesalhadra\/inteligencia-emocional\/\"><span style=\"font-size: 14pt\">Inteligencia emocional<\/span><\/a><\/li>\n<li><a href=\"https:\/\/blogsaverroes.juntadeandalucia.es\/iesalhadra\/alimentacion-saludable\/\"><span style=\"font-size: 14pt\">Alimentaci\u00f3n saludable<\/span><\/a><\/li>\n<li><a href=\"https:\/\/blogsaverroes.juntadeandalucia.es\/iesalhadra\/actividad-fisica-y-deportiva\/\"><span style=\"font-size: 14pt\">Actividad f\u00edsica y deporte<\/span><\/a><\/li>\n<li><a href=\"https:\/\/blogsaverroes.juntadeandalucia.es\/iesalhadra\/educacion-afectivo-sexual\/\"><span style=\"font-size: 14pt\">Educaci\u00f3n afectivo &#8211; sexual<\/span><\/a><\/li>\n<\/ul>\n<p>[\/et_pb_accordion_item][\/et_pb_accordion][et_pb_accordion toggle_icon=&#8221;&#x47;||divi||400&#8243; _builder_version=&#8221;4.16&#8243; _module_preset=&#8221;default&#8221; global_colors_info=&#8221;{}&#8221; theme_builder_area=&#8221;post_content&#8221;][et_pb_accordion_item title=&#8221;ALDEA, EDUCACI\u00d3N AMBIENTAL PARA LA SOSTENIBILIDAD&#8221; open=&#8221;on&#8221; open_toggle_text_color=&#8221;#0C71C3&#8243; _builder_version=&#8221;4.16&#8243; _module_preset=&#8221;default&#8221; global_colors_info=&#8221;{}&#8221; toggle_font=&#8221;|700|||||||&#8221; theme_builder_area=&#8221;post_content&#8221;]<\/p>\n<ul>\n<li><a href=\"https:\/\/blogsaverroes.juntadeandalucia.es\/iesalhadra\/litoral-y-medio-oceanico\/\"><span style=\"font-size: 14pt\">Litoral y medio oce\u00e1nico<\/span><\/a><\/li>\n<li><a href=\"https:\/\/blogsaverroes.juntadeandalucia.es\/iesalhadra\/huertos-escolares\/\"><span style=\"font-size: 14pt\">Huertos escolares<\/span><\/a><\/li>\n<\/ul>\n<p>[\/et_pb_accordion_item][\/et_pb_accordion][et_pb_text _builder_version=&#8221;4.16&#8243; _module_preset=&#8221;default&#8221; global_colors_info=&#8221;{}&#8221; theme_builder_area=&#8221;post_content&#8221;]<\/p>\n<h3><strong>2. Para la transformaci\u00f3n digital educativa:<\/strong><\/h3>\n<p>[\/et_pb_text][et_pb_accordion toggle_icon=&#8221;&#x47;||divi||400&#8243; _builder_version=&#8221;4.16&#8243; _module_preset=&#8221;default&#8221; global_colors_info=&#8221;{}&#8221; theme_builder_area=&#8221;post_content&#8221;][et_pb_accordion_item title=&#8221;STEAM&#8221; open=&#8221;on&#8221; open_toggle_text_color=&#8221;#0C71C3&#8243; _builder_version=&#8221;4.16&#8243; _module_preset=&#8221;default&#8221; link_option_url=&#8221;https:\/\/blogsaverroes.juntadeandalucia.es\/iesalhadra\/steam\/&#8221; global_colors_info=&#8221;{}&#8221; toggle_font=&#8221;|700|||||||&#8221; theme_builder_area=&#8221;post_content&#8221;]<\/p>\n<ul>\n<li><a href=\"https:\/\/blogsaverroes.juntadeandalucia.es\/iesalhadra\/pensamiento-computacional\/\"><span style=\"font-size: 14pt\">Pensamiento computacional<\/span><\/a><\/li>\n<li><a href=\"https:\/\/blogsaverroes.juntadeandalucia.es\/iesalhadra\/ajedrez-en-el-aula-pensamiento-computacional-desenchufado\/\"><span style=\"font-size: 14pt\">Ajedrez en el aula. Pensamiento computacional desenchufado<\/span><\/a><\/li>\n<li><a href=\"https:\/\/blogsaverroes.juntadeandalucia.es\/iesalhadra\/robotica\/\"><span style=\"font-size: 14pt\">Rob\u00f3tica<\/span><\/a><\/li>\n<li><a href=\"https:\/\/blogsaverroes.juntadeandalucia.es\/iesalhadra\/inteligencia-artificial\/\"><span style=\"font-size: 14pt\">Inteligencia artificial<\/span><\/a><\/li>\n<\/ul>\n<p>[\/et_pb_accordion_item][\/et_pb_accordion][et_pb_text _builder_version=&#8221;4.16&#8243; _module_preset=&#8221;default&#8221; global_colors_info=&#8221;{}&#8221; theme_builder_area=&#8221;post_content&#8221;]<\/p>\n<h3><strong>3. Para la transformaci\u00f3n desde la cultura y la alfabetizaci\u00f3n medi\u00e1tica:<\/strong><\/h3>\n<p>[\/et_pb_text][et_pb_accordion toggle_icon=&#8221;&#x47;||divi||400&#8243; _builder_version=&#8221;4.16&#8243; _module_preset=&#8221;default&#8221; global_colors_info=&#8221;{}&#8221; theme_builder_area=&#8221;post_content&#8221;][et_pb_accordion_item title=&#8221;ARTE Y CULTURA&#8221; open=&#8221;on&#8221; open_toggle_text_color=&#8221;#0C71C3&#8243; _builder_version=&#8221;4.16&#8243; _module_preset=&#8221;default&#8221; global_colors_info=&#8221;{}&#8221; toggle_font=&#8221;|700|||||||&#8221; theme_builder_area=&#8221;post_content&#8221;]<\/p>\n<ul>\n<li><a href=\"https:\/\/blogsaverroes.juntadeandalucia.es\/iesalhadra\/artistas-en-el-aula\/\"><span style=\"font-size: 14pt\">Artistas en el aula<\/span><\/a><\/li>\n<li><a href=\"https:\/\/blogsaverroes.juntadeandalucia.es\/iesalhadra\/cultura-emprendedora\/\"><span style=\"font-size: 14pt\">Cultura emprendedora<\/span><\/a><\/li>\n<li><a href=\"https:\/\/blogsaverroes.juntadeandalucia.es\/iesalhadra\/patrimonio-material-inmaterial-y-natural\/\"><span style=\"font-size: 14pt\">Patrimonio material, inmaterial y natural<\/span><\/a><\/li>\n<\/ul>\n<p>[\/et_pb_accordion_item][\/et_pb_accordion][et_pb_accordion toggle_icon=&#8221;&#x47;||divi||400&#8243; _builder_version=&#8221;4.16&#8243; _module_preset=&#8221;default&#8221; global_colors_info=&#8221;{}&#8221; theme_builder_area=&#8221;post_content&#8221;][et_pb_accordion_item title=&#8221;PLC, COMUNICACI\u00d3N Y ALFABETIZACI\u00d3N MEDI\u00c1TICA E INFORMACIONAL&#8221; open=&#8221;on&#8221; open_toggle_text_color=&#8221;#0C71C3&#8243; _builder_version=&#8221;4.16&#8243; _module_preset=&#8221;default&#8221; global_colors_info=&#8221;{}&#8221; toggle_font=&#8221;|700|||||||&#8221; theme_builder_area=&#8221;post_content&#8221;]<\/p>\n<ul>\n<li><a href=\"https:\/\/blogsaverroes.juntadeandalucia.es\/iesalhadra\/alfabetizacion-audiovisual-ver-y-hacer-cine\/\"><span style=\"font-size: 14pt\">Alfabetizaci\u00f3n audiovisual. Ver y hacer cine<\/span><\/a><\/li>\n<\/ul>\n<p>[\/et_pb_accordion_item][\/et_pb_accordion][et_pb_blog fullwidth=&#8221;off&#8221; include_categories=&#8221;92&#8243; disabled_on=&#8221;on|on|on&#8221; _builder_version=&#8221;4.16&#8243; _module_preset=&#8221;default&#8221; disabled=&#8221;on&#8221; global_colors_info=&#8221;{}&#8221; theme_builder_area=&#8221;post_content&#8221;][\/et_pb_blog][\/et_pb_column][et_pb_column type=&#8221;1_4&#8243; _builder_version=&#8221;4.16&#8243; _module_preset=&#8221;default&#8221; global_colors_info=&#8221;{}&#8221; theme_builder_area=&#8221;post_content&#8221;][et_pb_sidebar _builder_version=&#8221;4.16&#8243; _module_preset=&#8221;default&#8221; global_colors_info=&#8221;{}&#8221; theme_builder_area=&#8221;post_content&#8221;][\/et_pb_sidebar][\/et_pb_column][\/et_pb_row][\/et_pb_section][et_pb_section fb_built=&#8221;1&#8243; fullwidth=&#8221;on&#8221; _builder_version=&#8221;4.16&#8243; _module_preset=&#8221;default&#8221; global_colors_info=&#8221;{}&#8221; theme_builder_area=&#8221;post_content&#8221;][\/et_pb_section]<\/p>\n","protected":false},"excerpt":{"rendered":"<p>\u00c1mbitos y l\u00edneas de actuaci\u00f3n 2023_241. Para la transformaci\u00f3n hacia entornos m\u00e1s sostenibles y saludables: Inteligencia emocional Alimentaci\u00f3n saludable Actividad f\u00edsica y deporte Educaci\u00f3n afectivo &#8211; sexual Litoral y medio oce\u00e1nico Huertos escolares 2. Para la transformaci\u00f3n digital educativa: Pensamiento computacional Ajedrez en el aula. Pensamiento computacional desenchufado Rob\u00f3tica Inteligencia artificial 3. Para la transformaci\u00f3n [&hellip;]<\/p>\n","protected":false},"author":11159,"featured_media":0,"parent":0,"menu_order":0,"comment_status":"closed","ping_status":"closed","template":"","meta":{"_et_pb_use_builder":"on","_et_pb_old_content":"","_et_gb_content_width":"","ngg_post_thumbnail":0,"footnotes":""},"aioseo_notices":[],"_links":{"self":[{"href":"https:\/\/blogsaverroes.juntadeandalucia.es\/iesalhadra\/wp-json\/wp\/v2\/pages\/13117"}],"collection":[{"href":"https:\/\/blogsaverroes.juntadeandalucia.es\/iesalhadra\/wp-json\/wp\/v2\/pages"}],"about":[{"href":"https:\/\/blogsaverroes.juntadeandalucia.es\/iesalhadra\/wp-json\/wp\/v2\/types\/page"}],"author":[{"embeddable":true,"href":"https:\/\/blogsaverroes.juntadeandalucia.es\/iesalhadra\/wp-json\/wp\/v2\/users\/11159"}],"replies":[{"embeddable":true,"href":"https:\/\/blogsaverroes.juntadeandalucia.es\/iesalhadra\/wp-json\/wp\/v2\/comments?post=13117"}],"version-history":[{"count":2,"href":"https:\/\/blogsaverroes.juntadeandalucia.es\/iesalhadra\/wp-json\/wp\/v2\/pages\/13117\/revisions"}],"predecessor-version":[{"id":13119,"href":"https:\/\/blogsaverroes.juntadeandalucia.es\/iesalhadra\/wp-json\/wp\/v2\/pages\/13117\/revisions\/13119"}],"wp:attachment":[{"href":"https:\/\/blogsaverroes.juntadeandalucia.es\/iesalhadra\/wp-json\/wp\/v2\/media?parent=13117"}],"curies":[{"name":"wp","href":"https:\/\/api.w.org\/{rel}","templated":true}]}}