{"id":1782,"date":"2019-10-03T06:18:08","date_gmt":"2019-10-03T06:18:08","guid":{"rendered":"http:\/\/iesalhadra.org\/wpAlhadra\/?page_id=1782"},"modified":"2019-10-03T06:18:08","modified_gmt":"2019-10-03T06:18:08","slug":"lengua-de-signos","status":"publish","type":"page","link":"https:\/\/blogsaverroes.juntadeandalucia.es\/iesalhadra\/lengua-de-signos\/","title":{"rendered":"Lengua de Signos"},"content":{"rendered":"\n\t\t\t\t\n<p style=\"text-align:justify\">\u00bfQuieres aprender Lengua de Signos? \u00a1Pues es muy f\u00e1cil! S\u00f3lo tienes que seguir cada d\u00eda las redes sociales del IES Alhadra. El alumnado del CF de Mediacion Comunicativa subir\u00e1, a diario, un v\u00eddeo con el Signo del D\u00eda.\u00a1S\u00edguenos y practica lengua de signos! Adem\u00e1s, a lo largo del curso habr\u00e1 muchas sorpresas. \u00a1No te las pierdas! <\/p>\n\n\n\n<figure class=\"wp-block-video aligncenter\"><video controls src=\"https:\/\/blogsaverroes.juntadeandalucia.es\/iesalhadra\/files\/2019\/10\/VID-20191002-WA0007-5.mp4\"><\/video><\/figure>\n\n\n\n<p>Y la siguiente palabra es&#8230;.<\/p>\n\n\n\n<figure class=\"wp-block-video aligncenter\"><video controls src=\"https:\/\/blogsaverroes.juntadeandalucia.es\/iesalhadra\/files\/2019\/10\/VID-20191002-WA0008.mp4\"><\/video><\/figure>\n\n\n\n<p>Seguimos&#8230;.<\/p>\n\n\n\n<figure class=\"wp-block-video aligncenter\"><video controls src=\"https:\/\/blogsaverroes.juntadeandalucia.es\/iesalhadra\/files\/2019\/10\/VID-20191002-WA0009.mp4\"><\/video><\/figure>\n\n\n\n<p>Hoy nos toca&#8230;<\/p>\n\n\n\n<figure class=\"wp-block-video aligncenter\"><video controls src=\"https:\/\/blogsaverroes.juntadeandalucia.es\/iesalhadra\/files\/2019\/10\/VID-20191007-WA0005.mp4\"><\/video><\/figure>\n\n\n\n<p>\u00bfHemos aprendido ya todas las palabras anteriores? Es importante que repasemos  frente al espejo. Vamos con la siguiente:<\/p>\n\n\n\n<figure class=\"wp-block-video aligncenter\"><video controls src=\"https:\/\/blogsaverroes.juntadeandalucia.es\/iesalhadra\/files\/2019\/10\/VID-20191007-WA0006.mp4\"><\/video><\/figure>\n\n\n\n<p>\u00bfQu\u00e9 signo toca hoy?<\/p>\n\n\n\n<figure class=\"wp-block-video aligncenter\"><video controls src=\"https:\/\/blogsaverroes.juntadeandalucia.es\/iesalhadra\/files\/2019\/10\/VID-20191009-WA0021.mp4\"><\/video><\/figure>\n\n\n\n<p>Siguiente signo:<\/p>\n\n\n\n<figure class=\"wp-block-video aligncenter\"><video controls src=\"https:\/\/blogsaverroes.juntadeandalucia.es\/iesalhadra\/files\/2019\/10\/VID-20191009-WA0026-1.mp4\"><\/video><\/figure>\n\n\n\n<p>Gracias, siempre gracias<\/p>\n\n\n\n<figure class=\"wp-block-video aligncenter\"><video controls src=\"https:\/\/blogsaverroes.juntadeandalucia.es\/iesalhadra\/files\/2019\/10\/VID-20191009-WA0023.mp4\"><\/video><\/figure>\n\n\n\n<p>Y la siguiente palabra es&#8230;.<\/p>\n\n\n\n<figure class=\"wp-block-video aligncenter\"><video controls src=\"https:\/\/blogsaverroes.juntadeandalucia.es\/iesalhadra\/files\/2019\/10\/VID-20191009-WA0024.mp4\"><\/video><\/figure>\n\n\n\n<p>\u00bfHas practicado todas las palabras?<\/p>\n\n\n\n<figure class=\"wp-block-video aligncenter\"><video controls src=\"https:\/\/blogsaverroes.juntadeandalucia.es\/iesalhadra\/files\/2019\/10\/VID-20191009-WA0025.mp4\"><\/video><\/figure>\n\n\n\n<p>Aqu\u00ed van un par de signos m\u00e1s<\/p>\n\n\n\n<figure class=\"wp-block-video aligncenter\"><video controls src=\"https:\/\/blogsaverroes.juntadeandalucia.es\/iesalhadra\/files\/2019\/10\/VID-20191017-WA0006.mp4\"><\/video><\/figure>\n\n\n\n<figure class=\"wp-block-video aligncenter\"><video controls src=\"https:\/\/blogsaverroes.juntadeandalucia.es\/iesalhadra\/files\/2019\/10\/VID-20191017-WA0013.mp4\"><\/video><\/figure>\n\n\n\n<p>\u00a1Y que har\u00eda el profesor sin el&#8230;..<\/p>\n\n\n\n<figure class=\"wp-block-video aligncenter\"><video controls src=\"https:\/\/blogsaverroes.juntadeandalucia.es\/iesalhadra\/files\/2019\/10\/VID-20191017-WA0014.mp4\"><\/video><\/figure>\n\n\n\n<figure class=\"wp-block-video aligncenter\"><video controls src=\"https:\/\/blogsaverroes.juntadeandalucia.es\/iesalhadra\/files\/2019\/10\/VID-20191017-WA0015.mp4\"><\/video><\/figure>\n\n\n\n<figure class=\"wp-block-video aligncenter\"><video controls src=\"https:\/\/blogsaverroes.juntadeandalucia.es\/iesalhadra\/files\/2019\/10\/VID-20191024-WA0004.mp4\"><\/video><\/figure>\n\n\n\n<figure class=\"wp-block-video aligncenter\"><video controls src=\"https:\/\/blogsaverroes.juntadeandalucia.es\/iesalhadra\/files\/2019\/10\/VID-20191024-WA0003.mp4\"><\/video><\/figure>\n\n\n\n<figure class=\"wp-block-video aligncenter\"><video controls src=\"https:\/\/blogsaverroes.juntadeandalucia.es\/iesalhadra\/files\/2019\/10\/VID-20191024-WA0000.mp4\"><\/video><\/figure>\n\n\n\n<figure class=\"wp-block-video aligncenter\"><video controls src=\"https:\/\/blogsaverroes.juntadeandalucia.es\/iesalhadra\/files\/2019\/10\/VID-20191024-WA0002.mp4\"><\/video><\/figure>\n\n\n\n<figure class=\"wp-block-video aligncenter\"><video controls src=\"https:\/\/blogsaverroes.juntadeandalucia.es\/iesalhadra\/files\/2019\/10\/VID-20191024-WA0001-1.mp4\"><\/video><\/figure>\n\n\n\n<figure class=\"wp-block-video aligncenter\"><video controls src=\"https:\/\/blogsaverroes.juntadeandalucia.es\/iesalhadra\/files\/2019\/11\/VID-20191103-WA0002.mp4\"><\/video><\/figure>\n\n\n\n<figure class=\"wp-block-video aligncenter\"><video controls src=\"https:\/\/blogsaverroes.juntadeandalucia.es\/iesalhadra\/files\/2019\/11\/VID-20191103-WA0003.mp4\"><\/video><\/figure>\n\n\n\n<figure class=\"wp-block-video aligncenter\"><video controls src=\"https:\/\/blogsaverroes.juntadeandalucia.es\/iesalhadra\/files\/2019\/11\/VID-20191103-WA0004.mp4\"><\/video><\/figure>\n\n\n\n<p>Ah\u00ed van unos cuantos m\u00e1s!<\/p>\n\n\n\n<figure class=\"wp-block-video aligncenter\"><video controls src=\"https:\/\/blogsaverroes.juntadeandalucia.es\/iesalhadra\/files\/2019\/11\/VID-20191107-WA0011.mp4\"><\/video><\/figure>\n\n\n\n<figure class=\"wp-block-video aligncenter\"><video controls src=\"https:\/\/blogsaverroes.juntadeandalucia.es\/iesalhadra\/files\/2019\/11\/VID-20191107-WA0012.mp4\"><\/video><\/figure>\n\n\n\n<figure class=\"wp-block-video aligncenter\"><video controls src=\"https:\/\/blogsaverroes.juntadeandalucia.es\/iesalhadra\/files\/2019\/11\/VID-20191107-WA0013.mp4\"><\/video><\/figure>\n\n\n\n<figure class=\"wp-block-video aligncenter\"><video controls src=\"https:\/\/blogsaverroes.juntadeandalucia.es\/iesalhadra\/files\/2019\/11\/VID-20191107-WA0014.mp4\"><\/video><\/figure>\n\n\n\n<p>No os olvid\u00e9is de practicar y repasar lo aprendido<\/p>\n\n\n\n<figure class=\"wp-block-video aligncenter\"><video controls src=\"https:\/\/blogsaverroes.juntadeandalucia.es\/iesalhadra\/files\/2019\/11\/VID-20191114-WA0000.mp4\"><\/video><\/figure>\n\n\n\n<figure class=\"wp-block-video aligncenter\"><video controls src=\"https:\/\/blogsaverroes.juntadeandalucia.es\/iesalhadra\/files\/2019\/11\/VID-20191114-WA0001.mp4\"><\/video><\/figure>\n\n\n\n<figure class=\"wp-block-video aligncenter\"><video controls src=\"https:\/\/blogsaverroes.juntadeandalucia.es\/iesalhadra\/files\/2019\/11\/VID-20191114-WA0002.mp4\"><\/video><\/figure>\n\n\n\n<figure class=\"wp-block-video aligncenter\"><video controls src=\"https:\/\/blogsaverroes.juntadeandalucia.es\/iesalhadra\/files\/2019\/11\/VID-20191114-WA0003.mp4\"><\/video><\/figure>\n\n\n\n<figure class=\"wp-block-video aligncenter\"><video controls src=\"https:\/\/blogsaverroes.juntadeandalucia.es\/iesalhadra\/files\/2019\/11\/VID-20191121-WA0013.mp4\"><\/video><\/figure>\n\n\n\n<figure class=\"wp-block-video aligncenter\"><video controls src=\"https:\/\/blogsaverroes.juntadeandalucia.es\/iesalhadra\/files\/2019\/11\/VID-20191121-WA0008.mp4\"><\/video><\/figure>\n\n\n\n<figure class=\"wp-block-video aligncenter\"><video controls src=\"https:\/\/blogsaverroes.juntadeandalucia.es\/iesalhadra\/files\/2019\/11\/VID-20191121-WA0011.mp4\"><\/video><\/figure>\n\n\n\n<figure class=\"wp-block-video aligncenter\"><video controls src=\"https:\/\/blogsaverroes.juntadeandalucia.es\/iesalhadra\/files\/2019\/11\/VID-20191121-WA0009.mp4\"><\/video><\/figure>\n\n\n\n<figure class=\"wp-block-video aligncenter\"><video controls src=\"https:\/\/blogsaverroes.juntadeandalucia.es\/iesalhadra\/files\/2019\/11\/VID-20191121-WA0012.mp4\"><\/video><\/figure>\n\n\n\n<figure class=\"wp-block-video aligncenter\"><video controls src=\"https:\/\/blogsaverroes.juntadeandalucia.es\/iesalhadra\/files\/2019\/11\/VID-20191121-WA0010.mp4\"><\/video><\/figure>\n\n\n\n<figure class=\"wp-block-video aligncenter\"><video controls src=\"https:\/\/blogsaverroes.juntadeandalucia.es\/iesalhadra\/files\/2019\/12\/VID-20191128-WA0008.mp4\"><\/video><\/figure>\n\n\n\n<figure class=\"wp-block-video aligncenter\"><video controls src=\"https:\/\/blogsaverroes.juntadeandalucia.es\/iesalhadra\/files\/2019\/12\/VID-20191202-WA0008.mp4\"><\/video><\/figure>\n\n\n\n<figure class=\"wp-block-video aligncenter\"><video controls src=\"https:\/\/blogsaverroes.juntadeandalucia.es\/iesalhadra\/files\/2019\/12\/VID-20191202-WA0000.mp4\"><\/video><\/figure>\n\n\n\n<figure class=\"wp-block-video aligncenter\"><video controls src=\"https:\/\/blogsaverroes.juntadeandalucia.es\/iesalhadra\/files\/2019\/12\/VID-20191204-WA0010.mp4\"><\/video><\/figure>\n\n\n\n<figure class=\"wp-block-video aligncenter\"><video controls src=\"https:\/\/blogsaverroes.juntadeandalucia.es\/iesalhadra\/files\/2019\/12\/VID-20191204-WA0011.mp4\"><\/video><\/figure>\n\n\n\n<figure class=\"wp-block-video aligncenter\"><video controls src=\"https:\/\/blogsaverroes.juntadeandalucia.es\/iesalhadra\/files\/2019\/12\/VID-20191209-WA0319.mp4\"><\/video><\/figure>\n\n\n\n<figure class=\"wp-block-video aligncenter\"><video controls src=\"https:\/\/blogsaverroes.juntadeandalucia.es\/iesalhadra\/files\/2019\/12\/VID-20191209-WA0320.mp4\"><\/video><\/figure>\n\n\n\n<figure class=\"wp-block-video aligncenter\"><video controls src=\"https:\/\/blogsaverroes.juntadeandalucia.es\/iesalhadra\/files\/2020\/01\/VID-20200109-WA0003.mp4\"><\/video><\/figure>\n\n\n\n<figure class=\"wp-block-video aligncenter\"><video controls src=\"https:\/\/blogsaverroes.juntadeandalucia.es\/iesalhadra\/files\/2020\/01\/VID-20200109-WA0005.mp4\"><\/video><\/figure>\n\n\n\n<figure class=\"wp-block-video aligncenter\"><video controls src=\"https:\/\/blogsaverroes.juntadeandalucia.es\/iesalhadra\/files\/2020\/01\/VID-20200109-WA0004.mp4\"><\/video><\/figure>\n\n\n\n<figure class=\"wp-block-video aligncenter\"><video controls src=\"https:\/\/blogsaverroes.juntadeandalucia.es\/iesalhadra\/files\/2020\/01\/VID-20200109-WA0006.mp4\"><\/video><\/figure>\n\n\n\n<figure class=\"wp-block-video aligncenter\"><video controls src=\"https:\/\/blogsaverroes.juntadeandalucia.es\/iesalhadra\/files\/2020\/01\/VID-20200115-WA0001.mp4\"><\/video><\/figure>\n\n\n\n<figure class=\"wp-block-video aligncenter\"><video controls src=\"https:\/\/blogsaverroes.juntadeandalucia.es\/iesalhadra\/files\/2020\/01\/VID-20200115-WA0002.mp4\"><\/video><\/figure>\n\n\n\n<figure class=\"wp-block-video aligncenter\"><video controls src=\"https:\/\/blogsaverroes.juntadeandalucia.es\/iesalhadra\/files\/2020\/01\/VID-20200116-WA0008.mp4\"><\/video><\/figure>\n\n\n\n<figure class=\"wp-block-video aligncenter\"><video controls src=\"https:\/\/blogsaverroes.juntadeandalucia.es\/iesalhadra\/files\/2020\/01\/VID-20200116-WA0009.mp4\"><\/video><\/figure>\n\n\n\n<figure class=\"wp-block-video aligncenter\"><video controls src=\"https:\/\/blogsaverroes.juntadeandalucia.es\/iesalhadra\/files\/2020\/01\/VID-20200120-WA0026.mp4\"><\/video><\/figure>\n\n\n\n<figure class=\"wp-block-video aligncenter\"><video controls src=\"https:\/\/blogsaverroes.juntadeandalucia.es\/iesalhadra\/files\/2020\/01\/VID-20200123-WA0004.mp4\"><\/video><\/figure>\n\n\n\n<figure class=\"wp-block-video aligncenter\"><video controls src=\"https:\/\/blogsaverroes.juntadeandalucia.es\/iesalhadra\/files\/2020\/01\/VID-20200123-WA0005.mp4\"><\/video><\/figure>\n\n\n\n<figure class=\"wp-block-video aligncenter\"><video controls src=\"https:\/\/blogsaverroes.juntadeandalucia.es\/iesalhadra\/files\/2020\/01\/VID-20200126-WA0003.mp4\"><\/video><\/figure>\n\n\n\n<figure class=\"wp-block-video aligncenter\"><video controls src=\"https:\/\/blogsaverroes.juntadeandalucia.es\/iesalhadra\/files\/2020\/01\/VID-20200126-WA0004.mp4\"><\/video><\/figure>\n\n\n\n<figure class=\"wp-block-video aligncenter\"><video controls src=\"https:\/\/blogsaverroes.juntadeandalucia.es\/iesalhadra\/files\/2020\/01\/VID-20200126-WA0005.mp4\"><\/video><\/figure>\n\n\n\n<figure class=\"wp-block-video aligncenter\"><video controls src=\"https:\/\/blogsaverroes.juntadeandalucia.es\/iesalhadra\/files\/2020\/02\/VID-20200131-WA0012.mp4\"><\/video><\/figure>\n\n\n\n<figure class=\"wp-block-video aligncenter\"><video controls src=\"https:\/\/blogsaverroes.juntadeandalucia.es\/iesalhadra\/files\/2020\/02\/VID-20200205-WA0013.mp4\"><\/video><\/figure>\n\n\n\n<figure class=\"wp-block-video aligncenter\"><video controls src=\"https:\/\/blogsaverroes.juntadeandalucia.es\/iesalhadra\/files\/2020\/02\/VID-20200205-WA0014.mp4\"><\/video><\/figure>\n\n\n\n<figure class=\"wp-block-video aligncenter\"><video controls src=\"https:\/\/blogsaverroes.juntadeandalucia.es\/iesalhadra\/files\/2020\/02\/VID-20200131-WA0015.mp4\"><\/video><\/figure>\n\n\n\n<figure class=\"wp-block-video aligncenter\"><video controls src=\"https:\/\/blogsaverroes.juntadeandalucia.es\/iesalhadra\/files\/2020\/02\/VID-20200205-WA0016.mp4\"><\/video><\/figure>\n\n\n\n<figure class=\"wp-block-video aligncenter\"><video controls src=\"https:\/\/blogsaverroes.juntadeandalucia.es\/iesalhadra\/files\/2020\/02\/VID-20200205-WA0017.mp4\"><\/video><\/figure>\n\n\n\n<figure class=\"wp-block-video aligncenter\"><video controls src=\"https:\/\/blogsaverroes.juntadeandalucia.es\/iesalhadra\/files\/2020\/02\/VID-20200131-WA0013.mp4\"><\/video><\/figure>\n\n\n\n<figure class=\"wp-block-video aligncenter\"><video controls src=\"https:\/\/blogsaverroes.juntadeandalucia.es\/iesalhadra\/files\/2020\/02\/VID-20200131-WA0014.mp4\"><\/video><\/figure>\n\n\n\n<figure class=\"wp-block-video aligncenter\"><video controls src=\"https:\/\/blogsaverroes.juntadeandalucia.es\/iesalhadra\/files\/2020\/02\/VID-20200131-WA0016.mp4\"><\/video><\/figure>\n\n\n\n<figure class=\"wp-block-video aligncenter\"><video controls src=\"https:\/\/blogsaverroes.juntadeandalucia.es\/iesalhadra\/files\/2020\/02\/VID-20200131-WA0017.mp4\"><\/video><\/figure>\n\n\n\n<figure class=\"wp-block-video aligncenter\"><video controls src=\"https:\/\/blogsaverroes.juntadeandalucia.es\/iesalhadra\/files\/2020\/02\/VID-20200205-WA0013-1.mp4\"><\/video><\/figure>\n\n\n\n<figure class=\"wp-block-video aligncenter\"><video controls src=\"https:\/\/blogsaverroes.juntadeandalucia.es\/iesalhadra\/files\/2020\/02\/VID-20200205-WA0014-1-1.mp4\"><\/video><\/figure>\n\n\n\n<figure class=\"wp-block-video aligncenter\"><video controls src=\"https:\/\/blogsaverroes.juntadeandalucia.es\/iesalhadra\/files\/2020\/02\/VID-20200205-WA0015-1.mp4\"><\/video><\/figure>\n\n\n\n<figure class=\"wp-block-video aligncenter\"><video controls src=\"https:\/\/blogsaverroes.juntadeandalucia.es\/iesalhadra\/files\/2020\/02\/VID-20200205-WA0016-1.mp4\"><\/video><\/figure>\n\n\n\n<figure class=\"wp-block-video aligncenter\"><video controls src=\"https:\/\/blogsaverroes.juntadeandalucia.es\/iesalhadra\/files\/2020\/02\/VID-20200205-WA0017-1.mp4\"><\/video><\/figure>\n\n\n\n<figure class=\"wp-block-video aligncenter\"><video controls src=\"https:\/\/blogsaverroes.juntadeandalucia.es\/iesalhadra\/files\/2020\/02\/VID-20200216-WA0002.mp4\"><\/video><\/figure>\n\n\n\n<figure class=\"wp-block-video aligncenter\"><video controls src=\"https:\/\/blogsaverroes.juntadeandalucia.es\/iesalhadra\/files\/2020\/02\/VID-20200216-WA0003.mp4\"><\/video><\/figure>\n\n\n\n<figure class=\"wp-block-video aligncenter\"><video controls src=\"https:\/\/blogsaverroes.juntadeandalucia.es\/iesalhadra\/files\/2020\/02\/VID-20200216-WA0004.mp4\"><\/video><\/figure>\n\n\n\n<figure class=\"wp-block-video aligncenter\"><video controls src=\"https:\/\/blogsaverroes.juntadeandalucia.es\/iesalhadra\/files\/2020\/02\/VID-20200216-WA0005.mp4\"><\/video><\/figure>\n\n\n\n<figure class=\"wp-block-video aligncenter\"><video controls src=\"https:\/\/blogsaverroes.juntadeandalucia.es\/iesalhadra\/files\/2020\/02\/VID-20200216-WA0006.mp4\"><\/video><\/figure>\n\n\n\n<figure class=\"wp-block-video aligncenter\"><video controls src=\"https:\/\/blogsaverroes.juntadeandalucia.es\/iesalhadra\/files\/2020\/03\/VID-20200304-WA0023.mp4\"><\/video><\/figure>\n\n\n\n<figure class=\"wp-block-video aligncenter\"><video controls src=\"https:\/\/blogsaverroes.juntadeandalucia.es\/iesalhadra\/files\/2020\/03\/VID-20200304-WA0022.mp4\"><\/video><\/figure>\n\n\n\n<figure class=\"wp-block-video aligncenter\"><video controls src=\"https:\/\/blogsaverroes.juntadeandalucia.es\/iesalhadra\/files\/2020\/03\/VID-20200304-WA0021.mp4\"><\/video><\/figure>\n\n\n\n<figure class=\"wp-block-video aligncenter\"><video controls src=\"https:\/\/blogsaverroes.juntadeandalucia.es\/iesalhadra\/files\/2020\/03\/VID-20200304-WA0024.mp4\"><\/video><\/figure>\n\n\n\n<figure class=\"wp-block-video aligncenter\"><video controls src=\"https:\/\/blogsaverroes.juntadeandalucia.es\/iesalhadra\/files\/2020\/03\/VID-20200304-WA0019.mp4\"><\/video><\/figure>\n\n\n\n<figure class=\"wp-block-video aligncenter\"><video controls src=\"https:\/\/blogsaverroes.juntadeandalucia.es\/iesalhadra\/files\/2020\/03\/VID-20200304-WA0020.mp4\"><\/video><\/figure>\n\t\t","protected":false},"excerpt":{"rendered":"<p>\u00bfQuieres aprender Lengua de Signos? \u00a1Pues es muy f\u00e1cil! S\u00f3lo tienes que seguir cada d\u00eda las redes sociales del IES Alhadra. El alumnado del CF de Mediacion Comunicativa subir\u00e1, a diario, un v\u00eddeo con el Signo del D\u00eda.\u00a1S\u00edguenos y practica lengua de signos! Adem\u00e1s, a lo largo del curso habr\u00e1 muchas sorpresas. \u00a1No te las [&hellip;]<\/p>\n","protected":false},"author":11612,"featured_media":0,"parent":0,"menu_order":0,"comment_status":"closed","ping_status":"closed","template":"","meta":{"_et_pb_use_builder":"","_et_pb_old_content":"","_et_gb_content_width":"","ngg_post_thumbnail":0,"footnotes":""},"aioseo_notices":[],"_links":{"self":[{"href":"https:\/\/blogsaverroes.juntadeandalucia.es\/iesalhadra\/wp-json\/wp\/v2\/pages\/1782"}],"collection":[{"href":"https:\/\/blogsaverroes.juntadeandalucia.es\/iesalhadra\/wp-json\/wp\/v2\/pages"}],"about":[{"href":"https:\/\/blogsaverroes.juntadeandalucia.es\/iesalhadra\/wp-json\/wp\/v2\/types\/page"}],"author":[{"embeddable":true,"href":"https:\/\/blogsaverroes.juntadeandalucia.es\/iesalhadra\/wp-json\/wp\/v2\/users\/11612"}],"replies":[{"embeddable":true,"href":"https:\/\/blogsaverroes.juntadeandalucia.es\/iesalhadra\/wp-json\/wp\/v2\/comments?post=1782"}],"version-history":[{"count":0,"href":"https:\/\/blogsaverroes.juntadeandalucia.es\/iesalhadra\/wp-json\/wp\/v2\/pages\/1782\/revisions"}],"wp:attachment":[{"href":"https:\/\/blogsaverroes.juntadeandalucia.es\/iesalhadra\/wp-json\/wp\/v2\/media?parent=1782"}],"curies":[{"name":"wp","href":"https:\/\/api.w.org\/{rel}","templated":true}]}}