{"id":199,"date":"2018-09-13T19:10:00","date_gmt":"2018-09-13T19:10:00","guid":{"rendered":"https:\/\/iesalhadra.wordpress.com\/?page_id=199"},"modified":"2025-03-26T17:48:31","modified_gmt":"2025-03-26T16:48:31","slug":"educacion-infantil-modalidad-a-distancia","status":"publish","type":"page","link":"https:\/\/blogsaverroes.juntadeandalucia.es\/iesalhadra\/fp-semipresencial\/educacion-infantil-modalidad-a-distancia\/","title":{"rendered":"Educaci\u00f3n Infantil, modalidad a distancia"},"content":{"rendered":"[et_pb_section fb_built=&#8221;1&#8243; _builder_version=&#8221;4.16&#8243; global_colors_info=&#8221;{}&#8221;][et_pb_row column_structure=&#8221;3_4,1_4&#8243; _builder_version=&#8221;4.16&#8243; background_size=&#8221;initial&#8221; background_position=&#8221;top_left&#8221; background_repeat=&#8221;repeat&#8221; global_colors_info=&#8221;{}&#8221;][et_pb_column type=&#8221;3_4&#8243; _builder_version=&#8221;4.16&#8243; custom_padding=&#8221;|||&#8221; global_colors_info=&#8221;{}&#8221; custom_padding__hover=&#8221;|||&#8221;][et_pb_heading title=&#8221;CFGS Educaci\u00f3n Infantil, modalidad a distancia&#8221; _builder_version=&#8221;4.24.2&#8243; _module_preset=&#8221;default&#8221; global_colors_info=&#8221;{}&#8221;][\/et_pb_heading][et_pb_text _builder_version=&#8221;4.24.2&#8243; background_size=&#8221;initial&#8221; background_position=&#8221;top_left&#8221; background_repeat=&#8221;repeat&#8221; hover_enabled=&#8221;0&#8243; global_colors_info=&#8221;{}&#8221; sticky_enabled=&#8221;0&#8243;]<p>&nbsp;<\/p>\n<p>La formaci\u00f3n profesional a distancia tiene un car\u00e1cter de&nbsp;<strong>oferta modular<\/strong>, es decir, la solicitud para cursar esta modalidad de ense\u00f1anza se realiza por m\u00f3dulos profesionales que pertenecen a los distintos ciclos formativos. Una vez superados todos los m\u00f3dulos profesionales de un ciclo formativo podr\u00e1s obtener el t\u00edtulo correspondiente. A todos los efectos la validez de los estudios es la misma, es el mismo t\u00edtulo pero impartido con una modalidad diferente.<\/p>\n<p><\/p>\n<p><\/p>\n<div class=\"wp-block-image\">\n<figure class=\"alignright\"><img loading=\"lazy\" decoding=\"async\" width=\"314\" height=\"210\" class=\"wp-image-299\" src=\"https:\/\/iesalhadra.files.wordpress.com\/2018\/09\/educacic3b3n-a-distancia.jpg?w=300\" alt=\"Educaci\u00f3n a distancia\" srcset=\"https:\/\/blogsaverroes.juntadeandalucia.es\/iesalhadra\/files\/2018\/09\/educacic3b3n-a-distancia.jpg 314w, https:\/\/blogsaverroes.juntadeandalucia.es\/iesalhadra\/files\/2018\/09\/educacic3b3n-a-distancia-300x201.jpg 300w, https:\/\/blogsaverroes.juntadeandalucia.es\/iesalhadra\/files\/2018\/09\/educacic3b3n-a-distancia-24x16.jpg 24w, https:\/\/blogsaverroes.juntadeandalucia.es\/iesalhadra\/files\/2018\/09\/educacic3b3n-a-distancia-36x24.jpg 36w, https:\/\/blogsaverroes.juntadeandalucia.es\/iesalhadra\/files\/2018\/09\/educacic3b3n-a-distancia-48x32.jpg 48w\" sizes=\"(max-width: 314px) 100vw, 314px\" \/><\/figure>\n<\/div>\n<p><\/p>\n<p>Esta modalidad de formaci\u00f3n est\u00e1 recomendada para alumnado que posea&nbsp; unos&nbsp;<strong>conocimientos b\u00e1sicos del uso de un ordenador personal y de Internet<\/strong>&nbsp;(navegaci\u00f3n en p\u00e1ginas web, correo electr\u00f3nico, &#8230;). Asimismo, aunque podr\u00e1s acceder desde cualquier equipo con acceso a Internet, es muy recomendable disponer de un ordenador y conexi\u00f3n a Internet propios durante todo el curso para garantizar el seguimiento durante el mismo.<\/p>\n<p><\/p>\n<p>Los ciclos formativos que se ofertan a distancia se desarrollan en el caso de la modalidad presencial con una carga horaria lectiva de unas 1000 horas por curso escolar, aproximadamente. Aunque la modalidad a distancia se realiza con una total flexibilidad de horario, la&nbsp;<strong>superaci\u00f3n de estos m\u00f3dulos requiere un esfuerzo s<\/strong><strong>imilar<\/strong>, por lo que al matricularte debes considerar el n\u00famero de m\u00f3dulos en los que lo har\u00edas as\u00ed como su carga horaria equivalente en la modalidad presencial y su posible grado de dificultad, para poder as\u00ed compatibilizar estos estudios con tu propia disponibilidad horaria.<\/p>\n<p><\/p>\n<p>Tambi\u00e9n puedes consultar los&nbsp;<strong><a href=\"http:\/\/www.juntadeandalucia.es\/educacion\/portals\/web\/formacion-profesional-andaluza\/quiero-formarme\/modalidades\/a-distancia\/itinerarios\/itinerario\/-\/libre\/detalle\/z1DHVQ3zuEW2\/a-distancia-itinerarios-educacion-infantil2\" target=\"_blank\" rel=\"noreferrer noopener\">itinerarios formativos recomendados<\/a><\/strong>&nbsp;confeccionados por el equipo docente para el alumnado que se matricula por primera vez.<\/p>\n<p><\/p>\n<p>Es importante recordar tambi\u00e9n que para que puedas realizar los m\u00f3dulos de&nbsp;<em><strong>Proyecto<\/strong><\/em>&nbsp;y&nbsp;<em><strong>Formaci\u00f3n en Centros de Trabajo (FCT)<\/strong><\/em>, es indispensable que hayas superado todos los m\u00f3dulos profesionales del ciclo formativo. El m\u00f3dulo de&nbsp;<em>Formaci\u00f3n en Centros de Trabajo&nbsp;<\/em>lo realizar\u00e1s siempre en un entorno real con pr\u00e1cticas presenciales en empresas.<\/p>\n<p><\/p>\n<p>Para realizar los ex\u00e1menes presenciales&nbsp;&nbsp;<strong>podr\u00e1s presentarse en cualquiera de las <a href=\"http:\/\/www.juntadeandalucia.es\/educacion\/portals\/web\/formacion-profesional-andaluza\/estudiante\/modalidades\/distancia\" target=\"_blank\" rel=\"noreferrer noopener\">sedes indicadas<\/a><\/strong>&nbsp; a<strong>&nbsp;excepci\u00f3n del alumnado de las provincias de Almer\u00eda y de Sevilla<\/strong>&nbsp;que se han de presentar en el centro de referencia indicado seg\u00fan el ciclo formativo en el que se encuentre matriculado.<\/p>\n<p><\/p>\n<p><\/p>\n<p style=\"text-align: justify\">En el ciclo de Educaci\u00f3n Infantil debes tener en cuenta que el m\u00f3dulo profesional de <strong>Primeros Auxilios<\/strong> requiere actividades de <strong>car\u00e1cter presencial<\/strong> en algunos centros colaboradores.<\/p>\n<p><\/p>\n<p>En el siguiente <a href=\"http:\/\/www.juntadeandalucia.es\/educacion\/portals\/web\/formacion-profesional-andaluza\/quiero-formarme\/modalidades\/a-distancia\/faq\" target=\"_blank\" rel=\"noreferrer noopener\">enlace&nbsp;<\/a>podr\u00e1s tener respuesta a algunas de tus dudas.<\/p>\n<p><\/p>\n<p><\/p>\n<p>&nbsp;<\/p>[\/et_pb_text][et_pb_button button_url=&#8221;https:\/\/blogsaverroes.juntadeandalucia.es\/iesalhadra\/files\/2020\/04\/Criterios-Calificaci\u00f3n-FPaD.pdf&#8221; url_new_window=&#8221;on&#8221; button_text=&#8221;Criterios Calificaci\u00f3n FPaD&#8221; disabled_on=&#8221;on|on|on&#8221; _builder_version=&#8221;4.24.2&#8243; _module_preset=&#8221;default&#8221; disabled=&#8221;on&#8221; global_colors_info=&#8221;{}&#8221;][\/et_pb_button][\/et_pb_column][et_pb_column type=&#8221;1_4&#8243; _builder_version=&#8221;4.16&#8243; custom_padding=&#8221;|||&#8221; global_colors_info=&#8221;{}&#8221; custom_padding__hover=&#8221;|||&#8221;][et_pb_sidebar _builder_version=&#8221;4.24.2&#8243; _module_preset=&#8221;default&#8221; global_colors_info=&#8221;{}&#8221;][\/et_pb_sidebar][\/et_pb_column][\/et_pb_row][\/et_pb_section]","protected":false},"excerpt":{"rendered":"<p>[et_pb_section fb_built=&#8221;1&#8243; _builder_version=&#8221;4.16&#8243; global_colors_info=&#8221;{}&#8221;][et_pb_row column_structure=&#8221;3_4,1_4&#8243; _builder_version=&#8221;4.16&#8243; background_size=&#8221;initial&#8221; background_position=&#8221;top_left&#8221; background_repeat=&#8221;repeat&#8221; global_colors_info=&#8221;{}&#8221;][et_pb_column type=&#8221;3_4&#8243; _builder_version=&#8221;4.16&#8243; custom_padding=&#8221;|||&#8221; global_colors_info=&#8221;{}&#8221; custom_padding__hover=&#8221;|||&#8221;][et_pb_heading title=&#8221;CFGS Educaci\u00f3n Infantil, modalidad a distancia&#8221; _builder_version=&#8221;4.24.2&#8243; _module_preset=&#8221;default&#8221; global_colors_info=&#8221;{}&#8221;][\/et_pb_heading][et_pb_text _builder_version=&#8221;4.24.2&#8243; background_size=&#8221;initial&#8221; background_position=&#8221;top_left&#8221; background_repeat=&#8221;repeat&#8221; hover_enabled=&#8221;0&#8243; global_colors_info=&#8221;{}&#8221; sticky_enabled=&#8221;0&#8243;] &nbsp; La formaci\u00f3n profesional a distancia tiene un car\u00e1cter de&nbsp;oferta modular, es decir, la solicitud para cursar esta modalidad de ense\u00f1anza se realiza por [&hellip;]<\/p>\n","protected":false},"author":11169,"featured_media":0,"parent":115,"menu_order":0,"comment_status":"closed","ping_status":"closed","template":"","meta":{"_et_pb_use_builder":"on","_et_pb_old_content":"<p>\u00a0<\/p>\r\n<!-- wp:paragraph -->\r\n<p>La formaci\u00f3n profesional a distancia tiene un car\u00e1cter de\u00a0<strong>oferta modular<\/strong>, es decir, la solicitud para cursar esta modalidad de ense\u00f1anza se realiza por m\u00f3dulos profesionales que pertenecen a los distintos ciclos formativos. Una vez superados todos los m\u00f3dulos profesionales de un ciclo formativo podr\u00e1s obtener el t\u00edtulo correspondiente. A todos los efectos la validez de los estudios es la misma, es el mismo t\u00edtulo pero impartido con una modalidad diferente.<\/p>\r\n<!-- \/wp:paragraph --><!-- wp:image {\"id\":299,\"align\":\"right\"} -->\r\n<div class=\"wp-block-image\">\r\n<figure class=\"alignright\"><img class=\"wp-image-299\" src=\"https:\/\/iesalhadra.files.wordpress.com\/2018\/09\/educacic3b3n-a-distancia.jpg?w=300\" alt=\"Educaci\u00f3n a distancia\"><\/figure>\r\n<\/div>\r\n<!-- \/wp:image --><!-- wp:paragraph -->\r\n<p>Esta modalidad de formaci\u00f3n est\u00e1 recomendada para alumnado que posea\u00a0 unos\u00a0<strong>conocimientos b\u00e1sicos del uso de un ordenador personal y de Internet<\/strong>\u00a0(navegaci\u00f3n en p\u00e1ginas web, correo electr\u00f3nico, ...). Asimismo, aunque podr\u00e1s acceder desde cualquier equipo con acceso a Internet, es muy recomendable disponer de un ordenador y conexi\u00f3n a Internet propios durante todo el curso para garantizar el seguimiento durante el mismo.<\/p>\r\n<!-- \/wp:paragraph --><!-- wp:paragraph -->\r\n<p>Los ciclos formativos que se ofertan a distancia se desarrollan en el caso de la modalidad presencial con una carga horaria lectiva de unas 1000 horas por curso escolar, aproximadamente. Aunque la modalidad a distancia se realiza con una total flexibilidad de horario, la\u00a0<strong>superaci\u00f3n de estos m\u00f3dulos requiere un esfuerzo s<\/strong><strong>imilar<\/strong>, por lo que al matricularte debes considerar el n\u00famero de m\u00f3dulos en los que lo har\u00edas as\u00ed como su carga horaria equivalente en la modalidad presencial y su posible grado de dificultad, para poder as\u00ed compatibilizar estos estudios con tu propia disponibilidad horaria.<\/p>\r\n<!-- \/wp:paragraph --><!-- wp:paragraph -->\r\n<p>Tambi\u00e9n puedes consultar los\u00a0<strong><a href=\"http:\/\/www.juntadeandalucia.es\/educacion\/portals\/web\/formacion-profesional-andaluza\/quiero-formarme\/modalidades\/a-distancia\/itinerarios\/itinerario\/-\/libre\/detalle\/z1DHVQ3zuEW2\/a-distancia-itinerarios-educacion-infantil2\" target=\"_blank\" rel=\"noreferrer noopener\">itinerarios formativos recomendados<\/a><\/strong>\u00a0confeccionados por el equipo docente para el alumnado que se matricula por primera vez.<\/p>\r\n<!-- \/wp:paragraph --><!-- wp:paragraph -->\r\n<p>Es importante recordar tambi\u00e9n que para que puedas realizar los m\u00f3dulos de\u00a0<em><strong>Proyecto<\/strong><\/em>\u00a0y\u00a0<em><strong>Formaci\u00f3n en Centros de Trabajo (FCT)<\/strong><\/em>, es indispensable que hayas superado todos los m\u00f3dulos profesionales del ciclo formativo. El m\u00f3dulo de\u00a0<em>Formaci\u00f3n en Centros de Trabajo\u00a0<\/em>lo realizar\u00e1s siempre en un entorno real con pr\u00e1cticas presenciales en empresas.<\/p>\r\n<!-- \/wp:paragraph --><!-- wp:paragraph -->\r\n<p>Para realizar los ex\u00e1menes presenciales\u00a0\u00a0<strong>podr\u00e1s presentarse en cualquiera de las <a href=\"http:\/\/www.juntadeandalucia.es\/educacion\/portals\/web\/formacion-profesional-andaluza\/estudiante\/modalidades\/distancia\" target=\"_blank\" rel=\"noreferrer noopener\">sedes indicadas<\/a><\/strong>\u00a0 a<strong>\u00a0excepci\u00f3n del alumnado de las provincias de Almer\u00eda y de Sevilla<\/strong>\u00a0que se han de presentar en el centro de referencia indicado seg\u00fan el ciclo formativo en el que se encuentre matriculado.<\/p>\r\n<!-- \/wp:paragraph --><!-- wp:paragraph {\"align\":\"justify\"} -->\r\n<p style=\"text-align: justify;\">En el ciclo de Educaci\u00f3n Infantil debes tener en cuenta que el m\u00f3dulo profesional de <strong>Primeros Auxilios<\/strong> requiere actividades de <strong>car\u00e1cter presencial<\/strong> en algunos centros colaboradores.<\/p>\r\n<!-- \/wp:paragraph --><!-- wp:paragraph -->\r\n<p>En el siguiente <a href=\"http:\/\/www.juntadeandalucia.es\/educacion\/portals\/web\/formacion-profesional-andaluza\/quiero-formarme\/modalidades\/a-distancia\/faq\" target=\"_blank\" rel=\"noreferrer noopener\">enlace\u00a0<\/a>podr\u00e1s tener respuesta a algunas de tus dudas.<\/p>\r\n<!-- \/wp:paragraph --><!-- wp:paragraph -->\r\n<p>La evaluaci\u00f3n en esta modalidad sigue los siguientes criterios de evaluaci\u00f3n y calificaci\u00f3n:<\/p>\r\n<!-- \/wp:paragraph --><!-- wp:file {\"id\":2714,\"href\":\"http:\\\/\\\/iesalhadra.org\\\/wpAlhadra\\\/wp-content\\\/uploads\\\/2020\\\/04\\\/Criterios-Calificaci\\u00f3n-FPaD.pdf\"} -->\r\n<div class=\"wp-block-file\"><a href=\"https:\/\/blogsaverroes.juntadeandalucia.es\/iesalhadra\/files\/2020\/04\/Criterios-Calificaci\u00f3n-FPaD.pdf\">Criterios Calificaci\u00f3n FPaD<\/a><a class=\"wp-block-file__button\" href=\"https:\/\/blogsaverroes.juntadeandalucia.es\/iesalhadra\/files\/2020\/04\/Criterios-Calificaci\u00f3n-FPaD.pdf\" download=\"\">Descarga<\/a><\/div>\r\n<!-- \/wp:file -->\r\n<p>\u00a0<\/p>","_et_gb_content_width":"","ngg_post_thumbnail":0,"footnotes":""},"aioseo_notices":[],"_links":{"self":[{"href":"https:\/\/blogsaverroes.juntadeandalucia.es\/iesalhadra\/wp-json\/wp\/v2\/pages\/199"}],"collection":[{"href":"https:\/\/blogsaverroes.juntadeandalucia.es\/iesalhadra\/wp-json\/wp\/v2\/pages"}],"about":[{"href":"https:\/\/blogsaverroes.juntadeandalucia.es\/iesalhadra\/wp-json\/wp\/v2\/types\/page"}],"author":[{"embeddable":true,"href":"https:\/\/blogsaverroes.juntadeandalucia.es\/iesalhadra\/wp-json\/wp\/v2\/users\/11169"}],"replies":[{"embeddable":true,"href":"https:\/\/blogsaverroes.juntadeandalucia.es\/iesalhadra\/wp-json\/wp\/v2\/comments?post=199"}],"version-history":[{"count":5,"href":"https:\/\/blogsaverroes.juntadeandalucia.es\/iesalhadra\/wp-json\/wp\/v2\/pages\/199\/revisions"}],"predecessor-version":[{"id":13821,"href":"https:\/\/blogsaverroes.juntadeandalucia.es\/iesalhadra\/wp-json\/wp\/v2\/pages\/199\/revisions\/13821"}],"up":[{"embeddable":true,"href":"https:\/\/blogsaverroes.juntadeandalucia.es\/iesalhadra\/wp-json\/wp\/v2\/pages\/115"}],"wp:attachment":[{"href":"https:\/\/blogsaverroes.juntadeandalucia.es\/iesalhadra\/wp-json\/wp\/v2\/media?parent=199"}],"curies":[{"name":"wp","href":"https:\/\/api.w.org\/{rel}","templated":true}]}}