{"id":252,"date":"2018-09-19T10:19:26","date_gmt":"2018-09-19T10:19:26","guid":{"rendered":"https:\/\/iesalhadra.wordpress.com\/?page_id=252"},"modified":"2025-09-23T17:32:46","modified_gmt":"2025-09-23T16:32:46","slug":"ingles","status":"publish","type":"page","link":"https:\/\/blogsaverroes.juntadeandalucia.es\/iesalhadra\/departamentos\/ingles\/","title":{"rendered":"Ingl\u00e9s"},"content":{"rendered":"<p>[et_pb_section fb_built=&#8221;1&#8243; _builder_version=&#8221;4.16&#8243; global_colors_info=&#8221;{}&#8221;][et_pb_row column_structure=&#8221;3_4,1_4&#8243; _builder_version=&#8221;4.16&#8243; background_size=&#8221;initial&#8221; background_position=&#8221;top_left&#8221; background_repeat=&#8221;repeat&#8221; global_colors_info=&#8221;{}&#8221;][et_pb_column type=&#8221;3_4&#8243; _builder_version=&#8221;4.16&#8243; custom_padding=&#8221;|||&#8221; global_colors_info=&#8221;{}&#8221; custom_padding__hover=&#8221;|||&#8221;][et_pb_post_title title=&#8221;off&#8221; meta=&#8221;off&#8221; _builder_version=&#8221;4.16&#8243; _module_preset=&#8221;default&#8221; global_colors_info=&#8221;{}&#8221;][\/et_pb_post_title][et_pb_text admin_label=&#8221;Profesorado&#8221; _builder_version=&#8221;4.24.2&#8243; background_size=&#8221;initial&#8221; background_position=&#8221;top_left&#8221; background_repeat=&#8221;repeat&#8221; hover_enabled=&#8221;0&#8243; global_colors_info=&#8221;{}&#8221; sticky_enabled=&#8221;0&#8243;]<\/p>\n<h2>Docentes<\/h2>\n<p>&nbsp;<\/p>\n<table class=\" alignleft\" style=\"height: 253px;width: 100%\" cellspacing=\"2\">\n<tbody>\n<tr style=\"height: 23px\">\n<td style=\"width: 71.9119%;height: 23px\">Abad Vizca\u00edno, \u00c1ngela<\/td>\n<td style=\"width: 27.4587%;height: 23px\"><span style=\"color: #800080\">aabaviz454@g.educaand.es<\/span><\/td>\n<\/tr>\n<tr style=\"height: 23px\">\n<td style=\"width: 71.9119%;height: 23px\">Casta\u00f1o Mart\u00ednez, Inmaculada<\/td>\n<td style=\"width: 27.4587%;height: 23px\"><span style=\"color: #800080\">icasmar406@g.educaand.es<\/span><\/td>\n<\/tr>\n<tr style=\"height: 23px\">\n<td style=\"width: 71.9119%;height: 23px\">Garc\u00eda G\u00f3mez, Paula<\/td>\n<td style=\"width: 27.4587%;height: 23px\"><span style=\"color: #800080\"><a style=\"color: #800080\" href=\"mailto:pgargom728@g.educaand.es\">pgargom728@g.educaand.es<\/a><\/span><\/td>\n<\/tr>\n<tr style=\"height: 23px\">\n<td style=\"width: 71.9119%;height: 23px\">Mart\u00edn Kellerhuis, Juana Guillerma<\/td>\n<td style=\"width: 27.4587%;height: 23px\"><span style=\"color: #800080\"><a style=\"color: #800080\" href=\"mailto:jmarkel475@g.educaand.es\">jmarkel475@g.educaand.es<\/a><\/span><\/td>\n<\/tr>\n<tr style=\"height: 23px\">\n<td style=\"width: 71.9119%;height: 23px\">Mart\u00ednez Cruz, Isabel<\/td>\n<td style=\"width: 27.4587%;height: 23px\"><span style=\"color: #800080\">imarcru598@g.educaand.es<\/span><\/td>\n<\/tr>\n<tr style=\"height: 23px\">\n<td style=\"width: 71.9119%;height: 23px\">Medina Mart\u00edn, Manuel Francisco<\/td>\n<td style=\"width: 27.4587%;height: 23px\"><span style=\"color: #800080\"><a style=\"color: #800080\" href=\"mailto:mmedmar318@g.educaand.es\">mmedmar318@g.educaand.es<\/a><\/span><\/td>\n<\/tr>\n<tr style=\"height: 23px\">\n<td style=\"width: 71.9119%;height: 23px\">Pag\u00e1n Saorin, Daniel<\/td>\n<td style=\"width: 27.4587%;height: 23px\"><span style=\"color: #800080\"><a style=\"color: #800080\" href=\"mailto:dpagsao107@g.educaand.es\">dpagsao107@g.educaand.es<\/a><\/span><\/td>\n<\/tr>\n<tr>\n<td style=\"width: 71.9119%\">Pascual Mart\u00edn, Mar\u00eda Inmaculada<\/td>\n<td style=\"width: 27.4587%\"><a href=\"mailto:mpasmar675@g.educaand.es\"><span style=\"color: #800080\">mpasmar675@g.educaand.es<\/span><\/a><\/td>\n<\/tr>\n<tr style=\"height: 23px\">\n<td style=\"width: 71.9119%;height: 23px\">P\u00e9rez M\u00e1rquez, Mar\u00eda de los \u00c1ngeles (Jefa de departamento)<\/td>\n<td style=\"width: 27.4587%;height: 23px\"><span style=\"color: #800080\"><a style=\"color: #800080\" href=\"mailto:mpermar138@g.educaand.es\">mpermar138@g.educaand.es<\/a><\/span><\/td>\n<\/tr>\n<tr>\n<td style=\"width: 71.9119%\">Ruiz Palacios, Candela<\/td>\n<td style=\"width: 27.4587%\"><a href=\"mailto:cruipal593@g.educaand.es\"><span style=\"color: #800080\">cruipal593@g.educaand.es<\/span><\/a><\/td>\n<\/tr>\n<tr style=\"height: 23px\">\n<td style=\"width: 71.9119%;height: 23px\">Ruiz Par\u00eds, Carmen&nbsp;<\/td>\n<td style=\"width: 27.4587%;height: 23px\"><span style=\"color: #800080\"><a style=\"color: #800080\" href=\"mailto:cruipar758@g.educaand.es\">cruipar758@g.educaand.es<\/a><\/span><\/td>\n<\/tr>\n<tr>\n<td style=\"width: 71.9119%\">Salguero Cintado, Bel\u00e9n<\/td>\n<td style=\"width: 27.4587%\"><a href=\"mailto:bsalcin430@g.educaand.es\"><span style=\"color: #800080\">bsalcin430@g.educaand.es<\/span><\/a><\/td>\n<\/tr>\n<tr>\n<td style=\"width: 71.9119%\">S\u00e1nchez Fernandez, Ana<\/td>\n<td style=\"width: 27.4587%\"><a href=\"mailto:asanfer788@g.educaand.es\"><span style=\"color: #800080\">asanfer788@g.educaand.es<\/span><\/a><\/td>\n<\/tr>\n<\/tbody>\n<\/table>\n<p>[\/et_pb_text][et_pb_text disabled_on=&#8221;off|off|off&#8221; _builder_version=&#8221;4.16&#8243; _module_preset=&#8221;default&#8221; global_colors_info=&#8221;{}&#8221;]<\/p>\n<h2>&nbsp;<\/h2>\n<h2>Recursos<\/h2>\n<p>[\/et_pb_text][et_pb_button button_url=&#8221;https:\/\/sites.google.com\/g.educaand.es\/departamento-de-ingls\/inicio?authuser=0&#8243; url_new_window=&#8221;on&#8221; button_text=&#8221;Blog %22Departamento de Ingl\u00e9s%22&#8243; button_alignment=&#8221;left&#8221; disabled_on=&#8221;off|off|off&#8221; _builder_version=&#8221;4.16&#8243; _module_preset=&#8221;default&#8221; custom_button=&#8221;on&#8221; button_text_size=&#8221;14px&#8221; button_text_color=&#8221;#ffffff&#8221; button_bg_color=&#8221;#8300e9&#8243; button_border_color=&#8221;#8300e9&#8243; button_icon=&#8221;&#xe0e3;||divi||400&#8243; global_colors_info=&#8221;{}&#8221;][\/et_pb_button][et_pb_code _builder_version=&#8221;4.16&#8243; _module_preset=&#8221;default&#8221; global_colors_info=&#8221;{}&#8221;]<\/p>\n<div style=\"width: 100%\">\n<div style=\"padding-bottom: 56.25%;padding-top: 0;height: 0\"><iframe loading=\"lazy\" frameborder=\"0\" width=\"1200px\" height=\"400\" src=\"https:\/\/view.genial.ly\/6315c4d9b963ba001866f4d7\" scrolling=\"yes\"><\/iframe> <\/div>\n<\/p><\/div>\n<p>[\/et_pb_code][et_pb_text _builder_version=&#8221;4.16&#8243; _module_preset=&#8221;default&#8221; global_colors_info=&#8221;{}&#8221;]<\/p>\n<h2><\/h2>\n<h2><\/h2>\n<h2><\/h2>\n<h2><\/h2>\n<h2>Actividades<\/h2>\n<p>[\/et_pb_text][et_pb_blog fullwidth=&#8221;off&#8221; include_categories=&#8221;40&#8243; show_more=&#8221;on&#8221; show_author=&#8221;off&#8221; show_categories=&#8221;off&#8221; _builder_version=&#8221;4.16&#8243; _module_preset=&#8221;default&#8221; global_colors_info=&#8221;{}&#8221;][\/et_pb_blog][\/et_pb_column][et_pb_column type=&#8221;1_4&#8243; _builder_version=&#8221;4.16&#8243; custom_padding=&#8221;|||&#8221; global_colors_info=&#8221;{}&#8221; custom_padding__hover=&#8221;|||&#8221;][et_pb_sidebar area=&#8221;sidebar-1&#8243; _builder_version=&#8221;4.16&#8243; _module_preset=&#8221;default&#8221; global_colors_info=&#8221;{}&#8221;][\/et_pb_sidebar][\/et_pb_column][\/et_pb_row][\/et_pb_section]<\/p>\n","protected":false},"excerpt":{"rendered":"<p>[et_pb_section fb_built=&#8221;1&#8243; _builder_version=&#8221;4.16&#8243; global_colors_info=&#8221;{}&#8221;][et_pb_row column_structure=&#8221;3_4,1_4&#8243; _builder_version=&#8221;4.16&#8243; background_size=&#8221;initial&#8221; background_position=&#8221;top_left&#8221; background_repeat=&#8221;repeat&#8221; global_colors_info=&#8221;{}&#8221;][et_pb_column type=&#8221;3_4&#8243; _builder_version=&#8221;4.16&#8243; custom_padding=&#8221;|||&#8221; global_colors_info=&#8221;{}&#8221; custom_padding__hover=&#8221;|||&#8221;][et_pb_post_title title=&#8221;off&#8221; meta=&#8221;off&#8221; _builder_version=&#8221;4.16&#8243; _module_preset=&#8221;default&#8221; global_colors_info=&#8221;{}&#8221;][\/et_pb_post_title][et_pb_text admin_label=&#8221;Profesorado&#8221; _builder_version=&#8221;4.24.2&#8243; background_size=&#8221;initial&#8221; background_position=&#8221;top_left&#8221; background_repeat=&#8221;repeat&#8221; hover_enabled=&#8221;0&#8243; global_colors_info=&#8221;{}&#8221; sticky_enabled=&#8221;0&#8243;] Docentes &nbsp; Abad Vizca\u00edno, \u00c1ngela aabaviz454@g.educaand.es Casta\u00f1o Mart\u00ednez, Inmaculada icasmar406@g.educaand.es Garc\u00eda G\u00f3mez, Paula pgargom728@g.educaand.es Mart\u00edn Kellerhuis, Juana Guillerma jmarkel475@g.educaand.es Mart\u00ednez Cruz, Isabel imarcru598@g.educaand.es Medina Mart\u00edn, Manuel Francisco [&hellip;]<\/p>\n","protected":false},"author":11169,"featured_media":6656,"parent":43,"menu_order":0,"comment_status":"closed","ping_status":"closed","template":"","meta":{"_et_pb_use_builder":"on","_et_pb_old_content":"<p>\u00a0<\/p>\r\n<!-- wp:heading -->\r\n<h2>Curso 2019_2020<\/h2>\r\n<!-- \/wp:heading --><!-- wp:paragraph -->\r\n<p><strong>Libros de Texto<\/strong><\/p>\r\n<!-- \/wp:paragraph --><!-- wp:file {\"id\":2082,\"href\":\"http:\\\/\\\/iesalhadra.org\\\/wpAlhadra\\\/wp-content\\\/uploads\\\/2019\\\/12\\\/Lista-oficial-libros-de-texto-2019-2020.pdf\"} -->\r\n<div class=\"wp-block-file\"><a href=\"https:\/\/blogsaverroes.juntadeandalucia.es\/iesalhadra\/files\/2019\/12\/Lista-oficial-libros-de-texto-2019-2020.pdf\">Lista oficial libros de texto 2019-2020<\/a><a class=\"wp-block-file__button\" href=\"https:\/\/blogsaverroes.juntadeandalucia.es\/iesalhadra\/files\/2019\/12\/Lista-oficial-libros-de-texto-2019-2020.pdf\" download=\"\">Descarga<\/a><\/div>\r\n<!-- \/wp:file --><!-- wp:paragraph -->\r\n<p><strong>Criterios de calificaci\u00f3n<\/strong><\/p>\r\n<!-- \/wp:paragraph --><!-- wp:file {\"id\":1772,\"href\":\"http:\\\/\\\/iesalhadra.org\\\/wpAlhadra\\\/wp-content\\\/uploads\\\/2019\\\/10\\\/criterios-calificacio\\u0301n-1\\u00ba-ESO.pdf\"} -->\r\n<div class=\"wp-block-file\"><a href=\"https:\/\/blogsaverroes.juntadeandalucia.es\/iesalhadra\/files\/2019\/10\/criterios-calificacio\u0301n-1\u00ba-ESO.pdf\">criterios calificacio\u0301n 1\u00ba ESO<\/a><a class=\"wp-block-file__button\" href=\"https:\/\/blogsaverroes.juntadeandalucia.es\/iesalhadra\/files\/2019\/10\/criterios-calificacio\u0301n-1\u00ba-ESO.pdf\" download=\"\">Descarga<\/a><\/div>\r\n<!-- \/wp:file --><!-- wp:file {\"id\":1773,\"href\":\"http:\\\/\\\/iesalhadra.org\\\/wpAlhadra\\\/wp-content\\\/uploads\\\/2019\\\/10\\\/criterios-calificacio\\u0301n-2\\u00baESO.pdf\"} -->\r\n<div class=\"wp-block-file\"><a href=\"https:\/\/blogsaverroes.juntadeandalucia.es\/iesalhadra\/files\/2019\/10\/criterios-calificacio\u0301n-2\u00baESO.pdf\">criterios calificacio\u0301n 2\u00ba ESO<\/a><a class=\"wp-block-file__button\" href=\"https:\/\/blogsaverroes.juntadeandalucia.es\/iesalhadra\/files\/2019\/10\/criterios-calificacio\u0301n-2\u00baESO.pdf\" download=\"\">Descarga<\/a><\/div>\r\n<!-- \/wp:file --><!-- wp:file {\"id\":1774,\"href\":\"http:\\\/\\\/iesalhadra.org\\\/wpAlhadra\\\/wp-content\\\/uploads\\\/2019\\\/10\\\/criterios-calificacio\\u0301n-3\\u00baESO.pdf\"} -->\r\n<div class=\"wp-block-file\"><a href=\"https:\/\/blogsaverroes.juntadeandalucia.es\/iesalhadra\/files\/2019\/10\/criterios-calificacio\u0301n-3\u00baESO.pdf\">criterios calificacio\u0301n 3\u00baESO<\/a><a class=\"wp-block-file__button\" href=\"https:\/\/blogsaverroes.juntadeandalucia.es\/iesalhadra\/files\/2019\/10\/criterios-calificacio\u0301n-3\u00baESO.pdf\" download=\"\">Descarga<\/a><\/div>\r\n<!-- \/wp:file --><!-- wp:file {\"id\":1775,\"href\":\"http:\\\/\\\/iesalhadra.org\\\/wpAlhadra\\\/wp-content\\\/uploads\\\/2019\\\/10\\\/criterios-calificacio\\u0301n-4\\u00baESO.pdf\"} -->\r\n<div class=\"wp-block-file\"><a href=\"https:\/\/blogsaverroes.juntadeandalucia.es\/iesalhadra\/files\/2019\/10\/criterios-calificacio\u0301n-4\u00baESO.pdf\">criterios calificacio\u0301n 4\u00baESO<\/a><a class=\"wp-block-file__button\" href=\"https:\/\/blogsaverroes.juntadeandalucia.es\/iesalhadra\/files\/2019\/10\/criterios-calificacio\u0301n-4\u00baESO.pdf\" download=\"\">Descarga<\/a><\/div>\r\n<!-- \/wp:file --><!-- wp:file {\"id\":1777,\"href\":\"http:\\\/\\\/iesalhadra.org\\\/wpAlhadra\\\/wp-content\\\/uploads\\\/2019\\\/10\\\/criterios-calificacio\\u0301n-1\\u00ba-Bach.pdf\"} -->\r\n<div class=\"wp-block-file\"><a href=\"https:\/\/blogsaverroes.juntadeandalucia.es\/iesalhadra\/files\/2019\/10\/criterios-calificacio\u0301n-1\u00ba-Bach.pdf\">criterios calificacio\u0301n 1\u00ba Bach<\/a><a class=\"wp-block-file__button\" href=\"https:\/\/blogsaverroes.juntadeandalucia.es\/iesalhadra\/files\/2019\/10\/criterios-calificacio\u0301n-1\u00ba-Bach.pdf\" download=\"\">Descarga<\/a><\/div>\r\n<!-- \/wp:file --><!-- wp:file {\"id\":1778,\"href\":\"http:\\\/\\\/iesalhadra.org\\\/wpAlhadra\\\/wp-content\\\/uploads\\\/2019\\\/10\\\/criterios-calificacio\\u0301n-2\\u00ba-Bach.pdf\"} -->\r\n<div class=\"wp-block-file\"><a href=\"https:\/\/blogsaverroes.juntadeandalucia.es\/iesalhadra\/files\/2019\/10\/criterios-calificacio\u0301n-2\u00ba-Bach.pdf\">criterios calificacio\u0301n 2\u00ba Bach<\/a><a class=\"wp-block-file__button\" href=\"https:\/\/blogsaverroes.juntadeandalucia.es\/iesalhadra\/files\/2019\/10\/criterios-calificacio\u0301n-2\u00ba-Bach.pdf\" download=\"\">Descarga<\/a><\/div>\r\n<!-- \/wp:file --><!-- wp:file {\"id\":1780,\"href\":\"http:\\\/\\\/iesalhadra.org\\\/wpAlhadra\\\/wp-content\\\/uploads\\\/2019\\\/10\\\/criterios-calificacio\\u0301n-1\\u00ba-FPB.pdf\"} -->\r\n<div class=\"wp-block-file\"><a href=\"https:\/\/blogsaverroes.juntadeandalucia.es\/iesalhadra\/files\/2019\/10\/criterios-calificacio\u0301n-1\u00ba-FPB.pdf\">criterios calificacio\u0301n 1\u00ba FPB<\/a><a class=\"wp-block-file__button\" href=\"https:\/\/blogsaverroes.juntadeandalucia.es\/iesalhadra\/files\/2019\/10\/criterios-calificacio\u0301n-1\u00ba-FPB.pdf\" download=\"\">Descarga<\/a><\/div>\r\n<!-- \/wp:file --><!-- wp:file {\"id\":2080,\"href\":\"http:\\\/\\\/iesalhadra.org\\\/wpAlhadra\\\/wp-content\\\/uploads\\\/2019\\\/12\\\/Criterios-calificacio\\u0301n-2\\u00ba-FPB.pdf\"} -->\r\n<div class=\"wp-block-file\"><a href=\"https:\/\/blogsaverroes.juntadeandalucia.es\/iesalhadra\/files\/2019\/12\/Criterios-calificacio\u0301n-2\u00ba-FPB.pdf\">Criterios calificacio\u0301n 2\u00ba FPB<\/a><\/div>\r\n<!-- \/wp:file --><!-- wp:file {\"id\":2081,\"href\":\"http:\\\/\\\/iesalhadra.org\\\/wpAlhadra\\\/wp-content\\\/uploads\\\/2019\\\/12\\\/Criterios-evaluacio\\u0301n-1\\u00ba-ASCT.pdf\"} -->\r\n<div class=\"wp-block-file\"><a href=\"https:\/\/blogsaverroes.juntadeandalucia.es\/iesalhadra\/files\/2019\/12\/Criterios-evaluacio\u0301n-1\u00ba-ASCT.pdf\">Criterios evaluacio\u0301n 1\u00ba ASCT<\/a><a class=\"wp-block-file__button\" href=\"https:\/\/blogsaverroes.juntadeandalucia.es\/iesalhadra\/files\/2019\/12\/Criterios-evaluacio\u0301n-1\u00ba-ASCT.pdf\" download=\"\">Descarga<\/a><\/div>\r\n<!-- \/wp:file --><!-- wp:heading -->\r\n<h2>Curso 2018_2019<\/h2>\r\n<!-- \/wp:heading -->\r\n<p><a title=\"Lista Oficial de libros de texto\" href=\"https:\/\/blogsaverroes.juntadeandalucia.es\/iesalhadra\/files\/2018\/10\/lista-oficial-de-libros-de-texto.pdf\" target=\"_blank\" rel=\"noopener noreferrer\">Lista Oficial de libros de texto<\/a><\/p>\r\n<p><strong>Criterios de calificaci\u00f3n:<\/strong><\/p>\r\n<ul>\r\n<li><a href=\"http:\/\/iesalhadra.org\/wpAlhadra\/departamentos\/ingles\/e-s-o\/ingles\/e-s-o\/\" target=\"_blank\" rel=\"noopener noreferrer\">ESO<\/a><\/li>\r\n<li><a href=\"http:\/\/iesalhadra.org\/wpAlhadra\/departamentos\/ingles\/e-s-o\/ingles\/bachillerato\/\" target=\"_blank\" rel=\"noopener noreferrer\">Bachillerato<\/a><\/li>\r\n<li><a href=\"http:\/\/iesalhadra.org\/wpAlhadra\/departamentos\/ingles\/formacion-profesional-basica\/\" target=\"_blank\" rel=\"noopener noreferrer\">Formaci\u00f3n Profesional B\u00e1sica<\/a><\/li>\r\n<li><a href=\"http:\/\/iesalhadra.org\/wpAlhadra\/departamentos\/ingles\/animacion-sociocultural-y-turistica\/\">Animaci\u00f3n Sociocultural y Tur\u00edstica<\/a><\/li>\r\n<\/ul>","_et_gb_content_width":"","ngg_post_thumbnail":0,"footnotes":""},"aioseo_notices":[],"_links":{"self":[{"href":"https:\/\/blogsaverroes.juntadeandalucia.es\/iesalhadra\/wp-json\/wp\/v2\/pages\/252"}],"collection":[{"href":"https:\/\/blogsaverroes.juntadeandalucia.es\/iesalhadra\/wp-json\/wp\/v2\/pages"}],"about":[{"href":"https:\/\/blogsaverroes.juntadeandalucia.es\/iesalhadra\/wp-json\/wp\/v2\/types\/page"}],"author":[{"embeddable":true,"href":"https:\/\/blogsaverroes.juntadeandalucia.es\/iesalhadra\/wp-json\/wp\/v2\/users\/11169"}],"replies":[{"embeddable":true,"href":"https:\/\/blogsaverroes.juntadeandalucia.es\/iesalhadra\/wp-json\/wp\/v2\/comments?post=252"}],"version-history":[{"count":13,"href":"https:\/\/blogsaverroes.juntadeandalucia.es\/iesalhadra\/wp-json\/wp\/v2\/pages\/252\/revisions"}],"predecessor-version":[{"id":15058,"href":"https:\/\/blogsaverroes.juntadeandalucia.es\/iesalhadra\/wp-json\/wp\/v2\/pages\/252\/revisions\/15058"}],"up":[{"embeddable":true,"href":"https:\/\/blogsaverroes.juntadeandalucia.es\/iesalhadra\/wp-json\/wp\/v2\/pages\/43"}],"wp:featuredmedia":[{"embeddable":true,"href":"https:\/\/blogsaverroes.juntadeandalucia.es\/iesalhadra\/wp-json\/wp\/v2\/media\/6656"}],"wp:attachment":[{"href":"https:\/\/blogsaverroes.juntadeandalucia.es\/iesalhadra\/wp-json\/wp\/v2\/media?parent=252"}],"curies":[{"name":"wp","href":"https:\/\/api.w.org\/{rel}","templated":true}]}}