{"id":3223,"date":"2020-09-26T15:40:43","date_gmt":"2020-09-26T15:40:43","guid":{"rendered":"http:\/\/iesalhadra.org\/wpAlhadra\/?page_id=3223"},"modified":"2021-12-13T13:12:35","modified_gmt":"2021-12-13T12:12:35","slug":"moodle-centros","status":"publish","type":"page","link":"https:\/\/blogsaverroes.juntadeandalucia.es\/iesalhadra\/moodle-centros\/","title":{"rendered":"Moodle Centros"},"content":{"rendered":"[et_pb_section fb_built=&#8221;1&#8243; _builder_version=&#8221;4.5.0&#8243;][et_pb_row column_structure=&#8221;3_4,1_4&#8243; _builder_version=&#8221;3.25&#8243; background_size=&#8221;initial&#8221; background_position=&#8221;top_left&#8221; background_repeat=&#8221;repeat&#8221;][et_pb_column type=&#8221;3_4&#8243; _builder_version=&#8221;3.25&#8243; custom_padding=&#8221;|||&#8221; custom_padding__hover=&#8221;|||&#8221;][et_pb_post_title force_fullwidth=&#8221;off&#8221; image_width=&#8221;50%&#8221; _builder_version=&#8221;4.5.0&#8243; _module_preset=&#8221;default&#8221; width=&#8221;100%&#8221; module_alignment=&#8221;center&#8221;][\/et_pb_post_title][et_pb_text _builder_version=&#8221;4.5.0&#8243; background_size=&#8221;initial&#8221; background_position=&#8221;top_left&#8221; background_repeat=&#8221;repeat&#8221;]<p><span style=\"font-size: 12pt\"><span style=\"text-align: justify\">La Consejer\u00eda de Educaci\u00f3n y Deporte pone a disposici\u00f3n de todos los centros educativos sostenidos con fondos p\u00fablicos un espacio en la plataforma <\/span><strong style=\"text-align: justify\"><span style=\"color: #800080\"><a style=\"color: #800080\" href=\"https:\/\/educacionadistancia.juntadeandalucia.es\/centros\/almeria\/\" target=\"_blank\" rel=\"noopener noreferrer\">Moodle Centros<\/a><\/span>.<\/strong><\/span><\/p>\n<p><span style=\"font-size: 12pt\">Moodle es una herramienta de gesti\u00f3n de aprendizaje (LMS), de Software Libre y gratuito, que est\u00e1 concebido para ayudar al profesorado a crear comunidades de aprendizaje en l\u00ednea, facilitando la gesti\u00f3n de contenidos, la comunicaci\u00f3n y la evaluaci\u00f3n. Su dise\u00f1o est\u00e1 inspirado en el constructivismo y en el aprendizaje cooperativo.<\/span><\/p>\n<p><span style=\"font-size: 12pt\"><!-- \/wp:paragraph -->Aqu\u00ed tienes unos manuales para comenzar a configurar la plataforma:<\/span><\/p>\n<ul>\n<li><span style=\"font-size: 12pt\"><span style=\"color: #800080\"><a style=\"color: #800080\" href=\"https:\/\/blogsaverroes.juntadeandalucia.es\/iesalhadra\/files\/2020\/09\/Gesti\u00f3n-Moodle-Centros-Profesorado-comprimido.pdf\" target=\"_blank\" rel=\"noopener noreferrer\">Gesti\u00f3n de Moodle Centros para el profesorado.&nbsp;<\/a><\/span><!-- wp:file {\"id\":3224,\"href\":\"http:\\\/\\\/iesalhadra.org\\\/wpAlhadra\\\/wp-content\\\/uploads\\\/2020\\\/09\\\/Gesti\\u00f3n-Moodle-Centros-Profesorado-comprimido.pdf\"} --><\/span><\/li>\n<li><span style=\"color: #800080;font-size: 12pt\"><a style=\"color: #800080\" href=\"https:\/\/blogsaverroes.juntadeandalucia.es\/iesalhadra\/files\/2020\/09\/Gestion_Moodle_Centros_Alumnado_v3.pdf\" target=\"_blank\" rel=\"noopener noreferrer\">Gesti\u00f3n de Moodle Centros para el alumnado.<\/a><\/span><\/li>\n<\/ul>\n<p>&nbsp;<\/p>\n<p style=\"text-align: justify\"><span style=\"font-size: 12pt\">Para que el <strong>alumnado <\/strong>pueda acceder a la plataforma Moodle Centros Almer\u00eda necesita sus propias <strong>credenciales de PASEN<\/strong> (no pueden usar las de los padres o tutores legales). <span style=\"color: #800080\"><a style=\"color: #800080\" href=\"https:\/\/blogsaverroes.juntadeandalucia.es\/iesalhadra\/credenciales-pasen-alumnado\/\" target=\"_blank\" rel=\"noopener noreferrer\">\u00bfC\u00f3mo obtener las credenciales PASEN del alumnado?<\/a><\/span><\/span><\/p>\n<p><!-- wp:paragraph {\"align\":\"justify\"} --><\/p>[\/et_pb_text][et_pb_divider _builder_version=&#8221;4.5.0&#8243; _module_preset=&#8221;default&#8221;][\/et_pb_divider][et_pb_text admin_label=&#8221;Canal de v\u00eddeos&#8221; _builder_version=&#8221;4.5.0&#8243; _module_preset=&#8221;default&#8221; link_option_url=&#8221;https:\/\/www.juntadeandalucia.es\/educacion\/portals\/web\/transformacion-digital-educativa\/moodle_canal_videos\/&#8221; link_option_url_new_window=&#8221;on&#8221;]<ul>\n<li>\n<h3><span style=\"color: #800080\">Canal de V\u00eddeos sobre Moodle Centros<\/span><\/h3>\n<\/li>\n<\/ul>[\/et_pb_text][et_pb_video src=&#8221;https:\/\/www.youtube.com\/watch?v=tVwlZi04e5o&#8221; _builder_version=&#8221;4.5.0&#8243; _module_preset=&#8221;default&#8221;][\/et_pb_video][et_pb_text admin_label=&#8221;Canal de v\u00eddeos&#8221; _builder_version=&#8221;4.5.0&#8243; _module_preset=&#8221;default&#8221; link_option_url=&#8221;https:\/\/blogsaverroes.juntadeandalucia.es\/moodlecentrosparaprofes\/&#8221; link_option_url_new_window=&#8221;on&#8221;]<ul>\n<li>\n<h3><a href=\"https:\/\/blogsaverroes.juntadeandalucia.es\/moodlecentrosparaprofes\/\" target=\"_blank\" rel=\"noopener noreferrer\"><span style=\"color: #800080\">Blog Moodle Centros para el profesorado<\/span><\/a><\/h3>\n<\/li>\n<\/ul>[\/et_pb_text][et_pb_divider _builder_version=&#8221;4.5.0&#8243; _module_preset=&#8221;default&#8221;][\/et_pb_divider][et_pb_text admin_label=&#8221;Formaci\u00f3n inicial Moodle Centros&#8221; _builder_version=&#8221;4.5.0&#8243; _module_preset=&#8221;default&#8221; link_option_url=&#8221;https:\/\/blogsaverroes.juntadeandalucia.es\/iesalhadra\/files\/2021\/02\/Crear_Copia_Seguridad_Moodle.pdf&#8221; link_option_url_new_window=&#8221;on&#8221;]<ul>\n<li>\n<h3>Formaci\u00f3n inicio de curso: Migraci\u00f3n de cursos. Copias de seguridad en Moodle Centros. <a href=\"https:\/\/blogsaverroes.juntadeandalucia.es\/iesalhadra\/files\/2021\/02\/Crear_Copia_Seguridad_Moodle.pdf\" target=\"_blank\" rel=\"noopener noreferrer\" style=\"color: #800080\"><span style=\"font-size: 12pt\">Descargar tutorial.<\/span><\/a><\/h3>\n<\/li>\n<\/ul>[\/et_pb_text][et_pb_text admin_label=&#8221;Tutor\u00edas y reuniones&#8221; _builder_version=&#8221;4.5.0&#8243; _module_preset=&#8221;default&#8221; link_option_url=&#8221;https:\/\/blogsaverroes.juntadeandalucia.es\/iesalhadra\/files\/2021\/02\/Crear_Sesion_Reunion_Tutoria.pdf&#8221; link_option_url_new_window=&#8221;on&#8221;]<ul>\n<li>\n<h3>\u00bfC\u00f3mo generar las sesiones para las tutor\u00edas y reuniones de departamento? <a href=\"https:\/\/blogsaverroes.juntadeandalucia.es\/iesalhadra\/files\/2021\/02\/Crear_Sesion_Reunion_Tutoria.pdf\" target=\"_blank\" rel=\"noopener noreferrer\" style=\"color: #800080\"><span style=\"font-size: 12pt\">Descargar tutorial.<\/span><\/a><\/h3>\n<\/li>\n<\/ul>[\/et_pb_text][et_pb_text admin_label=&#8221;Enlaces videoconferencias&#8221; _builder_version=&#8221;4.5.0&#8243; _module_preset=&#8221;default&#8221; link_option_url=&#8221;https:\/\/blogsaverroes.juntadeandalucia.es\/iesalhadra\/moodle-centros\/anadir-sala-de-videoconferencias-a-un-aula\/&#8221; link_option_url_new_window=&#8221;on&#8221;]<ul>\n<li class=\"entry-title\">\n<h3><span style=\"color: #800080\">A\u00f1adir Sala de Videoconferencia a un aula<\/span><\/h3>\n<\/li>\n<\/ul>[\/et_pb_text][et_pb_text admin_label=&#8221;Matricular usuarios&#8221; _builder_version=&#8221;4.5.0&#8243; _module_preset=&#8221;default&#8221; link_option_url=&#8221;https:\/\/blogsaverroes.juntadeandalucia.es\/iesalhadra\/moodle-centros\/baja-y-alta-de-participantes-de-un-aula\/&#8221; link_option_url_new_window=&#8221;on&#8221;]<ul>\n<li>\n<h3><span style=\"color: #800080\">Baja y alta de participantes en un aula<\/span><\/h3>\n<\/li>\n<\/ul>[\/et_pb_text][et_pb_text admin_label=&#8221;Matricular usuarios&#8221; _builder_version=&#8221;4.5.0&#8243; _module_preset=&#8221;default&#8221; link_option_url=&#8221;https:\/\/blogsaverroes.juntadeandalucia.es\/iesalhadra\/moodle-centros\/baja-y-alta-de-participantes-de-un-aula\/&#8221; link_option_url_new_window=&#8221;on&#8221;]<ul>\n<li>\n<h3><span style=\"color: #800080\"><a href=\"https:\/\/blogsaverroes.juntadeandalucia.es\/iesalhadra\/copia-de-seguridad-de-un-aula-virtual\/\" style=\"color: #800080\">Copia de seguridad de un aula virtual<\/a><\/span><\/h3>\n<\/li>\n<\/ul>[\/et_pb_text][et_pb_text admin_label=&#8221;Matricular usuarios&#8221; _builder_version=&#8221;4.5.0&#8243; _module_preset=&#8221;default&#8221; link_option_url=&#8221;https:\/\/blogsaverroes.juntadeandalucia.es\/iesalhadra\/moodle-centros\/creacion-de-aulas-y-restaurar-copia-de-seguridad\/&#8221; link_option_url_new_window=&#8221;on&#8221;]<ul>\n<li>\n<h3><span style=\"color: #800080\"><a href=\"https:\/\/blogsaverroes.juntadeandalucia.es\/iesalhadra\/moodle-centros\/creacion-de-aulas-y-restaurar-copia-de-seguridad\/\" style=\"color: #800080\">Creaci\u00f3n de aulas y restaurar copia de seguridad<\/a><\/span><\/h3>\n<\/li>\n<\/ul>[\/et_pb_text][et_pb_text admin_label=&#8221;Enlaces videoconferencias&#8221; _builder_version=&#8221;4.5.0&#8243; _module_preset=&#8221;default&#8221; link_option_url=&#8221;https:\/\/blogsaverroes.juntadeandalucia.es\/iesalhadra\/moodle-centros\/crear-marcadores-con-las-salas-de-videoconferencia\/&#8221; link_option_url_new_window=&#8221;on&#8221;]<ul>\n<li class=\"entry-title\">\n<h3><span style=\"color: #800080\">Crear marcadores con las Salas de Videoconferencia<\/span><\/h3>\n<\/li>\n<\/ul>[\/et_pb_text][et_pb_text admin_label=&#8221;Enlaces videoconferencias&#8221; _builder_version=&#8221;4.5.0&#8243; _module_preset=&#8221;default&#8221; link_option_url=&#8221;https:\/\/blogsaverroes.juntadeandalucia.es\/iesalhadra\/moodle-centros\/exportar-calificaciones-a-criterios-del-cuaderno-de-seneca\/&#8221; link_option_url_new_window=&#8221;on&#8221; hover_enabled=&#8221;0&#8243;]<ul>\n<li class=\"entry-title\">\n<h3 class=\"entry-title\"><span style=\"color: #800080\">Exportar calificaciones a criterios del Cuaderno de S\u00e9neca<\/span><\/h3>\n<\/li>\n<\/ul>\n[\/et_pb_text][et_pb_text admin_label=&#8221;visibilidad aulas&#8221; _builder_version=&#8221;4.5.0&#8243; _module_preset=&#8221;default&#8221; link_option_url=&#8221;https:\/\/blogsaverroes.juntadeandalucia.es\/iesalhadra\/moodle-centros\/visibilidad-de-las-aula-virtuales\/&#8221; link_option_url_new_window=&#8221;on&#8221;]<ul>\n<li>\n<h3><span style=\"color: #800080\">Visibilidad de las aulas creadas en Moodle Centros<\/span><\/h3>\n<\/li>\n<\/ul>[\/et_pb_text][et_pb_divider _builder_version=&#8221;4.5.0&#8243; _module_preset=&#8221;default&#8221;][\/et_pb_divider][\/et_pb_column][et_pb_column type=&#8221;1_4&#8243; _builder_version=&#8221;3.25&#8243; custom_padding=&#8221;|||&#8221; custom_padding__hover=&#8221;|||&#8221;][et_pb_sidebar area=&#8221;sidebar-1&#8243; _builder_version=&#8221;4.5.0&#8243; _module_preset=&#8221;default&#8221;][\/et_pb_sidebar][\/et_pb_column][\/et_pb_row][\/et_pb_section]","protected":false},"excerpt":{"rendered":"<p>[et_pb_section fb_built=&#8221;1&#8243; _builder_version=&#8221;4.5.0&#8243;][et_pb_row column_structure=&#8221;3_4,1_4&#8243; _builder_version=&#8221;3.25&#8243; background_size=&#8221;initial&#8221; background_position=&#8221;top_left&#8221; background_repeat=&#8221;repeat&#8221;][et_pb_column type=&#8221;3_4&#8243; _builder_version=&#8221;3.25&#8243; custom_padding=&#8221;|||&#8221; custom_padding__hover=&#8221;|||&#8221;][et_pb_post_title force_fullwidth=&#8221;off&#8221; image_width=&#8221;50%&#8221; _builder_version=&#8221;4.5.0&#8243; _module_preset=&#8221;default&#8221; width=&#8221;100%&#8221; module_alignment=&#8221;center&#8221;][\/et_pb_post_title][et_pb_text _builder_version=&#8221;4.5.0&#8243; background_size=&#8221;initial&#8221; background_position=&#8221;top_left&#8221; background_repeat=&#8221;repeat&#8221;] La Consejer\u00eda de Educaci\u00f3n y Deporte pone a disposici\u00f3n de todos los centros educativos sostenidos con fondos p\u00fablicos un espacio en la plataforma Moodle Centros. Moodle es una herramienta de gesti\u00f3n de aprendizaje [&hellip;]<\/p>\n","protected":false},"author":11612,"featured_media":3958,"parent":0,"menu_order":0,"comment_status":"closed","ping_status":"closed","template":"","meta":{"_et_pb_use_builder":"on","_et_pb_old_content":"<p>\u00a0<\/p>\r\n<!-- wp:paragraph {\"align\":\"justify\"} -->\r\n<p style=\"text-align: justify;\">La Consejer\u00eda de Educaci\u00f3n y Deporte pone a disposici\u00f3n de todos los centros educativos sostenidos con fondos p\u00fablicos un espacio en la plataforma\u00a0<strong>Moodle Centros.<\/strong><\/p>\r\n<!-- \/wp:paragraph --><!-- wp:paragraph {\"align\":\"justify\"} -->\r\n<p style=\"text-align: justify;\">Moodle es una herramienta de gesti\u00f3n de aprendizaje (LMS), de Software Libre y gratuito, que est\u00e1 concebido para ayudar al profesorado a crear comunidades de aprendizaje en l\u00ednea, facilitando la gesti\u00f3n de contenidos, la comunicaci\u00f3n y la evaluaci\u00f3n. Su dise\u00f1o est\u00e1 inspirado en el constructivismo y en el aprendizaje cooperativo.<\/p>\r\n<!-- \/wp:paragraph --><!-- wp:paragraph -->\r\n<p>Para acceder a la plataforma Moodle Centros, cada provincia andaluza tiene su propio enlace: <a href=\"https:\/\/educacionadistancia.juntadeandalucia.es\/centros\/almeria\/\">Moodle Centros de Almer\u00eda<\/a><\/p>\r\n<!-- \/wp:paragraph --><!-- wp:paragraph -->\r\n<p>Aqu\u00ed tienes unos manuales para comenzar a configurar la plataforma.<\/p>\r\n<!-- \/wp:paragraph --><!-- wp:file {\"id\":3224,\"href\":\"http:\\\/\\\/iesalhadra.org\\\/wpAlhadra\\\/wp-content\\\/uploads\\\/2020\\\/09\\\/Gesti\\u00f3n-Moodle-Centros-Profesorado-comprimido.pdf\"} -->\r\n<div class=\"wp-block-file\"><a href=\"https:\/\/blogsaverroes.juntadeandalucia.es\/iesalhadra\/files\/2020\/09\/Gesti\u00f3n-Moodle-Centros-Profesorado-comprimido.pdf\">Gesti\u00f3n Moodle Centros Profesorado<\/a><a class=\"wp-block-file__button\" href=\"https:\/\/blogsaverroes.juntadeandalucia.es\/iesalhadra\/files\/2020\/09\/Gesti\u00f3n-Moodle-Centros-Profesorado-comprimido.pdf\" download=\"\">Descarga<\/a><\/div>\r\n<!-- \/wp:file --><!-- wp:file {\"id\":3225,\"href\":\"http:\\\/\\\/iesalhadra.org\\\/wpAlhadra\\\/wp-content\\\/uploads\\\/2020\\\/09\\\/Gestion_Moodle_Centros_Alumnado_v3.pdf\"} -->\r\n<div class=\"wp-block-file\"><a href=\"https:\/\/blogsaverroes.juntadeandalucia.es\/iesalhadra\/files\/2020\/09\/Gestion_Moodle_Centros_Alumnado_v3.pdf\">Gesti\u00f3n Moodle Centros Alumnado<\/a><a class=\"wp-block-file__button\" href=\"https:\/\/blogsaverroes.juntadeandalucia.es\/iesalhadra\/files\/2020\/09\/Gestion_Moodle_Centros_Alumnado_v3.pdf\" download=\"\">Descarga<\/a><\/div>\r\n<!-- \/wp:file --><!-- wp:paragraph {\"align\":\"justify\"} -->\r\n<p style=\"text-align: justify;\">Para que el <strong>alumnado <\/strong>pueda acceder a moodle centros Almer\u00eda necesita sus propias <strong>credenciales de PASEN<\/strong>\u00a0(no pueden usar las de los padres o tutores legales). Estas credenciales pueden obtenerlas de varias formas:<br>1.-\u00a0<strong>Desde la p\u00e1gina de PASEN<\/strong>\u00a0 <br>(<a href=\"https:\/\/www.juntadeandalucia.es\/educacion\/portalseneca\/web\/pasen\/inicio\" target=\"_blank\" rel=\"noreferrer noopener\">https:\/\/www.juntadeandalucia.es\/educacion\/portalseneca\/web\/pasen\/inicio<\/a>). Accediendo a la opci\u00f3n \"\u00bfOlvido su contrase\u00f1a?\" si conocen su usuario, o a la de \"No tengo acceso\" si no conocen el usuario. Le aparecer\u00e1 un cuestionario en el que deber\u00e1n cumplimentar unos campos con datos de la matr\u00edcula para verificar su identidad y as\u00ed enviarle un SMS con sus credenciales.<\/p>\r\n<!-- \/wp:paragraph --><!-- wp:image -->\r\n<figure class=\"wp-block-image\"><img src=\"https:\/\/mail.google.com\/mail\/u\/0?ui=2&ik=4784cb2a83&attid=0.1&permmsgid=msg-f:1678876316038785721&th=174c911d474eeab9&view=fimg&sz=s0-l75-ft&attbid=ANGjdJ8T61zCz6xdlu518deny4JkxAQD9X7esnGT-ZgVpsiwkMc5dt31Lse3Kp8_Nyqiwjwv8x1RsI7Xfe4dP-MBpDcJOplDaFSRqd_DPgzYd8gwnL10og_VqcBygs4&disp=emb&realattid=ii_kfj9s7ex0\" alt=\"image.png\"><\/figure>\r\n<!-- \/wp:image --><!-- wp:paragraph {\"align\":\"justify\"} -->\r\n<p style=\"text-align: justify;\">2.-\u00a0<strong>Desde la cuenta iPasen de los padres o tutores legales<\/strong>\u00a0tienen una\u00a0<strong>Comunicaci\u00f3n\u00a0<\/strong>fijada (no se puede eliminar ese mensaje) informando de los nombres de usuario y dan la opci\u00f3n de Restablecer contrase\u00f1a para obtenerla.<\/p>\r\n<!-- \/wp:paragraph --><!-- wp:image {\"align\":\"center\"} -->\r\n<div class=\"wp-block-image\">\r\n<figure class=\"aligncenter\"><img src=\"https:\/\/mail.google.com\/mail\/u\/0?ui=2&ik=4784cb2a83&attid=0.2&permmsgid=msg-f:1678876316038785721&th=174c911d474eeab9&view=fimg&sz=s0-l75-ft&attbid=ANGjdJ_MjAVlB90LuOJYut12q0koPFtsfWdxiDN2K7XgnS4Wf0F0h5FpTxP2FHg3JE5HGVpbSSq9IYqrp5kK7yRs09uTW6ERi7RiCO0g3u9a7-65YzzCAezC6TmWzHY&disp=emb&realattid=ii_kfja2ni71\" alt=\"image.png\"><\/figure>\r\n<\/div>\r\n<!-- \/wp:image --><!-- wp:paragraph -->\r\n<p>3.-\u00a0<strong>A trav\u00e9s de las tutoras y tutores de cada grupo<\/strong>, ya que desde su perfil de S\u00e9neca tienen la opci\u00f3n de generar las credenciales de S\u00e9neca para su alumnado de la tutor\u00eda.\u00a0 Desde el apartado de\u00a0DOCUMENTOS\u00a0pueden realizar la b\u00fasqueda \"credenciales\" para que te aparezca la opci\u00f3n \"Gesti\u00f3n de credenciales de alumnado\". En el siguiente v\u00eddeo se puede ver la explicaci\u00f3n:\u00a0<a href=\"https:\/\/www.youtube.com\/watch?v=rTq_-CxVvNk\" target=\"_blank\" rel=\"noreferrer noopener\">https:\/\/www.youtube.com\/watch?v=rTq_-CxVvNk<\/a><\/p>\r\n<!-- \/wp:paragraph --><!-- wp:paragraph {\"align\":\"justify\"} -->\r\n<p style=\"text-align: justify;\">Los cursos virtuales en Moodle Centros se crean con la opci\u00f3n de visibilidad establecida como \"Ocultar\", por tanto, se debe cambiar esa opci\u00f3n a \"Mostrar\" para que el alumnado participante puedan acceder a los mismos. <br>Para\u00a0<strong>cambiar la visibilidad de un curso<\/strong>\u00a0deber\u00e1s acceder al mismo y dentro de \u00e9ste en\u00a0<strong>Administraci\u00f3n del curso > Editar ajustes > Visibilidad del curso<\/strong>\u00a0debe estar establecido con\u00a0<strong>\"Mostrar\"<\/strong>, guarda los cambios al final de la p\u00e1gina.<\/p>\r\n<!-- \/wp:paragraph --><!-- wp:image -->\r\n<figure class=\"wp-block-image\"><img src=\"https:\/\/mail.google.com\/mail\/u\/0?ui=2&ik=4784cb2a83&attid=0.1&permmsgid=msg-f:1678876887413806510&th=174c91a24fe9d5ae&view=fimg&sz=s0-l75-ft&attbid=ANGjdJ98uRM2hDWgmKguqSxlhi2y_Sra05d8wfI1lYYndGe3s0ETN4aN9e1bJyIVxEbQIMf82zQdIa19XUIwwi3KPFK7mIBrIhRt60gtRNad5sMDgbjUosGWkKyOzCE&disp=emb&realattid=ii_kfgwrna10\" alt=\"image.png\"><\/figure>\r\n<!-- \/wp:image --><!-- wp:paragraph {\"align\":\"justify\"} -->\r\n<p style=\"text-align: justify;\">Para ver los alumnos que tienen acceso a tu curso pulsa en la opci\u00f3n\u00a0<strong>Participantes\u00a0<\/strong>del panel de la izquierda, una vez est\u00e9s dentro del curso. Si detectas que falta alg\u00fan alumno puede ser que no est\u00e9 matriculado correctamente en S\u00e9neca.<br><br><\/p>\r\n<!-- \/wp:paragraph --><!-- wp:heading -->\r\n<h2>\u00bfC\u00f3mo puedo compartir la pantalla del port\u00e1til en el proyector?<\/h2>\r\n<!-- \/wp:heading --><!-- wp:paragraph -->\r\n<p>Para compartir la pantalla del ordenador en el proyector deber\u00e1s configurar la pantalla en modo espejo siguiendo los siguientes pasos:<br>1.\u00a0<strong>Conecta el cable VGA<\/strong>\u00a0al port\u00e1til y al proyector (o conexi\u00f3n en la pared correspondiente).<br>2. Accede al men\u00fa\u00a0<strong>Aplicaciones > Herramientas del sistema > Configuraci\u00f3n > Pantallas.<\/strong><\/p>\r\n<!-- \/wp:paragraph --><!-- wp:paragraph -->\r\n<p>3. En\u00a0<strong>Modo de la Pantalla<\/strong>\u00a0selecciona\u00a0<em><strong>Espejo<\/strong><\/em>\u00a0y pulsa el bot\u00f3n\u00a0<strong>Aplicar<\/strong>.<\/p>\r\n<!-- \/wp:paragraph --><!-- wp:image -->\r\n<figure class=\"wp-block-image\"><img src=\"https:\/\/mail.google.com\/mail\/u\/0?ui=2&ik=4784cb2a83&attid=0.1&permmsgid=msg-f:1681161371033058925&th=1754af5c1a88be6d&view=fimg&sz=s0-l75-ft&attbid=ANGjdJ8gErhGUKWzqqdzjiC2eW1r_QAHF7YM9qvdoJ3rWgA-N9aYNsaCZfJoSlnRPebAOfSwWV4FWL-iSFihbA16aL3OYRc5NoWdWkuwfZM18U0It_euOO9QpzkBcSc&disp=emb&realattid=ii_kgjbns9x0\" alt=\"imagen.png\"><\/figure>\r\n<!-- \/wp:image --><!-- wp:paragraph -->\r\n<p><strong>Tutoriales elaborados por el E.I. PUNTA SABINAR de #ElEjido\u00a0<\/strong><\/p>\r\n<!-- \/wp:paragraph --><!-- wp:paragraph -->\r\n<p>\ud83c\udffc\u2705 \u00bfC\u00f3mo dar de alta iPasen?\u00a0<\/p>\r\n<!-- \/wp:paragraph --><!-- wp:paragraph -->\r\n<p>\ud83c\udffc\u00a0<a href=\"https:\/\/youtu.be\/pTrGWiLbA1k\" target=\"_blank\" rel=\"noreferrer noopener\">https:\/\/youtu.be\/pTrGWiLbA1k<\/a>\u00a0(traducci\u00f3n \u00e1rabe\u00a0<a href=\"https:\/\/cutt.ly\/vgCayun\" target=\"_blank\" rel=\"noreferrer noopener\">https:\/\/cutt.ly\/vgCayun<\/a>)<\/p>\r\n<!-- \/wp:paragraph --><!-- wp:paragraph -->\r\n<p>\u2705 \u00bfC\u00f3mo acceder a una tutor\u00eda online con el tutor de mi hijo\/a?\u00a0<\/p>\r\n<!-- \/wp:paragraph --><!-- wp:paragraph -->\r\n<p>\ud83c\udffc\u00a0<a href=\"https:\/\/youtu.be\/mBX8PdfuLMc\" target=\"_blank\" rel=\"noreferrer noopener\">https:\/\/youtu.be\/mBX8PdfuLMc<\/a>\u00a0(traduc. \u00c1rabe\u00a0<a href=\"https:\/\/cutt.ly\/ggCap1i\" target=\"_blank\" rel=\"noreferrer noopener\">https:\/\/cutt.ly\/ggCap1i<\/a>)<\/p>\r\n<!-- \/wp:paragraph --><!-- wp:paragraph -->\r\n<p>\u2705 Tutorial Punto de recogida iAnde para familias\u00a0<\/p>\r\n<!-- \/wp:paragraph --><!-- wp:paragraph -->\r\n<p>\ud83c\udffc\u00a0<a href=\"https:\/\/youtu.be\/TWa_tmVWvq8\" target=\"_blank\" rel=\"noreferrer noopener\">https:\/\/youtu.be\/TWa_tmVWvq8<\/a>\u00a0(traduc. \u00e1rabe\u00a0<a href=\"https:\/\/cutt.ly\/dgCp7hN\" target=\"_blank\" rel=\"noreferrer noopener\">https:\/\/cutt.ly\/dgCp7hN<\/a>)<\/p>\r\n<!-- \/wp:paragraph --><!-- wp:paragraph -->\r\n<p>\u2705 Tutorial App PASEN\u00a0<\/p>\r\n<!-- \/wp:paragraph --><!-- wp:paragraph -->\r\n<p>\ud83c\udffc\u00a0<a href=\"https:\/\/youtu.be\/a4S0DiyGxyE\" target=\"_blank\" rel=\"noreferrer noopener\">https:\/\/youtu.be\/a4S0DiyGxyE<\/a>\u00a0(traduc. \u00e1rabe\u00a0<a href=\"https:\/\/cutt.ly\/CgCawUG\" target=\"_blank\" rel=\"noreferrer noopener\">https:\/\/cutt.ly\/CgCawUG<\/a>)<\/p>\r\n<!-- \/wp:paragraph --><!-- wp:paragraph -->\r\n<p>\u00a0<\/p>\r\n<!-- \/wp:paragraph --><!-- wp:paragraph -->\r\n<p>\u00a0<\/p>\r\n<!-- \/wp:paragraph -->\r\n<p>\u00a0<\/p>","_et_gb_content_width":"","ngg_post_thumbnail":0,"footnotes":""},"aioseo_notices":[],"_links":{"self":[{"href":"https:\/\/blogsaverroes.juntadeandalucia.es\/iesalhadra\/wp-json\/wp\/v2\/pages\/3223"}],"collection":[{"href":"https:\/\/blogsaverroes.juntadeandalucia.es\/iesalhadra\/wp-json\/wp\/v2\/pages"}],"about":[{"href":"https:\/\/blogsaverroes.juntadeandalucia.es\/iesalhadra\/wp-json\/wp\/v2\/types\/page"}],"author":[{"embeddable":true,"href":"https:\/\/blogsaverroes.juntadeandalucia.es\/iesalhadra\/wp-json\/wp\/v2\/users\/11612"}],"replies":[{"embeddable":true,"href":"https:\/\/blogsaverroes.juntadeandalucia.es\/iesalhadra\/wp-json\/wp\/v2\/comments?post=3223"}],"version-history":[{"count":49,"href":"https:\/\/blogsaverroes.juntadeandalucia.es\/iesalhadra\/wp-json\/wp\/v2\/pages\/3223\/revisions"}],"predecessor-version":[{"id":6171,"href":"https:\/\/blogsaverroes.juntadeandalucia.es\/iesalhadra\/wp-json\/wp\/v2\/pages\/3223\/revisions\/6171"}],"wp:featuredmedia":[{"embeddable":true,"href":"https:\/\/blogsaverroes.juntadeandalucia.es\/iesalhadra\/wp-json\/wp\/v2\/media\/3958"}],"wp:attachment":[{"href":"https:\/\/blogsaverroes.juntadeandalucia.es\/iesalhadra\/wp-json\/wp\/v2\/media?parent=3223"}],"curies":[{"name":"wp","href":"https:\/\/api.w.org\/{rel}","templated":true}]}}