{"id":3314,"date":"2018-07-18T09:57:42","date_gmt":"2018-07-18T09:57:42","guid":{"rendered":"https:\/\/iesalhadra.wordpress.com\/?page_id=22"},"modified":"2021-02-03T13:10:35","modified_gmt":"2021-02-03T12:10:35","slug":"saluda","status":"publish","type":"page","link":"https:\/\/blogsaverroes.juntadeandalucia.es\/iesalhadra\/saluda\/","title":{"rendered":"Saludo de la Directora"},"content":{"rendered":"<p>&nbsp;<\/p>\n<p style=\"text-align: justify\"><img loading=\"lazy\" decoding=\"async\" class=\"alignleft size-medium wp-image-185\" src=\"https:\/\/iesalhadra.files.wordpress.com\/2018\/09\/paqui-vico.jpg?w=226\" alt=\"Paqui Vico\" width=\"226\" height=\"300\" srcset=\"https:\/\/blogsaverroes.juntadeandalucia.es\/iesalhadra\/files\/2018\/09\/paqui-vico.jpg 1823w, https:\/\/blogsaverroes.juntadeandalucia.es\/iesalhadra\/files\/2018\/09\/paqui-vico-226x300.jpg 226w, https:\/\/blogsaverroes.juntadeandalucia.es\/iesalhadra\/files\/2018\/09\/paqui-vico-770x1024.jpg 770w, https:\/\/blogsaverroes.juntadeandalucia.es\/iesalhadra\/files\/2018\/09\/paqui-vico-768x1022.jpg 768w, https:\/\/blogsaverroes.juntadeandalucia.es\/iesalhadra\/files\/2018\/09\/paqui-vico-1155x1536.jpg 1155w, https:\/\/blogsaverroes.juntadeandalucia.es\/iesalhadra\/files\/2018\/09\/paqui-vico-1540x2048.jpg 1540w, https:\/\/blogsaverroes.juntadeandalucia.es\/iesalhadra\/files\/2018\/09\/paqui-vico-1080x1437.jpg 1080w, https:\/\/blogsaverroes.juntadeandalucia.es\/iesalhadra\/files\/2018\/09\/paqui-vico-1280x1703.jpg 1280w, https:\/\/blogsaverroes.juntadeandalucia.es\/iesalhadra\/files\/2018\/09\/paqui-vico-980x1304.jpg 980w, https:\/\/blogsaverroes.juntadeandalucia.es\/iesalhadra\/files\/2018\/09\/paqui-vico-480x639.jpg 480w, https:\/\/blogsaverroes.juntadeandalucia.es\/iesalhadra\/files\/2018\/09\/paqui-vico-18x24.jpg 18w, https:\/\/blogsaverroes.juntadeandalucia.es\/iesalhadra\/files\/2018\/09\/paqui-vico-27x36.jpg 27w, https:\/\/blogsaverroes.juntadeandalucia.es\/iesalhadra\/files\/2018\/09\/paqui-vico-36x48.jpg 36w\" sizes=\"(max-width: 226px) 100vw, 226px\" \/><span style=\"font-size: 12pt\">En nombre de toda la Comunidad Educativa, os doy la bienvenida a la p\u00e1gina web del Instituto de Educaci\u00f3n Secundaria, I.E.S. Alhadra. Este espacio, est\u00e1 creado con el prop\u00f3sito de servir de instrumento de informaci\u00f3n y de comunicaci\u00f3n, no s\u00f3lo para todo el alumnado y familias del centro, sino tambi\u00e9n para todos aqu\u00e9llos y aqu\u00e9llas que, aunque no pertenezcan a nuestra Comunidad Educativa, tengan inter\u00e9s en todas las actividades que desarrollamos.<\/span><\/p>\n<p style=\"text-align: justify\"><span style=\"font-size: 12pt\">El I.E.S. Alhadra estrena esta p\u00e1gina con la ilusi\u00f3n de ofrecerles una web pr\u00e1ctica, funcional, eficaz\u2026 esperando que puedan encontrar de forma f\u00e1cil y din\u00e1mica toda la informaci\u00f3n que precisen sobre nuestro Centro y que suponga una herramienta de utilidad para todos aqu\u00e9llos que la visiten.<\/span><\/p>\n<p style=\"text-align: justify\"><span style=\"font-size: 12pt\">En nuestra p\u00e1gina, encontrar\u00e9is informaci\u00f3n actualizada sobre los aspectos administrativos y pedag\u00f3gicos m\u00e1s relevantes del centro, as\u00ed como sobre las actividades complementarias y extraescolares. Tambi\u00e9n servir\u00e1 de importante canal de comunicaci\u00f3n entre los alumnos y alumnas, sus familias y el centro.<\/span><\/p>\n<p style=\"text-align: justify\"><span style=\"font-size: 12pt\">Quisiera agradecer a los padres, madres, tutores y tutoras legales,&nbsp; la confianza que depositan en nuestro Centro,&nbsp; I.E.S. Alhadra, al elegirnos para formar a sus hijos e hijas en su desarrollo personal. Creemos que la educaci\u00f3n es un proceso integral que ayuda a desarrollar las capacidades intelectuales de las personas, sin olvidar los valores humanos tan necesarios en una sociedad compleja y cada vez m\u00e1s global.<\/span><\/p>\n<p style=\"text-align: justify\"><span style=\"font-size: 12pt\">Deseando que la navegaci\u00f3n por nuestra p\u00e1gina les resulte de utilidad, reciban un cordial saludo.<\/span><\/p>\n<p style=\"text-align: justify\"><span style=\"font-size: 12pt\">Atentamente,<\/span><\/p>\n<p style=\"text-align: justify\"><span style=\"font-size: 12pt\"><strong>Paqui Vico<\/strong><\/span><\/p>\n<h3>&nbsp;<\/h3>\n<h3>&nbsp;<\/h3>\n<h3>&nbsp;<\/h3>\n<p>&nbsp;<\/p>\n","protected":false},"excerpt":{"rendered":"<p>&nbsp; En nombre de toda la Comunidad Educativa, os doy la bienvenida a la p\u00e1gina web del Instituto de Educaci\u00f3n Secundaria, I.E.S. Alhadra. Este espacio, est\u00e1 creado con el prop\u00f3sito de servir de instrumento de informaci\u00f3n y de comunicaci\u00f3n, no s\u00f3lo para todo el alumnado y familias del centro, sino tambi\u00e9n para todos aqu\u00e9llos y [&hellip;]<\/p>\n","protected":false},"author":11612,"featured_media":0,"parent":0,"menu_order":0,"comment_status":"closed","ping_status":"closed","template":"","meta":{"_et_pb_use_builder":"","_et_pb_old_content":"","_et_gb_content_width":"","ngg_post_thumbnail":0,"footnotes":""},"aioseo_notices":[],"_links":{"self":[{"href":"https:\/\/blogsaverroes.juntadeandalucia.es\/iesalhadra\/wp-json\/wp\/v2\/pages\/3314"}],"collection":[{"href":"https:\/\/blogsaverroes.juntadeandalucia.es\/iesalhadra\/wp-json\/wp\/v2\/pages"}],"about":[{"href":"https:\/\/blogsaverroes.juntadeandalucia.es\/iesalhadra\/wp-json\/wp\/v2\/types\/page"}],"author":[{"embeddable":true,"href":"https:\/\/blogsaverroes.juntadeandalucia.es\/iesalhadra\/wp-json\/wp\/v2\/users\/11612"}],"replies":[{"embeddable":true,"href":"https:\/\/blogsaverroes.juntadeandalucia.es\/iesalhadra\/wp-json\/wp\/v2\/comments?post=3314"}],"version-history":[{"count":2,"href":"https:\/\/blogsaverroes.juntadeandalucia.es\/iesalhadra\/wp-json\/wp\/v2\/pages\/3314\/revisions"}],"predecessor-version":[{"id":3353,"href":"https:\/\/blogsaverroes.juntadeandalucia.es\/iesalhadra\/wp-json\/wp\/v2\/pages\/3314\/revisions\/3353"}],"wp:attachment":[{"href":"https:\/\/blogsaverroes.juntadeandalucia.es\/iesalhadra\/wp-json\/wp\/v2\/media?parent=3314"}],"curies":[{"name":"wp","href":"https:\/\/api.w.org\/{rel}","templated":true}]}}