{"id":3319,"date":"2018-07-18T10:57:22","date_gmt":"2018-07-18T10:57:22","guid":{"rendered":"https:\/\/iesalhadra.wordpress.com\/?page_id=64"},"modified":"2018-07-18T10:57:22","modified_gmt":"2018-07-18T10:57:22","slug":"ofertas-de-empleo","status":"publish","type":"page","link":"https:\/\/blogsaverroes.juntadeandalucia.es\/iesalhadra\/ofertas-de-empleo\/","title":{"rendered":"Ofertas de Empleo"},"content":{"rendered":"\n\t\t\t\t<p><img loading=\"lazy\" decoding=\"async\" class=\"alignleft size-thumbnail wp-image-214\" src=\"https:\/\/iesalhadra.files.wordpress.com\/2018\/09\/jobs-3599406_960_720.png?w=150\" alt=\"jobs-3599406_960_720\" width=\"150\" height=\"150\" srcset=\"https:\/\/blogsaverroes.juntadeandalucia.es\/iesalhadra\/files\/2018\/09\/jobs-3599406_960_720.png 720w, https:\/\/blogsaverroes.juntadeandalucia.es\/iesalhadra\/files\/2018\/09\/jobs-3599406_960_720-300x300.png 300w, https:\/\/blogsaverroes.juntadeandalucia.es\/iesalhadra\/files\/2018\/09\/jobs-3599406_960_720-150x150.png 150w, https:\/\/blogsaverroes.juntadeandalucia.es\/iesalhadra\/files\/2018\/09\/jobs-3599406_960_720-100x100.png 100w, https:\/\/blogsaverroes.juntadeandalucia.es\/iesalhadra\/files\/2018\/09\/jobs-3599406_960_720-480x480.png 480w, https:\/\/blogsaverroes.juntadeandalucia.es\/iesalhadra\/files\/2018\/09\/jobs-3599406_960_720-24x24.png 24w, https:\/\/blogsaverroes.juntadeandalucia.es\/iesalhadra\/files\/2018\/09\/jobs-3599406_960_720-36x36.png 36w, https:\/\/blogsaverroes.juntadeandalucia.es\/iesalhadra\/files\/2018\/09\/jobs-3599406_960_720-48x48.png 48w\" sizes=\"(max-width: 150px) 100vw, 150px\" \/><\/p>\n<h1>\u00a0<\/h1>\n<h1><strong>OFERTAS DE EMPLEO<\/strong><\/h1>\n<h2>Ofertas de empleo <strong>Familia Profesional Imagen Personal<\/strong>:<\/h2>\n<p>\u00a0<\/p>\n<h2>Ofertas de empleo Familia Profesional <strong>Servicios Socioculturales y a la Comunidad:<\/strong><\/h2>\n<ul>\n<li>Bolsa \u00fanica de la Junta de Andaluc\u00eda para las categor\u00edas profesionales del VI convenio colectivo del personal laboral.<\/li>\n<\/ul>\n\n\n<div class=\"wp-block-file\"><a href=\"https:\/\/blogsaverroes.juntadeandalucia.es\/iesalhadra\/files\/2020\/01\/BOJA19-240-00012-18436-01_00166551.pdf\">BOJA19-240-00012-18436-01_00166551<\/a><a href=\"https:\/\/blogsaverroes.juntadeandalucia.es\/iesalhadra\/files\/2020\/01\/BOJA19-240-00012-18436-01_00166551.pdf\" class=\"wp-block-file__button\" download>Descarga<\/a><\/div>\n\n\n\n<ul><li>La\u00a0 Diputaci\u00f3n de Almer\u00eda est\u00e1 llevando a cabo el proyecto &#8220;Almer\u00eda_P2: Fomento del trabajo aut\u00f3nomo&#8221;\u00a0 enmarcado en el\u00a0\u00a0Programa Operativo de Empleo Juvenil del Fondo Social Europeo. La finalidad de este proyecto es la lucha contra la despoblaci\u00f3n y para ello, se conceden ayudas\u00a0 econ\u00f3micas al auto-empleo para j\u00f3venes.\u00a0 <\/li><\/ul>\n\n\n\n<p style=\"text-align:justify\"><strong>Los beneficiarios de esta ayuda son j\u00f3venes (16 a 30 a\u00f1os) que, estando desempleados, hayan montando su propio negocio en alg\u00fan momento a partir del 9 de enero de 2019 (inclusive) y sigan en activo.&nbsp;<\/strong><\/p>\n\n\n\n<p style=\"text-align:justify\">En el siguiente enlace pod\u00e9is consultar las bases y descargar las <a href=\"http:\/\/www.dipalme.org\/Servicios\/cmsdipro\/index.nsf\/informacion.xsp?p=PEuropeos&amp;documentId=C8C54B6273F0E093C125853E00350BA6\">solicitudes&nbsp; <\/a><\/p>\n\n\n\n<p>Si necesit\u00e1is cualquier aclaraci\u00f3n o ampliar la informaci\u00f3n deb\u00e9is llamar al&nbsp; n\u00famero de tel\u00e9fono 950 211864 de la Diputaci\u00f3n de Almer\u00eda o por email: <a rel=\"noreferrer noopener\" href=\"mailto:luchacontraladespoblacion@dipalme.org\" target=\"_blank\">luchacontraladespoblacion@dipalme.org<\/a><\/p>\n\t\t","protected":false},"excerpt":{"rendered":"<p>\u00a0 OFERTAS DE EMPLEO Ofertas de empleo Familia Profesional Imagen Personal: \u00a0 Ofertas de empleo Familia Profesional Servicios Socioculturales y a la Comunidad: Bolsa \u00fanica de la Junta de Andaluc\u00eda para las categor\u00edas profesionales del VI convenio colectivo del personal laboral. La\u00a0 Diputaci\u00f3n de Almer\u00eda est\u00e1 llevando a cabo el proyecto &#8220;Almer\u00eda_P2: Fomento del trabajo [&hellip;]<\/p>\n","protected":false},"author":11612,"featured_media":0,"parent":0,"menu_order":0,"comment_status":"closed","ping_status":"closed","template":"","meta":{"_et_pb_use_builder":"","_et_pb_old_content":"","_et_gb_content_width":"","ngg_post_thumbnail":0,"footnotes":""},"aioseo_notices":[],"_links":{"self":[{"href":"https:\/\/blogsaverroes.juntadeandalucia.es\/iesalhadra\/wp-json\/wp\/v2\/pages\/3319"}],"collection":[{"href":"https:\/\/blogsaverroes.juntadeandalucia.es\/iesalhadra\/wp-json\/wp\/v2\/pages"}],"about":[{"href":"https:\/\/blogsaverroes.juntadeandalucia.es\/iesalhadra\/wp-json\/wp\/v2\/types\/page"}],"author":[{"embeddable":true,"href":"https:\/\/blogsaverroes.juntadeandalucia.es\/iesalhadra\/wp-json\/wp\/v2\/users\/11612"}],"replies":[{"embeddable":true,"href":"https:\/\/blogsaverroes.juntadeandalucia.es\/iesalhadra\/wp-json\/wp\/v2\/comments?post=3319"}],"version-history":[{"count":0,"href":"https:\/\/blogsaverroes.juntadeandalucia.es\/iesalhadra\/wp-json\/wp\/v2\/pages\/3319\/revisions"}],"wp:attachment":[{"href":"https:\/\/blogsaverroes.juntadeandalucia.es\/iesalhadra\/wp-json\/wp\/v2\/media?parent=3319"}],"curies":[{"name":"wp","href":"https:\/\/api.w.org\/{rel}","templated":true}]}}