{"id":3320,"date":"2018-09-30T16:37:13","date_gmt":"2018-09-30T16:37:13","guid":{"rendered":"https:\/\/iesalhadra.wordpress.com\/?page_id=338"},"modified":"2025-10-22T12:43:11","modified_gmt":"2025-10-22T11:43:11","slug":"tecnologia","status":"publish","type":"page","link":"https:\/\/blogsaverroes.juntadeandalucia.es\/iesalhadra\/departamentos\/tecnologia\/","title":{"rendered":"Tecnolog\u00eda"},"content":{"rendered":"<p>[et_pb_section fb_built=&#8221;1&#8243; _builder_version=&#8221;4.16&#8243; global_colors_info=&#8221;{}&#8221;][et_pb_row column_structure=&#8221;3_4,1_4&#8243; _builder_version=&#8221;4.16&#8243; background_size=&#8221;initial&#8221; background_position=&#8221;top_left&#8221; background_repeat=&#8221;repeat&#8221; global_colors_info=&#8221;{}&#8221;][et_pb_column type=&#8221;3_4&#8243; _builder_version=&#8221;4.16&#8243; custom_padding=&#8221;|||&#8221; global_colors_info=&#8221;{}&#8221; custom_padding__hover=&#8221;|||&#8221;][et_pb_post_title title=&#8221;off&#8221; meta=&#8221;off&#8221; _builder_version=&#8221;4.16&#8243; _module_preset=&#8221;default&#8221; global_colors_info=&#8221;{}&#8221;][\/et_pb_post_title][et_pb_text disabled_on=&#8221;off|off|off&#8221; admin_label=&#8221;Profesorado&#8221; _builder_version=&#8221;4.24.2&#8243; background_size=&#8221;initial&#8221; background_position=&#8221;top_left&#8221; background_repeat=&#8221;repeat&#8221; global_colors_info=&#8221;{}&#8221;]<\/p>\n<h2>Docentes<\/h2>\n<p>&nbsp;<\/p>\n<table class=\" alignleft\" style=\"height: 184px;width: 100%\" cellspacing=\"2\">\n<tbody>\n<tr>\n<td style=\"width: 71.9906%\">Alias S\u00e1ez, Jos\u00e9 Francisco<\/td>\n<td style=\"width: 27.38%\"><span style=\"color: #800080\"><a style=\"color: #800080\" href=\"mailto:jalisae054@g.educaand.es\">jalisae054@g.educaand.es<\/a><\/span><\/td>\n<\/tr>\n<tr>\n<td style=\"width: 71.9906%\">Casta\u00f1o Ortiz, Jos\u00e9 Francisco<\/td>\n<td style=\"width: 27.38%\"><span style=\"color: #800080\"><a style=\"color: #800080\" href=\"mailto:jcasort024@g.educaand.es\">jcasort024@g.educaand.es<\/a><\/span><\/td>\n<\/tr>\n<tr>\n<td style=\"width: 71.9906%\">Guti\u00e9rrez Carretero, Margarita<\/td>\n<td style=\"width: 27.38%\"><span style=\"color: #800080\"><a style=\"color: #800080\" href=\"mailto:mgutcar033@g.educaand.es\">mgutcar033@g.educaand.es<\/a><\/span><\/td>\n<\/tr>\n<tr>\n<td style=\"width: 71.9906%\">Rodr\u00edguez Garrido, Mar\u00eda del Carmen<\/td>\n<td style=\"width: 27.38%\"><span style=\"color: #800080\">mrodgar516@g.educaand.es<\/span><\/td>\n<\/tr>\n<tr>\n<td style=\"width: 71.9906%\">Ruiz Delgado, Antonia Mar\u00eda (Jefa de departamento)<\/td>\n<td style=\"width: 27.38%\"><span style=\"color: #800080\"><a style=\"color: #800080\" href=\"mailto:aruidel985@g.educaand.es\">aruidel985@g.educaand.es<\/a><\/span><\/td>\n<\/tr>\n<\/tbody>\n<\/table>\n<p>[\/et_pb_text][et_pb_text disabled_on=&#8221;off|off|off&#8221; _builder_version=&#8221;4.16&#8243; _module_preset=&#8221;default&#8221; global_colors_info=&#8221;{}&#8221;]<\/p>\n<h2>&nbsp;<\/h2>\n<h2>Recursos<\/h2>\n<p>[\/et_pb_text][et_pb_button button_url=&#8221;https:\/\/blogsaverroes.juntadeandalucia.es\/ticalhadra\/&#8221; url_new_window=&#8221;on&#8221; button_text=&#8221;Blog %22Las TIC en el IES Alhadra%22&#8243; button_alignment=&#8221;left&#8221; disabled_on=&#8221;on|on|on&#8221; _builder_version=&#8221;4.16&#8243; _module_preset=&#8221;default&#8221; custom_button=&#8221;on&#8221; button_text_size=&#8221;16px&#8221; button_text_color=&#8221;#FFFFFF&#8221; button_bg_color=&#8221;#8300E9&#8243; button_icon=&#8221;&#xe0e3;||divi||400&#8243; disabled=&#8221;on&#8221; global_colors_info=&#8221;{}&#8221;][\/et_pb_button][et_pb_button button_url=&#8221;https:\/\/blogsaverroes.juntadeandalucia.es\/ticalhadra\/&#8221; url_new_window=&#8221;on&#8221; button_text=&#8221;Blog %22Las TIC en el IES Alhadra%22&#8243; button_alignment=&#8221;left&#8221; disabled_on=&#8221;off|off|off&#8221; _builder_version=&#8221;4.16&#8243; _module_preset=&#8221;default&#8221; custom_button=&#8221;on&#8221; button_text_size=&#8221;16px&#8221; button_text_color=&#8221;#FFFFFF&#8221; button_bg_color=&#8221;#8300E9&#8243; button_icon=&#8221;&#xe0e3;||divi||400&#8243; global_colors_info=&#8221;{}&#8221;][\/et_pb_button][et_pb_button button_url=&#8221;https:\/\/profemargacomputarobotica.blogspot.com\/&#8221; url_new_window=&#8221;on&#8221; button_text=&#8221;Blog %22Computaci\u00f3n y Rob\u00f3tica%22&#8243; button_alignment=&#8221;left&#8221; disabled_on=&#8221;off|off|off&#8221; _builder_version=&#8221;4.16&#8243; _module_preset=&#8221;default&#8221; custom_button=&#8221;on&#8221; button_text_size=&#8221;16px&#8221; button_text_color=&#8221;#FFFFFF&#8221; button_bg_color=&#8221;#8300E9&#8243; button_icon=&#8221;&#xe0e3;||divi||400&#8243; global_colors_info=&#8221;{}&#8221;][\/et_pb_button][et_pb_button button_url=&#8221;https:\/\/sites.google.com\/view\/computarobotica\/inicio&#8221; url_new_window=&#8221;on&#8221; button_text=&#8221;Blog %22Pr\u00e1cticas de programaci\u00f3n%22&#8243; button_alignment=&#8221;left&#8221; disabled_on=&#8221;off|off|off&#8221; _builder_version=&#8221;4.16&#8243; _module_preset=&#8221;default&#8221; custom_button=&#8221;on&#8221; button_text_size=&#8221;16px&#8221; button_text_color=&#8221;#FFFFFF&#8221; button_bg_color=&#8221;#8300E9&#8243; button_icon=&#8221;&#xe0e3;||divi||400&#8243; global_colors_info=&#8221;{}&#8221;][\/et_pb_button][et_pb_button button_url=&#8221;https:\/\/profemargatecnologialhadra.blogspot.com\/&#8221; url_new_window=&#8221;on&#8221; button_text=&#8221;Blog de Tecnolog\u00eda biling\u00fce&#8221; button_alignment=&#8221;left&#8221; disabled_on=&#8221;off|off|off&#8221; _builder_version=&#8221;4.24.2&#8243; _module_preset=&#8221;default&#8221; custom_button=&#8221;on&#8221; button_text_size=&#8221;16px&#8221; button_text_color=&#8221;#FFFFFF&#8221; button_bg_color=&#8221;#8300E9&#8243; button_icon=&#8221;&#xe0e3;||divi||400&#8243; hover_enabled=&#8221;0&#8243; global_colors_info=&#8221;{}&#8221; sticky_enabled=&#8221;0&#8243;][\/et_pb_button][et_pb_text _builder_version=&#8221;4.16&#8243; _module_preset=&#8221;default&#8221; global_colors_info=&#8221;{}&#8221;]<\/p>\n<h2>&nbsp;<\/h2>\n<h2>Actividades<\/h2>\n<p>[\/et_pb_text][et_pb_blog fullwidth=&#8221;off&#8221; include_categories=&#8221;36,49&#8243; show_more=&#8221;on&#8221; show_author=&#8221;off&#8221; show_categories=&#8221;off&#8221; _builder_version=&#8221;4.16&#8243; _module_preset=&#8221;default&#8221; global_colors_info=&#8221;{}&#8221;][\/et_pb_blog][\/et_pb_column][et_pb_column type=&#8221;1_4&#8243; _builder_version=&#8221;4.16&#8243; custom_padding=&#8221;|||&#8221; global_colors_info=&#8221;{}&#8221; custom_padding__hover=&#8221;|||&#8221;][et_pb_sidebar area=&#8221;sidebar-1&#8243; _builder_version=&#8221;4.16&#8243; _module_preset=&#8221;default&#8221; global_colors_info=&#8221;{}&#8221;][\/et_pb_sidebar][\/et_pb_column][\/et_pb_row][\/et_pb_section]<\/p>\n","protected":false},"excerpt":{"rendered":"<p>[et_pb_section fb_built=&#8221;1&#8243; _builder_version=&#8221;4.16&#8243; global_colors_info=&#8221;{}&#8221;][et_pb_row column_structure=&#8221;3_4,1_4&#8243; _builder_version=&#8221;4.16&#8243; background_size=&#8221;initial&#8221; background_position=&#8221;top_left&#8221; background_repeat=&#8221;repeat&#8221; global_colors_info=&#8221;{}&#8221;][et_pb_column type=&#8221;3_4&#8243; _builder_version=&#8221;4.16&#8243; custom_padding=&#8221;|||&#8221; global_colors_info=&#8221;{}&#8221; custom_padding__hover=&#8221;|||&#8221;][et_pb_post_title title=&#8221;off&#8221; meta=&#8221;off&#8221; _builder_version=&#8221;4.16&#8243; _module_preset=&#8221;default&#8221; global_colors_info=&#8221;{}&#8221;][\/et_pb_post_title][et_pb_text disabled_on=&#8221;off|off|off&#8221; admin_label=&#8221;Profesorado&#8221; _builder_version=&#8221;4.24.2&#8243; background_size=&#8221;initial&#8221; background_position=&#8221;top_left&#8221; background_repeat=&#8221;repeat&#8221; global_colors_info=&#8221;{}&#8221;] Docentes &nbsp; Alias S\u00e1ez, Jos\u00e9 Francisco jalisae054@g.educaand.es Casta\u00f1o Ortiz, Jos\u00e9 Francisco jcasort024@g.educaand.es Guti\u00e9rrez Carretero, Margarita mgutcar033@g.educaand.es Rodr\u00edguez Garrido, Mar\u00eda del Carmen mrodgar516@g.educaand.es Ruiz Delgado, Antonia Mar\u00eda (Jefa de [&hellip;]<\/p>\n","protected":false},"author":11169,"featured_media":6645,"parent":43,"menu_order":0,"comment_status":"closed","ping_status":"closed","template":"","meta":{"_et_pb_use_builder":"on","_et_pb_old_content":"<p><strong>PLATAFORMA SOLAR DE ALMER\u00cdA<\/strong><\/p>\r\n<p>El alumnado de 3\u00ba de la ESO, junto a su profesor Borja Alc\u00e1zar, estuvieron visitando la plataforma solar de Almer\u00eda, mayor centro de investigaci\u00f3n, desarrollo y ensayos de energ\u00edas solares de concentraci\u00f3n de toda Europa. Posteriormente, continuaron la visita en el Centro de interpretaci\u00f3n del desierto de Tabernas para conocer la forma de vida preh\u00edstorica de la zona, su cultura y su industria.<\/p>\r\n<p>[gallery ids=\"1121,1122,1123,1124,1125,1126,1127\"]<\/p>\r\n<!-- wp:heading -->\r\n<h2>Visita al Parque de Bomberos<\/h2>\r\n<!-- \/wp:heading --><!-- wp:paragraph -->\r\n<p>El alumnado de 3\u00ba ESO C realiza una visita a las instalaciones del parque de Bomberos de Almer\u00eda.<\/p>\r\n<!-- \/wp:paragraph --><!-- wp:gallery {\"ids\":[1536,1537,1538,1539],\"columns\":4} -->\r\n<ul class=\"wp-block-gallery columns-4 is-cropped\">\r\n<li class=\"blocks-gallery-item\">\r\n<figure><img class=\"wp-image-1536\" src=\"https:\/\/blogsaverroes.juntadeandalucia.es\/iesalhadra\/files\/2019\/05\/IMG_20190503_112614-1024x576.jpg\" alt=\"\" data-id=\"1536\" data-link=\"http:\/\/iesalhadra.org\/wpAlhadra\/departamentos\/tecnologia\/img_20190503_112614\/\"><\/figure>\r\n<\/li>\r\n<li class=\"blocks-gallery-item\">\r\n<figure><img class=\"wp-image-1537\" src=\"https:\/\/blogsaverroes.juntadeandalucia.es\/iesalhadra\/files\/2019\/05\/IMG_20190503_113806-1024x576.jpg\" alt=\"\" data-id=\"1537\" data-link=\"http:\/\/iesalhadra.org\/wpAlhadra\/departamentos\/tecnologia\/img_20190503_113806\/\"><\/figure>\r\n<\/li>\r\n<li class=\"blocks-gallery-item\">\r\n<figure><img class=\"wp-image-1538\" src=\"https:\/\/blogsaverroes.juntadeandalucia.es\/iesalhadra\/files\/2019\/05\/IMG_20190503_114956-1024x576.jpg\" alt=\"\" data-id=\"1538\" data-link=\"http:\/\/iesalhadra.org\/wpAlhadra\/departamentos\/tecnologia\/img_20190503_114956\/\"><\/figure>\r\n<\/li>\r\n<li class=\"blocks-gallery-item\">\r\n<figure><img class=\"wp-image-1539\" src=\"https:\/\/blogsaverroes.juntadeandalucia.es\/iesalhadra\/files\/2019\/05\/IMG_20190503_120751-1024x576.jpg\" alt=\"\" data-id=\"1539\" data-link=\"http:\/\/iesalhadra.org\/wpAlhadra\/departamentos\/tecnologia\/img_20190503_120751\/\"><\/figure>\r\n<\/li>\r\n<\/ul>\r\n<!-- \/wp:gallery --><!-- wp:gallery {\"ids\":[1541,1542,1543,1544,1545]} -->\r\n<ul class=\"wp-block-gallery columns-3 is-cropped\">\r\n<li class=\"blocks-gallery-item\">\r\n<figure><img class=\"wp-image-1541\" src=\"https:\/\/blogsaverroes.juntadeandalucia.es\/iesalhadra\/files\/2019\/05\/IMG_20190503_111237.jpg\" alt=\"\" data-id=\"1541\" data-link=\"http:\/\/iesalhadra.org\/wpAlhadra\/departamentos\/tecnologia\/img_20190503_111237\/\"><\/figure>\r\n<\/li>\r\n<li class=\"blocks-gallery-item\">\r\n<figure><img class=\"wp-image-1542\" src=\"https:\/\/blogsaverroes.juntadeandalucia.es\/iesalhadra\/files\/2019\/05\/IMG_20190503_121625.jpg\" alt=\"\" data-id=\"1542\" data-link=\"http:\/\/iesalhadra.org\/wpAlhadra\/departamentos\/tecnologia\/img_20190503_121625\/\"><\/figure>\r\n<\/li>\r\n<li class=\"blocks-gallery-item\">\r\n<figure><img class=\"wp-image-1543\" src=\"https:\/\/blogsaverroes.juntadeandalucia.es\/iesalhadra\/files\/2019\/05\/IMG_20190503_122810.jpg\" alt=\"\" data-id=\"1543\" data-link=\"http:\/\/iesalhadra.org\/wpAlhadra\/departamentos\/tecnologia\/img_20190503_122810\/\"><\/figure>\r\n<\/li>\r\n<li class=\"blocks-gallery-item\">\r\n<figure><img class=\"wp-image-1544\" src=\"https:\/\/blogsaverroes.juntadeandalucia.es\/iesalhadra\/files\/2019\/05\/IMG_20190503_123256.jpg\" alt=\"\" data-id=\"1544\" data-link=\"http:\/\/iesalhadra.org\/wpAlhadra\/departamentos\/tecnologia\/img_20190503_123256\/\"><\/figure>\r\n<\/li>\r\n<li class=\"blocks-gallery-item\">\r\n<figure><img class=\"wp-image-1545\" src=\"https:\/\/blogsaverroes.juntadeandalucia.es\/iesalhadra\/files\/2019\/05\/IMG_20190503_124009.jpg\" alt=\"\" data-id=\"1545\" data-link=\"http:\/\/iesalhadra.org\/wpAlhadra\/departamentos\/tecnologia\/img_20190503_124009\/\"><\/figure>\r\n<\/li>\r\n<\/ul>\r\n<!-- \/wp:gallery --><!-- wp:heading -->\r\n<h2>Karst en Yesos de Sorbas<\/h2>\r\n<!-- \/wp:heading --><!-- wp:paragraph -->\r\n<p>Este entorno natural ubicado cerca de nuestra ciudad es un lugar fant\u00e1stico para poder desarrollar el conocimiento cient\u00edfico de nuestro alumnado, adem\u00e1s de realizar una actividad f\u00edsica y conocimiento de nuestro patrimonio.<\/p>\r\n<!-- \/wp:paragraph --><!-- wp:gallery {\"ids\":[1661,1662,1663,1664,1665,1666,1667],\"columns\":4} -->\r\n<ul class=\"wp-block-gallery columns-4 is-cropped\">\r\n<li class=\"blocks-gallery-item\">\r\n<figure><img class=\"wp-image-1661\" src=\"https:\/\/blogsaverroes.juntadeandalucia.es\/iesalhadra\/files\/2019\/05\/IMG_20190523_100338-1024x576.jpg\" alt=\"\" data-id=\"1661\" data-link=\"http:\/\/iesalhadra.org\/wpAlhadra\/departamentos\/tecnologia\/img_20190523_100338\/\"><\/figure>\r\n<\/li>\r\n<li class=\"blocks-gallery-item\">\r\n<figure><img class=\"wp-image-1662\" src=\"https:\/\/blogsaverroes.juntadeandalucia.es\/iesalhadra\/files\/2019\/05\/IMG_20190523_100907-1024x576.jpg\" alt=\"\" data-id=\"1662\" data-link=\"http:\/\/iesalhadra.org\/wpAlhadra\/departamentos\/tecnologia\/img_20190523_100907\/\"><\/figure>\r\n<\/li>\r\n<li class=\"blocks-gallery-item\">\r\n<figure><img class=\"wp-image-1663\" src=\"https:\/\/blogsaverroes.juntadeandalucia.es\/iesalhadra\/files\/2019\/05\/IMG_20190523_101227-1024x576.jpg\" alt=\"\" data-id=\"1663\" data-link=\"http:\/\/iesalhadra.org\/wpAlhadra\/departamentos\/tecnologia\/img_20190523_101227\/\"><\/figure>\r\n<\/li>\r\n<li class=\"blocks-gallery-item\">\r\n<figure><img class=\"wp-image-1664\" src=\"https:\/\/blogsaverroes.juntadeandalucia.es\/iesalhadra\/files\/2019\/05\/IMG_20190523_120405-1024x576.jpg\" alt=\"\" data-id=\"1664\" data-link=\"http:\/\/iesalhadra.org\/wpAlhadra\/departamentos\/tecnologia\/img_20190523_120405\/\"><\/figure>\r\n<\/li>\r\n<li class=\"blocks-gallery-item\">\r\n<figure><img class=\"wp-image-1665\" src=\"https:\/\/blogsaverroes.juntadeandalucia.es\/iesalhadra\/files\/2019\/05\/IMG_20190523_120727-1024x576.jpg\" alt=\"\" data-id=\"1665\" data-link=\"http:\/\/iesalhadra.org\/wpAlhadra\/departamentos\/tecnologia\/img_20190523_120727\/\"><\/figure>\r\n<\/li>\r\n<li class=\"blocks-gallery-item\">\r\n<figure><img class=\"wp-image-1666\" src=\"https:\/\/blogsaverroes.juntadeandalucia.es\/iesalhadra\/files\/2019\/05\/IMG_20190523_121812-1024x576.jpg\" alt=\"\" data-id=\"1666\" data-link=\"http:\/\/iesalhadra.org\/wpAlhadra\/departamentos\/tecnologia\/img_20190523_121812\/\"><\/figure>\r\n<\/li>\r\n<li class=\"blocks-gallery-item\">\r\n<figure><img class=\"wp-image-1667\" src=\"https:\/\/blogsaverroes.juntadeandalucia.es\/iesalhadra\/files\/2019\/05\/IMG_20190523_124121-1024x576.jpg\" alt=\"\" data-id=\"1667\" data-link=\"http:\/\/iesalhadra.org\/wpAlhadra\/departamentos\/tecnologia\/img_20190523_124121\/\"><\/figure>\r\n<\/li>\r\n<\/ul>\r\n<!-- \/wp:gallery -->\r\n<p>\u00a0<\/p>","_et_gb_content_width":"","ngg_post_thumbnail":0,"footnotes":""},"aioseo_notices":[],"_links":{"self":[{"href":"https:\/\/blogsaverroes.juntadeandalucia.es\/iesalhadra\/wp-json\/wp\/v2\/pages\/3320"}],"collection":[{"href":"https:\/\/blogsaverroes.juntadeandalucia.es\/iesalhadra\/wp-json\/wp\/v2\/pages"}],"about":[{"href":"https:\/\/blogsaverroes.juntadeandalucia.es\/iesalhadra\/wp-json\/wp\/v2\/types\/page"}],"author":[{"embeddable":true,"href":"https:\/\/blogsaverroes.juntadeandalucia.es\/iesalhadra\/wp-json\/wp\/v2\/users\/11169"}],"replies":[{"embeddable":true,"href":"https:\/\/blogsaverroes.juntadeandalucia.es\/iesalhadra\/wp-json\/wp\/v2\/comments?post=3320"}],"version-history":[{"count":24,"href":"https:\/\/blogsaverroes.juntadeandalucia.es\/iesalhadra\/wp-json\/wp\/v2\/pages\/3320\/revisions"}],"predecessor-version":[{"id":15129,"href":"https:\/\/blogsaverroes.juntadeandalucia.es\/iesalhadra\/wp-json\/wp\/v2\/pages\/3320\/revisions\/15129"}],"up":[{"embeddable":true,"href":"https:\/\/blogsaverroes.juntadeandalucia.es\/iesalhadra\/wp-json\/wp\/v2\/pages\/43"}],"wp:featuredmedia":[{"embeddable":true,"href":"https:\/\/blogsaverroes.juntadeandalucia.es\/iesalhadra\/wp-json\/wp\/v2\/media\/6645"}],"wp:attachment":[{"href":"https:\/\/blogsaverroes.juntadeandalucia.es\/iesalhadra\/wp-json\/wp\/v2\/media?parent=3320"}],"curies":[{"name":"wp","href":"https:\/\/api.w.org\/{rel}","templated":true}]}}