{"id":3769,"date":"2021-02-22T11:54:25","date_gmt":"2021-02-22T10:54:25","guid":{"rendered":"https:\/\/blogsaverroes.juntadeandalucia.es\/iesalhadra\/?page_id=3769"},"modified":"2021-09-23T11:15:33","modified_gmt":"2021-09-23T10:15:33","slug":"credenciales-pasen-alumnado","status":"publish","type":"page","link":"https:\/\/blogsaverroes.juntadeandalucia.es\/iesalhadra\/credenciales-pasen-alumnado\/","title":{"rendered":"Credenciales PASEN alumnado"},"content":{"rendered":"<div>Para que el alumnado pueda acceder a&nbsp;<span style=\"color: #800080\"><a style=\"color: #800080\" href=\"https:\/\/educacionadistancia.juntadeandalucia.es\/centros\/almeria\" target=\"_blank\" rel=\"noopener noreferrer\"><b>Moodle Centros Almer\u00eda<\/b><\/a><\/span> necesita sus propias <b><span class=\"il\">credenciales<\/span> de <span class=\"il\">PASEN<\/span><\/b>&nbsp;(no pueden usar las de los padres o tutores legales). Estas <span class=\"il\">credenciales<\/span> pueden obtenerlas de varias formas:<\/div>\n<div>&nbsp;<\/div>\n<div>1.-&nbsp;<b>Desde la p\u00e1gina de <span class=\"il\">PASEN<\/span><\/b> (<span style=\"color: #800080\"><a style=\"color: #800080\" href=\"https:\/\/seneca.juntadeandalucia.es\/seneca\/jsp\/portalpasen\/\" target=\"_blank\" rel=\"noopener noreferrer\">https:\/\/seneca.juntadeandalucia.es\/seneca\/jsp\/portalpasen\/<\/a><\/span>). Accediendo a la opci\u00f3n &#8220;\u00bfOlvido su contrase\u00f1a?&#8221; si conocen su usuario, o a la de &#8220;No tengo acceso&#8221; si no conocen el usuario. Le aparecer\u00e1 un cuestionario en el que deber\u00e1n cumplimentar unos campos con datos de la matr\u00edcula para verificar su identidad y as\u00ed enviarle un SMS con sus <span class=\"il\">credenciales<\/span>.<\/div>\n<div>&nbsp;<\/div>\n<div><img loading=\"lazy\" decoding=\"async\" class=\"aligncenter wp-image-5959 size-full\" src=\"https:\/\/blogsaverroes.juntadeandalucia.es\/iesalhadra\/files\/2021\/09\/pasen.jpg\" alt=\"\" width=\"797\" height=\"356\" srcset=\"https:\/\/blogsaverroes.juntadeandalucia.es\/iesalhadra\/files\/2021\/09\/pasen.jpg 797w, https:\/\/blogsaverroes.juntadeandalucia.es\/iesalhadra\/files\/2021\/09\/pasen-480x214.jpg 480w\" sizes=\"(min-width: 0px) and (max-width: 480px) 480px, (min-width: 481px) 797px, 100vw\" \/><\/div>\n<div>&nbsp;<\/div>\n<div>&nbsp;<\/div>\n<div>2.-&nbsp;<b>Desde la cuenta iPasen de los padres o tutores legales<\/b>&nbsp;tienen una&nbsp;<b>Comunicaci\u00f3n&nbsp;<\/b>fijada (no se puede eliminar ese mensaje) informando de los nombres de usuario y dan la opci\u00f3n de Restablecer contrase\u00f1a para obtenerla.<\/div>\n<div>&nbsp;<\/div>\n<div><img loading=\"lazy\" decoding=\"async\" class=\"aligncenter wp-image-5960 size-medium\" src=\"https:\/\/blogsaverroes.juntadeandalucia.es\/iesalhadra\/files\/2021\/09\/68823-300x234.jpg\" alt=\"\" width=\"300\" height=\"234\"><\/div>\n<div>&nbsp;<\/div>\n<div style=\"text-align: left\">3.-&nbsp;<b>A trav\u00e9s de los docentes tutores de cada grupo<\/b>, ya que desde su perfil de S\u00e9neca tienen la opci\u00f3n de generar las <span class=\"il\">credenciales<\/span> de S\u00e9neca para el alumnado de su tutor\u00eda.&nbsp;<\/div>\n<div style=\"text-align: center\">&nbsp;<\/div>\n<div style=\"text-align: center\"><iframe loading=\"lazy\" src=\"\/\/www.youtube.com\/embed\/rTq_-CxVvNk\" width=\"560\" height=\"315\" frameborder=\"0\"><\/iframe><\/div>\n<div>&nbsp;<\/div>\n","protected":false},"excerpt":{"rendered":"<p>Para que el alumnado pueda acceder a&nbsp;Moodle Centros Almer\u00eda necesita sus propias credenciales de PASEN&nbsp;(no pueden usar las de los padres o tutores legales). Estas credenciales pueden obtenerlas de varias formas: &nbsp; 1.-&nbsp;Desde la p\u00e1gina de PASEN (https:\/\/seneca.juntadeandalucia.es\/seneca\/jsp\/portalpasen\/). Accediendo a la opci\u00f3n &#8220;\u00bfOlvido su contrase\u00f1a?&#8221; si conocen su usuario, o a la de &#8220;No tengo [&hellip;]<\/p>\n","protected":false},"author":11159,"featured_media":0,"parent":0,"menu_order":0,"comment_status":"closed","ping_status":"closed","template":"","meta":{"_et_pb_use_builder":"","_et_pb_old_content":"","_et_gb_content_width":"","ngg_post_thumbnail":0,"footnotes":""},"aioseo_notices":[],"_links":{"self":[{"href":"https:\/\/blogsaverroes.juntadeandalucia.es\/iesalhadra\/wp-json\/wp\/v2\/pages\/3769"}],"collection":[{"href":"https:\/\/blogsaverroes.juntadeandalucia.es\/iesalhadra\/wp-json\/wp\/v2\/pages"}],"about":[{"href":"https:\/\/blogsaverroes.juntadeandalucia.es\/iesalhadra\/wp-json\/wp\/v2\/types\/page"}],"author":[{"embeddable":true,"href":"https:\/\/blogsaverroes.juntadeandalucia.es\/iesalhadra\/wp-json\/wp\/v2\/users\/11159"}],"replies":[{"embeddable":true,"href":"https:\/\/blogsaverroes.juntadeandalucia.es\/iesalhadra\/wp-json\/wp\/v2\/comments?post=3769"}],"version-history":[{"count":3,"href":"https:\/\/blogsaverroes.juntadeandalucia.es\/iesalhadra\/wp-json\/wp\/v2\/pages\/3769\/revisions"}],"predecessor-version":[{"id":5961,"href":"https:\/\/blogsaverroes.juntadeandalucia.es\/iesalhadra\/wp-json\/wp\/v2\/pages\/3769\/revisions\/5961"}],"wp:attachment":[{"href":"https:\/\/blogsaverroes.juntadeandalucia.es\/iesalhadra\/wp-json\/wp\/v2\/media?parent=3769"}],"curies":[{"name":"wp","href":"https:\/\/api.w.org\/{rel}","templated":true}]}}