{"id":3982,"date":"2021-03-08T12:30:49","date_gmt":"2021-03-08T11:30:49","guid":{"rendered":"https:\/\/blogsaverroes.juntadeandalucia.es\/iesalhadra\/?page_id=3982"},"modified":"2021-03-17T10:52:20","modified_gmt":"2021-03-17T09:52:20","slug":"baja-y-alta-de-participantes-de-un-aula","status":"publish","type":"page","link":"https:\/\/blogsaverroes.juntadeandalucia.es\/iesalhadra\/moodle-centros\/baja-y-alta-de-participantes-de-un-aula\/","title":{"rendered":"Baja y alta de participantes de un aula"},"content":{"rendered":"<p>[et_pb_section fb_built=&#8221;1&#8243; admin_label=&#8221;section&#8221; _builder_version=&#8221;3.22&#8243;][et_pb_row column_structure=&#8221;3_4,1_4&#8243; admin_label=&#8221;row&#8221; _builder_version=&#8221;3.25&#8243; background_size=&#8221;initial&#8221; background_position=&#8221;top_left&#8221; background_repeat=&#8221;repeat&#8221;][et_pb_column type=&#8221;3_4&#8243; _builder_version=&#8221;3.25&#8243; custom_padding=&#8221;|||&#8221; custom_padding__hover=&#8221;|||&#8221;][et_pb_post_title _builder_version=&#8221;4.5.0&#8243; _module_preset=&#8221;default&#8221; hover_enabled=&#8221;0&#8243; force_fullwidth=&#8221;off&#8221; image_width=&#8221;50%&#8221;][\/et_pb_post_title][et_pb_text admin_label=&#8221;Baja y alta de participantes&#8221; _builder_version=&#8221;4.5.0&#8243; _module_preset=&#8221;default&#8221;]<\/p>\n<h1>Baja y alta de participantes de un aula de Moodle Centros<\/h1>\n<p>&nbsp;<\/p>\n<p dir=\"ltr\"><span style=\"font-size: 12pt\">Cuando solicitamos la creaci\u00f3n de un Aula desde Gesti\u00f3n de Aulas, los participantes se sincronizan con los datos de matriculaci\u00f3n de S\u00e9neca. Ahora bien, <strong>si se producen cambios en la matriculaci\u00f3n en S\u00e9neca, no se actualiza en Moodle Centros.<\/strong><\/span><\/p>\n<p dir=\"ltr\"><span style=\"font-size: 12pt\"><strong><\/strong><\/span><\/p>\n<ul>\n<li><span style=\"font-size: 12pt\">Para <strong>dar de baja<\/strong> a un participante de un aula, accedemos a la lista de Participantes del aula en cuesti\u00f3n y pulsamos el bot\u00f3n con &#8220;Dar de baja&#8221; situado al final de la fila correspondiente a los datos del usuario.<br \/> <\/span><br \/> <img loading=\"lazy\" decoding=\"async\" class=\"alignnone wp-image-3985 size-full\" src=\"https:\/\/blogsaverroes.juntadeandalucia.es\/iesalhadra\/files\/2021\/03\/baja.png\" alt=\"\" width=\"1261\" height=\"96\" srcset=\"https:\/\/blogsaverroes.juntadeandalucia.es\/iesalhadra\/files\/2021\/03\/baja.png 1261w, https:\/\/blogsaverroes.juntadeandalucia.es\/iesalhadra\/files\/2021\/03\/baja-980x75.png 980w, https:\/\/blogsaverroes.juntadeandalucia.es\/iesalhadra\/files\/2021\/03\/baja-480x37.png 480w\" sizes=\"(min-width: 0px) and (max-width: 480px) 480px, (min-width: 481px) and (max-width: 980px) 980px, (min-width: 981px) 1261px, 100vw\" \/><img loading=\"lazy\" decoding=\"async\" role=\"presentation\" src=\"https:\/\/educacionadistancia.juntadeandalucia.es\/centros\/almeria\/pluginfile.php\/495004\/mod_page\/content\/2\/imagen.png\" alt=\"\" width=\"800\" height=\"61\" \/>\n<p><span style=\"font-size: 12pt\">Pulsamos en <strong>&#8220;Continuar&#8221;<\/strong> para confirmar la baja.<\/span><\/p>\n<p>&nbsp;<\/p>\n<\/li>\n<li><span style=\"font-size: 12pt\"><span style=\"font-size: 12pt\">Para <strong>matricular participantes<\/strong> en una de nuestras aulas, accedemos a <strong>Participantes &gt; Matricular Usuarios<\/strong>.<\/span><\/span>\n<p><img loading=\"lazy\" decoding=\"async\" class=\"alignnone wp-image-3986 size-full\" src=\"https:\/\/blogsaverroes.juntadeandalucia.es\/iesalhadra\/files\/2021\/03\/matricular_usuarios_moodle2.png\" alt=\"\" width=\"1068\" height=\"474\" srcset=\"https:\/\/blogsaverroes.juntadeandalucia.es\/iesalhadra\/files\/2021\/03\/matricular_usuarios_moodle2-980x435.png 980w, https:\/\/blogsaverroes.juntadeandalucia.es\/iesalhadra\/files\/2021\/03\/matricular_usuarios_moodle2-480x213.png 480w\" sizes=\"(min-width: 0px) and (max-width: 480px) 480px, (min-width: 481px) and (max-width: 980px) 980px, (min-width: 981px) 1068px, 100vw\" \/><\/p>\n<p><span style=\"font-size: 12pt\"><span style=\"font-size: 12pt\">Realiza la <strong>b\u00fasqueda<\/strong> del usuario por su nombre y apellidos, y selecciona el <strong>rol<\/strong> de Estudiante (para alumnos y alumnas) o Profesorado sin edici\u00f3n (para compartir el curso con un compa\u00f1ero o compa\u00f1era, si necesitas que tenga el rol de Docente, deber\u00e1s avisar a la coordinadora TDE para que lo modifique).<\/span><\/span><\/p>\n<p><img loading=\"lazy\" decoding=\"async\" class=\"alignnone wp-image-3987 size-full\" src=\"https:\/\/blogsaverroes.juntadeandalucia.es\/iesalhadra\/files\/2021\/03\/matricular_usuarios_moodle1.png\" alt=\"\" width=\"810\" height=\"395\" srcset=\"https:\/\/blogsaverroes.juntadeandalucia.es\/iesalhadra\/files\/2021\/03\/matricular_usuarios_moodle1.png 810w, https:\/\/blogsaverroes.juntadeandalucia.es\/iesalhadra\/files\/2021\/03\/matricular_usuarios_moodle1-480x234.png 480w\" sizes=\"(min-width: 0px) and (max-width: 480px) 480px, (min-width: 481px) 810px, 100vw\" \/><\/p>\n<p><span style=\"font-size: 12pt\">Por \u00faltimo, comprueba que se ha agregado de forma correcta en la lista de Participantes del curso.<\/span><\/p>\n<\/li>\n<\/ul>\n<p>[\/et_pb_text][\/et_pb_column][et_pb_column type=&#8221;1_4&#8243; _builder_version=&#8221;3.25&#8243; custom_padding=&#8221;|||&#8221; custom_padding__hover=&#8221;|||&#8221;][et_pb_sidebar area=&#8221;sidebar-1&#8243; _builder_version=&#8221;4.5.0&#8243; _module_preset=&#8221;default&#8221;][\/et_pb_sidebar][\/et_pb_column][\/et_pb_row][\/et_pb_section]<\/p>\n","protected":false},"excerpt":{"rendered":"<p>Baja y alta de participantes de un aula de Moodle Centros &nbsp; Cuando solicitamos la creaci\u00f3n de un Aula desde Gesti\u00f3n de Aulas, los participantes se sincronizan con los datos de matriculaci\u00f3n de S\u00e9neca. Ahora bien, si se producen cambios en la matriculaci\u00f3n en S\u00e9neca, no se actualiza en Moodle Centros. Para dar de baja [&hellip;]<\/p>\n","protected":false},"author":11159,"featured_media":3958,"parent":3223,"menu_order":0,"comment_status":"closed","ping_status":"closed","template":"","meta":{"_et_pb_use_builder":"on","_et_pb_old_content":"","_et_gb_content_width":"","ngg_post_thumbnail":0,"footnotes":""},"aioseo_notices":[],"_links":{"self":[{"href":"https:\/\/blogsaverroes.juntadeandalucia.es\/iesalhadra\/wp-json\/wp\/v2\/pages\/3982"}],"collection":[{"href":"https:\/\/blogsaverroes.juntadeandalucia.es\/iesalhadra\/wp-json\/wp\/v2\/pages"}],"about":[{"href":"https:\/\/blogsaverroes.juntadeandalucia.es\/iesalhadra\/wp-json\/wp\/v2\/types\/page"}],"author":[{"embeddable":true,"href":"https:\/\/blogsaverroes.juntadeandalucia.es\/iesalhadra\/wp-json\/wp\/v2\/users\/11159"}],"replies":[{"embeddable":true,"href":"https:\/\/blogsaverroes.juntadeandalucia.es\/iesalhadra\/wp-json\/wp\/v2\/comments?post=3982"}],"version-history":[{"count":10,"href":"https:\/\/blogsaverroes.juntadeandalucia.es\/iesalhadra\/wp-json\/wp\/v2\/pages\/3982\/revisions"}],"predecessor-version":[{"id":4105,"href":"https:\/\/blogsaverroes.juntadeandalucia.es\/iesalhadra\/wp-json\/wp\/v2\/pages\/3982\/revisions\/4105"}],"up":[{"embeddable":true,"href":"https:\/\/blogsaverroes.juntadeandalucia.es\/iesalhadra\/wp-json\/wp\/v2\/pages\/3223"}],"wp:featuredmedia":[{"embeddable":true,"href":"https:\/\/blogsaverroes.juntadeandalucia.es\/iesalhadra\/wp-json\/wp\/v2\/media\/3958"}],"wp:attachment":[{"href":"https:\/\/blogsaverroes.juntadeandalucia.es\/iesalhadra\/wp-json\/wp\/v2\/media?parent=3982"}],"curies":[{"name":"wp","href":"https:\/\/api.w.org\/{rel}","templated":true}]}}