{"id":4056,"date":"2021-03-09T13:53:10","date_gmt":"2021-03-09T12:53:10","guid":{"rendered":"https:\/\/blogsaverroes.juntadeandalucia.es\/iesalhadra\/?page_id=4056"},"modified":"2021-09-02T10:33:19","modified_gmt":"2021-09-02T09:33:19","slug":"gsuite-para-educacion","status":"publish","type":"page","link":"https:\/\/blogsaverroes.juntadeandalucia.es\/iesalhadra\/gsuite-para-educacion\/","title":{"rendered":"GSuite para Educaci\u00f3n"},"content":{"rendered":"<p>[et_pb_section fb_built=&#8221;1&#8243; _builder_version=&#8221;4.5.0&#8243; _module_preset=&#8221;default&#8221;][et_pb_row column_structure=&#8221;3_4,1_4&#8243; _builder_version=&#8221;4.5.0&#8243; _module_preset=&#8221;default&#8221;][et_pb_column type=&#8221;3_4&#8243; _builder_version=&#8221;4.5.0&#8243; _module_preset=&#8221;default&#8221;][et_pb_post_title force_fullwidth=&#8221;off&#8221; image_width=&#8221;50%&#8221; image_height=&#8221;300px&#8221; _builder_version=&#8221;4.5.0&#8243; _module_preset=&#8221;default&#8221;][\/et_pb_post_title][et_pb_text _builder_version=&#8221;4.5.0&#8243; _module_preset=&#8221;default&#8221; link_option_url=&#8221;www.gmail.com&#8221; link_option_url_new_window=&#8221;on&#8221; hover_enabled=&#8221;0&#8243;]<\/p>\n<p><span style=\"font-size: 12pt\">En el I.E.S. Alhadra se ha solicitado como plataforma complementaria a Moodle Centros la plataforma Google Suite para educaci\u00f3n (GSuite for Education), es un servicio de Google para instituciones educativas que permite que sus usuarios cuenten con una direcci\u00f3n de correo electr\u00f3nico y un conjunto de servicios digitales asociados a ella.&nbsp;<\/span><\/p>\n<p><span style=\"font-size: 12pt\">La Consejer\u00eda de Educaci\u00f3n y Deporte de la Junta de Andaluc\u00eda, en virtud de un convenio de colaboraci\u00f3n, gestiona estas cuentas, bajo el dominio @<a href=\"http:\/\/g.educaand.es\/\" target=\"_blank\" rel=\"noopener noreferrer\" data-saferedirecturl=\"https:\/\/www.google.com\/url?q=http:\/\/g.educaand.es\/&amp;source=gmail&amp;ust=1615380461074000&amp;usg=AFQjCNFD6D-LdkF5ZBJblYOUCoevEpNmiQ\">g.educaand.es<\/a>&nbsp;con un funcionamiento similar a las @<a href=\"http:\/\/gmail.com\/\" target=\"_blank\" rel=\"noopener noreferrer\" data-saferedirecturl=\"https:\/\/www.google.com\/url?q=http:\/\/gmail.com\/&amp;source=gmail&amp;ust=1615380461074000&amp;usg=AFQjCNHBXgowhZBgGLXXl0rP23F27SpSwg\">gmail.com<\/a>, si bien sus servicios est\u00e1n adaptados a las necesidades de un entorno educativo.<\/span><\/p>\n<p><span style=\"font-size: 12pt\">Si no has usado antes @g.educaand.es, deber\u00e1s activar la cuenta desde tu perfil del portal S\u00e9neca en el apartado <strong>Utilidades &gt; Cuentas corporativas &gt; Cuenta GSuite<\/strong> pulsando el bot\u00f3n correspondiente de activaci\u00f3n.&nbsp;<\/span><\/p>\n<p><span style=\"font-size: 12pt\">Para&nbsp;<b>acceder a nuestra cuenta<\/b>&nbsp;deberemos usar como usuario y contrase\u00f1a nuestras credenciales de S\u00e9neca, siendo el correo electr\u00f3nico tu usuario IdEA (por ejemplo, abcdefg123) seguido de @<a href=\"http:\/\/g.educaand.es\/\" target=\"_blank\" rel=\"noopener noreferrer\" data-saferedirecturl=\"https:\/\/www.google.com\/url?q=http:\/\/g.educaand.es\/&amp;source=gmail&amp;ust=1615380461074000&amp;usg=AFQjCNFD6D-LdkF5ZBJblYOUCoevEpNmiQ\">g.educaand.es<\/a>, y la contrase\u00f1a la misma que la del usuario IdEA.<\/span><\/p>\n<div><span style=\"font-size: 12pt\"><img loading=\"lazy\" decoding=\"async\" class=\"aligncenter wp-image-4059 size-full\" src=\"https:\/\/blogsaverroes.juntadeandalucia.es\/iesalhadra\/files\/2021\/03\/imagen2.png\" alt=\"\" width=\"347\" height=\"305\" srcset=\"https:\/\/blogsaverroes.juntadeandalucia.es\/iesalhadra\/files\/2021\/03\/imagen2.png 347w, https:\/\/blogsaverroes.juntadeandalucia.es\/iesalhadra\/files\/2021\/03\/imagen2-300x264.png 300w\" sizes=\"(max-width: 347px) 100vw, 347px\" \/><\/span><\/div>\n<div>\n<div>&nbsp;<\/div>\n<\/div>\n<div><span style=\"font-size: 12pt\">Una vez te hayas identificado, tendr\u00e1s acceso al correo electr\u00f3nico y al resto de servicios que ofrece GSuite.<\/span><\/div>\n<div>&nbsp;<\/div>\n<div><span style=\"font-size: 12pt\">Google no recopila informaci\u00f3n personal ni muestra publicidad cuando se usan los servicios principales asociados a la cuenta. Tampoco se ceden datos personales ni de navegaci\u00f3n a otras empresas u organizaciones.<\/span><\/div>\n<div>&nbsp;<\/div>\n<div><span style=\"font-size: 12pt\">Adem\u00e1s, nuestro alumnado puede usar una cuenta de correo. Desde el perfil de direcci\u00f3n del centro ya se han emitido las autorizaciones para que las acepten las familias o tutores legales del alumnado menor de 14 a\u00f1os, el resto de alumnado ya tienen disponibles sus cuentas para acceder tambi\u00e9n con las credenciales de PASEN.<\/span><\/div>\n<div>&nbsp;<\/div>\n<div><span style=\"font-size: 12pt\">GSuite EducaAnd respeta la normativa europea de protecci\u00f3n de datos, as\u00ed como la normativa internacional sobre protecci\u00f3n de datos de menores en instituciones educativas.<\/span><\/div>\n<div>&nbsp;<\/div>\n<div><span style=\"font-size: 12pt\">Cualquier duda pod\u00e9is preguntar a Antonia Ru\u00edz ( Coordinadora Transformaci\u00f3n Digital Educativa) o alg\u00fan miembro del equipo directivo.<\/span><\/div>\n<p>[\/et_pb_text][et_pb_divider _builder_version=&#8221;4.5.0&#8243; _module_preset=&#8221;default&#8221;][\/et_pb_divider][et_pb_text admin_label=&#8221;Configurar firma&#8221; _builder_version=&#8221;4.5.0&#8243; _module_preset=&#8221;default&#8221; link_option_url=&#8221;https:\/\/blogsaverroes.juntadeandalucia.es\/iesalhadra\/gsuite-para-educacion\/configurar-firma-de-gmail\/&#8221;]<\/p>\n<ul>\n<li>\n<h3><span style=\"color: #800080\">Configurar la firma de mi cuenta de correo<\/span><\/h3>\n<\/li>\n<\/ul>\n<p>[\/et_pb_text][et_pb_divider _builder_version=&#8221;4.5.0&#8243; _module_preset=&#8221;default&#8221;][\/et_pb_divider][et_pb_text _builder_version=&#8221;4.5.0&#8243; _module_preset=&#8221;default&#8221; text_font_size=&#8221;17px&#8221;]<\/p>\n<p><span>En el siguiente v\u00eddeo, <span style=\"color: #800080\"><a href=\"https:\/\/www.youtube.com\/channel\/UC1kvn45XMypzduxsnbS9OZg\" target=\"_blank\" rel=\"noopener noreferrer\" style=\"color: #800080\">Maestro Seb\u00a0<\/a><\/span>\u00a0nos muestra c\u00f3mo poder crear clases de Classroom autom\u00e1ticamente para nuestras cuentas g.educaand.es y con nuestro alumnado ya incluido mediante S\u00e9neca.<\/span><\/p>\n<p>[\/et_pb_text][et_pb_video src=&#8221;https:\/\/youtu.be\/hOSxmXOnZ24&#8243; admin_label=&#8221;Solicitar Classroom desde S\u00e9neca&#8221; _builder_version=&#8221;4.5.0&#8243; _module_preset=&#8221;default&#8221;][\/et_pb_video][et_pb_button button_url=&#8221;https:\/\/sites.google.com\/g.educaand.es\/iniciandogeducaand\/inicio?authuser=0&#8243; url_new_window=&#8221;on&#8221; button_text=&#8221;P\u00e1gina dedicada a la Plataforma Educativa Google Workspace de la Consejer\u00eda de Educaci\u00f3n de la Junta de Andaluc\u00eda (dominio g.educaand.es)&#8221; _builder_version=&#8221;4.5.0&#8243; _module_preset=&#8221;default&#8221; custom_button=&#8221;on&#8221; button_text_size=&#8221;16px&#8221; button_text_color=&#8221;#ffffff&#8221; button_bg_color=&#8221;#8300e9&#8243; button_use_icon=&#8221;off&#8221;][\/et_pb_button][\/et_pb_column][et_pb_column type=&#8221;1_4&#8243; _builder_version=&#8221;4.5.0&#8243; _module_preset=&#8221;default&#8221;][et_pb_sidebar area=&#8221;sidebar-1&#8243; _builder_version=&#8221;4.5.0&#8243; _module_preset=&#8221;default&#8221;][\/et_pb_sidebar][\/et_pb_column][\/et_pb_row][\/et_pb_section]<\/p>\n","protected":false},"excerpt":{"rendered":"<p>En el I.E.S. Alhadra se ha solicitado como plataforma complementaria a Moodle Centros la plataforma Google Suite para educaci\u00f3n (GSuite for Education), es un servicio de Google para instituciones educativas que permite que sus usuarios cuenten con una direcci\u00f3n de correo electr\u00f3nico y un conjunto de servicios digitales asociados a ella.&nbsp; La Consejer\u00eda de Educaci\u00f3n [&hellip;]<\/p>\n","protected":false},"author":11159,"featured_media":3420,"parent":0,"menu_order":0,"comment_status":"closed","ping_status":"closed","template":"","meta":{"_et_pb_use_builder":"on","_et_pb_old_content":"","_et_gb_content_width":"","ngg_post_thumbnail":0,"footnotes":""},"aioseo_notices":[],"_links":{"self":[{"href":"https:\/\/blogsaverroes.juntadeandalucia.es\/iesalhadra\/wp-json\/wp\/v2\/pages\/4056"}],"collection":[{"href":"https:\/\/blogsaverroes.juntadeandalucia.es\/iesalhadra\/wp-json\/wp\/v2\/pages"}],"about":[{"href":"https:\/\/blogsaverroes.juntadeandalucia.es\/iesalhadra\/wp-json\/wp\/v2\/types\/page"}],"author":[{"embeddable":true,"href":"https:\/\/blogsaverroes.juntadeandalucia.es\/iesalhadra\/wp-json\/wp\/v2\/users\/11159"}],"replies":[{"embeddable":true,"href":"https:\/\/blogsaverroes.juntadeandalucia.es\/iesalhadra\/wp-json\/wp\/v2\/comments?post=4056"}],"version-history":[{"count":9,"href":"https:\/\/blogsaverroes.juntadeandalucia.es\/iesalhadra\/wp-json\/wp\/v2\/pages\/4056\/revisions"}],"predecessor-version":[{"id":5753,"href":"https:\/\/blogsaverroes.juntadeandalucia.es\/iesalhadra\/wp-json\/wp\/v2\/pages\/4056\/revisions\/5753"}],"wp:featuredmedia":[{"embeddable":true,"href":"https:\/\/blogsaverroes.juntadeandalucia.es\/iesalhadra\/wp-json\/wp\/v2\/media\/3420"}],"wp:attachment":[{"href":"https:\/\/blogsaverroes.juntadeandalucia.es\/iesalhadra\/wp-json\/wp\/v2\/media?parent=4056"}],"curies":[{"name":"wp","href":"https:\/\/api.w.org\/{rel}","templated":true}]}}